{"id":7314,"date":"2021-06-18T10:55:15","date_gmt":"2021-06-18T08:55:15","guid":{"rendered":"https:\/\/semmelweis.hu\/tdk\/?page_id=7314"},"modified":"2021-09-29T13:50:39","modified_gmt":"2021-09-29T11:50:39","slug":"onallo-kutatast-igenylo-szakdolgozati-temak-elismerese-palyazat-meghirdetese","status":"publish","type":"page","link":"https:\/\/semmelweis.hu\/tdk\/palyazatok\/onallo-kutatast-igenylo-szakdolgozati-temak-elismerese-palyazat-meghirdetese\/","title":{"rendered":"&#8222;\u00d6n\u00e1ll\u00f3 kutat\u00e1st ig\u00e9nyl\u0151 szakdolgozati t\u00e9m\u00e1k elismer\u00e9se\u201d p\u00e1ly\u00e1zat"},"content":{"rendered":"<p>A be\u00e9rkezett 66 darab p\u00e1ly\u00e1zat elb\u00edr\u00e1l\u00e1sa folyamatban van. A rendelkez\u00e9sre \u00e1ll\u00f3 keret alapj\u00e1n 5 nyertes p\u00e1ly\u00e1z\u00f3t hirdet\u00fcnk. A nyerteseket emailen kereszt\u00fcl \u00e9rtes\u00edtj\u00fck.<\/p>\n<h1><span style=\"color: #ff0000\">A p\u00e1ly\u00e1zat jelentkez\u00e9si hat\u00e1rideje: 2021.09.10. 12:00<\/span><\/h1>\n<p><strong>\u201e\u00d6n\u00e1ll\u00f3 kutat\u00e1st ig\u00e9nyl\u0151 szakdolgozati t\u00e9m\u00e1k elismer\u00e9se\u201d p\u00e1ly\u00e1zat meghirdet\u00e9se<\/strong><\/p>\n<p><strong>\u00a0<\/strong><strong>C\u00e9l:<\/strong><\/p>\n<p>A Semmelweis Egyetem kiemelten fontosnak tartja a tudom\u00e1nyos kutat\u00e1st v\u00e9gz\u0151 TDK hallgat\u00f3k \u00e9s t\u00e9mavezet\u0151ik t\u00e1mogat\u00e1s\u00e1t.<\/p>\n<p>A szokv\u00e1nyos egyetemi szakdolgozat c\u00e9lj\u00e1n messze t\u00falmutat egy saj\u00e1t kutat\u00e1si eredm\u00e9nyeket is tartalmaz\u00f3 szakdolgozat, ami az erre v\u00e1llalkoz\u00f3 hallgat\u00f3t\u00f3l \u00e9s a kutat\u00f3helyt\u0151l is nagyobb energia-befektet\u00e9st k\u00edv\u00e1n. Saj\u00e1t kutat\u00e1si terv k\u00e9sz\u00edt\u00e9se, a k\u00eds\u00e9rletes munk\u00e1ban t\u00f6rt\u00e9n\u0151 r\u00e9szv\u00e9tel, a kapott eredm\u00e9nyek \u00e1br\u00e1zol\u00e1sa, \u00e9rtelmez\u00e9se \u00e9s diszkut\u00e1l\u00e1sa a lehet\u0151 legm\u00e9lyebb elmer\u00fcl\u00e9st k\u00edv\u00e1nja a v\u00e1lasztott tudom\u00e1nyos t\u00e9m\u00e1ban. A TDK hallgat\u00f3 ebben az esetben akt\u00edvan r\u00e9szt vesz a kutat\u00f3csoport \u00e9let\u00e9ben, bepillant\u00e1st nyer egy kutat\u00f3int\u00e9zet m\u0171k\u00f6d\u00e9s\u00e9be, \u00faj k\u00e9szs\u00e9geket saj\u00e1t\u00edt el, eredm\u00e9nyei tudom\u00e1nyos publik\u00e1l\u00e1sra ker\u00fclhetnek, kedvet kaphat k\u00e9s\u0151bbi fokozatszerz\u00e9sre, vagy ak\u00e1r a kutat\u00f3i \u00e9letp\u00e1ly\u00e1ra.<\/p>\n<p>A tudom\u00e1nyos di\u00e1kk\u00f6r\u00f6s hallgat\u00f3k, k\u00fcl\u00f6n\u00f6sen a k\u00eds\u00e9rletes kutat\u00f3 munka kezdeti f\u00e1zis\u00e1ban, intenz\u00edv szakmai fel\u00fcgyeletet ig\u00e9nyelnek. Mivel az\u00a0 EFOP-3.6.3-VEKOP-16-2017-00009 azonos\u00edt\u00f3sz\u00e1m\u00fa projektt\u00e1mogat\u00e1snak\u00a0fontos r\u00e9sz\u00e9t k\u00e9pezi a\u00a0kutat\u00e1si folyamat hat\u00e9konys\u00e1g\u00e1nak \u00e9s eredm\u00e9nyess\u00e9g\u00e9nek n\u00f6vel\u00e9se, ez\u00e9rt a jelen p\u00e1ly\u00e1zat c\u00e9lja az \u00f6n\u00e1ll\u00f3 kutat\u00e1st is tartalmaz\u00f3 szakdolgozatot k\u00e9sz\u00edt\u0151 TDK hallgat\u00f3k \u00e9s t\u00e9mavezet\u0151ik t\u00e1mogat\u00e1sa a min\u00e9l hat\u00e9konyabb, eredm\u00e9nyesebb kutat\u00f3i tev\u00e9kenys\u00e9g el\u00e9r\u00e9se \u00e9rdek\u00e9ben.<\/p>\n<p><strong>P\u00e1ly\u00e1zhatnak:<\/strong><\/p>\n<p>A Semmelweis Egyetemen Tudom\u00e1nyos Di\u00e1kk\u00f6r tags\u00e1ggal \u00e9s annak \u00e9rv\u00e9nyes regisztr\u00e1ci\u00f3j\u00e1val rendelkez\u0151 hallgat\u00f3ja \u00e9s t\u00e9mavezet\u0151je p\u00e1ly\u00e1zhat.<\/p>\n<p><strong>\u00a0<\/strong><strong>A t\u00e1mogat\u00e1s m\u00f3dja:<\/strong><\/p>\n<ul>\n<li>Azok a 2021\/2022. tan\u00e9vben beny\u00fajtott szakdolgozatok ker\u00fclnek elismer\u00e9sre, amely szakdolgozati t\u00e9m\u00e1k bemutat\u00e1sa \u00f6n\u00e1ll\u00f3 TDK tev\u00e9kenys\u00e9get ig\u00e9nyel a hallgat\u00f3k r\u00e9sz\u00e9r\u0151l, t\u00e9mavezet\u0151j\u00fck ir\u00e1ny\u00edt\u00e1sa mellett.<\/li>\n<li>A nyertes szakdolgozatok k\u00e9sz\u00edt\u0151i egyszeri \u00f6szt\u00f6nd\u00edj kieg\u00e9sz\u00edt\u00e9sben r\u00e9szes\u00fclnek <strong>100<\/strong> <strong>000 Ft <\/strong>\u00e9rt\u00e9kben.<\/li>\n<li>A nyertes TDK hallgat\u00f3k t\u00e9mavezet\u0151i <strong>30<\/strong> <strong>000 Ft <\/strong>d\u00edjaz\u00e1sban r\u00e9szes\u00fclnek.<\/li>\n<\/ul>\n<p><strong>A t\u00e1mogat\u00e1s felt\u00e9tele:<\/strong><\/p>\n<ul>\n<li>hat\u00e1rid\u0151ben be\u00e9rkezett, hi\u00e1nytalanul kit\u00f6lt\u00f6tt p\u00e1ly\u00e1zati dokument\u00e1ci\u00f3 (a p\u00e1ly\u00e1zat hat\u00e1rid\u0151ben be\u00e9rkezettnek sz\u00e1m\u00edt, ha a postai felad\u00e1s d\u00e1tuma igazolhat\u00f3an hat\u00e1rid\u0151ben t\u00f6rt\u00e9nt)<\/li>\n<li>a t\u00e9mavezet\u0151 v\u00e1llalja, hogy\u00a0felk\u00e9sz\u00edti a TDK hallgat\u00f3j\u00e1t a sikeres szakdolgozat elk\u00e9sz\u00edt\u00e9s\u00e9re<\/li>\n<li>a szakdolgozatot k\u00e9sz\u00edt\u0151 (\u00e9s t\u00e9mavezet\u0151je) v\u00e1llalja, hogy a szakdolgozatban r\u00e9szletezett kutat\u00e1s eredm\u00e9nyek\u00e9nt, hazai vagy nemzetk\u00f6zi tudom\u00e1nyos f\u00f3rumon bemutat\u00e1sra ker\u00fcl\u0151 el\u0151ad\u00e1son illetve poszteren \u00e9s konferencia absztrakton a Projekt azonos\u00edt\u00f3sz\u00e1m\u00e1t \u00e9s c\u00edm\u00e9t (EFOP-3.6.3-VEKOP-16-2017-00009, Az orvos-, eg\u00e9szs\u00e9gtudom\u00e1nyi- \u00e9s gy\u00f3gyszer\u00e9szk\u00e9pz\u00e9s tudom\u00e1nyos m\u0171helyeinek fejleszt\u00e9se) felt\u00fcnteti<\/li>\n<li>a szakdolgozatot k\u00e9sz\u00edt\u0151 (\u00e9s t\u00e9mavezet\u0151je) k\u00f6telezetts\u00e9get v\u00e1llal arra, hogy a szakdolgozat elk\u00e9sz\u00edt\u00e9s\u00e9nek alapj\u00e1ul szolg\u00e1l\u00f3 kutat\u00e1s eredm\u00e9nyek\u00e9nt megjelen\u0151 tudom\u00e1nyos k\u00f6zlem\u00e9nyeken a Projekt azonos\u00edt\u00f3sz\u00e1m\u00e1t \u00e9s c\u00edm\u00e9t (EFOP-3.6.3-VEKOP-16-2017-00009, Az orvos-, eg\u00e9szs\u00e9gtudom\u00e1nyi- \u00e9s gy\u00f3gyszer\u00e9szk\u00e9pz\u00e9s tudom\u00e1nyos m\u0171helyeinek fejleszt\u00e9se) felt\u00fcnteti<\/li>\n<\/ul>\n<p><strong>\u00a0<\/strong><strong>A t\u00e1mogat\u00e1s elnyer\u00e9s\u00e9hez beny\u00fajtand\u00f3:<\/strong><\/p>\n<ul>\n<li>kit\u00f6lt\u00f6tt \u201eP\u00e1ly\u00e1zati adatlap\u201d<\/li>\n<li>a hallgat\u00f3 motiv\u00e1ci\u00f3s levele<\/li>\n<li>a kutat\u00e1s r\u00f6vid ismertet\u00e9se (max. 1 oldal)<\/li>\n<li>TDK munka igazol\u00e1sa<\/li>\n<li>a hallgat\u00f3 eredm\u00e9nyeinek igazol\u00e1sa a SE TDK Konferenci\u00e1n, OTDK-n, egy\u00e9b hazai vagy nemzetk\u00f6zi konferenci\u00e1n, rektori p\u00e1lyamunka &#8211; mely kiz\u00e1r\u00f3lag els\u0151 szerz\u0151s el\u0151ad\u00e1sok lehetnek<\/li>\n<li>a t\u00e9mavezet\u0151 \u00f6n\u00e9letrajza \u00e9s publik\u00e1ci\u00f3s list\u00e1ja<\/li>\n<\/ul>\n<p><strong>A p\u00e1ly\u00e1zat beny\u00fajt\u00e1s\u00e1nak m\u00f3dja:<\/strong><\/p>\n<p><strong>K\u00e9rj\u00fck a p\u00e1ly\u00e1zatot a Semmelweis Egyetem Tudom\u00e1nyos Di\u00e1kk\u00f6r irod\u00e1j\u00e1ba (1082 Budapest \u00dcll\u0151i \u00fat 78. TDK Iroda) postai \u00faton \u00e9s elektronikusan az al\u00e1bbi e-mail c\u00edmre (<\/strong><a href=\"mailto:semmelweis.tdk@gmail.com\"><strong>semmelweis.tdk@gmail.com<\/strong><\/a><strong> ) eljuttatni.<\/strong><\/p>\n<p><strong>A p\u00e1ly\u00e1zati \u0171rlap a TDK honlapj\u00e1r\u00f3l t\u00f6lthet\u0151 le. <\/strong><\/p>\n<p><strong>\u00a0<\/strong><strong>A p\u00e1ly\u00e1zatok bead\u00e1s\u00e1nak hat\u00e1rideje: 2021.<\/strong> <strong>szeptember 3. 24:00<\/strong><\/p>\n<p><strong>\u00a0<\/strong><strong>A p\u00e1ly\u00e1zattal kapcsolatban felvil\u00e1gos\u00edt\u00e1s: T\u00f3th Anna, TDK-koordin\u00e1tor, <a href=\"mailto:semmelweis.tdk@gmail.com\">semmelweis.tdk@gmail.com<\/a> <\/strong><\/p>\n<p><strong>\u00a0<\/strong><strong>A t\u00e1mogat\u00e1s forr\u00e1sa:<\/strong><\/p>\n<p><strong>\u201eAz orvos-, eg\u00e9szs\u00e9gtudom\u00e1nyi- \u00e9s gy\u00f3gyszer\u00e9szk\u00e9pz\u00e9s tudom\u00e1nyos m\u0171helyeinek fejleszt\u00e9se\u201d<\/strong> c\u00edm\u0171, <strong>EFOP-3.6.3-VEKOP-16-2017-00009<\/strong> azonos\u00edt\u00f3sz\u00e1m\u00fa projektt\u00e1mogat\u00e1s<\/p>\n<p><a href=\"https:\/\/semmelweis.hu\/tdk\/files\/2021\/06\/Szakdolgozat_p\u00e1ly\u00e1zat_2021_2022-ki\u00edr\u00e1s.pdf\">P\u00c1LY\u00c1ZATI KI\u00cdR\u00c1S<\/a><\/p>\n<p><a href=\"https:\/\/semmelweis.hu\/tdk\/files\/2021\/06\/Szakdolgozat-p\u00e1ly\u00e1zati-adatlap_2021_2022.pdf\">P\u00c1LY\u00c1ZATI ADATLAP<\/a><\/p>\n<p>&nbsp;<\/p>\n","protected":false},"excerpt":{"rendered":"<p>A be\u00e9rkezett 66 darab p\u00e1ly\u00e1zat elb\u00edr\u00e1l\u00e1sa folyamatban van. A rendelkez\u00e9sre \u00e1ll\u00f3 keret alapj\u00e1n 5 nyertes p\u00e1ly\u00e1z\u00f3t hirdet\u00fcnk. A nyerteseket emailen kereszt\u00fcl \u00e9rtes\u00edtj\u00fck. A p\u00e1ly\u00e1zat jelentkez\u00e9si hat\u00e1rideje: 2021.09.10. 12:00 \u201e\u00d6n\u00e1ll\u00f3 kutat\u00e1st ig\u00e9nyl\u0151 szakdolgozati t\u00e9m\u00e1k elismer\u00e9se\u201d p\u00e1ly\u00e1zat meghirdet\u00e9se \u00a0C\u00e9l: A Semmelweis Egyetem kiemelten fontosnak tartja a tudom\u00e1nyos kutat\u00e1st v\u00e9gz\u0151 TDK hallgat\u00f3k \u00e9s t\u00e9mavezet\u0151ik t\u00e1mogat\u00e1s\u00e1t. A szokv\u00e1nyos egyetemi &hellip;<\/p>\n","protected":false},"author":101596,"featured_media":0,"parent":1146,"menu_order":0,"comment_status":"closed","ping_status":"closed","template":"","meta":{"_acf_changed":false,"footnotes":""},"categories":[18],"tags":[],"class_list":["post-7314","page","type-page","status-publish","hentry","category-palyazatok"],"acf":[],"publishpress_future_action":{"enabled":false,"date":"1970-01-01 01:00:00","action":"","terms":[],"taxonomy":"","browser_timezone_offset":0},"_links":{"self":[{"href":"https:\/\/semmelweis.hu\/tdk\/wp-json\/wp\/v2\/pages\/7314","targetHints":{"allow":["GET"]}}],"collection":[{"href":"https:\/\/semmelweis.hu\/tdk\/wp-json\/wp\/v2\/pages"}],"about":[{"href":"https:\/\/semmelweis.hu\/tdk\/wp-json\/wp\/v2\/types\/page"}],"author":[{"embeddable":true,"href":"https:\/\/semmelweis.hu\/tdk\/wp-json\/wp\/v2\/users\/101596"}],"replies":[{"embeddable":true,"href":"https:\/\/semmelweis.hu\/tdk\/wp-json\/wp\/v2\/comments?post=7314"}],"version-history":[{"count":10,"href":"https:\/\/semmelweis.hu\/tdk\/wp-json\/wp\/v2\/pages\/7314\/revisions"}],"predecessor-version":[{"id":7467,"href":"https:\/\/semmelweis.hu\/tdk\/wp-json\/wp\/v2\/pages\/7314\/revisions\/7467"}],"up":[{"embeddable":true,"href":"https:\/\/semmelweis.hu\/tdk\/wp-json\/wp\/v2\/pages\/1146"}],"wp:attachment":[{"href":"https:\/\/semmelweis.hu\/tdk\/wp-json\/wp\/v2\/media?parent=7314"}],"wp:term":[{"taxonomy":"category","embeddable":true,"href":"https:\/\/semmelweis.hu\/tdk\/wp-json\/wp\/v2\/categories?post=7314"},{"taxonomy":"post_tag","embeddable":true,"href":"https:\/\/semmelweis.hu\/tdk\/wp-json\/wp\/v2\/tags?post=7314"}],"curies":[{"name":"wp","href":"https:\/\/api.w.org\/{rel}","templated":true}]}}