{"id":7060,"date":"2021-05-20T11:10:02","date_gmt":"2021-05-20T09:10:02","guid":{"rendered":"https:\/\/semmelweis.hu\/tdk\/?page_id=7060"},"modified":"2024-08-15T08:54:55","modified_gmt":"2024-08-15T06:54:55","slug":"department-of-pulmonology","status":"publish","type":"page","link":"https:\/\/semmelweis.hu\/tdk\/en\/steps-to-pursue-research-as-a-student\/topics-and-supervisors\/department-of-pulmonology\/","title":{"rendered":"Department of Pulmonology"},"content":{"rendered":"<h3>Department of Pulmonology &#8211; research topics 2023\/2024<\/h3>\n<table style=\"border-collapse: collapse;width: 100%\">\n<tbody>\n<tr>\n<td style=\"width: 50%\"><strong>Topics<\/strong><\/td>\n<td style=\"width: 50%\"><strong>Supervisor<\/strong><\/td>\n<\/tr>\n<tr>\n<td style=\"width: 50%\" width=\"365\">Cellular stress in lung diseases<\/td>\n<td style=\"width: 50%\" width=\"351\">Prof. Dr. Veronika M\u00fcller, DSc<\/td>\n<\/tr>\n<tr>\n<td style=\"width: 50%\" width=\"365\">IPFdiagnostics and therapy<\/td>\n<td style=\"width: 50%\" width=\"351\">Prof. Dr. Veronika M\u00fcller, DSc<\/td>\n<\/tr>\n<tr>\n<td style=\"width: 50%\" width=\"365\">Immunregulation in asthmatic pregnacy<\/td>\n<td style=\"width: 50%\" width=\"351\">Prof. Dr. Lilla Tam\u00e1si, DSc<\/td>\n<\/tr>\n<tr>\n<td style=\"width: 50%\" width=\"365\">Asthma and pregnancy\u00a0<\/td>\n<td style=\"width: 50%\" width=\"351\">Prof. Dr. Lilla Tam\u00e1si, DSc<\/td>\n<\/tr>\n<tr>\n<td style=\"width: 50%\" width=\"365\">Assassment of sleep related airway disorders<\/td>\n<td style=\"width: 50%\" width=\"351\">Dr. habil. G\u00e1bor Horv\u00e1th, PhD<\/td>\n<\/tr>\n<tr>\n<td style=\"width: 50%\" width=\"365\">Assassment of the bronchial circulation<\/td>\n<td style=\"width: 50%\" width=\"351\">Dr. habil. G\u00e1bor Horv\u00e1th, PhD<\/td>\n<\/tr>\n<tr>\n<td style=\"width: 50%\" width=\"365\">Inhalation therapy of asthma and COPD<\/td>\n<td style=\"width: 50%\" width=\"351\">Dr. habil. G\u00e1bor Horv\u00e1th, PhD<\/td>\n<\/tr>\n<tr>\n<td style=\"width: 50%\" width=\"365\">Interstitial lung diseases<\/td>\n<td style=\"width: 50%\" width=\"351\">Dr. Anik\u00f3 Boh\u00e1cs, PhD<\/td>\n<\/tr>\n<tr>\n<td style=\"width: 50%\" width=\"365\">Lung transplantation<\/td>\n<td style=\"width: 50%\" width=\"351\">Dr. Anik\u00f3 Boh\u00e1cs, PhD<\/td>\n<\/tr>\n<tr>\n<td style=\"width: 50%\" width=\"365\">Measurement of exercise intolerance with new techniques in chronic respiratory diseases<\/td>\n<td style=\"width: 50%\" width=\"351\">Dr. habil. Tam\u00e1s J\u00e1nos Varga, PhD<\/td>\n<\/tr>\n<tr>\n<td style=\"width: 50%\" width=\"365\">The effect of dynamic hyperinflation on circulation in COPD<\/td>\n<td style=\"width: 50%\" width=\"351\">Dr. habil. Tam\u00e1s J\u00e1nos Varga, PhD<\/td>\n<\/tr>\n<tr>\n<td style=\"width: 50%\" width=\"365\">The effectivity of perioperative rehabilitation in lung cancer<\/td>\n<td style=\"width: 50%\" width=\"351\">Dr. habil. Tam\u00e1s J\u00e1nos Varga, PhD<\/td>\n<\/tr>\n<tr>\n<td style=\"width: 50%\" width=\"365\">Comparison between the effectivity of different training modality in COPD<\/td>\n<td style=\"width: 50%\" width=\"351\">Dr. habil. Tam\u00e1s J\u00e1nos Varga, PhD<\/td>\n<\/tr>\n<tr>\n<td style=\"width: 50%\" width=\"365\">Measurement of tissue oxygenation at rest and during exercise<\/td>\n<td style=\"width: 50%\" width=\"351\">Dr. habil. Tam\u00e1s J\u00e1nos Varga, PhD<\/td>\n<\/tr>\n<tr>\n<td style=\"width: 50%\" width=\"365\">Rehabilitation in COVID<\/td>\n<td style=\"width: 50%\" width=\"351\">Dr. habil. Tam\u00e1s J\u00e1nos Varga, PhD<\/td>\n<\/tr>\n<tr>\n<td style=\"width: 50%\" width=\"365\">The change of pulmonary circulation, dynamics of pulmonary pressure during exercise<\/td>\n<td style=\"width: 50%\" width=\"351\">Dr. habil. Tam\u00e1s J\u00e1nos Varga, PhD<\/td>\n<\/tr>\n<tr>\n<td style=\"width: 50%\" width=\"365\">Ergospirometry in pulmonary hypertension<\/td>\n<td style=\"width: 50%\">Dr. Gy\u00f6rgyi Cs\u00f3sza,\u00a0<\/td>\n<\/tr>\n<tr>\n<td style=\"width: 50%\" width=\"365\">Examination of right heart adaptation in pulmonary hypertension<\/td>\n<td style=\"width: 50%\">Dr. Gy\u00f6rgyi Cs\u00f3sza,\u00a0<\/td>\n<\/tr>\n<tr>\n<td style=\"width: 50%\" width=\"365\">Pulmonary manifestations of hematologic diseases<\/td>\n<td style=\"width: 50%\">Dr. No\u00e9mi Eszes, PhD<\/td>\n<\/tr>\n<tr>\n<td style=\"width: 50%\" width=\"365\">Causes and frequency of severe allergic reactions in emergency care<\/td>\n<td style=\"width: 50%\">Dr. Edit Hidv\u00e9gi, PhD<\/td>\n<\/tr>\n<tr>\n<td style=\"width: 50%\" width=\"365\">Pollen-food allergy syndrome among severe asthmatic patients<\/td>\n<td style=\"width: 50%\">Dr. Edit Hidv\u00e9gi, PhD<\/td>\n<\/tr>\n<tr>\n<td style=\"width: 50%\" width=\"365\">Did the frequency of latex allergy increase during the last 10 years? Influence of COVID epidemic on allergology<\/td>\n<td style=\"width: 50%\">Dr. Edit Hidv\u00e9gi, PhD<\/td>\n<\/tr>\n<tr>\n<td style=\"width: 50%\" width=\"365\">Biormarkers in respiratory disease<\/td>\n<td style=\"width: 50%\">Dr. P\u00e9ter Horv\u00e1th, PhD<\/td>\n<\/tr>\n<tr>\n<td style=\"width: 50%\" width=\"365\">Novel approach to the preprocedural planning of invasive pulmonary interventious<\/td>\n<td style=\"width: 50%\">Dr. P\u00e9ter Horv\u00e1th, PhD<\/td>\n<\/tr>\n<tr>\n<td style=\"width: 50%\" width=\"365\">Cardiovascular changes during non-invasive ventilation with different modalities<\/td>\n<td style=\"width: 50%\">Dr. J\u00f3zsef Luk\u00e1csovits, PhD<\/td>\n<\/tr>\n<tr>\n<td style=\"width: 50%\" width=\"365\">Ethical issues of cadaver organ donation: who is dead?<\/td>\n<td style=\"width: 50%\" width=\"351\">Dr. Zolt\u00e1n S\u00fctt\u0151, PhD<\/td>\n<\/tr>\n<\/tbody>\n<\/table>\n<p>&nbsp;<\/p>\n","protected":false},"excerpt":{"rendered":"<p>Department of Pulmonology &#8211; research topics 2023\/2024 Topics Supervisor Cellular stress in lung diseases Prof. Dr. Veronika M\u00fcller, DSc IPFdiagnostics and therapy Prof. Dr. Veronika M\u00fcller, DSc Immunregulation in asthmatic pregnacy Prof. Dr. Lilla Tam\u00e1si, DSc Asthma and pregnancy\u00a0 Prof. Dr. Lilla Tam\u00e1si, DSc Assassment of sleep related airway disorders Dr. habil. G\u00e1bor Horv\u00e1th, PhD &hellip;<\/p>\n","protected":false},"author":101596,"featured_media":0,"parent":4996,"menu_order":0,"comment_status":"closed","ping_status":"closed","template":"","meta":{"_acf_changed":false,"footnotes":""},"categories":[],"tags":[],"class_list":["post-7060","page","type-page","status-publish","hentry"],"acf":[],"publishpress_future_action":{"enabled":false,"date":"1970-01-01 01:00:00","action":"","terms":[],"taxonomy":"","browser_timezone_offset":0},"_links":{"self":[{"href":"https:\/\/semmelweis.hu\/tdk\/wp-json\/wp\/v2\/pages\/7060","targetHints":{"allow":["GET"]}}],"collection":[{"href":"https:\/\/semmelweis.hu\/tdk\/wp-json\/wp\/v2\/pages"}],"about":[{"href":"https:\/\/semmelweis.hu\/tdk\/wp-json\/wp\/v2\/types\/page"}],"author":[{"embeddable":true,"href":"https:\/\/semmelweis.hu\/tdk\/wp-json\/wp\/v2\/users\/101596"}],"replies":[{"embeddable":true,"href":"https:\/\/semmelweis.hu\/tdk\/wp-json\/wp\/v2\/comments?post=7060"}],"version-history":[{"count":2,"href":"https:\/\/semmelweis.hu\/tdk\/wp-json\/wp\/v2\/pages\/7060\/revisions"}],"predecessor-version":[{"id":9160,"href":"https:\/\/semmelweis.hu\/tdk\/wp-json\/wp\/v2\/pages\/7060\/revisions\/9160"}],"up":[{"embeddable":true,"href":"https:\/\/semmelweis.hu\/tdk\/wp-json\/wp\/v2\/pages\/4996"}],"wp:attachment":[{"href":"https:\/\/semmelweis.hu\/tdk\/wp-json\/wp\/v2\/media?parent=7060"}],"wp:term":[{"taxonomy":"category","embeddable":true,"href":"https:\/\/semmelweis.hu\/tdk\/wp-json\/wp\/v2\/categories?post=7060"},{"taxonomy":"post_tag","embeddable":true,"href":"https:\/\/semmelweis.hu\/tdk\/wp-json\/wp\/v2\/tags?post=7060"}],"curies":[{"name":"wp","href":"https:\/\/api.w.org\/{rel}","templated":true}]}}