{"id":6934,"date":"2021-05-12T11:28:24","date_gmt":"2021-05-12T09:28:24","guid":{"rendered":"https:\/\/semmelweis.hu\/tdk\/?page_id=6934"},"modified":"2021-05-20T12:23:33","modified_gmt":"2021-05-20T10:23:33","slug":"hmaa-palyazat-2021","status":"publish","type":"page","link":"https:\/\/semmelweis.hu\/tdk\/palyazatok\/hmaa-palyazat-2021\/","title":{"rendered":"HMAA p\u00e1ly\u00e1zat 2021."},"content":{"rendered":"<h1 style=\"text-align: center\"><span style=\"color: #ff0000\">JELENTKEZ\u00c9SI HAT\u00c1RID\u0150 MEGHOSSZABB\u00cdT\u00c1SRA KER\u00dcLT.<\/span><\/h1>\n<h1 style=\"text-align: center\"><span style=\"color: #ff0000\">\u00daJ ID\u0150PONT: 2021.06.03. 24H<\/span><\/h1>\n<p>Az <strong>Amerikai Magyar Orvosi Sz\u00f6vets\u00e9g &#8211; Magyarorsz\u00e1gi Tagozata (HMAA-HC)<\/strong> az egyetemi hallgat\u00f3k (orvosi, fogorvosi, gy\u00f3gyszer\u00e9szhallgat\u00f3k) mellett a rezidensek, a doktorandusz hallgat\u00f3k \u00e9s a szakorvosok r\u00e9sz\u00e9re egyar\u00e1nt szervez \u00e9vente ny\u00e1ri konferenci\u00e1t, melyet id\u00e9n\u00a0<strong>2021.08.27-28. k\u00f6z\u00f6tt<\/strong> tartanak.<\/p>\n<p>Az aktu\u00e1lis korm\u00e1nyrendelet f\u00fcggv\u00e9ny\u00e9ben els\u0151sorban szem\u00e9lyes jelenl\u00e9ten alapul\u00f3 kongresszust terveznek (\u00e9rv\u00e9nyes olt\u00e1si igazolv\u00e1ny sz\u00fcks\u00e9ges), de fenntartj\u00e1k az online rendez\u00e9s jog\u00e1t, ha a szem\u00e9lyes jelenl\u00e9ten alapul\u00f3 kongresszusra nem lesz lehet\u0151s\u00e9g.<\/p>\n<p><strong>\u00a0<\/strong><strong>Helysz\u00edn: \u00a0Balatonf\u00fcredi \u00c1llami Sz\u00edvk\u00f3rh\u00e1z<\/strong><\/p>\n<p><strong><u>A konferenci\u00e1n lehet\u0151s\u00e9g ny\u00edlik:<\/u><\/strong><\/p>\n<ul>\n<li>megismerkedni a HMAA Buffalo \u00e9s Houston csereprogramj\u00e1val (amelyet hatod\u00e9ves hallgat\u00f3k sz\u00e1m\u00e1ra hirdetnek meg), \u00e9s megismerhetnek azokkal a hallgat\u00f3kkal, akik m\u00e1r r\u00e9szt vettek a programban.<\/li>\n<li>\u00e9rdekes el\u0151ad\u00e1sok meghallgat\u00e1s\u00e1ra is, amelyeket kor\u00e1bbi \u00e9s jelenlegi t\u00e1rsaik, valamint neves magyar \u00e9s k\u00fclf\u00f6ldi orvosok, professzorok tartanak.<\/li>\n<li>a rendk\u00edv\u00fcl bar\u00e1ts\u00e1gos l\u00e9gk\u00f6r\u0171 multidiszciplin\u00e1ris konferencia nagyszer\u0171 lehet\u0151s\u00e9get k\u00edn\u00e1l az orvostanhallgat\u00f3k sz\u00e1m\u00e1ra, hogy inform\u00e1lis besz\u00e9lget\u00e9st folytassanak az Egyes\u00fclt \u00c1llamokban dolgoz\u00f3 professzorokkal \u00e9s orvosokkal.<\/li>\n<\/ul>\n<p>&nbsp;<\/p>\n<p>A konferenci\u00e1n <strong>angol \u00e9s magyar nyelv\u0171<\/strong> el\u0151ad\u00e1sokat lehet tartani.<\/p>\n<p><strong><u>A legjobb el\u0151ad\u00e1sokat a HMAA nagy\u00e9rt\u00e9k\u0171 d\u00edjjal jutalmazza:<\/u><\/strong><u>\u00a0<\/u><\/p>\n<p>A legjobb angol nyelven megtartott el\u0151ad\u00e1st a HMAA \u00e1ltal felaj\u00e1nlott Ivan Krisztinicz-d\u00edjjal jutalmazz\u00e1k, a nyertes r\u00e9szt vehet az \u00e9ves HMAA konferenci\u00e1j\u00e1n Sarasot\u00e1ban (FL), amelyet a HMAA finansz\u00edroz.<\/p>\n<p>A legjobb magyar nyelv\u0171 el\u0151ad\u00e1st id. Istvan Mechter d\u00edjjal jutalmazz\u00e1k. Az egyes ter\u00fcleteken a legjobb el\u0151ad\u00e1sokat is d\u00edjazz\u00e1k (pl .: a legjobb el\u0151ad\u00e1s neurol\u00f3gia \/ seb\u00e9szet t\u00e9mak\u00f6r\u00e9ben).<\/p>\n<p><strong>Az el\u0151ad\u00e1s m\u00f3dja: <\/strong>Sz\u00f3beli prezent\u00e1ci\u00f3 vagy hagyom\u00e1nyos poszter a b\u00edr\u00e1l\u00f3bizotts\u00e1g d\u00f6nt\u00e9se alapj\u00e1n, angol vagy magyar nyelven (v\u00e1laszthat\u00f3).<\/p>\n<p><strong>\u00a0<\/strong><strong>\u00a0<\/strong><\/p>\n<p><strong>A konferenci\u00e1n az al\u00e1bbi szekci\u00f3kban lehet el\u0151adni:\u00a0<\/strong>\u00a0<\/p>\n<p>Anatomy<\/p>\n<p>Anesthesiology-Intensive Care-Emergency care<\/p>\n<p>Behaviour Sciences<\/p>\n<p>Biochemistry-Biophysics<\/p>\n<p>Cardiology<\/p>\n<p>Dentistry<\/p>\n<p>Dermatology<\/p>\n<p>Health Sciences<\/p>\n<p>Immunology-Cell Biology<\/p>\n<p>Internal Medicine-Family Medicine<\/p>\n<p>Law \/ Medical Malpractice \/ Business<\/p>\n<p>Microbiology<\/p>\n<p>Neurology<\/p>\n<p>Obstetrics &amp; Gynecology<\/p>\n<p>Ophthalomogy<\/p>\n<p>Orthopedics<\/p>\n<p>Otorhinolaryngology<\/p>\n<p>Pathology-Oncology<\/p>\n<p>Pediatrics<\/p>\n<p>Pharmacy<\/p>\n<p>Physiology-Pathophysiology<\/p>\n<p>Prevention<\/p>\n<p>Pulmonology<\/p>\n<p>Radiology<\/p>\n<p>Rheumatology<\/p>\n<p>Sport Sciences<\/p>\n<p>Surgery &#8211; Traumatology &#8211; Neurosurgery<\/p>\n<p>Urology<\/p>\n<p><strong>R\u00e9szv\u00e9teli d\u00edj:<\/strong><\/p>\n<p>In person regisztr\u00e1ci\u00f3s d\u00edj* 2021. augusztus 15-ig<\/p>\n<p>HMAA tagnak: 15,000 HUF<\/p>\n<p>Nem HMAA tagnak: 20,000 HUF<\/p>\n<p>Helysz\u00edni regisztr\u00e1ci\u00f3 (2021.08.15 ut\u00e1n): 25,000 HUF<\/p>\n<p>K\u00eds\u00e9r\u0151 vacsora jegy: 8,000 HUF \/ k\u00eds\u00e9r\u0151<\/p>\n<p>K\u00eds\u00e9r\u0151 eb\u00e9d jegy: 2,500 HUF \/ nap \/ k\u00eds\u00e9r\u0151<\/p>\n<p>* Tartalmazza a p\u00e9nteki \u00e9s szombati eb\u00e9det, valamint a p\u00e9ntek esti vacsor\u00e1t (Borcsa \u00e9tterem), illetve a konferencia alatti snack-et.<\/p>\n<p>&nbsp;<\/p>\n<p>Amennyiben 2021. augusztus 1. napj\u00e1n az aktu\u00e1lis korm\u00e1nyrendelet f\u00fcggv\u00e9ny\u00e9ben nem lehet szem\u00e9lyesen r\u00e9szt venni a konferenci\u00e1n, abban az esetben a kongresszust virtu\u00e1lisan tartj\u00e1k meg, \u00edgy az in person \/ helysz\u00edni regisztr\u00e1ci\u00f3s d\u00edj \u00e9s a virtu\u00e1lis (online) r\u00e9szv\u00e9teli d\u00edj k\u00f6zti k\u00fcl\u00f6nbs\u00e9get visszautalj\u00e1k, \u00e9s az al\u00e1bbi virtu\u00e1lis (online) r\u00e9szv\u00e9teli d\u00edjat alkalmazz\u00e1k a regisztr\u00e1ltak r\u00e9sz\u00e9re:<\/p>\n<p>Virtu\u00e1lis (online) r\u00e9szv\u00e9tel d\u00edj (2021. augusztus 1.-\u00e9n sz\u00fcletik d\u00f6nt\u00e9s r\u00f3la)<\/p>\n<p>HMAA tagnak: 8,000 HUF<\/p>\n<p>Nem HMAA tagnak: 10,000 HUF<\/p>\n<p>&nbsp;<\/p>\n<p><strong>Lemond\u00e1si felt\u00e9telek (regisztr\u00e1ci\u00f3s d\u00edj):<\/strong><\/p>\n<p>Amennyiben regisztr\u00e1l a konferenci\u00e1ra, elfogadja a lemond\u00e1si ir\u00e1nyelveket. Online \u00e9s banki \u00e1tutal\u00e1s eset\u00e9n a kifizet\u00e9sek 100%-ban visszat\u00e9r\u00edthet\u0151k 2021. augusztus 1. 23:59-ig (CET) ingyenesen. Ezt k\u00f6vet\u0151en, 2021. augusztus 2. ut\u00e1n nincs visszat\u00e9r\u00edt\u00e9si d\u00edj.<\/p>\n<p>A lemond\u00e1si d\u00edj fejenk\u00e9nt 9 000 Ft 2021. augusztus 1. 23:59 (CET) ut\u00e1n. A t\u00f6rl\u00e9si d\u00edj akkor is felsz\u00e1mol\u00e1sra ker\u00fcl, ha m\u00e9g nem fizette be a regisztr\u00e1ci\u00f3t. A lemond\u00e1si d\u00edj felsz\u00e1mol\u00e1sra ker\u00fcl, ha regisztr\u00e1lt, de nem vesz r\u00e9szt a konferenci\u00e1n. A n\u00e9vv\u00e1ltoztat\u00e1si d\u00edj 6000 Ft \/ szem\u00e9lyenk\u00e9nt. A lemond\u00e1si sz\u00e1nd\u00e9k\u00e1t a hungary@hmaa.org c\u00edmre k\u00fcldje.<\/p>\n<p>Az elnyert p\u00e1ly\u00e1zatot lemondani nem lehet. Ha az elnyert p\u00e1ly\u00e1zat ellen\u00e9re a hallgat\u00f3 m\u00e9gsem tart el\u0151ad\u00e1st vagy visz posztert a kongresszusra, a t\u00e1mogat\u00e1s teljes \u00f6sszeg\u00e9t k\u00f6teles a Semmelweis Egyetemnek megt\u00e9r\u00edteni egy h\u00e9ten bel\u00fcl.<\/p>\n<p><strong>A SE TDT az egyetem Tudom\u00e1nyos Di\u00e1kk\u00f6r\u00f6sei sz\u00e1m\u00e1ra v\u00e1llalja a regisztr\u00e1ci\u00f3s k\u00f6lts\u00e9g \u00e9s a sz\u00e1ll\u00e1s k\u00f6lts\u00e9g megt\u00e9r\u00edt\u00e9s\u00e9t a rendelkez\u00e9sre \u00e1ll\u00f3 keretig.<\/strong><\/p>\n<p><strong><u>P\u00e1ly\u00e1zat formai felt\u00e9telei: <\/u><\/strong><\/p>\n<ul>\n<li>SE TDK tags\u00e1g<\/li>\n<li><strong>angol nyelv\u0171 absztrakt<\/strong> Word form\u00e1tumban (max. 250 sz\u00f3, r\u00e9szei: angol nyelv\u0171 c\u00edm, t\u00e1rsszerz\u0151k affili\u00e1ci\u00f3k megjel\u00f6l\u00e9s\u00e9vel, Introduction, Methods, Results, Conclusions).<\/li>\n<\/ul>\n<ul>\n<li><strong> \u00e9vi HMAA tags\u00e1g igazol\u00e1sa <\/strong>(<a href=\"https:\/\/hmaa.org\/chapters\/hungary\">https:\/\/hmaa.org\/chapters\/hungary<\/a>) oldalr\u00f3l k\u00e9perny\u0151fot\u00f3 vagy az al\u00e1bbi email c\u00edmen igazol\u00e1s k\u00e9r\u00e9se: <a href=\"mailto:hungary@hmaa.org\">hungary@hmaa.org<\/a>)<\/li>\n<li><strong>Szakmai \u00f6n\u00e9letrajz<\/strong><\/li>\n<\/ul>\n<p>&nbsp;<\/p>\n<p><strong>SE TDT p\u00e1ly\u00e1zati hat\u00e1rid\u0151: 2021. 06.03. 24h<\/strong><\/p>\n<p><strong>A p\u00e1ly\u00e1zatokat az al\u00e1bbi e-mail c\u00edmre v\u00e1rjuk:<\/strong><\/p>\n<p><strong>office.se.tdk@gmail.com<\/strong><\/p>\n<ul>\n<li><strong>A p\u00e1ly\u00e1zati felt\u00e9teleknek megfelel\u0151 els\u0151 30 p\u00e1ly\u00e1z\u00f3 r\u00e9szes\u00fcl t\u00e1mogat\u00e1sban.<\/strong><\/li>\n<li>A p\u00e1ly\u00e1zat eredm\u00e9nyeinek ki\u00e9rtes\u00edt\u00e9s\u00e9ig a HMAA F\u00fcred 2021 kongresszus regisztr\u00e1ci\u00f3s d\u00edj\u00e1t <strong>ne fizesse be<\/strong> a p\u00e1ly\u00e1z\u00f3.<\/li>\n<\/ul>\n<p><strong><em>\u00a0<\/em><\/strong>Az elb\u00edr\u00e1l\u00e1sr\u00f3l e-mailben \u00e9rtes\u00edtj\u00fck a hallgat\u00f3kat.<\/p>\n<p>Tov\u00e1bbi hasznos inform\u00e1ci\u00f3k: <a href=\"http:\/\/hmaa-hc.hu\/fured.html\">http:\/\/hmaa-hc.hu\/fured.html<\/a><\/p>\n<p>&nbsp;<\/p>\n","protected":false},"excerpt":{"rendered":"<p>JELENTKEZ\u00c9SI HAT\u00c1RID\u0150 MEGHOSSZABB\u00cdT\u00c1SRA KER\u00dcLT. \u00daJ ID\u0150PONT: 2021.06.03. 24H Az Amerikai Magyar Orvosi Sz\u00f6vets\u00e9g &#8211; Magyarorsz\u00e1gi Tagozata (HMAA-HC) az egyetemi hallgat\u00f3k (orvosi, fogorvosi, gy\u00f3gyszer\u00e9szhallgat\u00f3k) mellett a rezidensek, a doktorandusz hallgat\u00f3k \u00e9s a szakorvosok r\u00e9sz\u00e9re egyar\u00e1nt szervez \u00e9vente ny\u00e1ri konferenci\u00e1t, melyet id\u00e9n\u00a02021.08.27-28. k\u00f6z\u00f6tt tartanak. Az aktu\u00e1lis korm\u00e1nyrendelet f\u00fcggv\u00e9ny\u00e9ben els\u0151sorban szem\u00e9lyes jelenl\u00e9ten alapul\u00f3 kongresszust terveznek (\u00e9rv\u00e9nyes olt\u00e1si igazolv\u00e1ny &hellip;<\/p>\n","protected":false},"author":101596,"featured_media":0,"parent":1146,"menu_order":0,"comment_status":"closed","ping_status":"closed","template":"","meta":{"_acf_changed":false,"footnotes":""},"categories":[18],"tags":[],"class_list":["post-6934","page","type-page","status-publish","hentry","category-palyazatok"],"acf":[],"publishpress_future_action":{"enabled":false,"date":"1970-01-01 01:00:00","action":"","terms":[],"taxonomy":"","browser_timezone_offset":0},"_links":{"self":[{"href":"https:\/\/semmelweis.hu\/tdk\/wp-json\/wp\/v2\/pages\/6934","targetHints":{"allow":["GET"]}}],"collection":[{"href":"https:\/\/semmelweis.hu\/tdk\/wp-json\/wp\/v2\/pages"}],"about":[{"href":"https:\/\/semmelweis.hu\/tdk\/wp-json\/wp\/v2\/types\/page"}],"author":[{"embeddable":true,"href":"https:\/\/semmelweis.hu\/tdk\/wp-json\/wp\/v2\/users\/101596"}],"replies":[{"embeddable":true,"href":"https:\/\/semmelweis.hu\/tdk\/wp-json\/wp\/v2\/comments?post=6934"}],"version-history":[{"count":6,"href":"https:\/\/semmelweis.hu\/tdk\/wp-json\/wp\/v2\/pages\/6934\/revisions"}],"predecessor-version":[{"id":7079,"href":"https:\/\/semmelweis.hu\/tdk\/wp-json\/wp\/v2\/pages\/6934\/revisions\/7079"}],"up":[{"embeddable":true,"href":"https:\/\/semmelweis.hu\/tdk\/wp-json\/wp\/v2\/pages\/1146"}],"wp:attachment":[{"href":"https:\/\/semmelweis.hu\/tdk\/wp-json\/wp\/v2\/media?parent=6934"}],"wp:term":[{"taxonomy":"category","embeddable":true,"href":"https:\/\/semmelweis.hu\/tdk\/wp-json\/wp\/v2\/categories?post=6934"},{"taxonomy":"post_tag","embeddable":true,"href":"https:\/\/semmelweis.hu\/tdk\/wp-json\/wp\/v2\/tags?post=6934"}],"curies":[{"name":"wp","href":"https:\/\/api.w.org\/{rel}","templated":true}]}}