{"id":6820,"date":"2021-03-18T08:46:18","date_gmt":"2021-03-18T07:46:18","guid":{"rendered":"https:\/\/semmelweis.hu\/tdk\/?page_id=6820"},"modified":"2021-03-18T08:49:31","modified_gmt":"2021-03-18T07:49:31","slug":"doktorandusz-hallgatok-es-predoktorok-tdk-temavezetesenek-elismerese","status":"publish","type":"page","link":"https:\/\/semmelweis.hu\/tdk\/palyazatok\/doktorandusz-hallgatok-es-predoktorok-tdk-temavezetesenek-elismerese\/","title":{"rendered":"DOKTORANDUSZ HALLGAT\u00d3K \u00c9S PREDOKTOROK TDK-T\u00c9MAVEZET\u00c9S\u00c9NEK ELISMER\u00c9SE"},"content":{"rendered":"<p><strong>C\u00e9l:<\/strong><\/p>\n<p>A Semmelweis Egyetem fontosnak tartja a doktoranduszok \u00e9s predoktorok bevon\u00e1s\u00e1t a fiatalabb hallgat\u00f3k oktat\u00e1s\u00e1ba, TDK t\u00e9mavezet\u00e9s\u00e9be. A TDK hallgat\u00f3k sz\u00e1m\u00e1ra el\u0151ny\u00f6s, hogy hozz\u00e1juk korban k\u00f6zelebb \u00e1ll\u00f3 szem\u00e9lyekkel dolgozhatnak egy\u00fctt, hiszen a kommunik\u00e1ci\u00f3 \u00edgy l\u00e9nyegesen k\u00f6tetlenebb \u00e9s egyszer\u0171bb. A TDK hallgat\u00f3k sikeres kutat\u00f3munk\u00e1j\u00e1hoz sz\u00fcks\u00e9ges, hogy j\u00f3 kapcsolatot \u00e9p\u00edtsenek ki t\u00e9mavezet\u0151j\u00fckkel \u00e9s rendszeresen kapcsolatba tudjanak l\u00e9pni egym\u00e1ssal, melyet az azonos kommunik\u00e1ci\u00f3s csatorn\u00e1k haszn\u00e1lata jelent\u0151sen megk\u00f6nny\u00edt. A TDK t\u00e9mavezet\u00e9s lehet\u0151s\u00e9get teremt a PhD hallgat\u00f3k sz\u00e1m\u00e1ra, hogy tapasztalatot szerezzenek az oktat\u00e1sban, a fiatalabb hallgat\u00f3kkal val\u00f3 egy\u00fcttm\u0171k\u00f6d\u00e9sben, illetve \u00faj kih\u00edv\u00e1sok el\u00e9 \u00e1ll\u00edtja \u0151ket, mely motiv\u00e1ci\u00f3t ad a folyamatos szakmai fejl\u0151d\u00e9sre. A Semmelweis Egyetem, a<strong>z<\/strong>\u00a0<strong>EFOP-3.6.3-VEKOP-16-2017-00009<\/strong>\u00a0azonos\u00edt\u00f3sz\u00e1m\u00fa projekt t\u00e1mogat\u00e1s keretein bel\u00fcl, a 2018-2021 \u00e9vekben a rendelkez\u00e9sre \u00e1ll\u00f3 keret erej\u00e9ig t\u00e1mogatja a PhD hallgat\u00f3it \u00e9s a predoktorait TDK-t\u00e9mavezet\u00e9s v\u00e1llal\u00e1s\u00e1ra. \u00d6szt\u00f6nzi a t\u00e9mavezet\u0151ket a TDK-s hallgat\u00f3ikkal t\u00f6rt\u00e9n\u0151 szoros kutat\u00e1si egy\u00fcttm\u0171k\u00f6d\u00e9sre, hallgat\u00f3ik sikeres felk\u00e9sz\u00edt\u00e9s\u00e9re az orsz\u00e1gos TDK konferenci\u00e1ra, munk\u00e1juk \u00e9s hallgat\u00f3ik orsz\u00e1gos TDK konferenci\u00e1n el\u00e9rt eredm\u00e9nyeinek \u00e9rt\u00e9kel\u00e9se, elismer\u00e9se r\u00e9v\u00e9n.<\/p>\n<p><strong>A t\u00e1mogat\u00e1sra jogosultak k\u00f6re<\/strong>:<\/p>\n<p>A Semmelweis Egyetem Doktori Iskola<\/p>\n<ul>\n<li><strong>PhD k\u00e9pz\u00e9s\u00e9ben\u00a0<\/strong>r\u00e9szt vev\u0151 TDK t\u00e9mavezet\u00e9st v\u00e9gz\u0151 fiatal kutat\u00f3i<\/li>\n<li><strong>Predoktori<\/strong>\u00a0\u00f6szt\u00f6nd\u00edjban r\u00e9szes\u00fcl\u0151 TDK t\u00e9mavezet\u00e9st v\u00e9gz\u0151 fiatal kutat\u00f3i.<\/li>\n<\/ul>\n<p><strong>A t\u00e1mogat\u00e1s felt\u00e9tele:<\/strong><\/p>\n<ul>\n<li>hat\u00e1rid\u0151ben be\u00e9rkezett, hi\u00e1nytalanul kit\u00f6lt\u00f6tt p\u00e1ly\u00e1zati dokument\u00e1ci\u00f3 (a p\u00e1ly\u00e1zat hat\u00e1rid\u0151ben be\u00e9rkezettnek sz\u00e1m\u00edt, ha a postai felad\u00e1s d\u00e1tuma igazolhat\u00f3an hat\u00e1rid\u0151ben t\u00f6rt\u00e9nt)<\/li>\n<li>v\u00e1llalja, hogy a TDK-s hallgat\u00f3j\u00e1t szakmailag megfelel\u0151en felk\u00e9sz\u00edti az orsz\u00e1gos TDK konferenci\u00e1ra a sikeres szerepl\u00e9s \u00e9rdek\u00e9ben<\/li>\n<li>v\u00e1llalja, hogy a tudom\u00e1nyos di\u00e1kk\u00f6ri kutat\u00e1s eredm\u00e9nyek\u00e9nt, hazai vagy nemzetk\u00f6zi tudom\u00e1nyos f\u00f3rumon bemutat\u00e1sra ker\u00fcl\u0151 el\u0151ad\u00e1son illetve poszteren \u00e9s konferencia absztrakton a Projekt azonos\u00edt\u00f3sz\u00e1m\u00e1t \u00e9s c\u00edm\u00e9t (EFOP-3.6.3-VEKOP-16-2017-00009, Az orvos-, eg\u00e9szs\u00e9gtudom\u00e1nyi- \u00e9s gy\u00f3gyszer\u00e9szk\u00e9pz\u00e9s tudom\u00e1nyos m\u0171helyeinek fejleszt\u00e9se) felt\u00fcnteti<\/li>\n<li>k\u00f6telezetts\u00e9get v\u00e1llal arra, hogy a tudom\u00e1nyos di\u00e1kk\u00f6ri kutat\u00e1s eredm\u00e9nyek\u00e9nt megjelen\u0151 tudom\u00e1nyos k\u00f6zlem\u00e9nyeken a Projekt azonos\u00edt\u00f3sz\u00e1m\u00e1t \u00e9s c\u00edm\u00e9t (EFOP-3.6.3-VEKOP-16-2017-00009, Az orvos-, eg\u00e9szs\u00e9gtudom\u00e1nyi- \u00e9s gy\u00f3gyszer\u00e9szk\u00e9pz\u00e9s tudom\u00e1nyos m\u0171helyeinek fejleszt\u00e9se) felt\u00fcnteti<\/li>\n<\/ul>\n<p><strong>A t\u00e1mogat\u00e1sra p\u00e1ly\u00e1z\u00f3 \u00e1ltal beny\u00fajtand\u00f3:<\/strong><\/p>\n<ul>\n<li>a kit\u00f6lt\u00f6tt p\u00e1ly\u00e1zati \u0170rlap<\/li>\n<li>a 2021-es OTDK Konferenci\u00e1ra elfogadott el\u0151ad\u00e1s absztraktja<\/li>\n<\/ul>\n<p><strong>\u00c9rt\u00e9kel\u00e9s:<\/strong><\/p>\n<p>A t\u00e1mogat\u00e1s meg\u00edt\u00e9l\u00e9st a 2021. \u00e9v OTDK konferencia ut\u00e1n, annak eredm\u00e9nye ismeret\u00e9ben a Semmelweis Egyetem Tudom\u00e1nyos Di\u00e1kk\u00f6ri Tan\u00e1csa d\u00f6nti el az EFOP szakmai vezet\u00e9s\u00e9nek bevon\u00e1s\u00e1val.<\/p>\n<p><strong>A t\u00e1mogat\u00e1s m\u00f3dja:<\/strong><\/p>\n<ul>\n<li>egyszeri \u00f6szt\u00f6nd\u00edj kieg\u00e9sz\u00edt\u00e9s\u00a0<strong>150.000 Ft\u00a0<\/strong>\u00e9rt\u00e9kben<\/li>\n<li>a kifizet\u00e9sre a konferencia z\u00e1r\u00e1s\u00e1t k\u00f6vet\u0151 30 napon bel\u00fcl ker\u00fcl sor<\/li>\n<\/ul>\n<p><strong>\u00a0<\/strong><\/p>\n<p><strong>A p\u00e1ly\u00e1zatot a Semmelweis Egyetem Doktori Iskola Hivatal\u00e1ba (Budapest 1085 \u00dcll\u0151i \u00fat 26.) k\u00e9rj\u00fck postai \u00faton eljuttatni.<\/strong><\/p>\n<p>K\u00e9rj\u00fck tov\u00e1bb\u00e1, a p\u00e1ly\u00e1zati anyagot elektronikusan a\u00a0<a href=\"mailto:semmelweis.tdk@gmail.com\">semmelweis.tdk@gmail.com<\/a>\u00a0\u00e9s a\u00a0<a href=\"mailto:tudomanyos.diakkor@semmelweis-univ.hu\">tudomanyos.diakkor@semmelweis-univ.hu<\/a>\u00a0c\u00edmekre is megk\u00fcldeni.<\/p>\n<p><strong>A p\u00e1ly\u00e1zati \u0171rlap:\u00a0<a href=\"https:\/\/semmelweis.hu\/phd\/files\/2021\/03\/T%C3%A9mavezet%C5%91-p%C3%A1ly%C3%A1zati-adatlap_20210316.docx\">Let\u00f6lt\u00e9s<\/a><\/strong><\/p>\n<p><strong>A p\u00e1ly\u00e1zatok post\u00e1ra ad\u00e1s\u00e1nak hat\u00e1rideje 2021. m\u00e1rcius 26.<\/strong><\/p>\n","protected":false},"excerpt":{"rendered":"<p>C\u00e9l: A Semmelweis Egyetem fontosnak tartja a doktoranduszok \u00e9s predoktorok bevon\u00e1s\u00e1t a fiatalabb hallgat\u00f3k oktat\u00e1s\u00e1ba, TDK t\u00e9mavezet\u00e9s\u00e9be. A TDK hallgat\u00f3k sz\u00e1m\u00e1ra el\u0151ny\u00f6s, hogy hozz\u00e1juk korban k\u00f6zelebb \u00e1ll\u00f3 szem\u00e9lyekkel dolgozhatnak egy\u00fctt, hiszen a kommunik\u00e1ci\u00f3 \u00edgy l\u00e9nyegesen k\u00f6tetlenebb \u00e9s egyszer\u0171bb. A TDK hallgat\u00f3k sikeres kutat\u00f3munk\u00e1j\u00e1hoz sz\u00fcks\u00e9ges, hogy j\u00f3 kapcsolatot \u00e9p\u00edtsenek ki t\u00e9mavezet\u0151j\u00fckkel \u00e9s rendszeresen kapcsolatba tudjanak l\u00e9pni &hellip;<\/p>\n","protected":false},"author":101596,"featured_media":0,"parent":1146,"menu_order":0,"comment_status":"closed","ping_status":"closed","template":"","meta":{"_acf_changed":false,"footnotes":""},"categories":[18],"tags":[],"class_list":["post-6820","page","type-page","status-publish","hentry","category-palyazatok"],"acf":[],"publishpress_future_action":{"enabled":false,"date":"1970-01-01 01:00:00","action":"","terms":[],"taxonomy":"","browser_timezone_offset":0},"_links":{"self":[{"href":"https:\/\/semmelweis.hu\/tdk\/wp-json\/wp\/v2\/pages\/6820","targetHints":{"allow":["GET"]}}],"collection":[{"href":"https:\/\/semmelweis.hu\/tdk\/wp-json\/wp\/v2\/pages"}],"about":[{"href":"https:\/\/semmelweis.hu\/tdk\/wp-json\/wp\/v2\/types\/page"}],"author":[{"embeddable":true,"href":"https:\/\/semmelweis.hu\/tdk\/wp-json\/wp\/v2\/users\/101596"}],"replies":[{"embeddable":true,"href":"https:\/\/semmelweis.hu\/tdk\/wp-json\/wp\/v2\/comments?post=6820"}],"version-history":[{"count":1,"href":"https:\/\/semmelweis.hu\/tdk\/wp-json\/wp\/v2\/pages\/6820\/revisions"}],"predecessor-version":[{"id":6821,"href":"https:\/\/semmelweis.hu\/tdk\/wp-json\/wp\/v2\/pages\/6820\/revisions\/6821"}],"up":[{"embeddable":true,"href":"https:\/\/semmelweis.hu\/tdk\/wp-json\/wp\/v2\/pages\/1146"}],"wp:attachment":[{"href":"https:\/\/semmelweis.hu\/tdk\/wp-json\/wp\/v2\/media?parent=6820"}],"wp:term":[{"taxonomy":"category","embeddable":true,"href":"https:\/\/semmelweis.hu\/tdk\/wp-json\/wp\/v2\/categories?post=6820"},{"taxonomy":"post_tag","embeddable":true,"href":"https:\/\/semmelweis.hu\/tdk\/wp-json\/wp\/v2\/tags?post=6820"}],"curies":[{"name":"wp","href":"https:\/\/api.w.org\/{rel}","templated":true}]}}