{"id":6722,"date":"2021-02-25T12:40:50","date_gmt":"2021-02-25T11:40:50","guid":{"rendered":"https:\/\/semmelweis.hu\/tdk\/?page_id=6722"},"modified":"2025-09-17T13:31:22","modified_gmt":"2025-09-17T11:31:22","slug":"belgyogyaszati-es-onkologiai-klinika-tdk-temak","status":"publish","type":"page","link":"https:\/\/semmelweis.hu\/tdk\/tdk-temak-es-temavezetok\/aok\/belgyogyaszati-es-onkologiai-klinika-tdk-temak\/","title":{"rendered":"Belgy\u00f3gy\u00e1szati \u00e9s Onkol\u00f3giai Klinika"},"content":{"rendered":"<p><strong>Belgy\u00f3gy\u00e1szati \u00e9s Onkol\u00f3giai Klinika TDK t\u00e9m\u00e1k:<\/strong><\/p>\n<table style=\"border-collapse: collapse;width: 100%;height: 4439px\">\n<tbody>\n<tr style=\"height: 30px\">\n<td style=\"width: 50%;height: 30px\">TDK munka c\u00edme<\/td>\n<td style=\"width: 50.068%;height: 30px\" width=\"517\">T\u00e9mavezet\u0151 neve (fokozattal)<\/td>\n<\/tr>\n<tr style=\"height: 33px\">\n<td style=\"width: 50%;height: 33px\" width=\"743\">Klinikai kimenetelek vizsg\u00e1lata kezelt hypothyreosisban<\/td>\n<td style=\"width: 50.068%;height: 33px\" width=\"517\">Dr. Bakos Bence (PhD)<\/td>\n<\/tr>\n<tr style=\"height: 54px\">\n<td style=\"width: 50%;height: 54px\">Oszteodenzitometria \u00e9s egy\u00e9b csontvizsg\u00e1l\u00f3 elj\u00e1r\u00e1sok<\/td>\n<td style=\"width: 50.068%;height: 54px\" width=\"517\">\n<p>Dr. Horv\u00e1th Csaba (MTA doktora)<\/p>\n<\/td>\n<\/tr>\n<tr style=\"height: 64px\">\n<td style=\"width: 50%;height: 64px\">A gyullad\u00e1sos b\u00e9lbetegs\u00e9gek epidemiol\u00f3gi\u00e1ja, klinikuma \u00e9s a betegs\u00e9g<br \/>\nprogresszi\u00f3j\u00e1t meghat\u00e1roz\u00f3 klinikai t\u00e9nyez\u0151k \u00e9s biomarkerek<\/td>\n<td style=\"width: 50.068%;height: 64px\">Dr. G\u00f6nczi L\u00f3r\u00e1nt (PhD)<\/td>\n<\/tr>\n<tr style=\"height: 54px\">\n<td style=\"width: 50%;height: 54px\">A csontmin\u0151s\u00e9g vizsg\u00e1lata ultrahangm\u00f3dszerrel<\/td>\n<td style=\"width: 50.068%;height: 54px\">\n<p>Dr. Horv\u00e1th Csaba (MTA doktora)<\/p>\n<\/td>\n<\/tr>\n<tr style=\"height: 54px\">\n<td style=\"width: 50%;height: 54px\">A csont t\u00f6r\u00e9kenys\u00e9g t\u00e9nyez\u0151i, vizsg\u00e1lata \u00e9s befoly\u00e1sol\u00e1sa<\/td>\n<td style=\"width: 50.068%;height: 54px\">\n<p>Dr. Horv\u00e1th Csaba (MTA doktora)<\/p>\n<\/td>\n<\/tr>\n<tr style=\"height: 54px\">\n<td style=\"width: 50%;height: 54px\">Szekunder oszteopor\u00f3zisok<\/td>\n<td style=\"width: 50.068%;height: 54px\">\n<p>Dr. Horv\u00e1th Csaba (MTA doktora)<\/p>\n<\/td>\n<\/tr>\n<tr style=\"height: 54px\">\n<td style=\"width: 50%;height: 54px\">A kalcium vesek\u0151betegs\u00e9g k\u00f3rsz\u00e1rmaz\u00e1sa \u00e9s kezel\u00e9se<\/td>\n<td style=\"width: 50.068%;height: 54px\">\n<p>Dr. Horv\u00e1th Csaba (MTA doktora)<\/p>\n<\/td>\n<\/tr>\n<tr style=\"height: 54px\">\n<td style=\"width: 50%;height: 54px\">A test\u00f6sszet\u00e9tel vizsg\u00e1lata<\/td>\n<td style=\"width: 50.068%;height: 54px\">\n<p>Dr. Horv\u00e1th Csaba (MTA doktora)<\/p>\n<\/td>\n<\/tr>\n<tr style=\"height: 33px\">\n<td style=\"width: 50%;height: 33px\">Akromeg\u00e1li\u00e1s betegek csontanyacsere \u00e9s test\u00f6sszet\u00e9tel vizsg\u00e1lata<\/td>\n<td style=\"width: 50.068%;height: 33px\">Dr. Horv\u00e1th Csaba (MTA doktora), Dr. M\u00e9sz\u00e1ros Szilvia (PhD)<\/td>\n<\/tr>\n<tr style=\"height: 33px\">\n<td style=\"width: 50%;height: 33px\">A testo\u0308sszete\u0301tel vizsga\u0301lata egy- e\u0301s ke\u0301tpete\u0301j\u0171 ikerpa\u0301rokon<\/td>\n<td style=\"width: 50.068%;height: 33px\" width=\"517\">Dr. M\u00e9sz\u00e1ros Szilvia (PhD)<\/td>\n<\/tr>\n<tr style=\"height: 33px\">\n<td style=\"width: 50%;height: 33px\">A denzitometria \u00faj t\u00edpus\u00fa alkalmaz\u00e1sai endokrin k\u00f3r\u00e1llapotokban<\/td>\n<td style=\"width: 50.068%;height: 33px\" width=\"517\">Dr. M\u00e9sz\u00e1ros Szilvia (PhD)<\/td>\n<\/tr>\n<tr style=\"height: 33px\">\n<td style=\"width: 50%;height: 33px\" width=\"743\">Geszt\u00e1ci\u00f3s diabetes ut\u00e1nk\u00f6vet\u00e9se<\/td>\n<td style=\"width: 50.068%;height: 33px\">Dr. Tab\u00e1k Gy. \u00c1d\u00e1m (PhD)<\/td>\n<\/tr>\n<tr style=\"height: 33px\">\n<td style=\"width: 50%;height: 33px\" width=\"743\">A geszt\u00e1ci\u00f3s diabetesz el\u0151rejelz\u0151i<\/td>\n<td style=\"width: 50.068%;height: 33px\">Dr. Tab\u00e1k Gy. \u00c1d\u00e1m (PhD)<\/td>\n<\/tr>\n<tr style=\"height: 64px\">\n<td style=\"width: 50%;height: 64px\" width=\"743\">K\u00fcl\u00f6nb\u00f6z\u0151 kvantitat\u00edv funkci\u00f3s tesztek alkalmaz\u00e1sa a szenzoros<br \/>\nneuropathia diagnosztik\u00e1j\u00e1ban<\/td>\n<td style=\"width: 50.068%;height: 64px\">Dr. Kempler P\u00e9ter (MTA doktora), Dr. Putz Zsuzsanna (PhD)<\/td>\n<\/tr>\n<tr style=\"height: 64px\">\n<td style=\"width: 50%;height: 64px\" width=\"743\">Auton\u00f3m \u00e9s szenzoros funkci\u00f3 vizsg\u00e1lata diabetes fokozott<br \/>\nkock\u00e1zat\u00e1nak kitett szem\u00e9lyekben<\/td>\n<td style=\"width: 50.068%;height: 64px\">Dr. Kempler P\u00e9ter (MTA doktora), Dr. Putz Zsuzsanna (PhD)<\/td>\n<\/tr>\n<tr style=\"height: 64px\">\n<td style=\"width: 50%;height: 64px\">Auton\u00f3m \u00e9s szenzoros idegrendszeri k\u00e1rosod\u00e1s genetikai vizsg\u00e1lata<br \/>\ndiabetes mellitusban.<\/td>\n<td style=\"width: 50.068%;height: 64px\">Dr. Kempler P\u00e9ter (MTA doktora), Dr. Putz Zsuzsanna (PhD)<\/td>\n<\/tr>\n<tr style=\"height: 64px\">\n<td style=\"width: 50%;height: 64px\">Autoimmun hepatol\u00f3giai k\u00f3rk\u00e9pek (AIH, PBC, PSC), autoimmun<br \/>\nregiszter<\/td>\n<td style=\"width: 50.068%;height: 64px\">Kuczyn\u00e9 Dr. Folhoffer Anik\u00f3 (PhD)<\/td>\n<\/tr>\n<tr style=\"height: 33px\">\n<td style=\"width: 50%;height: 33px\">Hepaticus osteopathia<\/td>\n<td style=\"width: 50.068%;height: 33px\">Kuczyn\u00e9 Dr. Folhoffer Anik\u00f3 (PhD)<\/td>\n<\/tr>\n<tr style=\"height: 64px\">\n<td style=\"width: 50%;height: 64px\">PSC \u00e9s colitis ulcerosa eset\u00e9ben a m\u00e1jtranszplant\u00e1ci\u00f3 helye, a betegek<br \/>\ngondoz\u00e1sa<\/td>\n<td style=\"width: 50.068%;height: 64px\">Kuczyn\u00e9 Dr. Folhoffer Anik\u00f3 (PhD)<\/td>\n<\/tr>\n<tr style=\"height: 33px\">\n<td style=\"width: 50%;height: 33px\">Wilson-k\u00f3r &#8211; regiszter, genetikai h\u00e1tt\u00e9r, kezel\u00e9s<\/td>\n<td style=\"width: 50.068%;height: 33px\">Kuczyn\u00e9 Dr. Folhoffer Anik\u00f3 (PhD)<\/td>\n<\/tr>\n<tr style=\"height: 64px\">\n<td style=\"width: 50%;height: 64px\">Non-invaz\u00edv m\u00f3dszerek a m\u00e1jfibrosis st\u00e1dium\u00e1nak \u00e9s progn\u00f3zis\u00e1nak<br \/>\nmeghat\u00e1roz\u00e1s\u00e1ban<\/td>\n<td style=\"width: 50.068%;height: 64px\">Kuczyn\u00e9 Dr. Folhoffer Anik\u00f3 (PhD)<\/td>\n<\/tr>\n<tr style=\"height: 33px\">\n<td style=\"width: 50%;height: 33px\">Hepatitis E<\/td>\n<td style=\"width: 50.068%;height: 33px\">Kuczyn\u00e9 Dr. Folhoffer Anik\u00f3 (PhD)<\/td>\n<\/tr>\n<tr style=\"height: 33px\">\n<td style=\"width: 50%;height: 33px\">Molekul\u00e1ris genetika a hepatol\u00f3gi\u00e1ban<\/td>\n<td style=\"width: 50.068%;height: 33px\">Kuczyn\u00e9 Dr. Folhoffer Anik\u00f3 (PhD)<\/td>\n<\/tr>\n<tr style=\"height: 33px\">\n<td style=\"width: 50%;height: 33px\">\u00daj gy\u00f3gyszerek eredm\u00e9nyess\u00e9ge kr\u00f3nikus C hepatitis kezel\u00e9sben<\/td>\n<td style=\"width: 50.068%;height: 33px\">Kuczyn\u00e9 Dr. Folhoffer Anik\u00f3 (PhD)<\/td>\n<\/tr>\n<tr style=\"height: 33px\">\n<td style=\"width: 50%;height: 33px\">Lupus nephritis<\/td>\n<td style=\"width: 50.068%;height: 33px\">Dr. Led\u00f3 N\u00f3ra (PhD)<\/td>\n<\/tr>\n<tr style=\"height: 54px\">\n<td style=\"width: 50%;height: 54px\">Genetic background of thyroid tumours<\/td>\n<td style=\"width: 50.068%;height: 54px\">\n<p>Dr. Tak\u00e1cs Istv\u00e1n (MTA doktora)<\/p>\n<\/td>\n<\/tr>\n<tr style=\"height: 54px\">\n<td style=\"width: 50%;height: 54px\">The role of vitamin D in oncologic diseases<\/td>\n<td style=\"width: 50.068%;height: 54px\">\n<p>Dr. Tak\u00e1cs Istv\u00e1n (MTA doktora)<\/p>\n<\/td>\n<\/tr>\n<tr style=\"height: 54px\">\n<td style=\"width: 50%;height: 54px\" width=\"743\">Rare bone diseases<\/td>\n<td style=\"width: 50.068%;height: 54px\" width=\"517\">\n<p>Dr. Tak\u00e1cs Istv\u00e1n (MTA doktora)<\/p>\n<\/td>\n<\/tr>\n<tr style=\"height: 54px\">\n<td style=\"width: 50%;height: 54px\" width=\"743\">Modern treatment of osteoporosis<\/td>\n<td style=\"width: 50.068%;height: 54px\" width=\"517\">\n<p>Dr. Tak\u00e1cs Istv\u00e1n (MTA doktora)<\/p>\n<\/td>\n<\/tr>\n<tr style=\"height: 54px\">\n<td style=\"width: 50%;height: 54px\" width=\"743\">Diagnostic methods for bone metabolic disorders<\/td>\n<td style=\"width: 50.068%;height: 54px\" width=\"517\">\n<p>Dr. Tak\u00e1cs Istv\u00e1n (MTA doktora)<\/p>\n<\/td>\n<\/tr>\n<tr style=\"height: 54px\">\n<td style=\"width: 50%;height: 54px\" width=\"743\">Diagnosis and treatment of hypoparathyroidism<\/td>\n<td style=\"width: 50.068%;height: 54px\" width=\"517\">\n<p>Dr. Tak\u00e1cs Istv\u00e1n (MTA doktora)<\/p>\n<\/td>\n<\/tr>\n<tr style=\"height: 33px\">\n<td style=\"width: 50%;height: 33px\" width=\"743\">Genetikai faktorok szerepe a csonts\u0171r\u0171s\u00e9g alakul\u00e1s\u00e1ban<\/td>\n<td style=\"width: 50.068%;height: 33px\" width=\"517\">Dr. Lakatos P\u00e9ter Andr\u00e1s (MTA doktora)<\/td>\n<\/tr>\n<tr style=\"height: 33px\">\n<td style=\"width: 50%;height: 33px\" width=\"743\">Pajzsmirigy daganatok genetikai h\u00e1ttere<\/td>\n<td style=\"width: 50.068%;height: 33px\" width=\"517\">Dr. Lakatos P\u00e9ter Andr\u00e1s (MTA doktora)<\/td>\n<\/tr>\n<tr style=\"height: 33px\">\n<td style=\"width: 50%;height: 33px\" width=\"743\">A prostata r\u00e1k diagnosztik\u00e1ja<\/td>\n<td style=\"width: 50.068%;height: 33px\">Dr. Lakatos P\u00e9ter Andr\u00e1s (MTA doktora)<\/td>\n<\/tr>\n<tr style=\"height: 54px\">\n<td style=\"width: 50%;height: 54px\" width=\"743\">New small molecular oral therapies in hematologic malignances<\/td>\n<td style=\"width: 50.068%;height: 54px\">\n<p>Dr. Demeter Judit (MTA doktora)<\/p>\n<\/td>\n<\/tr>\n<tr style=\"height: 54px\">\n<td style=\"width: 50%;height: 54px\" width=\"743\">Diff\u00faz nagy B sejtes lymphoma kezel\u00e9si eredm\u00e9nyei<\/td>\n<td style=\"width: 50.068%;height: 54px\">\n<p>Dr. Demeter Judit (MTA doktora)<\/p>\n<\/td>\n<\/tr>\n<tr style=\"height: 64px\">\n<td style=\"width: 50%;height: 64px\" width=\"743\">A kr\u00f3nikus lymphoid leuk\u00e9mia (CLL) prognosztikus t\u00e9nyez\u0151i \u00e9s<br \/>\nkezel\u00e9se<\/td>\n<td style=\"width: 50.068%;height: 64px\">\n<p>Dr. Demeter Judit (MTA doktora)<\/p>\n<\/td>\n<\/tr>\n<tr style=\"height: 54px\">\n<td style=\"width: 50%;height: 54px\" width=\"743\">A heveny promyelocyt\u00e1s leuk\u00e9mia diagnosztik\u00e1ja \u00e9s kezel\u00e9se<\/td>\n<td style=\"width: 50.068%;height: 54px\">\n<p>Dr. Demeter Judit (MTA doktora)<\/p>\n<\/td>\n<\/tr>\n<tr style=\"height: 64px\">\n<td style=\"width: 50%;height: 64px\" width=\"743\">Ritka hematol\u00f3giai betegs\u00e9gek: a korai felismer\u00e9s szerepe a<br \/>\ngy\u00f3gyul\u00e1sban<\/td>\n<td style=\"width: 50.068%;height: 64px\">\n<p>Dr. Demeter Judit (MTA doktora)<\/p>\n<\/td>\n<\/tr>\n<tr style=\"height: 64px\">\n<td style=\"width: 50%;height: 64px\" width=\"743\">Immun thrombocytopaeni\u00e1s betegek kezel\u00e9se \u00e9s a leg\u00fajabb<br \/>\nkezel\u00e9sek lehets\u00e9ges mell\u00e9khat\u00e1sai<\/td>\n<td style=\"width: 50.068%;height: 64px\">\n<p>Dr. Demeter Judit (MTA doktora)<\/p>\n<\/td>\n<\/tr>\n<tr style=\"height: 54px\">\n<td style=\"width: 50%;height: 54px\" width=\"743\">A CML kezel\u00e9s\u00e9nek kardiovaszkul\u00e1ris vonatkoz\u00e1sai<\/td>\n<td style=\"width: 50.068%;height: 54px\">\n<p>Dr. Demeter Judit (MTA doktora)<\/p>\n<\/td>\n<\/tr>\n<tr style=\"height: 64px\">\n<td style=\"width: 50%;height: 64px\" width=\"743\">A betegadherencia n\u00f6vel\u00e9s\u00e9nek lehet\u0151s\u00e9gei kr\u00f3nikus myeloid<br \/>\nleuk\u00e9mia gondoz\u00e1sa sor\u00e1n: a betegklubok szerepe<\/td>\n<td style=\"width: 50.068%;height: 64px\">\n<p>Dr. Demeter Judit (MTA doktora)<\/p>\n<\/td>\n<\/tr>\n<tr style=\"height: 64px\">\n<td style=\"width: 50%;height: 64px\" width=\"743\">A Phildelphia negat\u00edv kr\u00f3nikus myeloproliferat\u00edv neoplazm\u00e1k<br \/>\ndiagnosztik\u00e1ja \u00e9s kezel\u00e9se<\/td>\n<td style=\"width: 50.068%;height: 64px\">\n<p>Dr. Demeter Judit (MTA doktora)<\/p>\n<\/td>\n<\/tr>\n<tr style=\"height: 64px\">\n<td style=\"width: 50%;height: 64px\" width=\"743\">Kardiovaszkul\u00e1ris t\u00e9nyez\u0151k a PV, az essentialis thrombocythaemia \u00e9s<br \/>\na myelofibr\u00f3zis gondoz\u00e1sa sor\u00e1n<\/td>\n<td style=\"width: 50.068%;height: 64px\">\n<p>Dr. Demeter Judit (MTA doktora)<\/p>\n<\/td>\n<\/tr>\n<tr style=\"height: 64px\">\n<td style=\"width: 50%;height: 64px\" width=\"743\">A PET-CT szerepe a diff\u00faz nagy B sejtes lymphoma kezel\u00e9se \u00e9s<br \/>\ngondoz\u00e1sa sor\u00e1n<\/td>\n<td style=\"width: 50.068%;height: 64px\">\n<p>Dr. Demeter Judit (MTA doktora)<\/p>\n<\/td>\n<\/tr>\n<tr style=\"height: 64px\">\n<td style=\"width: 50%;height: 64px\" width=\"743\">A hematol\u00f3gus szerepe a cutan lymphom\u00e1k diagnosztik\u00e1j\u00e1ban,<br \/>\nkezel\u00e9s\u00e9ben<\/td>\n<td style=\"width: 50.068%;height: 64px\">\n<p>Dr. Demeter Judit (MTA doktora)<\/p>\n<\/td>\n<\/tr>\n<tr style=\"height: 54px\">\n<td style=\"width: 50%;height: 54px\" width=\"743\">A MALT lymphom\u00e1k optim\u00e1lis kezel\u00e9se<\/td>\n<td style=\"width: 50.068%;height: 54px\">\n<p>Dr. Demeter Judit (MTA doktora)<\/p>\n<\/td>\n<\/tr>\n<tr style=\"height: 64px\">\n<td style=\"width: 50%;height: 64px\" width=\"743\">A szplenektomia szerepe az ITP kezel\u00e9s\u00e9ben 2016-ban (ezt Friedman<br \/>\nG\u00e1borral I. SEb\u00e9szeti Klinika)<\/td>\n<td style=\"width: 50.068%;height: 64px\">\n<p>Dr. Demeter Judit (MTA doktora)<\/p>\n<\/td>\n<\/tr>\n<tr style=\"height: 64px\">\n<td style=\"width: 50%;height: 64px\" width=\"743\">A hajas sejtes leuk\u00e9mia kezel\u00e9s\u00e9nek eredm\u00e9nyei az I. Belklinik\u00e1n \u00e9s<br \/>\nazok \u00f6sszehasonl\u00edt\u00e1sa a nemzetk\u00f6zi tapasztalatokkal<\/td>\n<td style=\"width: 50.068%;height: 64px\">\n<p>Dr. Demeter Judit (MTA doktora)<\/p>\n<\/td>\n<\/tr>\n<tr style=\"height: 64px\">\n<td style=\"width: 50%;height: 64px\" width=\"743\">Hajas sejtes leuk\u00e9mia vari\u00e1ns miatt kezelt betegeink k\u00f3rlefoly\u00e1s\u00e1nak<br \/>\nelemz\u00e9se<\/td>\n<td style=\"width: 50.068%;height: 64px\">Dr. Demeter Judit (MTA doktora)<\/td>\n<\/tr>\n<tr style=\"height: 33px\">\n<td style=\"width: 50%;height: 33px\" width=\"743\">Antifoszfolipid szindr\u00f3ma \u00e9s terhess\u00e9g<\/td>\n<td style=\"width: 50.068%;height: 33px\">Dr. Domj\u00e1n Gyula (CSc)<\/td>\n<\/tr>\n<tr style=\"height: 33px\">\n<td style=\"width: 50%;height: 33px\" width=\"743\">Thromboemb\u00f3li\u00e1s betegs\u00e9gek hat\u00e1sa az \u00e9letmin\u0151s\u00e9gre<\/td>\n<td style=\"width: 50.068%;height: 33px\">Dr. Domj\u00e1n Gyula (CSc)<\/td>\n<\/tr>\n<tr style=\"height: 33px\">\n<td style=\"width: 50%;height: 33px\" width=\"743\">Az antifoszfolipid szindr\u00f3ma idegrendszeri manifeszt\u00e1ci\u00f3i<\/td>\n<td style=\"width: 50.068%;height: 33px\" width=\"517\">Dr. Gad\u00f3 Kl\u00e1ra (PhD)<\/td>\n<\/tr>\n<tr style=\"height: 33px\">\n<td style=\"width: 50%;height: 33px\" width=\"743\">Antifoszfolipid szindr\u00f3ma \u00e9s az \u00e9relmeszesed\u00e9s kapcsolata<\/td>\n<td style=\"width: 50.068%;height: 33px\" width=\"517\">Dr. Gad\u00f3 Kl\u00e1ra (PhD)<\/td>\n<\/tr>\n<tr style=\"height: 33px\">\n<td style=\"width: 50%;height: 33px\" width=\"743\">PLA2-receptor ellenes antitest proteinuri\u00e1ban<\/td>\n<td style=\"width: 50.068%;height: 33px\" width=\"517\">Dr. Tisl\u00e9r Andr\u00e1s (PhD)<\/td>\n<\/tr>\n<tr style=\"height: 33px\">\n<td style=\"width: 50%;height: 33px\" width=\"743\">Sz\u00edvel\u00e9gtelens\u00e9g \u00e9s vesebetegs\u00e9g<\/td>\n<td style=\"width: 50.068%;height: 33px\" width=\"517\">Dr. Tisl\u00e9r Andr\u00e1s (PhD)<\/td>\n<\/tr>\n<tr style=\"height: 64px\">\n<td style=\"width: 50%;height: 64px\" width=\"743\">Ionzavarok (hyponatraemia, hypomagnesaemia) gyakoris\u00e1ga \u00e9s<br \/>\nklinikai \u00f6sszef\u00fcgg\u00e9sei belgy\u00f3gy\u00e1szati oszt\u00e1lyokon<\/td>\n<td style=\"width: 50.068%;height: 64px\">Dr. Tisl\u00e9r Andr\u00e1s (PhD)<\/td>\n<\/tr>\n<tr style=\"height: 64px\">\n<td style=\"width: 50%;height: 64px\" width=\"743\">Mell\u00e9kpajzsmirigy carcinom\u00e1s betegek klinikopatol\u00f3giai jellemz\u0151inek<br \/>\nvizsg\u00e1lata<\/td>\n<td style=\"width: 50.068%;height: 64px\">Dr. T\u0151ke Judit (PhD), Dr. T\u00f3th Mikl\u00f3s (MTA doktora)<\/td>\n<\/tr>\n<tr style=\"height: 64px\">\n<td style=\"width: 50%;height: 64px\" width=\"743\">Neuroendokrin tumoros betegek klinikopatol\u00f3giai jellemz\u0151inek<br \/>\nvizsg\u00e1lata<\/td>\n<td style=\"width: 50.068%;height: 64px\">Dr. T\u0151ke Judit (PhD), Dr. T\u00f3th Mikl\u00f3s (MTA doktora)<\/td>\n<\/tr>\n<tr style=\"height: 33px\">\n<td style=\"width: 50%;height: 33px\">Medull\u00e1ris pajzsmirigyr\u00e1k gy\u00f3gyszeres kezel\u00e9se<\/td>\n<td style=\"width: 50.068%;height: 33px\">Dr. T\u0151ke Judit (PhD), Dr. T\u00f3th Mikl\u00f3s (MTA doktora)<\/td>\n<\/tr>\n<tr style=\"height: 33px\">\n<td style=\"width: 50%;height: 33px\">Mell\u00e9kvesek\u00e9reg karcinom\u00e1s betegek t\u00fal\u00e9l\u00e9s\u00e9nek elemz\u00e9se<\/td>\n<td style=\"width: 50.068%;height: 33px\">Dr. T\u0151ke Judit (PhD), Dr. T\u00f3th Mikl\u00f3s (MTA doktora)<\/td>\n<\/tr>\n<tr style=\"height: 64px\">\n<td style=\"width: 50%;height: 64px\">Szteroid profil vizsg\u00e1latok jelent\u0151s\u00e9ge a mell\u00e9kvesek\u00e9reg carcinom\u00e1s<br \/>\nbetegekben<\/td>\n<td style=\"width: 50.068%;height: 64px\">Dr. T\u0151ke Judit (PhD), Dr. T\u00f3th Mikl\u00f3s (MTA doktora)<\/td>\n<\/tr>\n<tr style=\"height: 64px\">\n<td style=\"width: 50%;height: 64px\">EKG param\u00e9terek vizsg\u00e1lata magas kardiovaszkul\u00e1ris kock\u00e1zat\u00fa<br \/>\nbetegekben<\/td>\n<td style=\"width: 50.068%;height: 64px\">Dr. Horv\u00e1th Viktor (PhD)<\/td>\n<\/tr>\n<tr style=\"height: 64px\">\n<td style=\"width: 50%;height: 64px\" width=\"743\">Nem-k\u00f3dol\u00f3 RNS biomarkerek vizsg\u00e1lata mell\u00e9kvese \u00e9s<br \/>\nneuroendokrin daganatokban<\/td>\n<td style=\"width: 50.068%;height: 64px\" width=\"517\">Dr. Igaz P\u00e9ter (MTA doktora)<\/td>\n<\/tr>\n<tr style=\"height: 64px\">\n<td style=\"width: 50%;height: 64px\" width=\"743\">A gyullad\u00e1sos b\u00e9lbetegs\u00e9gek patogenezise, genetik\u00e1ja, sz\u00f6v\u0151dm\u00e9nyei<br \/>\n\u00e9s kezel\u00e9si lehet\u0151s\u00e9gei<\/td>\n<td style=\"width: 50.068%;height: 64px\" width=\"517\">Dr. Ili\u00e1s \u00c1kos (PhD)<\/td>\n<\/tr>\n<tr style=\"height: 64px\">\n<td style=\"width: 50%;height: 64px\" width=\"743\">A gyullad\u00e1sos b\u00e9lbetegs\u00e9gek k\u00f3rlefoly\u00e1s\u00e1nak el\u0151rejelz\u00e9se, a klinikai,<br \/>\naz endoszk\u00f3pos \u00e9s a biomarkerek szerepe<\/td>\n<td style=\"width: 50.068%;height: 64px\" width=\"517\">Dr. Ili\u00e1s \u00c1kos (PhD)<\/td>\n<\/tr>\n<tr style=\"height: 64px\">\n<td style=\"width: 50%;height: 64px\">A gyullad\u00e1sos b\u00e9lbetegs\u00e9gek t\u00e1rsadalmi hat\u00e1sai: munkak\u00e9pess\u00e9g \u00e9s<br \/>\n\u00e9letmin\u0151s\u00e9g<\/td>\n<td style=\"width: 50.068%;height: 64px\" width=\"517\">Dr. Ili\u00e1s \u00c1kos (PhD)<\/td>\n<\/tr>\n<tr style=\"height: 64px\">\n<td style=\"width: 50%;height: 64px\">A gyullad\u00e1sos b\u00e9lbetegs\u00e9gek b\u00e9lrendszeren k\u00edv\u00fcli megnyilv\u00e1nul\u00e1sai,<br \/>\nazok gyakoris\u00e1ga \u00e9s kapcsolata a betegs\u00e9g aktivit\u00e1s\u00e1val<\/td>\n<td style=\"width: 50.068%;height: 64px\" width=\"517\">Dr. Ili\u00e1s \u00c1kos (PhD)<\/td>\n<\/tr>\n<tr style=\"height: 33px\">\n<td style=\"width: 50%;height: 33px\">A gyullad\u00e1sos b\u00e9lbetegs\u00e9gek \u00fajabb ter\u00e1pi\u00e1s lehet\u0151s\u00e9gei<\/td>\n<td style=\"width: 50.068%;height: 33px\" width=\"517\">Dr. Ili\u00e1s \u00c1kos (PhD)<\/td>\n<\/tr>\n<tr style=\"height: 64px\">\n<td style=\"width: 50%;height: 64px\">Als\u00f3 \u00e9s fels\u0151 gastrointestinalis v\u00e9rz\u00e9sek gyakoris\u00e1ga, okai \u00e9s<br \/>\nkimenetele<\/td>\n<td style=\"width: 50.068%;height: 64px\" width=\"517\">Dr. Ili\u00e1s \u00c1kos (PhD)<\/td>\n<\/tr>\n<tr style=\"height: 64px\">\n<td style=\"width: 50%;height: 64px\">A v\u00e9konyb\u00e9l vizsg\u00e1lat\u00e1nak \u00fajabb lehet\u0151s\u00e9ge: kett\u0151s-ballonos<br \/>\nendoszk\u00f3pia<\/td>\n<td style=\"width: 50.068%;height: 64px\" width=\"517\">Dr. Ili\u00e1s \u00c1kos (PhD)<\/td>\n<\/tr>\n<tr style=\"height: 95px\">\n<td style=\"width: 50%;height: 95px\">A gyullad\u00e1sos b\u00e9lbetegs\u00e9gek epidemiol\u00f3gi\u00e1ja, patogenezise, kezel\u00e9se<br \/>\n\u00e9s sz\u00f6v\u0151dm\u00e9nyei: biol\u00f3giai kezel\u00e9s hat\u00e1s\u00e1ra a k\u00f3rh\u00e1zi kezel\u00e9s<br \/>\ngyakoris\u00e1g\u00e1nak v\u00e1ltoz\u00e1sa<\/td>\n<td style=\"width: 50.068%;height: 95px\" width=\"517\">Dr. Ili\u00e1s \u00c1kos (PhD)<\/td>\n<\/tr>\n<tr style=\"height: 33px\">\n<td style=\"width: 50%;height: 33px\">Kr\u00f3nikus vesebetegs\u00e9g epidemiol\u00f3gi\u00e1ja kezel\u00e9si lehet\u0151s\u00e9gei<\/td>\n<td style=\"width: 50.068%;height: 33px\" width=\"517\">Dr. Peth\u0151 \u00c1kos (PhD)<\/td>\n<\/tr>\n<tr style=\"height: 33px\">\n<td style=\"width: 50%;height: 33px\">Herediter vesebetegs\u00e9gek sz\u0171r\u00e9se, gondoz\u00e1sa<\/td>\n<td style=\"width: 50.068%;height: 33px\" width=\"517\">Dr. Peth\u0151 \u00c1kos (PhD)<\/td>\n<\/tr>\n<tr style=\"height: 33px\">\n<td style=\"width: 50%;height: 33px\">Tubulointerstitialis vesebetegs\u00e9gek megel\u0151z\u00e9se, felismer\u00e9se<\/td>\n<td style=\"width: 50.068%;height: 33px\" width=\"517\">Dr. Peth\u0151 \u00c1kos (PhD)<\/td>\n<\/tr>\n<tr style=\"height: 64px\">\n<td style=\"width: 50%;height: 64px\">Vesep\u00f3tl\u00f3 kezel\u00e9sek fajt\u00e1i, \u00e9rcsatlakoz\u00e1sok kialak\u00edt\u00e1sa, hossz\u00fat\u00e1v\u00fa<br \/>\nsz\u00f6v\u0151dm\u00e9nyek<\/td>\n<td style=\"width: 50.068%;height: 64px\" width=\"517\">Dr. Peth\u0151 \u00c1kos (PhD)<\/td>\n<\/tr>\n<tr style=\"height: 33px\">\n<td style=\"width: 50%;height: 33px\">Williams-szindr\u00f3ma feln\u0151ttkorban<\/td>\n<td style=\"width: 50.068%;height: 33px\" width=\"517\">Dr. Reismann P\u00e9ter (PhD)<\/td>\n<\/tr>\n<tr style=\"height: 33px\">\n<td style=\"width: 50%;height: 33px\">Phenylketonuria feln\u0151ttkorban<\/td>\n<td style=\"width: 50.068%;height: 33px\" width=\"517\">Dr. Reismann P\u00e9ter (PhD), Dr. Sum\u00e1nszki Csaba<\/td>\n<\/tr>\n<tr style=\"height: 33px\">\n<td style=\"width: 50%;height: 33px\">Diuretikum rezisztencia felm\u00e9r\u00e9se hospitaliz\u00e1lt betegek k\u00f6r\u00e9ben<\/td>\n<td style=\"width: 50.068%;height: 33px\" width=\"517\">Dr. Studinger P\u00e9ter (PhD)<\/td>\n<\/tr>\n<tr style=\"height: 33px\">\n<td style=\"width: 50%;height: 33px\">Az acromegalia korszer\u0171 ell\u00e1t\u00e1sa<\/td>\n<td style=\"width: 50.068%;height: 33px\" width=\"517\">Dr. Sz\u00fccs Nikolette (PhD)<\/td>\n<\/tr>\n<tr style=\"height: 64px\">\n<td style=\"width: 50%;height: 64px\">Prolactinom\u00e1s betegek gondoz\u00e1sa, kezel\u00e9se egy tertier endokrin<br \/>\ncentrumban<\/td>\n<td style=\"width: 50.068%;height: 64px\" width=\"517\">Dr. Sz\u00fccs Nikolette (PhD)<\/td>\n<\/tr>\n<tr style=\"height: 33px\">\n<td style=\"width: 50%;height: 33px\">Turner szindr\u00f3ma \u00faj arca<\/td>\n<td style=\"width: 50.068%;height: 33px\" width=\"517\">Dr. Sz\u00fccs Nikolette (PhD)<\/td>\n<\/tr>\n<tr style=\"height: 33px\">\n<td style=\"width: 50%;height: 33px\">Primer aldosteronismus a XXI. sz\u00e1zadban<\/td>\n<td style=\"width: 50.068%;height: 33px\" width=\"517\">Dr. Sz\u00fccs Nikolette (PhD)<\/td>\n<\/tr>\n<tr style=\"height: 54px\">\n<td style=\"width: 50%;height: 54px\">A cholesterin \u00e9s hormon termel\u00e9s v\u00e1ltoz\u00e1sai id\u0151skori betegs\u00e9gekben<\/td>\n<td style=\"width: 50.068%;height: 54px\" width=\"517\">\n<p>Dr. Moln\u00e1r B\u00e9la (MTA doktora)<\/p>\n<\/td>\n<\/tr>\n<tr style=\"height: 105px\">\n<td style=\"width: 50%;height: 105px\">Az auton\u00f3m \u00e9s szenzoros neuropathia vizsg\u00e1lata obesitasban<\/td>\n<td style=\"width: 50.068%;height: 105px\" width=\"517\">\n<p>Dr. Moln\u00e1r B\u00e9la (MTA doktora)<\/p>\n<\/td>\n<\/tr>\n<tr style=\"height: 33px\">\n<td style=\"width: 50%;height: 33px\">Sejtoszt\u00f3d\u00e1s \u00e9s elt\u00e9r\u00e9sei gasztrointesztinalis \u00e9s m\u00e1jbetegs\u00e9gekben<\/td>\n<td style=\"width: 50.068%;height: 33px\">\n<p>Dr. Moln\u00e1r B\u00e9la (MTA doktora)<\/p>\n<\/td>\n<\/tr>\n<tr style=\"height: 33px\">\n<td style=\"width: 50%;height: 33px\" width=\"432\">Szolid tumorok preklinikai modelljei, markerei<\/td>\n<td style=\"width: 50.068%;height: 33px\">Dr. Garay Tam\u00e1s (PhD)<\/td>\n<\/tr>\n<\/tbody>\n<\/table>\n","protected":false},"excerpt":{"rendered":"<p>Belgy\u00f3gy\u00e1szati \u00e9s Onkol\u00f3giai Klinika TDK t\u00e9m\u00e1k: TDK munka c\u00edme T\u00e9mavezet\u0151 neve (fokozattal) Klinikai kimenetelek vizsg\u00e1lata kezelt hypothyreosisban Dr. Bakos Bence (PhD) Oszteodenzitometria \u00e9s egy\u00e9b csontvizsg\u00e1l\u00f3 elj\u00e1r\u00e1sok Dr. Horv\u00e1th Csaba (MTA doktora) A gyullad\u00e1sos b\u00e9lbetegs\u00e9gek epidemiol\u00f3gi\u00e1ja, klinikuma \u00e9s a betegs\u00e9g progresszi\u00f3j\u00e1t meghat\u00e1roz\u00f3 klinikai t\u00e9nyez\u0151k \u00e9s biomarkerek Dr. G\u00f6nczi L\u00f3r\u00e1nt (PhD) A csontmin\u0151s\u00e9g vizsg\u00e1lata ultrahangm\u00f3dszerrel Dr. Horv\u00e1th &hellip;<\/p>\n","protected":false},"author":101596,"featured_media":0,"parent":10054,"menu_order":0,"comment_status":"closed","ping_status":"closed","template":"","meta":{"_acf_changed":false,"footnotes":""},"categories":[],"tags":[],"class_list":["post-6722","page","type-page","status-publish","hentry"],"acf":[],"publishpress_future_action":{"enabled":false,"date":"1970-01-01 01:00:00","action":"","terms":[],"taxonomy":"","browser_timezone_offset":0},"_links":{"self":[{"href":"https:\/\/semmelweis.hu\/tdk\/wp-json\/wp\/v2\/pages\/6722","targetHints":{"allow":["GET"]}}],"collection":[{"href":"https:\/\/semmelweis.hu\/tdk\/wp-json\/wp\/v2\/pages"}],"about":[{"href":"https:\/\/semmelweis.hu\/tdk\/wp-json\/wp\/v2\/types\/page"}],"author":[{"embeddable":true,"href":"https:\/\/semmelweis.hu\/tdk\/wp-json\/wp\/v2\/users\/101596"}],"replies":[{"embeddable":true,"href":"https:\/\/semmelweis.hu\/tdk\/wp-json\/wp\/v2\/comments?post=6722"}],"version-history":[{"count":12,"href":"https:\/\/semmelweis.hu\/tdk\/wp-json\/wp\/v2\/pages\/6722\/revisions"}],"predecessor-version":[{"id":11724,"href":"https:\/\/semmelweis.hu\/tdk\/wp-json\/wp\/v2\/pages\/6722\/revisions\/11724"}],"up":[{"embeddable":true,"href":"https:\/\/semmelweis.hu\/tdk\/wp-json\/wp\/v2\/pages\/10054"}],"wp:attachment":[{"href":"https:\/\/semmelweis.hu\/tdk\/wp-json\/wp\/v2\/media?parent=6722"}],"wp:term":[{"taxonomy":"category","embeddable":true,"href":"https:\/\/semmelweis.hu\/tdk\/wp-json\/wp\/v2\/categories?post=6722"},{"taxonomy":"post_tag","embeddable":true,"href":"https:\/\/semmelweis.hu\/tdk\/wp-json\/wp\/v2\/tags?post=6722"}],"curies":[{"name":"wp","href":"https:\/\/api.w.org\/{rel}","templated":true}]}}