{"id":6324,"date":"2020-10-28T14:48:52","date_gmt":"2020-10-28T13:48:52","guid":{"rendered":"https:\/\/semmelweis.hu\/tdk\/?page_id=6324"},"modified":"2024-06-19T14:09:10","modified_gmt":"2024-06-19T12:09:10","slug":"tdk-konferencia-2020","status":"publish","type":"page","link":"https:\/\/semmelweis.hu\/tdk\/tudomanyos-diakkori-konferenciak\/eves-tdk-konferencia\/egyetemi-tdk-konferenciak-eves-bontasban\/tdk-konferencia-2020\/","title":{"rendered":"TDK Konferencia 2020"},"content":{"rendered":"<h2>Felh\u00edv\u00e1s<\/h2>\n<h2 style=\"text-align: center\"><strong>\u00dcNNEP\u00c9LYES EREDM\u00c9NYHIRDET\u00c9S \u00c9S D\u00cdJKIOSZT\u00d3<\/strong><\/h2>\n<p style=\"text-align: center\"><strong>HELYSZ\u00cdN:<\/strong> NAGYV\u00c1RAD T\u00c9RI ELM\u00c9LETI T\u00d6MB &#8211; D\u00cdSZTEREM<\/p>\n<p style=\"text-align: center\"><strong>2020. SZEPTEMBER 4. P\u00c9NTEK<\/strong><\/p>\n<p style=\"text-align: center\"><strong>SZERDAI SZEKCI\u00d3K:\u00a0<\/strong>12:00-13:30 (Zoom ID: 924 8991 6383)<\/p>\n<p style=\"text-align: center\"><strong>CS\u00dcT\u00d6RT\u00d6KI SZEKCI\u00d3K:\u00a0<\/strong>14:00-15:30 (Zoom ID: 994 1225 3525)<\/p>\n<hr \/>\n<p><strong>FRISS\u00cdT\u00c9S 2020\/09\/01<\/strong><\/p>\n<p>Tisztelt \u00c9rdekl\u0151d\u0151k!<\/p>\n<p>A j\u00e1rv\u00e1ny\u00fcgyi helyzetre val\u00f3 tekintettel mind a megnyit\u00f3 \u00fcnneps\u00e9g, mind pedig az egyes szekci\u00f3k k\u00f6vethet\u0151ek lesznek a Zoom-rendszeren kereszt\u00fcl. Nyom\u00f3s indokkal az el\u0151ad\u00f3 is k\u00e9rheti, hogy munk\u00e1j\u00e1t ezen a platformon mutathassa be (jelezni kell a TDT fel\u00e9 2020\/09\/01 14.00-ig).<\/p>\n<p>&nbsp;<\/p>\n<hr \/>\n<p>\nTisztelt R\u00e9sztvev\u0151k!<\/p>\n<p>A SE Tudom\u00e1nyos Di\u00e1kk\u00f6ri Konferencia\u00a0<strong>2020. szeptember 2-4 k\u00f6z\u00f6tt<\/strong>\u00a0ker\u00fcl megrendez\u00e9sre a Nagyv\u00e1rad t\u00e9ri Elm\u00e9leti T\u00f6mbben.<\/p>\n<p>A konferencia zavartalan lebonyol\u00edt\u00e1sa \u00e9s a\u00a0<strong>j\u00e1rv\u00e1ny\u00fcgyi el\u0151\u00edr\u00e1sok<\/strong><br \/>\nbetart\u00e1sa \u00e9rdek\u00e9ben az al\u00e1bbi \u00e1ltal\u00e1nos alapelvek mindenkori<br \/>\nbetart\u00e1s\u00e1t szeretn\u00e9nk k\u00e9rni:<\/p>\n<p>\u2013 az \u00e9p\u00fcleten bel\u00fcl mindenkinek k\u00f6telez\u0151 a\u00a0<strong>maszk visel\u00e9se<\/strong>!<\/p>\n<p>\u2013 az \u00e9p\u00fcletbe l\u00e9p\u00e9skor k\u00e9rj\u00fck mindenki\u00a0<strong>fert\u0151tlen\u00edtse le a kez\u00e9t<\/strong>\u00a0a<br \/>\nkihelyezett fert\u0151tlen\u00edt\u0151szerrel!<\/p>\n<p>\u2013 t\u00f6rekedj\u00fcnk a m\u00e1sokt\u00f3l val\u00f3 biztons\u00e1gos\u00a0<strong>t\u00e1vols\u00e1g megtart\u00e1s\u00e1ra<\/strong>!<\/p>\n<p>\u2013 az egyes termekben az \u00fcltet\u00e9s sor\u00e1n k\u00e9t ember k\u00f6z\u00f6tt mindig maradjon<br \/>\negy szabad hely!<\/p>\n<p>\u2013 a regisztr\u00e1ci\u00f3 sor\u00e1n tartsunk\u00a0<strong>biztons\u00e1gos t\u00e1vols\u00e1got<\/strong>, a torl\u00f3d\u00e1s<br \/>\nelker\u00fcl\u00e9se \u00e9rdek\u00e9ben mindenki igyekezzen a szekci\u00f3ja el\u0151tt f\u00e9l \u00f3r\u00e1val<br \/>\nregisztr\u00e1lni (akinek nem d\u00e9lel\u0151tt van a szekci\u00f3ja, k\u00e9rj\u00fck ne reggel<br \/>\n\u00e1lljon sorba)!<\/p>\n<p>\u2013\u00a0<strong>a d\u00edjkioszt\u00f3 k\u00e9t r\u00e9szletben ker\u00fcl megrendez\u00e9sre<\/strong>\u00a0(ennek ismertet\u00e9s\u00e9t<br \/>\na konferencia alatt tessz\u00fck meg). A megfelel\u0151 id\u0151pontokban k\u00e9rj\u00fck<br \/>\nkiz\u00e1r\u00f3lag a szekci\u00f3juk szerint \u00e9rintett szerz\u0151k vegyenek r\u00e9szt!<\/p>\n<p>\u00a0A szeptember 2-\u00e1n lebonyol\u00edtand\u00f3\u00a0<strong>Nyit\u00f3 \u00dcnneps\u00e9g 8:00 \u00f3rakor kezd\u0151dik a D\u00edszteremben.<\/strong><\/p>\n<p>Az egyes szekci\u00f3kon az el\u0151ad\u00e1sra jogosult hallgat\u00f3k, illetve a zs\u0171ritagok vehetnek r\u00e9szt. A szekci\u00f3k ir\u00e1nt \u00e9rdekl\u0151d\u0151 t\u00e9mavezet\u0151k, hallgat\u00f3k az el\u0151ad\u00f3 terem befogad\u00f3 k\u00e9pess\u00e9g\u00e9nek a hat\u00e1r\u00e1ig \u2013 figyelembe v\u00e9ve a sz\u00e9kek k\u00f6z\u00f6tt tarthat\u00f3 1.5m t\u00e1vols\u00e1got \u2013 vehetnek r\u00e9szt az el\u0151ad\u00e1sokon. Felh\u00edvjuk figyelm\u00fcket, hogy ez termenk\u00e9nt elt\u00e9r\u0151 mennyis\u00e9g\u0171 embert jelent.<\/p>\n<p>A Konferenci\u00e1n minden hallgat\u00f3 jogosult el\u0151adni absztraktj\u00e1t, akinek a munk\u00e1ja kor\u00e1bban m\u00e1r elfogad\u00e1sra ker\u00fclt. Szeretn\u00e9nk felh\u00edvni sz\u00edves figyelm\u00e9t, hogy a m\u00e1r leadott\u00a0<strong>absztrakton m\u00f3dos\u00edtani, v\u00e1ltoztatni nem lehets\u00e9ges.<\/strong><\/p>\n<p>A szekci\u00f3 beoszt\u00e1s az al\u00e1bbi linken \u00e9rhet\u0151 el:<\/p>\n<p><a href=\"https:\/\/www.semmelweiskiado.hu\/termek\/1607\/orvoskepzes\/2020-xcv-evfolyam-2149-432\">https:\/\/www.semmelweiskiado.hu\/termek\/1607\/orvoskepzes\/2020-xcv-evfolyam-2149-432<\/a><\/p>\n<p>Azok a szekci\u00f3k, amelyek m\u00e1rcius 18-\u00e1n (szerda) ker\u00fcltek volna megrendez\u00e9sre, azokra szeptember 2-\u00e1n (szerda) ker\u00fcl sor. Amelyeket m\u00e1rcius 19-\u00e9n (cs\u00fct\u00f6rt\u00f6k) rendezt\u00fcnk volna meg, azok szeptember 3-\u00e1n (cs\u00fct\u00f6rt\u00f6k) ker\u00fclnek lebonyol\u00edt\u00e1sra.<\/p>\n<p>Sikeres szerepl\u00e9st k\u00edv\u00e1nunk!<\/p>\n<p>\u00dcdv\u00f6zlettel:<\/p>\n<p>Tudom\u00e1nyos Di\u00e1kk\u00f6ri Tan\u00e1cs<\/p>\n<p>&nbsp;<\/p>\n<hr \/>\n<p>Tisztelt Hallgat\u00f3k!<\/p>\n<p style=\"text-align: left\">\u00a0\u00a0\u00a0\u00a0\u00a0\u00a0\u00a0\u00a0\u00a0\u00a0\u00a0 A Semmelweis Egyetem Tudom\u00e1nyos Di\u00e1kk\u00f6ri Tan\u00e1cs\u00e1nak eln\u00f6kek\u00e9nt tisztelettel t\u00e1j\u00e9koztatom \u00d6nt, hogy a m\u00e1rciusban elhalaszt\u00e1sra ker\u00fcl\u0151 Tudom\u00e1nyos Di\u00e1kk\u00f6ri Konferencia 2020. szeptember 2-4. k\u00f6z\u00f6tt ker\u00fcl megrendez\u00e9sre a Nagyv\u00e1rad t\u00e9ri Elm\u00e9leti T\u00f6mbben. A\u00a0 Gyakorlati versenyek nem ker\u00fclnek megtart\u00e1sra.<\/p>\n<p style=\"text-align: left\">\u00a0\u00a0\u00a0\u00a0\u00a0\u00a0\u00a0\u00a0\u00a0\u00a0\u00a0 A kialakult j\u00e1rv\u00e1ny\u00fcgyi helyzetre val\u00f3 tekintettel ebben az \u00e9vben a Tudom\u00e1nyos Di\u00e1kk\u00f6ri Konferencia az eddigiekt\u0151l elt\u00e9r\u0151 m\u00f3don ker\u00fcl megrendez\u00e9sre. A szeptember 2-\u00e1n lebonyol\u00edtand\u00f3 Nyit\u00f3 \u00dcnneps\u00e9g sz\u0171k k\u00f6r\u0171 rendezv\u00e9ny lesz. Az esem\u00e9nyre hivatalos hallgat\u00f3kat \u00e9s oktat\u00f3kat k\u00fcl\u00f6n \u00fczenetben fogjuk \u00e9rtes\u00edteni. A hivatalos vend\u00e9geken fel\u00fcl a terem befogad\u00f3 k\u00e9pess\u00e9ge limit\u00e1lja a k\u00f6z\u00f6ns\u00e9g sz\u00e1m\u00e1t. Az egyes szekci\u00f3kon csak az el\u0151ad\u00e1sra jogosult hallgat\u00f3k, illetve a zs\u0171ritagok vehetnek r\u00e9szt. A Konferencia Z\u00e1r\u00f3 \u00dcnneps\u00e9ge ebben az \u00e9vben t\u00f6bb r\u00e9szletben ker\u00fcl megrendez\u00e9sre.<\/p>\n<p style=\"text-align: left\" align=\"center\">\u00a0\u00a0\u00a0\u00a0\u00a0\u00a0\u00a0\u00a0\u00a0\u00a0\u00a0 A Tudom\u00e1nyos Di\u00e1kk\u00f6ri Konferenci\u00e1n minden hallgat\u00f3 jogosult el\u0151adni absztraktj\u00e1t, akinek a munk\u00e1ja kor\u00e1bban m\u00e1r elfogad\u00e1sra ker\u00fclt. Szeretn\u00e9m felh\u00edvni sz\u00edves figyelm\u00e9t, hogy a m\u00e1r leadott absztrakton m\u00f3dos\u00edtani, v\u00e1ltoztatni nem lehets\u00e9ges.<\/p>\n<p style=\"text-align: left\" align=\"center\"><a href=\"https:\/\/www.semmelweiskiado.hu\/termek\/1607\/orvoskepzes\/2020-xcv-evfolyam-2149-432\">SZEKCI\u00d3BEOSZT\u00c1S ITT \u00c9RHET\u0150 EL<\/a><\/p>\n<p>&nbsp;<\/p>\n<hr \/>\n<p>&nbsp;<\/p>\n<p>Tisztelt Konferencia r\u00e9sztvev\u0151k!<\/p>\n<p>Kedves Hallgat\u00f3k!<\/p>\n<ol start=\"2020\">\n<li>03.11-\u00e9n elhangzott korm\u00e1nyrendeletre illetve a j\u00e1rv\u00e1ny\u00fcgyi helyzetre val\u00f3 tekintettel, Rektor \u00dar utas\u00edt\u00e1s\u00e1ra, a Semmelweis Egyetem Tudom\u00e1nyos Di\u00e1kk\u00f6ri Tan\u00e1csa az al\u00e1bbi d\u00f6nt\u00e9sekr\u0151l ad t\u00e1j\u00e9koztat\u00e1st:<\/li>\n<\/ol>\n<p>\u2013\u00a0\u00a0\u00a0\u00a0\u00a0\u00a0\u00a0\u00a0\u00a0\u00a0A 2020-as \u00e9vi Semmelweis Egyetem Tudom\u00e1nyos Di\u00e1kk\u00f6ri Konferencia \u00e9s annak k\u00eds\u00e9r\u0151 rendezv\u00e9nyei (bele\u00e9rtve a nemzetk\u00f6zi di\u00e1kk\u00f6ri tudom\u00e1nyos konferenci\u00e1t) elmaradnak. A konferencia \u00faj id\u0151pontj\u00e1val kapcsolatban d\u00f6nt\u00e9s k\u00e9s\u0151bb fog sz\u00fcletni, err\u0151l az \u00e9rintetteket id\u0151ben fogjuk t\u00e1j\u00e9koztatni.<\/p>\n<p>Meg\u00e9rt\u00e9s\u00fcket k\u00f6sz\u00f6nj\u00fck!<\/p>\n<p>Tisztelettel:<\/p>\n<p>Semmelweis Egyetem Tudom\u00e1nyos Di\u00e1kk\u00f6ri Tan\u00e1cs<\/p>\n<p align=\"center\">\u00a0<\/p>\n<p align=\"center\"><strong>Semmelweis Egyetem<\/strong><\/p>\n<p align=\"center\"><strong>Tudom\u00e1nyos Di\u00e1kk\u00f6ri Konferencia<\/strong><\/p>\n<p align=\"center\"><strong>2019\/2020.<\/strong><\/p>\n<p align=\"center\">Helysz\u00edn:<\/p>\n<p align=\"center\"><strong>Nagyv\u00e1rad t\u00e9ri Elm\u00e9leti T\u00f6mb<\/strong><\/p>\n<p align=\"center\">Id\u0151pont:<\/p>\n<p align=\"center\"><strong>2020. m\u00e1rcius 18\u201320.<\/strong><\/p>\n<p align=\"center\">Jelentkez\u00e9si hat\u00e1rid\u0151:<\/p>\n<p align=\"center\"><strong>2019.11.15-2019.12.15.<\/strong><\/p>\n<p align=\"center\"><a href=\"https:\/\/semmelweis.hu\/tdk\/files\/2019\/11\/attila-megh\u00edv\u00f3.pdf\"><strong>MEGH\u00cdV\u00d3<\/strong><\/a><\/p>\n<h2 style=\"text-align: left\" align=\"center\">Program<\/h2>\n<p style=\"text-align: left\" align=\"center\"><a href=\"https:\/\/semmelweis.hu\/tdk\/files\/2020\/10\/orvoskepzes_2020.pdf\">R\u00e9szletes program \u00e9s el\u0151ad\u00e1skivonatok 2020.<\/a><\/p>\n<h2>Eredm\u00e9nyek<\/h2>\n<h2 style=\"text-align: center\"><strong>SZ\u00cdVB\u0150L GRATUL\u00c1LUNK MINDEN EL\u0150AD\u00d3NAK!<\/strong><\/h2>\n<p style=\"text-align: center\"><strong><a href=\"https:\/\/semmelweis.hu\/tdk\/files\/2020\/09\/eredmenyhirdetes_magyar_2020-szerda.pdf\">SZERDAI SZEKCI\u00d3K EREDM\u00c9NYEI<\/a><br \/>\n<\/strong><\/p>\n<p style=\"text-align: center\"><strong><a href=\"https:\/\/semmelweis.hu\/tdk\/files\/2020\/09\/eredmenyhirdetes_magyar_2020-csutortok.pdf\">CS\u00dcT\u00d6RT\u00d6KI SZEKCI\u00d3K EREDM\u00c9NYEI<\/a><\/strong><\/p>\n<h2>T\u00e1mogat\u00f3k<\/h2>\n<p><a href=\"https:\/\/semmelweis.hu\/tdk\/files\/2020\/11\/tamogatok2020.pdf\">A konferencia t\u00e1mogat\u00f3i<\/a><\/p>\n","protected":false},"excerpt":{"rendered":"<p>Felh\u00edv\u00e1s \u00dcNNEP\u00c9LYES EREDM\u00c9NYHIRDET\u00c9S \u00c9S D\u00cdJKIOSZT\u00d3 HELYSZ\u00cdN: NAGYV\u00c1RAD T\u00c9RI ELM\u00c9LETI T\u00d6MB &#8211; D\u00cdSZTEREM 2020. SZEPTEMBER 4. P\u00c9NTEK SZERDAI SZEKCI\u00d3K:\u00a012:00-13:30 (Zoom ID: 924 8991 6383) CS\u00dcT\u00d6RT\u00d6KI SZEKCI\u00d3K:\u00a014:00-15:30 (Zoom ID: 994 1225 3525) FRISS\u00cdT\u00c9S 2020\/09\/01 Tisztelt \u00c9rdekl\u0151d\u0151k! A j\u00e1rv\u00e1ny\u00fcgyi helyzetre val\u00f3 tekintettel mind a megnyit\u00f3 \u00fcnneps\u00e9g, mind pedig az egyes szekci\u00f3k k\u00f6vethet\u0151ek lesznek a Zoom-rendszeren kereszt\u00fcl. Nyom\u00f3s indokkal &hellip;<\/p>\n","protected":false},"author":101600,"featured_media":0,"parent":4177,"menu_order":0,"comment_status":"closed","ping_status":"closed","template":"","meta":{"_acf_changed":false,"footnotes":""},"categories":[],"tags":[],"class_list":["post-6324","page","type-page","status-publish","hentry"],"acf":[],"publishpress_future_action":{"enabled":false,"date":"1970-01-01 01:00:00","action":"","terms":[],"taxonomy":"","browser_timezone_offset":0},"_links":{"self":[{"href":"https:\/\/semmelweis.hu\/tdk\/wp-json\/wp\/v2\/pages\/6324","targetHints":{"allow":["GET"]}}],"collection":[{"href":"https:\/\/semmelweis.hu\/tdk\/wp-json\/wp\/v2\/pages"}],"about":[{"href":"https:\/\/semmelweis.hu\/tdk\/wp-json\/wp\/v2\/types\/page"}],"author":[{"embeddable":true,"href":"https:\/\/semmelweis.hu\/tdk\/wp-json\/wp\/v2\/users\/101600"}],"replies":[{"embeddable":true,"href":"https:\/\/semmelweis.hu\/tdk\/wp-json\/wp\/v2\/comments?post=6324"}],"version-history":[{"count":4,"href":"https:\/\/semmelweis.hu\/tdk\/wp-json\/wp\/v2\/pages\/6324\/revisions"}],"predecessor-version":[{"id":10754,"href":"https:\/\/semmelweis.hu\/tdk\/wp-json\/wp\/v2\/pages\/6324\/revisions\/10754"}],"up":[{"embeddable":true,"href":"https:\/\/semmelweis.hu\/tdk\/wp-json\/wp\/v2\/pages\/4177"}],"wp:attachment":[{"href":"https:\/\/semmelweis.hu\/tdk\/wp-json\/wp\/v2\/media?parent=6324"}],"wp:term":[{"taxonomy":"category","embeddable":true,"href":"https:\/\/semmelweis.hu\/tdk\/wp-json\/wp\/v2\/categories?post=6324"},{"taxonomy":"post_tag","embeddable":true,"href":"https:\/\/semmelweis.hu\/tdk\/wp-json\/wp\/v2\/tags?post=6324"}],"curies":[{"name":"wp","href":"https:\/\/api.w.org\/{rel}","templated":true}]}}