{"id":6229,"date":"2020-10-02T10:11:29","date_gmt":"2020-10-02T08:11:29","guid":{"rendered":"https:\/\/semmelweis.hu\/tdk\/?page_id=6229"},"modified":"2024-08-15T08:54:55","modified_gmt":"2024-08-15T06:54:55","slug":"department-of-physiology-topics-2020-2021","status":"publish","type":"page","link":"https:\/\/semmelweis.hu\/tdk\/en\/steps-to-pursue-research-as-a-student\/topics-and-supervisors\/department-of-physiology-topics-2020-2021\/","title":{"rendered":"Department of Physiology Topics 2021\/2022."},"content":{"rendered":"<table style=\"border-collapse: collapse;width: 100%;height: 3960px\">\n<tbody>\n<tr style=\"height: 30px\">\n<td style=\"width: 60.4082%;text-align: center;height: 30px\" width=\"373\"><strong>Topic<\/strong><\/td>\n<td style=\"width: 39.4558%;text-align: center;height: 30px\" width=\"243\"><strong>Supervisor<\/strong><\/td>\n<\/tr>\n<tr style=\"height: 57px\">\n<td style=\"width: 60.4082%;height: 57px\" width=\"361\">Investigation of biased agonism of plasma membrane receptors<\/td>\n<td style=\"width: 39.4558%;height: 57px\" width=\"229\">Dr. Balla Andr\u00e1s, associate professor, PhD<\/td>\n<\/tr>\n<tr style=\"height: 57px\">\n<td style=\"width: 60.4082%;height: 57px\" width=\"361\">Investigation of small G proteins activation in vascular smooth muscle cells<\/td>\n<td style=\"width: 39.4558%;height: 57px\" width=\"229\">Dr. Balla Andr\u00e1s, associate professor, PhD<\/td>\n<\/tr>\n<tr style=\"height: 57px\">\n<td style=\"width: 60.4082%;height: 57px\" width=\"361\">Investigation of effects of angiotensin II in vascular smooth muscle cells<\/td>\n<td style=\"width: 39.4558%;height: 57px\" width=\"229\">Dr. Balla Andr\u00e1s, associate professor, PhD<\/td>\n<\/tr>\n<tr style=\"height: 84px\">\n<td style=\"width: 60.4082%;height: 84px\" width=\"361\">Role of oxidative-nitrative stress in the physiological and pathological processes of the cardiovascular system<\/td>\n<td style=\"width: 39.4558%;height: 84px\" width=\"229\">Dr. Benk\u0151 Rita, assistant professor, PhD, Dr. Horv\u00e1th Eszter M\u00e1ria, associate professor, PhD<\/td>\n<\/tr>\n<tr style=\"height: 57px\">\n<td style=\"width: 60.4082%;height: 57px\" width=\"361\">Investigation of TMEM175 lysosomal potassium channel<\/td>\n<td style=\"width: 39.4558%;height: 57px\" width=\"229\">Dr. Czirj\u00e1k G\u00e1bor, associate professor, PhD<\/td>\n<\/tr>\n<tr style=\"height: 57px\">\n<td style=\"width: 60.4082%;height: 57px\" width=\"361\">Investigation of TRESK background potassium channel regulation<\/td>\n<td style=\"width: 39.4558%;height: 57px\" width=\"229\">Dr. Czirj\u00e1k G\u00e1bor, associate professor, PhD<\/td>\n<\/tr>\n<tr style=\"height: 57px\">\n<td style=\"width: 60.4082%;height: 57px\" width=\"361\">Role of GTPase activating proteins in inflammatory diseases<\/td>\n<td style=\"width: 39.4558%;height: 57px\" width=\"229\">Dr. Cs\u00e9p\u00e1nyi-K\u00f6mi Roland, assistant professor, PhD<\/td>\n<\/tr>\n<tr style=\"height: 57px\">\n<td style=\"width: 60.4082%;height: 57px\" width=\"361\">Investigation of the regulation of GTPase activating proteins<\/td>\n<td style=\"width: 39.4558%;height: 57px\" width=\"229\">Dr. Cs\u00e9p\u00e1nyi-K\u00f6mi Roland, assistant professor, PhD<\/td>\n<\/tr>\n<tr style=\"height: 57px\">\n<td style=\"width: 60.4082%;height: 57px\" width=\"361\">Multifractality in physiological processes<\/td>\n<td style=\"width: 39.4558%;height: 57px\" width=\"229\">Dr. Eke Andr\u00e1s, associate professor, PhD<\/td>\n<\/tr>\n<tr style=\"height: 57px\">\n<td style=\"width: 60.4082%;height: 57px\" width=\"361\">Imaging of complex cerebral hemodynamics in neurological and cerebrovascular diseases<\/td>\n<td style=\"width: 39.4558%;height: 57px\" width=\"229\">Dr. Eke Andr\u00e1s, associate professor, PhD<\/td>\n<\/tr>\n<tr style=\"height: 84px\">\n<td style=\"width: 60.4082%;height: 84px\" width=\"361\">Human cognition and cognitive dysfunction assessed by fNIRS<\/td>\n<td style=\"width: 39.4558%;height: 84px\" width=\"229\">Dr. Eke Andr\u00e1s, associate professor, PhD, Dr. Mukli P\u00e9ter, assistant lecturer, PhD<\/td>\n<\/tr>\n<tr style=\"height: 84px\">\n<td style=\"width: 60.4082%;height: 84px\" width=\"361\">Interpersonal synchronization of brain dynamics assessed by noninvasive imaging approaches<\/td>\n<td style=\"width: 39.4558%;height: 84px\" width=\"229\">Dr. Eke Andr\u00e1s, associate professor, PhD, Dr. Mukli P\u00e9ter, assistant lecturer, PhD<\/td>\n<\/tr>\n<tr style=\"height: 57px\">\n<td style=\"width: 60.4082%;height: 57px\" width=\"361\">Investigating tissue damage induced inflammation<\/td>\n<td style=\"width: 39.4558%;height: 57px\" width=\"229\">Dr. Enyedi Bal\u00e1zs, associate professor, PhD<\/td>\n<\/tr>\n<tr style=\"height: 57px\">\n<td style=\"width: 60.4082%;height: 57px\" width=\"361\">Investigating signaling pathways and nuclear swelling associeted to tissue damage<\/td>\n<td style=\"width: 39.4558%;height: 57px\" width=\"229\">Dr. Enyedi Bal\u00e1zs, associate professor, PhD<\/td>\n<\/tr>\n<tr style=\"height: 57px\">\n<td style=\"width: 60.4082%;height: 57px\" width=\"361\">Using novel fluorescent biosensors and optogenetic tools to investigate the steril inflammatory response<\/td>\n<td style=\"width: 39.4558%;height: 57px\" width=\"229\">Dr. Enyedi Bal\u00e1zs, associate professor, PhD<\/td>\n<\/tr>\n<tr style=\"height: 57px\">\n<td style=\"width: 60.4082%;height: 57px\" width=\"361\">Structure, function and regulation of the two pre-domain (K2P) potassium channels<\/td>\n<td style=\"width: 39.4558%;height: 57px\" width=\"229\">Dr. Enyedi P\u00e9ter, full professor, DSc<\/td>\n<\/tr>\n<tr>\n<td style=\"width: 60.4082%\">Dechipering the molecular mechanisms\u00a0underlying osteoclast activation during bone metastasis formation<\/td>\n<td style=\"width: 39.4558%\">Dr. Gy\u0151ri D\u00e1vid S\u00e1ndor, associate professor<\/td>\n<\/tr>\n<tr style=\"height: 84px\">\n<td style=\"width: 60.4082%;height: 84px\" width=\"361\">Oxidative-nitrative stress and poly(ADP-ribose) polymerase activation in diabetes mellitus and insulin resistance; especially in the development of late complications<\/td>\n<td style=\"width: 39.4558%;height: 84px\" width=\"229\">Dr. Horv\u00e1th Eszter M\u00e1ria, associate professor, PhD, Dr. Benk\u0151 Rita, assistant professor, PhD<\/td>\n<\/tr>\n<tr style=\"height: 84px\">\n<td style=\"width: 60.4082%;height: 84px\" width=\"361\">The role of poly(ADP-ribose) polymerase in the animal model of Crohn&#8217;s disease<\/td>\n<td style=\"width: 39.4558%;height: 84px\" width=\"229\">Dr. Horv\u00e1th Eszter M\u00e1ria, associate professor, PhD, Dr. Benk\u0151 Rita, assistant professor, PhD<\/td>\n<\/tr>\n<tr style=\"height: 57px\">\n<td style=\"width: 60.4082%;height: 57px\" width=\"361\">The role of inositols in the reduction of insulin resistance and oxidative-nitrative stress<\/td>\n<td style=\"width: 39.4558%;height: 57px\" width=\"229\">Dr. Horv\u00e1th Eszter M\u00e1ria, associate professor, PhD<\/td>\n<\/tr>\n<tr style=\"height: 84px\">\n<td style=\"width: 60.4082%;height: 84px\" width=\"361\">Investigation of nephrogenic diabetes insipidus causing mutations<\/td>\n<td style=\"width: 39.4558%;height: 84px\" width=\"229\">Dr. Hunyady L\u00e1szl\u00f3 full professor, Member of the Hungarian Academy of Sciences<\/td>\n<\/tr>\n<tr style=\"height: 84px\">\n<td style=\"width: 60.4082%;height: 84px\" width=\"361\">Investigation of disease causing mutations of V2 vasopressin receptor<\/td>\n<td style=\"width: 39.4558%;height: 84px\" width=\"229\">Dr. Hunyady L\u00e1szl\u00f3, full professor, Member of the Hungarian Academy of Sciences<\/td>\n<\/tr>\n<tr style=\"height: 111px\">\n<td style=\"width: 60.4082%;height: 111px\" width=\"361\">Investigation of angiotensin II induced gene-expression changes<\/td>\n<td style=\"width: 39.4558%;height: 111px\" width=\"229\">Dr. Hunyady L\u00e1szl\u00f3, full professor, Member of the Hungarian Academy of Sciences; Dr. Balla Andr\u00e1s, associate professor, PhD<\/td>\n<\/tr>\n<tr style=\"height: 57px\">\n<td style=\"width: 60.4082%;height: 57px\" width=\"361\">Studying the organ-specific development and function of the lymphatic vasculature<\/td>\n<td style=\"width: 39.4558%;height: 57px\" width=\"229\">Dr. Jakus Zolt\u00e1n, associate professor, PhD<\/td>\n<\/tr>\n<tr style=\"height: 57px\">\n<td style=\"width: 60.4082%;height: 57px\" width=\"361\">Molecular basis of the circadian control<\/td>\n<td style=\"width: 39.4558%;height: 57px\" width=\"229\">Dr. K\u00e1ldi Krisztina, associate professor, PhD<\/td>\n<\/tr>\n<tr style=\"height: 57px\">\n<td style=\"width: 60.4082%;height: 57px\" width=\"361\">Establishing methods for the investigation of protein-protein interactions in the regulation of the circadian clock<\/td>\n<td style=\"width: 39.4558%;height: 57px\" width=\"229\">Dr. K\u00e1ldi Krisztina, associate professor, PhD<\/td>\n<\/tr>\n<tr style=\"height: 84px\">\n<td style=\"width: 60.4082%;height: 84px\" width=\"361\">Daily rhythm of phagocyte responses<\/td>\n<td style=\"width: 39.4558%;height: 84px\" width=\"229\">Dr. K\u00e1ldi Krisztina, associate professor, PhD, Dr. Ella Krisztina, assistant professor, PhD<\/td>\n<\/tr>\n<tr style=\"height: 84px\">\n<td style=\"width: 60.4082%;height: 84px\" width=\"361\">Investigation of interactions between metabolism and circadian rhythm<\/td>\n<td style=\"width: 39.4558%;height: 84px\" width=\"229\">Dr. K\u00e1ldi Krisztina, associate professor, PhD, Dr. Ella Krisztina, assistant professor, PhD<\/td>\n<\/tr>\n<tr style=\"height: 84px\">\n<td style=\"width: 60.4082%;height: 84px\" width=\"361\">Role of the circadian clock in the control of immune cells<\/td>\n<td style=\"width: 39.4558%;height: 84px\" width=\"229\">Dr. K\u00e1ldi Krisztina, associate professor, PhD, Dr. Ella Krisztina, assistant professor, PhD<\/td>\n<\/tr>\n<tr style=\"height: 57px\">\n<td style=\"width: 60.4082%;height: 57px\" width=\"361\">The role of hydrogen sulfide in the regulation of vascular tone<\/td>\n<td style=\"width: 39.4558%;height: 57px\" width=\"229\">Dr. Kiss Levente, associate professor, PhD, Dr. Dong\u00f3 Eleni PhD-Student<\/td>\n<\/tr>\n<tr style=\"height: 84px\">\n<td style=\"width: 60.4082%;height: 84px\" width=\"361\">Examination of heritablity of microvascular endothelial function<\/td>\n<td style=\"width: 39.4558%;height: 84px\" width=\"229\">Dr. Kollai M\u00e1rk, professor emmeritus, DSc, Dr. Cseh Domonkos assistant lecturer<\/td>\n<\/tr>\n<tr style=\"height: 57px\">\n<td style=\"width: 60.4082%;height: 57px\" width=\"361\">Identification of receptors and signaling pathways in production of antibacterial exptracellular vesicles<\/td>\n<td style=\"width: 39.4558%;height: 57px\" width=\"229\">Dr. Ligeti Erzs\u00e9bet, professor, Member of the Hungarian Academy of Sciences<\/td>\n<\/tr>\n<tr style=\"height: 57px\">\n<td style=\"width: 60.4082%;height: 57px\" width=\"361\">Alteration of neturophil functions in pathologic conditions<\/td>\n<td style=\"width: 39.4558%;height: 57px\" width=\"229\">Dr. Ligeti Erzs\u00e9bet, professor, Member of the Hungarian Academy of Sciences<\/td>\n<\/tr>\n<tr style=\"height: 111px\">\n<td style=\"width: 60.4082%;height: 111px\" width=\"361\">Characterization of extracellular vesicles generated from neutrophilic granulocytes<\/td>\n<td style=\"width: 39.4558%;height: 111px\" width=\"229\">Dr. Ligeti Erzs\u00e9bet, professor, Member of the Hungarian Academy of Sciences, Dr. Kolonics Ferenc, assistant research fellow, PhD<\/td>\n<\/tr>\n<tr style=\"height: 57px\">\n<td style=\"width: 60.4082%;height: 57px\" width=\"361\">Clinical diagnostic approaches based on flow cytometry<\/td>\n<td style=\"width: 39.4558%;height: 57px\" width=\"229\">Dr. L\u0151rincz M\u00e1rton \u00c1kos, research fellow, PhD<\/td>\n<\/tr>\n<tr style=\"height: 57px\">\n<td style=\"width: 60.4082%;height: 57px\" width=\"361\">Molecular mechanisms in octeoclast function and bone resorption<\/td>\n<td style=\"width: 39.4558%;height: 57px\" width=\"229\">Dr. M\u00f3csai Attila, full professor, DSc<\/td>\n<\/tr>\n<tr style=\"height: 57px\">\n<td style=\"width: 60.4082%;height: 57px\" width=\"361\">Examination of signal transduction pathways using genetically modified (konckout) mice<\/td>\n<td style=\"width: 39.4558%;height: 57px\" width=\"229\">Dr. M\u00f3csai Attila, full professor, DSc<\/td>\n<\/tr>\n<tr style=\"height: 57px\">\n<td style=\"width: 60.4082%;height: 57px\" width=\"361\">Examination of autoimmun inflammatory dieases in transgenic mice<\/td>\n<td style=\"width: 39.4558%;height: 57px\" width=\"229\">Dr. M\u00f3csai Attila, full professor, DSc<\/td>\n<\/tr>\n<tr style=\"height: 57px\">\n<td style=\"width: 60.4082%;height: 57px\" width=\"361\">Identification of new therapeutic targets in inflammatory diseases<\/td>\n<td style=\"width: 39.4558%;height: 57px\" width=\"229\">Dr. M\u00f3csai Attila, full professor, DSc<\/td>\n<\/tr>\n<tr style=\"height: 84px\">\n<td style=\"width: 60.4082%;height: 84px\" width=\"361\">Investigating brain network dynamics and cognitive performance during mental stress by electroencephalographic measurements and cognitive stress<\/td>\n<td style=\"width: 39.4558%;height: 84px\" width=\"229\">Dr. Mukli P\u00e9ter, assistant lecturer, PhD, Dr. Orestis Stylianou<\/td>\n<\/tr>\n<tr style=\"height: 57px\">\n<td style=\"width: 60.4082%;height: 57px\" width=\"361\">Biomechanical and pharmaco-physiological control mechanisms in coronary vessels<\/td>\n<td style=\"width: 39.4558%;height: 57px\" width=\"229\">Dr. N\u00e1dasy Gy\u00f6rgy, associate professor, PhD<\/td>\n<\/tr>\n<tr style=\"height: 57px\">\n<td style=\"width: 60.4082%;height: 57px\" width=\"361\">Adaptation of the venous system to gravitational stress<\/td>\n<td style=\"width: 39.4558%;height: 57px\" width=\"229\">Dr. N\u00e1dasy Gy\u00f6rgy, associate professor, PhD<\/td>\n<\/tr>\n<tr style=\"height: 57px\">\n<td style=\"width: 60.4082%;height: 57px\" width=\"361\">Biomechanics of the human aneurysm sack<\/td>\n<td style=\"width: 39.4558%;height: 57px\" width=\"229\">Dr. N\u00e1dasy Gy\u00f6rgy, associate professor, PhD<\/td>\n<\/tr>\n<tr style=\"height: 84px\">\n<td style=\"width: 60.4082%;height: 84px\" width=\"361\">Biomechanical and pharmaco-physiological control mechanisms in experimental hypertension<\/td>\n<td style=\"width: 39.4558%;height: 84px\" width=\"229\">Dr. N\u00e1dasy Gy\u00f6rgy, associate professor, PhD, Dr. Kollai M\u00e1rk, professor emmeritus, DSc<\/td>\n<\/tr>\n<tr style=\"height: 57px\">\n<td style=\"width: 60.4082%;height: 57px\" width=\"361\">Investigation of NADPH oxidase 4 &amp; 5 function in genetically modified animals<\/td>\n<td style=\"width: 39.4558%;height: 57px\" width=\"229\">Dr. Pethe\u0151 G\u00e1bor, associate professor, PhD<\/td>\n<\/tr>\n<tr style=\"height: 84px\">\n<td style=\"width: 60.4082%;height: 84px\" width=\"361\">Function of the cytosolic\/mitochondrial Ca2+ and mitochondrial NAD(P)H system<\/td>\n<td style=\"width: 39.4558%;height: 84px\" width=\"229\">Dr. Sp\u00e4t Andr\u00e1s, professor emeritus, Member of the Hungarian Academy of Sciences<\/td>\n<\/tr>\n<tr style=\"height: 111px\">\n<td style=\"width: 60.4082%;height: 111px\" width=\"361\">Mitochondrial Ca2+ and cAMP signalling<\/td>\n<td style=\"width: 39.4558%;height: 111px\" width=\"229\">Dr. Sp\u00e4t Andr\u00e1s, professor emeritus, Member of the Hungarian Academy of Sciences, Dr. Szanda Gerg\u0151, associate professor, PhD<\/td>\n<\/tr>\n<tr style=\"height: 57px\">\n<td style=\"width: 60.4082%;height: 57px\" width=\"361\">Computational analysis of the oncogenic role of G-Protein Coupled Receptors<\/td>\n<td style=\"width: 39.4558%;height: 57px\" width=\"229\">Dr. Szalai Bence, assistant professor, PhD<\/td>\n<\/tr>\n<tr style=\"height: 57px\">\n<td style=\"width: 60.4082%;height: 57px\" width=\"361\">Bioinformatic analysis of drug sensitivity in tumor cell lines<\/td>\n<td style=\"width: 39.4558%;height: 57px\" width=\"229\">Dr. Szalai Bence, assistant professor, PhD<\/td>\n<\/tr>\n<tr style=\"height: 57px\">\n<td style=\"width: 60.4082%;height: 57px\" width=\"361\">Intracellular interactions of metabolic regulators<\/td>\n<td style=\"width: 39.4558%;height: 57px\" width=\"229\">Dr. Szanda Gerg\u0151, associate professor, PhD<\/td>\n<\/tr>\n<tr style=\"height: 57px\">\n<td style=\"width: 60.4082%;height: 57px\" width=\"361\">Alteration of neutrophil functions in sepsis<\/td>\n<td style=\"width: 39.4558%;height: 57px\" width=\"229\">Dr. Tim\u00e1r Csaba, assistant professor, PhD<\/td>\n<\/tr>\n<tr style=\"height: 57px\">\n<td style=\"width: 60.4082%;height: 57px\" width=\"361\">Characterization of the surface of netrophil-derived extracellular vesicles<\/td>\n<td style=\"width: 39.4558%;height: 57px\" width=\"229\">Dr. Tim\u00e1r Csaba assistant, professor, PhD<\/td>\n<\/tr>\n<tr style=\"height: 84px\">\n<td style=\"width: 60.4082%;height: 84px\" width=\"361\">Investigation of the cellular functions of inositol lipids<\/td>\n<td style=\"width: 39.4558%;height: 84px\" width=\"229\">Dr. T\u00f3th D\u00e1niel, assistant professor, PhD, Dr. V\u00e1rnai P\u00e9ter full professor, DSc<\/td>\n<\/tr>\n<tr style=\"height: 30px\">\n<td style=\"width: 60.4082%;height: 30px\" width=\"361\">\u00a0<\/td>\n<td style=\"width: 39.4558%;height: 30px\" width=\"229\">\u00a0<\/td>\n<\/tr>\n<tr style=\"height: 84px\">\n<td style=\"width: 60.4082%;height: 84px\" width=\"361\">Investigation of phosphoinositide metabolism by acutely inducible enzyme degradation<\/td>\n<td style=\"width: 39.4558%;height: 84px\" width=\"229\">Dr. T\u00f3th D\u00e1niel, assistant professor, PhD, Dr. V\u00e1rnai P\u00e9ter full professor, DSc<\/td>\n<\/tr>\n<tr style=\"height: 84px\">\n<td style=\"width: 60.4082%;height: 84px\" width=\"361\">Evaluation of decisive factors for the signaling efficacy of GPCRs<\/td>\n<td style=\"width: 39.4558%;height: 84px\" width=\"229\">Dr. Turu G\u00e1bor, associate professor, PhD, Dr. T\u00f3th Andr\u00e1s, research fellow, PhD<\/td>\n<\/tr>\n<tr style=\"height: 57px\">\n<td style=\"width: 60.4082%;height: 57px\" width=\"361\">Automatized classification of mental state using entropy-based measures and machine learning<\/td>\n<td style=\"width: 39.4558%;height: 57px\" width=\"229\">Dr. Frigyes Samuel Racz, assistant lecturer, PhD<\/td>\n<\/tr>\n<tr style=\"height: 57px\">\n<td style=\"width: 60.4082%;height: 57px\" width=\"361\">Development of methods for altering intracellular inositol lipid levels<\/td>\n<td style=\"width: 39.4558%;height: 57px\" width=\"229\">Dr. V\u00e1rnai P\u00e9ter, full professor, DSc<\/td>\n<\/tr>\n<tr style=\"height: 57px\">\n<td style=\"width: 60.4082%;height: 57px\" width=\"361\">Development of molecular tools for detecting intracellular inositol lipids<\/td>\n<td style=\"width: 39.4558%;height: 57px\" width=\"229\">Dr. V\u00e1rnai P\u00e9ter, full professor, DSc<\/td>\n<\/tr>\n<tr style=\"height: 30px\">\n<td style=\"width: 60.4082%;height: 30px\" width=\"361\">Regulation of ARHGAP25 protein<\/td>\n<td style=\"width: 39.4558%;height: 30px\" width=\"229\">Dr. Wisniewski \u00c9va, assistant lecturer<\/td>\n<\/tr>\n<\/tbody>\n<\/table>\n","protected":false},"excerpt":{"rendered":"<p>Topic Supervisor Investigation of biased agonism of plasma membrane receptors Dr. Balla Andr\u00e1s, associate professor, PhD Investigation of small G proteins activation in vascular smooth muscle cells Dr. Balla Andr\u00e1s, associate professor, PhD Investigation of effects of angiotensin II in vascular smooth muscle cells Dr. Balla Andr\u00e1s, associate professor, PhD Role of oxidative-nitrative stress in &hellip;<\/p>\n","protected":false},"author":101596,"featured_media":0,"parent":4996,"menu_order":0,"comment_status":"closed","ping_status":"closed","template":"","meta":{"_acf_changed":false,"footnotes":""},"categories":[],"tags":[],"class_list":["post-6229","page","type-page","status-publish","hentry"],"acf":[],"publishpress_future_action":{"enabled":false,"date":"1970-01-01 01:00:00","action":"","terms":[],"taxonomy":"","browser_timezone_offset":0},"_links":{"self":[{"href":"https:\/\/semmelweis.hu\/tdk\/wp-json\/wp\/v2\/pages\/6229","targetHints":{"allow":["GET"]}}],"collection":[{"href":"https:\/\/semmelweis.hu\/tdk\/wp-json\/wp\/v2\/pages"}],"about":[{"href":"https:\/\/semmelweis.hu\/tdk\/wp-json\/wp\/v2\/types\/page"}],"author":[{"embeddable":true,"href":"https:\/\/semmelweis.hu\/tdk\/wp-json\/wp\/v2\/users\/101596"}],"replies":[{"embeddable":true,"href":"https:\/\/semmelweis.hu\/tdk\/wp-json\/wp\/v2\/comments?post=6229"}],"version-history":[{"count":4,"href":"https:\/\/semmelweis.hu\/tdk\/wp-json\/wp\/v2\/pages\/6229\/revisions"}],"predecessor-version":[{"id":7678,"href":"https:\/\/semmelweis.hu\/tdk\/wp-json\/wp\/v2\/pages\/6229\/revisions\/7678"}],"up":[{"embeddable":true,"href":"https:\/\/semmelweis.hu\/tdk\/wp-json\/wp\/v2\/pages\/4996"}],"wp:attachment":[{"href":"https:\/\/semmelweis.hu\/tdk\/wp-json\/wp\/v2\/media?parent=6229"}],"wp:term":[{"taxonomy":"category","embeddable":true,"href":"https:\/\/semmelweis.hu\/tdk\/wp-json\/wp\/v2\/categories?post=6229"},{"taxonomy":"post_tag","embeddable":true,"href":"https:\/\/semmelweis.hu\/tdk\/wp-json\/wp\/v2\/tags?post=6229"}],"curies":[{"name":"wp","href":"https:\/\/api.w.org\/{rel}","templated":true}]}}