{"id":6190,"date":"2020-09-28T11:26:26","date_gmt":"2020-09-28T09:26:26","guid":{"rendered":"https:\/\/semmelweis.hu\/tdk\/?page_id=6190"},"modified":"2024-08-15T08:54:54","modified_gmt":"2024-08-15T06:54:54","slug":"department-of-biochemistry-tdk-topics-2020-2021","status":"publish","type":"page","link":"https:\/\/semmelweis.hu\/tdk\/en\/steps-to-pursue-research-as-a-student\/topics-and-supervisors\/department-of-biochemistry-tdk-topics-2020-2021\/","title":{"rendered":"Department of Biochemistry TDK topics"},"content":{"rendered":"<h1>Department of Biochemistry TDK topics 2021\/2022<\/h1>\n<table style=\"width: 112.545%;height: 248px\" width=\"822\">\n<tbody>\n<tr>\n<td style=\"text-align: center;width: 61.185%\" width=\"504\"><strong>Topic<\/strong><\/td>\n<td style=\"text-align: center;width: 38.6941%\" width=\"318\"><strong>Tutor<\/strong><\/td>\n<\/tr>\n<tr>\n<td style=\"width: 61.185%\" width=\"504\">Studying the TRPM2 channel&#8217;s structure and function<\/td>\n<td style=\"width: 38.6941%\" width=\"318\">\u00c1d\u00e1m Bart\u00f3k , PhD<\/td>\n<\/tr>\n<tr>\n<td style=\"width: 61.185%\" width=\"504\">Molecular pathomechanism of the human dihydrolipoamide dehydrogenase deficiency<\/td>\n<td style=\"width: 38.6941%\">Attila Ambrus, Ph.D.<\/td>\n<\/tr>\n<tr>\n<td style=\"width: 61.185%\">Multienzyme complexes &#8211; structure-function relationships<\/td>\n<td style=\"width: 38.6941%\">Attila Ambrus, Ph.D.<\/td>\n<\/tr>\n<tr>\n<td style=\"width: 61.185%\" width=\"504\">ROS generation by the alpha-ketoglutarate dehydrogenase complex &#8211; mechanistic and structural aspects<\/td>\n<td style=\"width: 38.6941%\">Attila Ambrus, Ph.D.<\/td>\n<\/tr>\n<tr>\n<td style=\"width: 61.185%\">Oncometabolism<\/td>\n<td style=\"width: 38.6941%\">Christos Chinopoulos, MD, PhD<\/td>\n<\/tr>\n<tr>\n<td style=\"width: 61.185%\">Fibrin structure and fibrinolysis<\/td>\n<td style=\"width: 38.6941%\">Krasimir Kolev, MD, PhD, DSc<\/td>\n<\/tr>\n<tr>\n<td style=\"width: 61.185%\">Molecular mechanisms leading to ectopic mineralization<\/td>\n<td style=\"width: 38.6941%\">Flora Szeri, PhD<\/td>\n<\/tr>\n<\/tbody>\n<\/table>\n","protected":false},"excerpt":{"rendered":"<p>Department of Biochemistry TDK topics 2021\/2022 Topic Tutor Studying the TRPM2 channel&#8217;s structure and function \u00c1d\u00e1m Bart\u00f3k , PhD Molecular pathomechanism of the human dihydrolipoamide dehydrogenase deficiency Attila Ambrus, Ph.D. Multienzyme complexes &#8211; structure-function relationships Attila Ambrus, Ph.D. ROS generation by the alpha-ketoglutarate dehydrogenase complex &#8211; mechanistic and structural aspects Attila Ambrus, Ph.D. Oncometabolism Christos &hellip;<\/p>\n","protected":false},"author":101596,"featured_media":0,"parent":4996,"menu_order":0,"comment_status":"closed","ping_status":"closed","template":"","meta":{"_acf_changed":false,"footnotes":""},"categories":[],"tags":[],"class_list":["post-6190","page","type-page","status-publish","hentry"],"acf":[],"publishpress_future_action":{"enabled":false,"date":"1970-01-01 01:00:00","action":"","terms":[],"taxonomy":"","browser_timezone_offset":0},"_links":{"self":[{"href":"https:\/\/semmelweis.hu\/tdk\/wp-json\/wp\/v2\/pages\/6190","targetHints":{"allow":["GET"]}}],"collection":[{"href":"https:\/\/semmelweis.hu\/tdk\/wp-json\/wp\/v2\/pages"}],"about":[{"href":"https:\/\/semmelweis.hu\/tdk\/wp-json\/wp\/v2\/types\/page"}],"author":[{"embeddable":true,"href":"https:\/\/semmelweis.hu\/tdk\/wp-json\/wp\/v2\/users\/101596"}],"replies":[{"embeddable":true,"href":"https:\/\/semmelweis.hu\/tdk\/wp-json\/wp\/v2\/comments?post=6190"}],"version-history":[{"count":3,"href":"https:\/\/semmelweis.hu\/tdk\/wp-json\/wp\/v2\/pages\/6190\/revisions"}],"predecessor-version":[{"id":7488,"href":"https:\/\/semmelweis.hu\/tdk\/wp-json\/wp\/v2\/pages\/6190\/revisions\/7488"}],"up":[{"embeddable":true,"href":"https:\/\/semmelweis.hu\/tdk\/wp-json\/wp\/v2\/pages\/4996"}],"wp:attachment":[{"href":"https:\/\/semmelweis.hu\/tdk\/wp-json\/wp\/v2\/media?parent=6190"}],"wp:term":[{"taxonomy":"category","embeddable":true,"href":"https:\/\/semmelweis.hu\/tdk\/wp-json\/wp\/v2\/categories?post=6190"},{"taxonomy":"post_tag","embeddable":true,"href":"https:\/\/semmelweis.hu\/tdk\/wp-json\/wp\/v2\/tags?post=6190"}],"curies":[{"name":"wp","href":"https:\/\/api.w.org\/{rel}","templated":true}]}}