{"id":6180,"date":"2020-09-28T11:14:22","date_gmt":"2020-09-28T09:14:22","guid":{"rendered":"https:\/\/semmelweis.hu\/tdk\/?page_id=6180"},"modified":"2024-10-01T12:56:46","modified_gmt":"2024-10-01T10:56:46","slug":"biokemiai-tanszek-tdk-temak","status":"publish","type":"page","link":"https:\/\/semmelweis.hu\/tdk\/tdk-temak-es-temavezetok\/aok\/biokemiai-tanszek-tdk-temak\/","title":{"rendered":"Biok\u00e9miai Tansz\u00e9k"},"content":{"rendered":"<table width=\"723\">\n<tbody>\n<tr>\n<td width=\"326\"><strong>TDK-munka c\u00edme<\/strong><\/td>\n<td width=\"397\"><strong>T\u00e9mavezet\u0151 neve (fokozattal)<\/strong><\/td>\n<\/tr>\n<tr>\n<td width=\"326\">A hum\u00e1n dihidrolipoamid-dehidrogen\u00e1z deficiencia molekul\u00e1ris pathomechanizmus\u00e1nak vizsg\u00e1lata<\/td>\n<td>Dr. Ambrus Attila, az MTA doktora<\/td>\n<\/tr>\n<tr>\n<td width=\"326\">Az a-ketoglutar\u00e1t dehidrogen\u00e1z enzimkomplex ROS-termel\u00e9s\u00e9nek mechanizmusa \u00e9s szerkezeti vonatkoz\u00e1sai<\/td>\n<td>Dr. Ambrus Attila, az MTA doktora<\/td>\n<\/tr>\n<tr>\n<td>Multienzim komplexek szerkezete<\/td>\n<td>Dr. Ambrus Attila, az MTA doktora<\/td>\n<\/tr>\n<tr>\n<td width=\"326\">A\u00a0TRPM2 kation csatorna szerkezet\/funkci\u00f3 vizsg\u00e1lata<\/td>\n<td width=\"397\">Dr. Bart\u00f3k \u00c1d\u00e1m, PhD<\/td>\n<\/tr>\n<tr>\n<td width=\"326\">A CFTR klorid csatorna szerkezet\/funkci\u00f3 vizsg\u00e1lata<\/td>\n<td>Dr. Csan\u00e1dy L\u00e1szl\u00f3, az MTA doktora, Dr. T\u00f3th Bal\u00e1zs, PhD<\/td>\n<\/tr>\n<tr>\n<td width=\"326\">A\u00a0TRPM2 kation csatorna szerkezet\/funkci\u00f3 vizsg\u00e1lata<\/td>\n<td>Dr. Csan\u00e1dy L\u00e1szl\u00f3, az MTA doktora, Dr. T\u00f3th Bal\u00e1zs, PhD<\/td>\n<\/tr>\n<tr>\n<td width=\"326\">Az \u03b1-ketoglutar\u00e1t-dehidrogen\u00e1z enzimkomplex alegys\u00e9geinek szerkezetvizsg\u00e1lata NMR spektroszk\u00f3pi\u00e1val<\/td>\n<td width=\"397\">Dr. Czajlik Andr\u00e1s, Ph.D.<\/td>\n<\/tr>\n<tr>\n<td width=\"326\">Mitokondri\u00e1lis funkci\u00f3k vizsg\u00e1lata \u00e9l\u0151 sejteken ritka mitokondri\u00e1lis megbeteged\u00e9sekben<\/td>\n<td width=\"397\">Dr. D\u00f3czi Judit, PhD<\/td>\n<\/tr>\n<tr>\n<td>Fibrinszerkezet hat\u00e1sa a fibrinol\u00edzisre<\/td>\n<td>Dr. Kolev Kraszimir, az MTA doktora<\/td>\n<\/tr>\n<tr>\n<td width=\"326\">A CFTR szerkezet\/funkci\u00f3 vizsg\u00e1lata<\/td>\n<td width=\"397\">Dr. Mih\u00e1lyi Csaba, PhD, Dr. Bart\u00f3k \u00c1d\u00e1m, PhD<\/td>\n<\/tr>\n<tr>\n<td width=\"326\">Kovalens jel\u00f6l\u00e9s-t\u00f6megspektrometria dietil-pirokarbon\u00e1ttal feh\u00e9rj\u00e9k szerkezet\u00e9nek \u00e9s feh\u00e9rje-feh\u00e9rje k\u00f6lcs\u00f6nhat\u00e1s vizsg\u00e1lat\u00e1ra<\/td>\n<td width=\"397\">Dr. Ozohanics Oliv\u00e9r, Ph.D.<\/td>\n<\/tr>\n<tr>\n<td width=\"326\">Mitokondri\u00e1lis energiatermel\u0151 mechanizmusok vizsg\u00e1lata<\/td>\n<td width=\"397\">Dr. Ravasz D\u00f3ra, PhD<\/td>\n<\/tr>\n<tr>\n<td width=\"326\">Az l\u00e1gysz\u00f6veti, pathol\u00f3gi\u00e1s meszesed\u00e9s molekul\u00e1ris mechanizmusa<\/td>\n<td width=\"397\">Dr. Szeri Fl\u00f3ra, PhD<\/td>\n<\/tr>\n<tr>\n<td width=\"326\">Feh\u00e9rje szerkezet-funkci\u00f3 vizsg\u00e1lata biok\u00e9miai m\u00f3dszerekkel<\/td>\n<td width=\"397\">Dr. Sz\u00f6ll\u0151si Andr\u00e1s, PhD; Dr. Iordan Iordanov, PhD<\/td>\n<\/tr>\n<tr>\n<td width=\"326\">A\u00a0trombol\u00edzis molekul\u00e1ris modul\u00e1torai<\/td>\n<td width=\"397\">Dr. Tanka-Salamon Anna, PhD<\/td>\n<\/tr>\n<tr>\n<td>A k\u00f6zponti idegrendszer bioenergetik\u00e1ja<\/td>\n<td>Dr. Tretter L\u00e1szl\u00f3, az MTA doktora<\/td>\n<\/tr>\n<tr>\n<td width=\"326\">A neurodegener\u00e1ci\u00f3hoz vezet\u0151 biok\u00e9miai folyamatok<\/td>\n<td>Dr. Tretter L\u00e1szl\u00f3, az MTA doktora<\/td>\n<\/tr>\n<tr>\n<td width=\"326\">Mitokondri\u00e1lis funkci\u00f3k a k\u00f6zponti idegrendszer sejtjeiben<\/td>\n<td>Dr. Tretter L\u00e1szl\u00f3, az MTA doktora<\/td>\n<\/tr>\n<tr>\n<td width=\"326\">Neutrofil extracellul\u00e1ris csapd\u00e1k tromb\u00f3zisban \u00e9s hemoszt\u00e1zisban<\/td>\n<td width=\"397\">Dr. Wohner Nikolett, PhD<\/td>\n<\/tr>\n<\/tbody>\n<\/table>\n","protected":false},"excerpt":{"rendered":"<p>TDK-munka c\u00edme T\u00e9mavezet\u0151 neve (fokozattal) A hum\u00e1n dihidrolipoamid-dehidrogen\u00e1z deficiencia molekul\u00e1ris pathomechanizmus\u00e1nak vizsg\u00e1lata Dr. Ambrus Attila, az MTA doktora Az a-ketoglutar\u00e1t dehidrogen\u00e1z enzimkomplex ROS-termel\u00e9s\u00e9nek mechanizmusa \u00e9s szerkezeti vonatkoz\u00e1sai Dr. Ambrus Attila, az MTA doktora Multienzim komplexek szerkezete Dr. Ambrus Attila, az MTA doktora A\u00a0TRPM2 kation csatorna szerkezet\/funkci\u00f3 vizsg\u00e1lata Dr. Bart\u00f3k \u00c1d\u00e1m, PhD A CFTR klorid csatorna &hellip;<\/p>\n","protected":false},"author":101596,"featured_media":0,"parent":10054,"menu_order":0,"comment_status":"closed","ping_status":"closed","template":"","meta":{"_acf_changed":false,"footnotes":""},"categories":[],"tags":[],"class_list":["post-6180","page","type-page","status-publish","hentry"],"acf":[],"publishpress_future_action":{"enabled":false,"date":"1970-01-01 01:00:00","action":"","terms":[],"taxonomy":"","browser_timezone_offset":0},"_links":{"self":[{"href":"https:\/\/semmelweis.hu\/tdk\/wp-json\/wp\/v2\/pages\/6180","targetHints":{"allow":["GET"]}}],"collection":[{"href":"https:\/\/semmelweis.hu\/tdk\/wp-json\/wp\/v2\/pages"}],"about":[{"href":"https:\/\/semmelweis.hu\/tdk\/wp-json\/wp\/v2\/types\/page"}],"author":[{"embeddable":true,"href":"https:\/\/semmelweis.hu\/tdk\/wp-json\/wp\/v2\/users\/101596"}],"replies":[{"embeddable":true,"href":"https:\/\/semmelweis.hu\/tdk\/wp-json\/wp\/v2\/comments?post=6180"}],"version-history":[{"count":9,"href":"https:\/\/semmelweis.hu\/tdk\/wp-json\/wp\/v2\/pages\/6180\/revisions"}],"predecessor-version":[{"id":11227,"href":"https:\/\/semmelweis.hu\/tdk\/wp-json\/wp\/v2\/pages\/6180\/revisions\/11227"}],"up":[{"embeddable":true,"href":"https:\/\/semmelweis.hu\/tdk\/wp-json\/wp\/v2\/pages\/10054"}],"wp:attachment":[{"href":"https:\/\/semmelweis.hu\/tdk\/wp-json\/wp\/v2\/media?parent=6180"}],"wp:term":[{"taxonomy":"category","embeddable":true,"href":"https:\/\/semmelweis.hu\/tdk\/wp-json\/wp\/v2\/categories?post=6180"},{"taxonomy":"post_tag","embeddable":true,"href":"https:\/\/semmelweis.hu\/tdk\/wp-json\/wp\/v2\/tags?post=6180"}],"curies":[{"name":"wp","href":"https:\/\/api.w.org\/{rel}","templated":true}]}}