{"id":6159,"date":"2020-09-16T13:23:49","date_gmt":"2020-09-16T11:23:49","guid":{"rendered":"https:\/\/semmelweis.hu\/tdk\/?page_id=6159"},"modified":"2024-05-08T13:09:41","modified_gmt":"2024-05-08T11:09:41","slug":"szent-imre-egyetemi-oktatokorhaz-nefrologia-geriatria-profil","status":"publish","type":"page","link":"https:\/\/semmelweis.hu\/tdk\/tdk-temak-es-temavezetok\/kulso-intezetek\/szent-imre-egyetemi-oktatokorhaz-nefrologia-geriatria-profil\/","title":{"rendered":"Szent Imre Egyetemi Oktat\u00f3k\u00f3rh\u00e1z Nefrol\u00f3gia\/Geri\u00e1tria Profil"},"content":{"rendered":"<h3>Szent Imre Egyetemi Oktat\u00f3k\u00f3rh\u00e1z Nefrol\u00f3gia\/Geri\u00e1tria Profil 2022\/2023 TDK t\u00e9m\u00e1k<\/h3>\n<table style=\"border-collapse: collapse; width: 100%;\">\n<tbody>\n<tr>\n<td style=\"width: 51.1565%; text-align: center;\" width=\"365\">\n<p><strong>TDK-munka c\u00edme<\/strong><\/p>\n<\/td>\n<td style=\"width: 48.7075%; text-align: center;\" width=\"351\"><strong>T\u00e9mavezet\u0151 neve (fokozattal)<\/strong><\/td>\n<\/tr>\n<tr>\n<td style=\"width: 51.1565%;\" width=\"365\">ANCA vasculitises betegek sorsa a Covid pand\u00e9mia alatt<\/td>\n<td style=\"width: 48.7075%;\" width=\"351\">Ambrus Csaba PhD<\/td>\n<\/tr>\n<tr>\n<td style=\"width: 51.1565%;\">Vitaminhi\u00e1nyos \u00e1llapotok szerepe az id\u0151s vesebetegek anemi\u00e1j\u00e1ban<\/td>\n<td style=\"width: 48.7075%;\">Ambrus Csaba PhD<\/td>\n<\/tr>\n<tr>\n<td style=\"width: 51.1565%;\">Ter\u00e1pi\u00e1s lehet\u0151s\u00e9gek az \u00e9rfali kalcifik\u00e1ci\u00f3 befoly\u00e1sol\u00e1s\u00e1ra<\/td>\n<td style=\"width: 48.7075%;\">Ambrus Csaba PhD<\/td>\n<\/tr>\n<tr>\n<td style=\"width: 51.1565%;\">Az interstitailis fibrosis prognosztikai jelent\u0151s\u00e9ge ANCA vasculitises betegek k\u00f6r\u00e9ben<\/td>\n<td style=\"width: 48.7075%;\">Ambrus Csaba PhD<\/td>\n<\/tr>\n<\/tbody>\n<\/table>\n","protected":false},"excerpt":{"rendered":"<p>Szent Imre Egyetemi Oktat\u00f3k\u00f3rh\u00e1z Nefrol\u00f3gia\/Geri\u00e1tria Profil 2022\/2023 TDK t\u00e9m\u00e1k TDK-munka c\u00edme T\u00e9mavezet\u0151 neve (fokozattal) ANCA vasculitises betegek sorsa a Covid pand\u00e9mia alatt Ambrus Csaba PhD Vitaminhi\u00e1nyos \u00e1llapotok szerepe az id\u0151s vesebetegek anemi\u00e1j\u00e1ban Ambrus Csaba PhD Ter\u00e1pi\u00e1s lehet\u0151s\u00e9gek az \u00e9rfali kalcifik\u00e1ci\u00f3 befoly\u00e1sol\u00e1s\u00e1ra Ambrus Csaba PhD Az interstitailis fibrosis prognosztikai jelent\u0151s\u00e9ge ANCA vasculitises betegek k\u00f6r\u00e9ben Ambrus Csaba &hellip;<\/p>\n","protected":false},"author":101596,"featured_media":0,"parent":10063,"menu_order":5,"comment_status":"closed","ping_status":"closed","template":"","meta":{"_acf_changed":false,"footnotes":""},"categories":[],"tags":[],"class_list":["post-6159","page","type-page","status-publish","hentry"],"acf":[],"publishpress_future_action":{"enabled":false,"date":"1970-01-01 01:00:00","action":"","terms":[],"taxonomy":"","browser_timezone_offset":0},"_links":{"self":[{"href":"https:\/\/semmelweis.hu\/tdk\/wp-json\/wp\/v2\/pages\/6159","targetHints":{"allow":["GET"]}}],"collection":[{"href":"https:\/\/semmelweis.hu\/tdk\/wp-json\/wp\/v2\/pages"}],"about":[{"href":"https:\/\/semmelweis.hu\/tdk\/wp-json\/wp\/v2\/types\/page"}],"author":[{"embeddable":true,"href":"https:\/\/semmelweis.hu\/tdk\/wp-json\/wp\/v2\/users\/101596"}],"replies":[{"embeddable":true,"href":"https:\/\/semmelweis.hu\/tdk\/wp-json\/wp\/v2\/comments?post=6159"}],"version-history":[{"count":3,"href":"https:\/\/semmelweis.hu\/tdk\/wp-json\/wp\/v2\/pages\/6159\/revisions"}],"predecessor-version":[{"id":10046,"href":"https:\/\/semmelweis.hu\/tdk\/wp-json\/wp\/v2\/pages\/6159\/revisions\/10046"}],"up":[{"embeddable":true,"href":"https:\/\/semmelweis.hu\/tdk\/wp-json\/wp\/v2\/pages\/10063"}],"wp:attachment":[{"href":"https:\/\/semmelweis.hu\/tdk\/wp-json\/wp\/v2\/media?parent=6159"}],"wp:term":[{"taxonomy":"category","embeddable":true,"href":"https:\/\/semmelweis.hu\/tdk\/wp-json\/wp\/v2\/categories?post=6159"},{"taxonomy":"post_tag","embeddable":true,"href":"https:\/\/semmelweis.hu\/tdk\/wp-json\/wp\/v2\/tags?post=6159"}],"curies":[{"name":"wp","href":"https:\/\/api.w.org\/{rel}","templated":true}]}}