{"id":6113,"date":"2020-09-03T08:26:07","date_gmt":"2020-09-03T06:26:07","guid":{"rendered":"https:\/\/semmelweis.hu\/tdk\/?page_id=6113"},"modified":"2024-09-06T09:15:03","modified_gmt":"2024-09-06T07:15:03","slug":"program","status":"publish","type":"page","link":"https:\/\/semmelweis.hu\/tdk\/en\/conferences\/program\/","title":{"rendered":"Program"},"content":{"rendered":"<h2>Basic Sciences &#8211; Zoom Meeting ID: 926 8422 7217<br \/>\nFrom 9:00 (CEST)<\/h2>\n<table width=\"100%\">\n<tbody>\n<tr>\n<td style=\"text-align: center;\" width=\"159\"><strong>First name<\/strong><\/td>\n<td style=\"text-align: center;\" width=\"227\"><strong>Last name<\/strong><\/td>\n<td style=\"text-align: center;\" width=\"339\"><strong>University<\/strong><\/td>\n<td style=\"text-align: center;\" width=\"339\"><strong>Title<\/strong><\/td>\n<\/tr>\n<tr>\n<td>Edward\u00a0<\/td>\n<td>Clarke<\/td>\n<td width=\"339\">Medical University of \u0141\u00f3d\u017a, Poland\u00a0<\/td>\n<td width=\"339\">Pectoralis major muscle: anatomical variations and innervation patterns and a discussion on its clincal relavance\u00a0\u00a0<\/td>\n<\/tr>\n<tr>\n<td>Gevorkyan\u00a0<\/td>\n<td>Zare<\/td>\n<td width=\"339\">Pirogov Russian National Research Medical University<\/td>\n<td width=\"339\">Heparin-inducted type ii thrombocytopenia<\/td>\n<\/tr>\n<tr>\n<td>RAMIZ<\/td>\n<td>MOKHAMED EL-KHALAF\u00a0<\/td>\n<td width=\"339\">RUDN University<\/td>\n<td width=\"339\">THE PRE-POLYMERIZATION HEATING OF THE COMPOSITE MATERIALS: MYTH OR REALITY?<\/td>\n<\/tr>\n<tr>\n<td>Zal\u00e1n Bal\u00e1zs<\/td>\n<td>K\u00e1poszta<\/td>\n<td width=\"339\">Semmelweis University<\/td>\n<td width=\"339\">Investigating the relationship of increased mental workload and functional brain connectivity \u2013 an electroencephalography study<\/td>\n<\/tr>\n<tr>\n<td>Ferenc Bal\u00e1zs<\/td>\n<td>Farkas<\/td>\n<td width=\"339\">Semmelweis University<\/td>\n<td width=\"339\">Microbial composition and diversity of mice colonized with a carbapenemase-producing Klebsiella pneumoniae strain<\/td>\n<\/tr>\n<tr>\n<td>Anastasia<\/td>\n<td>Kurlaeva<\/td>\n<td width=\"339\">RUDN University<\/td>\n<td width=\"339\">CHRONOSTRUCTURE OF BLOOD PRESSURE, HEART RATE AND SECRETION OF EPIPHYSEAL MELATONIN UNDER EXTENDED LIGHT PHASE OF THE DAY<\/td>\n<\/tr>\n<tr>\n<td>Anna<\/td>\n<td>Khoroshikh<\/td>\n<td width=\"339\">Voronezh State Medical University named after N.N. Burdenko<\/td>\n<td width=\"339\">CURRENT MAJOR TRENDS FOR THE IMPROVEMENT OF PREANALYTICAL PHASE OF CYTOLOGICAL EXAMINATION\u00a0<\/td>\n<\/tr>\n<tr>\n<td>Alla<\/td>\n<td>Marukhlenko<\/td>\n<td width=\"339\">RUDN University<\/td>\n<td width=\"339\">The use of X-ray fluorescence spectroscopy in combination with PCA for the comparative study of element content in Actinidia deliciosa (Kiwi) fruits and Nigella sp. seeds<\/td>\n<\/tr>\n<tr>\n<td>Enar<\/td>\n<td>Dzhumaniyazova<\/td>\n<td width=\"339\">Peoples` Friendship University of Russia ( RUDN University)<\/td>\n<td width=\"339\">GENES EXPRESSION PROFILES IN MACROPHAGES OF DIFFERENT ORIGIN<\/td>\n<\/tr>\n<tr>\n<td>Irina<\/td>\n<td>Korolkova<\/td>\n<td width=\"339\">I.M. Sechenov First Moscow State Medical University (Sechenov University)<\/td>\n<td width=\"339\">Immunohistochemical characteristics of neuroendocrine cells in genital endometriosis\u00a0<\/td>\n<\/tr>\n<tr>\n<td>Arseny<\/td>\n<td>Solovyev<\/td>\n<td width=\"339\">Russia, Voronezh State Medical University n. a. N. N. Burdenko<\/td>\n<td width=\"339\">COMPARATIVE CHARACTERISTICS OF NON-ROTATIONAL METHODS FOR THE PRIMARY TEETH PREPARATION IN THE IN-VITRO EXPERIMENT<\/td>\n<\/tr>\n<tr>\n<td>Elena<\/td>\n<td>Cherkashina<\/td>\n<td width=\"339\">VSMU<\/td>\n<td width=\"339\">A medicine to accelerate the healing of purulent wounds, containing rubidium chloride as a solution\u00a0<\/td>\n<\/tr>\n<tr>\n<td>Anna<\/td>\n<td>Cherniavka<\/td>\n<td width=\"339\">RUDN University<\/td>\n<td width=\"339\">COMPARATIVE CHARACTERISTICS OF MACRO- AND TRACE ELEMENTS\u2019 HAIR CONTENT IN CHILDREN WITH ATOPIC DERMATITIS<\/td>\n<\/tr>\n<\/tbody>\n<\/table>\n<p>&nbsp;<\/p>\n<hr \/>\n<h2>Clinical sciences A &#8211; Zoom Meeting ID: 956 5620 1362<br \/>\nFrom 9:00 (CEST)<\/h2>\n<table width=\"1002\">\n<tbody>\n<tr>\n<td style=\"text-align: center;\" width=\"169\"><strong>First name<\/strong><\/td>\n<td style=\"text-align: center;\" width=\"155\"><strong>Last name<\/strong><\/td>\n<td style=\"text-align: center;\" width=\"339\"><strong>University<\/strong><\/td>\n<td style=\"text-align: center;\" width=\"339\"><strong>Title<\/strong><\/td>\n<\/tr>\n<tr>\n<td>Nikolai<\/td>\n<td>Mikhailov<\/td>\n<td width=\"339\">N.N. Burdenko Voronezh State Medical University<\/td>\n<td width=\"339\">New method of treatment of soft tissue wounds<\/td>\n<\/tr>\n<tr>\n<td>Marta<\/td>\n<td>\u0141ukomska<\/td>\n<td width=\"339\">Poznan University of Medical Science<\/td>\n<td width=\"339\">The usefulness of narrow-band imaging (NBI) in the detection of primary tumor localization &#8211; CUP syndrome<\/td>\n<\/tr>\n<tr>\n<td>Diana<\/td>\n<td>Prikule<\/td>\n<td width=\"339\">Evdokimov Moscow State University of Medicine and Dentistry, Moscow, Russian Federation<\/td>\n<td width=\"339\">Raman-fluorescent diagnostic method for evaluating the effectiveness of the oral cavity hygiene<\/td>\n<\/tr>\n<tr>\n<td>Agnieszka<\/td>\n<td>Bugaj<\/td>\n<td width=\"339\">Pozna\u0144 University of Medical Sciences, Poland<\/td>\n<td width=\"339\">Sialendoscopy in strictures of salivary ducts \u2013 conclusions of two-year follow-up.<\/td>\n<\/tr>\n<tr>\n<td>Hana<\/td>\n<td>Idelbi<\/td>\n<td width=\"339\">Semmelweis University<\/td>\n<td width=\"339\">Recurrence of atrial fibrillation after pulmonary vein isolation in correlation with pulmonary vein anatomy<\/td>\n<\/tr>\n<tr>\n<td>NODIRBEK<\/td>\n<td>KHALIKOV<\/td>\n<td width=\"339\">RUDN University<\/td>\n<td width=\"339\">PERINEAL VARICOSE VIENS IN PREGNANT WOMEN WITH VARICOSE VEINS OF THE LOWER-EXTREMITIES<\/td>\n<\/tr>\n<tr>\n<td>Svetlana<\/td>\n<td>Loginova<\/td>\n<td width=\"339\">RUDN University\u00a0<\/td>\n<td width=\"339\">The role of intravascular imaging methods to improve the efficiency of percutaneous cardiovascular interventions on patient with left main bifurcation lesions.<\/td>\n<\/tr>\n<tr>\n<td>Erika<\/td>\n<td>Kisp\u00e1l<\/td>\n<td width=\"339\">Semmelweis University<\/td>\n<td width=\"339\">Right Ventricular Mechanical Pattern in Patients Undergoing Mitral Valve Surgery: Predictor of Postoperative Dysfunction?<\/td>\n<\/tr>\n<tr>\n<td>OSHADHI<\/td>\n<td>JAYAKODI<\/td>\n<td width=\"339\">RUDN University, Moscow, Russia<\/td>\n<td width=\"339\">EVALUATION OF SOCIAL MEDIA SURVEILLANCE FOR IMPROVED DISEASE RECOGNITION AND MONITORING IN SRI LANKA<\/td>\n<\/tr>\n<tr>\n<td>Chiara\u00a0<\/td>\n<td>Nardocci<\/td>\n<td width=\"339\">Semmelweis University<\/td>\n<td width=\"339\">Differentiation between physiological sport adaptation and hypertrophic cardiomyopathy in highly trained athletes using cardiac magnetic resonance<\/td>\n<\/tr>\n<tr>\n<td>Ivan<\/td>\n<td>Belenov<\/td>\n<td width=\"339\">Voronezh State Medical University named after N.N. Burdenko<\/td>\n<td width=\"339\">Application of amino acids in the restoration of the tooth enamel structure<\/td>\n<\/tr>\n<\/tbody>\n<\/table>\n<p>&nbsp;<\/p>\n<hr \/>\n<h2>Clinical sciences B &#8211; Zoom Meeting ID: 919 3222 0394<br \/>\nFrom 9:00 (CEST)<\/h2>\n<table width=\"1306\">\n<tbody>\n<tr>\n<td style=\"text-align: center;\" width=\"197\"><strong>First name<\/strong><\/td>\n<td style=\"text-align: center;\" width=\"299\"><strong>Last name<\/strong><\/td>\n<td style=\"text-align: center;\" width=\"471\"><strong>University<\/strong><\/td>\n<td style=\"text-align: center;\" width=\"339\"><strong>Title<\/strong><\/td>\n<\/tr>\n<tr>\n<td>Hassan<\/td>\n<td>Alsayed Hachem<\/td>\n<td width=\"471\">RUDN University\u00a0<\/td>\n<td width=\"339\">Prevalence of dental caries among 12-18 years old children in Kafra, South Lebanon<\/td>\n<\/tr>\n<tr>\n<td>Hasan<\/td>\n<td>Mohammad\u00a0 Mahmudul<\/td>\n<td width=\"471\">TSU<\/td>\n<td width=\"339\">&#8221; Advantages and disadvantages of\u00a0 Single-port laparoscopic cholecystectomy &#8222;<\/td>\n<\/tr>\n<tr>\n<td>Andreev<\/td>\n<td>Pavel<\/td>\n<td width=\"471\">N.N. Burdenko Voronezh State Medical University<\/td>\n<td width=\"339\">Tumor necrosis factor alpha and its expression in mast cells in breast cancer\u00a0<\/td>\n<\/tr>\n<tr>\n<td>M\u00e1t\u00e9<\/td>\n<td>Babity<\/td>\n<td width=\"471\">Semmelweis University<\/td>\n<td width=\"339\">Health-conscious attitudes of Hungarian athletes and referees<\/td>\n<\/tr>\n<tr>\n<td>Leonhard M.<\/td>\n<td>von Beck<\/td>\n<td width=\"471\">Semmelweis University<\/td>\n<td width=\"339\">Risk stratification of septic patients in the emergency room<\/td>\n<\/tr>\n<tr>\n<td>Moor\u00a0<\/td>\n<td>Roman<\/td>\n<td width=\"471\">VSMU named after N.N.Burdenko<\/td>\n<td width=\"339\">URIC ACID AND CARDIOVASCULAR DISEASES\u00a0<\/td>\n<\/tr>\n<tr>\n<td>Patrycja<\/td>\n<td>Rzeso\u015b<\/td>\n<td width=\"471\">Poznan University of Medical Sciences<\/td>\n<td width=\"339\">The quality of life in patients with obturative sleep apnea<\/td>\n<\/tr>\n<tr>\n<td>KEHINDE<\/td>\n<td>TOM-AYEGUNLE<\/td>\n<td width=\"471\">RUDN University<\/td>\n<td width=\"339\">ETIOLOGY AND DIAGNOSIS OF PROTRACTED BACTERIAL BRONCHITIS IN CHILDREN<\/td>\n<\/tr>\n<tr>\n<td>Stark<\/td>\n<td>Kl\u00e1ra Aliz<\/td>\n<td width=\"471\">Semmelweis University<\/td>\n<td width=\"339\">Orally administered zinc-aspirinate complex reduces ischemia-reperfusion injury of arterial bypass grafts in a rodent model\u00a0<\/td>\n<\/tr>\n<tr>\n<td>Tatiana<\/td>\n<td>Chernik<\/td>\n<td width=\"471\">VSMU named after N.N. Burdenko<\/td>\n<td width=\"339\">Evaluation of the metabolic syndrome effect on the course of chronic heart failure<\/td>\n<\/tr>\n<tr>\n<td>Bartosz<\/td>\n<td>Wojtera<\/td>\n<td width=\"471\">Pozna\u0144 University of Medical Sciences<\/td>\n<td width=\"339\">Feelings of children during medical procedures &#8211; the matter of their age, sex or experience?<\/td>\n<\/tr>\n<\/tbody>\n<\/table>\n","protected":false},"excerpt":{"rendered":"<p>Basic Sciences &#8211; Zoom Meeting ID: 926 8422 7217 From 9:00 (CEST) First name Last name University Title Edward\u00a0 Clarke Medical University of \u0141\u00f3d\u017a, Poland\u00a0 Pectoralis major muscle: anatomical variations and innervation patterns and a discussion on its clincal relavance\u00a0\u00a0 Gevorkyan\u00a0 Zare Pirogov Russian National Research Medical University Heparin-inducted type ii thrombocytopenia RAMIZ MOKHAMED EL-KHALAF\u00a0 &hellip;<\/p>\n","protected":false},"author":101600,"featured_media":0,"parent":4936,"menu_order":0,"comment_status":"closed","ping_status":"closed","template":"","meta":{"_acf_changed":false,"footnotes":""},"categories":[],"tags":[],"class_list":["post-6113","page","type-page","status-publish","hentry"],"acf":[],"publishpress_future_action":{"enabled":false,"date":"1970-01-01 01:00:00","action":"","terms":[],"taxonomy":"","browser_timezone_offset":0},"_links":{"self":[{"href":"https:\/\/semmelweis.hu\/tdk\/wp-json\/wp\/v2\/pages\/6113","targetHints":{"allow":["GET"]}}],"collection":[{"href":"https:\/\/semmelweis.hu\/tdk\/wp-json\/wp\/v2\/pages"}],"about":[{"href":"https:\/\/semmelweis.hu\/tdk\/wp-json\/wp\/v2\/types\/page"}],"author":[{"embeddable":true,"href":"https:\/\/semmelweis.hu\/tdk\/wp-json\/wp\/v2\/users\/101600"}],"replies":[{"embeddable":true,"href":"https:\/\/semmelweis.hu\/tdk\/wp-json\/wp\/v2\/comments?post=6113"}],"version-history":[{"count":2,"href":"https:\/\/semmelweis.hu\/tdk\/wp-json\/wp\/v2\/pages\/6113\/revisions"}],"predecessor-version":[{"id":11164,"href":"https:\/\/semmelweis.hu\/tdk\/wp-json\/wp\/v2\/pages\/6113\/revisions\/11164"}],"up":[{"embeddable":true,"href":"https:\/\/semmelweis.hu\/tdk\/wp-json\/wp\/v2\/pages\/4936"}],"wp:attachment":[{"href":"https:\/\/semmelweis.hu\/tdk\/wp-json\/wp\/v2\/media?parent=6113"}],"wp:term":[{"taxonomy":"category","embeddable":true,"href":"https:\/\/semmelweis.hu\/tdk\/wp-json\/wp\/v2\/categories?post=6113"},{"taxonomy":"post_tag","embeddable":true,"href":"https:\/\/semmelweis.hu\/tdk\/wp-json\/wp\/v2\/tags?post=6113"}],"curies":[{"name":"wp","href":"https:\/\/api.w.org\/{rel}","templated":true}]}}