{"id":6055,"date":"2020-08-19T10:29:27","date_gmt":"2020-08-19T08:29:27","guid":{"rendered":"https:\/\/semmelweis.hu\/tdk\/?page_id=6055"},"modified":"2024-09-04T15:00:09","modified_gmt":"2024-09-04T13:00:09","slug":"introduction-to-principles-of-students-scientific-research","status":"publish","type":"page","link":"https:\/\/semmelweis.hu\/tdk\/en\/introduction-to-principles-of-students-scientific-research\/","title":{"rendered":"Education"},"content":{"rendered":"<h1>Introduction to principles of students\u2019 scientific research<\/h1>\n<h3>The course will be held during the Spring semester of the 2024\/2025 academic year.<\/h3>\n<p>We offer you a course belonging to SSA work: the <em><strong>Introduction to principles of students\u2019 scientific research.<\/strong><\/em><\/p>\n<p>The purpose of the subject is to <strong>familiarize students with the basic knowledge needed for the beginning of any scientific work<\/strong>.<\/p>\n<p>The aim of the subject is to equip students with these skills before starting the SSA work, or even during an already running SSA work that has already started at the Semmelweis University.<\/p>\n<p>Topics include, but are not limited to the planning of a scientific project, help in literature search, presentation skills, guide to write a formal thesis and biostatistical principles.<\/p>\n<div class=\"keretes w-100\">\n<p><strong>Sign up for the subject via NEPTUN.<\/strong><\/p>\n<p><span style=\"color: #000000\"><strong>Venue:<\/strong> Semmelweis University, 1089 Budapest, Nagyv\u00e1rad square 4. (NET building), brown lecture hall, <\/span><\/p>\n<p><span style=\"color: #000000\"><strong>Time:<\/strong> every Thursday 5.00 pm -6.30 pm\u00a0<\/span><\/p>\n<p><strong>Type of exam:<\/strong> essay &#8211; up to 500 words<br \/>\nfor writing the essay use the one or more material of the lectures to present what you have learned in the course\u00a0to present the useful skills what you can use about your research or your research in the future<\/p>\n<p><strong>Credit value:<\/strong> 2.<\/p>\n<\/div>\n<p><strong><span style=\"color: #ff0000\">First lecture: 13\/02\/2025 5.00 pm<\/span><\/strong><\/p>\n<h2>Detailed Curriculum<\/h2>\n<p><strong>1. <\/strong><strong>week 13\/02\/2025 5.00 pm<\/strong><\/p>\n<p><strong>Introduction to a Scientific Student Work. Past and present. The process and faults of information processing.<\/strong><\/p>\n<p>Prof Dr Attila SZIJ\u00c1RT\u00d3<br \/>\nuniversity professor, director, president of SSA<br \/>\nSemmelweis University, Department of Surgery, Transplantation and Gastroenterology<\/p>\n<p>&nbsp;<\/p>\n<p><strong>2. week 20\/02\/2025 5.00 pm<\/strong><\/p>\n<p><strong>The future of science and the importance of innovation<\/strong><\/p>\n<p>Prof Dr P\u00e9ter FERDINANDY<br \/>\nvice-rector for science and innovations<br \/>\nuniversity professor, director <br \/>\nSemmelweis University, Department of Pharmacology and Pharmacotherapy<\/p>\n<p>&nbsp;<\/p>\n<p><strong>3. week 27\/02\/2025 5.00 pm<\/strong><\/p>\n<p><strong>Basic biomedical research in the 21st century<\/strong><\/p>\n<p>Prof Dr Attila M\u00d3CSAI<br \/>\nuniversity professor, director<br \/>\nDepartment of Physiology<\/p>\n<p>&nbsp;<\/p>\n<p><strong>4. week 06\/03\/2025 5.00 pm<\/strong><\/p>\n<p><strong>Literature research<\/strong><\/p>\n<p>P\u00e9ter SZLUKA<br \/>\ndirector<br \/>\nSemmelweis University Central Library<\/p>\n<p>&nbsp;<\/p>\n<p><strong>5. week 13\/03\/2025 5.00 pm<\/strong><\/p>\n<p><strong>Ethical questions of Human Research<\/strong><\/p>\n<p>Dr L\u00e1szl\u00f3 NEMES<br \/>\nassistant professor<br \/>\nInstitute of Behavioural Sciences<\/p>\n<p>&nbsp;<\/p>\n<p><strong>\u00a0<\/strong><strong>6. <\/strong><strong>week 20\/03\/2025 5.00 pm<\/strong><\/p>\n<p><strong>Preparation of scientific works, publications, and theses<\/strong><\/p>\n<p>Dr Andr\u00e1s F\u00dcL\u00d6P<br \/>\nassistant professor<br \/>\nSemmelweis University, Department of Surgery, Transplantation and Gastroenterology<\/p>\n<p><strong>\u00a0<\/strong><\/p>\n<p><strong>7. week 27\/03\/2025 5.00 pm<\/strong><\/p>\n<p><strong>Recipe for the future<\/strong><\/p>\n<p>Dr Szil\u00e1rd V\u00c1NCSA<br \/>\ndeputy director<br \/>\nCentre for Translational Medicine<\/p>\n<p>&nbsp;<\/p>\n<p><strong>8. week 03\/04\/2025 5.00 pm<\/strong><\/p>\n<p><strong>Basic and clinical biostatistics in daily use<\/strong><\/p>\n<p>Prof Dr Zolt\u00e1n PROH\u00c1SZKA<br \/>\nuniversity professor<br \/>\nDepartment of Internal Medicine and Haematology<\/p>\n<p>&nbsp;<\/p>\n<p><strong>9. <\/strong><strong>week 10\/04\/2025 5.00 pm<\/strong><\/p>\n<p><strong>Advanced biostatistics<\/strong><\/p>\n<p>Dr G\u00e1bor K\u00d6K\u00c9NY<br \/>\nassociate professor<br \/>\nDepartment of Translational Medicine<\/p>\n<p>&nbsp;<\/p>\n<p><strong>10. week 17\/04\/2025 5.00 pm<\/strong><\/p>\n<p><strong>The basic principles and the ethics of animal experimentation<\/strong><\/p>\n<p>Dr Gy\u00f6rgyi SZAB\u00d3<br \/>\nassociate professor, deputy director of the institute<br \/>\nDepartment of Surgical Research and Techniques<\/p>\n<p>&nbsp;<\/p>\n<p><strong>11. week 24\/04\/2025 5.00 pm<\/strong><\/p>\n<p><strong>Presentation and style<\/strong><\/p>\n<p>Mil\u00e1n Gerg\u0151 LEINDLER<br \/>\ninstructor<br \/>\nFaculty of Health Sciences, Department of Applied Psychology<\/p>\n<p>&nbsp;<\/p>\n<p><strong>12. week 08\/05\/2025 5.00 pm<\/strong><\/p>\n<p><strong>Data saves lives and public money<\/strong><\/p>\n<p>Prof Dr Mikl\u00f3s SZ\u00d3CSKA<br \/>\ndean of faculty, Faculty of Health and Public Administration<br \/>\nuniversity professor, director<br \/>\nHealth Services Management Training Centre<\/p>\n<p>&nbsp;<\/p>\n<p><strong>13. week 15\/05\/2025 5.00 pm<\/strong><\/p>\n<p><strong>Course completion, summary<\/strong><\/p>\n<p>Course completion, summary.<br \/>\nProf Dr Attila SZIJ\u00c1RT\u00d3<br \/>\nuniversity professor, director, president of SSA<br \/>\nSemmelweis University, Department of Surgery, Transplantation and Gastroenterology<\/p>\n","protected":false},"excerpt":{"rendered":"<p>Introduction to principles of students\u2019 scientific research The course will be held during the Spring semester of the 2024\/2025 academic year. We offer you a course belonging to SSA work: the Introduction to principles of students\u2019 scientific research. The purpose of the subject is to familiarize students with the basic knowledge needed for the beginning &hellip;<\/p>\n","protected":false},"author":101596,"featured_media":0,"parent":0,"menu_order":2,"comment_status":"closed","ping_status":"closed","template":"","meta":{"_acf_changed":false,"footnotes":""},"categories":[],"tags":[],"class_list":["post-6055","page","type-page","status-publish","hentry"],"acf":[],"publishpress_future_action":{"enabled":false,"date":"1970-01-01 01:00:00","action":"","terms":[],"taxonomy":"","browser_timezone_offset":0},"_links":{"self":[{"href":"https:\/\/semmelweis.hu\/tdk\/wp-json\/wp\/v2\/pages\/6055","targetHints":{"allow":["GET"]}}],"collection":[{"href":"https:\/\/semmelweis.hu\/tdk\/wp-json\/wp\/v2\/pages"}],"about":[{"href":"https:\/\/semmelweis.hu\/tdk\/wp-json\/wp\/v2\/types\/page"}],"author":[{"embeddable":true,"href":"https:\/\/semmelweis.hu\/tdk\/wp-json\/wp\/v2\/users\/101596"}],"replies":[{"embeddable":true,"href":"https:\/\/semmelweis.hu\/tdk\/wp-json\/wp\/v2\/comments?post=6055"}],"version-history":[{"count":12,"href":"https:\/\/semmelweis.hu\/tdk\/wp-json\/wp\/v2\/pages\/6055\/revisions"}],"predecessor-version":[{"id":11158,"href":"https:\/\/semmelweis.hu\/tdk\/wp-json\/wp\/v2\/pages\/6055\/revisions\/11158"}],"wp:attachment":[{"href":"https:\/\/semmelweis.hu\/tdk\/wp-json\/wp\/v2\/media?parent=6055"}],"wp:term":[{"taxonomy":"category","embeddable":true,"href":"https:\/\/semmelweis.hu\/tdk\/wp-json\/wp\/v2\/categories?post=6055"},{"taxonomy":"post_tag","embeddable":true,"href":"https:\/\/semmelweis.hu\/tdk\/wp-json\/wp\/v2\/tags?post=6055"}],"curies":[{"name":"wp","href":"https:\/\/api.w.org\/{rel}","templated":true}]}}