{"id":5852,"date":"2020-06-05T08:18:22","date_gmt":"2020-06-05T06:18:22","guid":{"rendered":"https:\/\/semmelweis.hu\/tdk\/?page_id=5852"},"modified":"2025-07-16T12:08:59","modified_gmt":"2025-07-16T10:08:59","slug":"laboratoriumi-medicina-intezet-rektori-palyazat-2020-2021-2","status":"publish","type":"page","link":"https:\/\/semmelweis.hu\/tdk\/rektori-palyazat\/rektori-palyazat-meghirdetett-temak\/laboratoriumi-medicina-intezet-rektori-palyazat-2020-2021-2\/","title":{"rendered":"Laborat\u00f3riumi Medicina Int\u00e9zet &#8211; Rektori p\u00e1ly\u00e1zat"},"content":{"rendered":"<p><strong>Laborat\u00f3riumi Medicina Int\u00e9zet Rektori p\u00e1ly\u00e1zat 2025\/2026<\/strong><\/p>\n<table style=\"border-collapse: collapse;width: 100%\">\n<tbody>\n<tr>\n<td style=\"width: 50%;text-align: center\"><strong>P\u00e1lyat\u00e9tel c\u00edme<\/strong><\/td>\n<td style=\"width: 50%;text-align: center\"><strong>Konzulens (fokozattal)<\/strong><\/td>\n<\/tr>\n<tr>\n<td style=\"width: 50%\">\n<p>Hypogonadotrop hypogonadizmus h\u00e1tter\u00e9ben \u00e1ll\u00f3 g\u00e9npanel vizsg\u00e1lata \u00fajgener\u00e1ci\u00f3s szekven\u00e1l\u00e1s seg\u00edts\u00e9g\u00e9vel.<\/p>\n<\/td>\n<td style=\"width: 50%\">\n<p>Dr. Butz Henriett PhD<\/p>\n<\/td>\n<\/tr>\n<tr>\n<td style=\"width: 50%\">A congenitalis adrenalis hyperplasia mut\u00e1ci\u00f3k spektruma a magyar popul\u00e1ci\u00f3ban.<\/td>\n<td style=\"width: 50%\">\n<p>Dr. Doleschall M\u00e1rton PhD<\/p>\n<\/td>\n<\/tr>\n<tr>\n<td style=\"width: 50%\">\n<p>Az \u00e9letmin\u0151s\u00e9g \u00e9s a comorbitit\u00e1sok \u00f6sszef\u00fcgg\u00e9se congenitalis adrenalis hyperplasi\u00e1ban.<\/p>\n<\/td>\n<td style=\"width: 50%\">\n<p>Dr. Doleschall M\u00e1rton PhD<\/p>\n<\/td>\n<\/tr>\n<tr>\n<td style=\"width: 50%\">\n<p>\u00dajsz\u00fcl\u00f6ttkori hypoxi\u00e1s inzultus experiment\u00e1lis modelljei \u00e9s a laborat\u00f3riumi vizsg\u00e1latok jelent\u0151s\u00e9ge.<\/p>\n<\/td>\n<td style=\"width: 50%\">\n<p>Prof. Dr. V\u00e1s\u00e1rhelyi Barna Ph.D., D.Sc.<\/p>\n<\/td>\n<\/tr>\n<\/tbody>\n<\/table>\n","protected":false},"excerpt":{"rendered":"<p>Laborat\u00f3riumi Medicina Int\u00e9zet Rektori p\u00e1ly\u00e1zat 2025\/2026 P\u00e1lyat\u00e9tel c\u00edme Konzulens (fokozattal) Hypogonadotrop hypogonadizmus h\u00e1tter\u00e9ben \u00e1ll\u00f3 g\u00e9npanel vizsg\u00e1lata \u00fajgener\u00e1ci\u00f3s szekven\u00e1l\u00e1s seg\u00edts\u00e9g\u00e9vel. Dr. Butz Henriett PhD A congenitalis adrenalis hyperplasia mut\u00e1ci\u00f3k spektruma a magyar popul\u00e1ci\u00f3ban. Dr. Doleschall M\u00e1rton PhD Az \u00e9letmin\u0151s\u00e9g \u00e9s a comorbitit\u00e1sok \u00f6sszef\u00fcgg\u00e9se congenitalis adrenalis hyperplasi\u00e1ban. Dr. Doleschall M\u00e1rton PhD \u00dajsz\u00fcl\u00f6ttkori hypoxi\u00e1s inzultus experiment\u00e1lis modelljei \u00e9s &hellip;<\/p>\n","protected":false},"author":101596,"featured_media":0,"parent":9092,"menu_order":0,"comment_status":"closed","ping_status":"closed","template":"","meta":{"_acf_changed":false,"footnotes":""},"categories":[],"tags":[99],"class_list":["post-5852","page","type-page","status-publish","hentry","tag-aok-rektori-palyazat"],"acf":[],"publishpress_future_action":{"enabled":false,"date":"1970-01-01 01:00:00","action":"","terms":[],"taxonomy":"","browser_timezone_offset":0},"_links":{"self":[{"href":"https:\/\/semmelweis.hu\/tdk\/wp-json\/wp\/v2\/pages\/5852","targetHints":{"allow":["GET"]}}],"collection":[{"href":"https:\/\/semmelweis.hu\/tdk\/wp-json\/wp\/v2\/pages"}],"about":[{"href":"https:\/\/semmelweis.hu\/tdk\/wp-json\/wp\/v2\/types\/page"}],"author":[{"embeddable":true,"href":"https:\/\/semmelweis.hu\/tdk\/wp-json\/wp\/v2\/users\/101596"}],"replies":[{"embeddable":true,"href":"https:\/\/semmelweis.hu\/tdk\/wp-json\/wp\/v2\/comments?post=5852"}],"version-history":[{"count":5,"href":"https:\/\/semmelweis.hu\/tdk\/wp-json\/wp\/v2\/pages\/5852\/revisions"}],"predecessor-version":[{"id":11515,"href":"https:\/\/semmelweis.hu\/tdk\/wp-json\/wp\/v2\/pages\/5852\/revisions\/11515"}],"up":[{"embeddable":true,"href":"https:\/\/semmelweis.hu\/tdk\/wp-json\/wp\/v2\/pages\/9092"}],"wp:attachment":[{"href":"https:\/\/semmelweis.hu\/tdk\/wp-json\/wp\/v2\/media?parent=5852"}],"wp:term":[{"taxonomy":"category","embeddable":true,"href":"https:\/\/semmelweis.hu\/tdk\/wp-json\/wp\/v2\/categories?post=5852"},{"taxonomy":"post_tag","embeddable":true,"href":"https:\/\/semmelweis.hu\/tdk\/wp-json\/wp\/v2\/tags?post=5852"}],"curies":[{"name":"wp","href":"https:\/\/api.w.org\/{rel}","templated":true}]}}