{"id":5847,"date":"2020-06-04T13:10:37","date_gmt":"2020-06-04T11:10:37","guid":{"rendered":"https:\/\/semmelweis.hu\/tdk\/?page_id=5847"},"modified":"2024-08-15T08:54:57","modified_gmt":"2024-08-15T06:54:57","slug":"mta-koki-rektori-palyazat-2020-2021","status":"publish","type":"page","link":"https:\/\/semmelweis.hu\/tdk\/en\/steps-to-pursue-research-as-a-student\/topics-and-supervisors\/mta-koki-rektori-palyazat-2020-2021\/","title":{"rendered":"MTA KOKI Rektori P\u00e1ly\u00e1zat 2020\/2021"},"content":{"rendered":"<table style=\"border-collapse: collapse;width: 100%\">\n<tbody>\n<tr>\n<td style=\"width: 59.5436%;text-align: center\" width=\"592\"><strong>P\u00e1lyat\u00e9tel c\u00edme\u00a0<\/strong><\/td>\n<td style=\"width: 40.249%;text-align: center\" width=\"406\"><strong>Konzulens (fokozattal)<\/strong><\/td>\n<\/tr>\n<tr>\n<td style=\"width: 59.5436%\">A median raphe k\u00fcl\u00f6nf\u00e9le sejtjeinek szerepe a szoci\u00e1lis viselked\u00e9sben<\/td>\n<td style=\"width: 40.249%\">Zelena D\u00f3ra MD, PhD, DSc, Med Hab, tudom\u00e1nyos tan\u00e1csad\u00f3<\/td>\n<\/tr>\n<tr>\n<td style=\"width: 59.5436%\">A poszttraum\u00e1s stresszzavar, mint a metabolizmus zavara<\/td>\n<td style=\"width: 40.249%\">Zelena D\u00f3ra MD, PhD, DSc, Med Hab, tudom\u00e1nyos tan\u00e1csad\u00f3<\/td>\n<\/tr>\n<tr>\n<td style=\"width: 59.5436%\">Mem\u00f3riaszab\u00e1lyoz\u00f3 hippocamp\u00e1lis interneuronok dendritikus param\u00e9terei.<\/td>\n<td style=\"width: 40.249%\">Nyiri G\u00e1bor, PhD, tud. F\u0151munkat\u00e1rs<\/td>\n<\/tr>\n<tr>\n<td style=\"width: 59.5436%\">Sejtmorfol\u00f3giai \u00e9s szinaptikus v\u00e1ltoz\u00e1sok id\u0151beni lefoly\u00e1sa akut fiziol\u00f3gi\u00e1s agyszeletben<\/td>\n<td style=\"width: 40.249%\">Cser\u00e9p Csaba, PhD<\/td>\n<\/tr>\n<tr>\n<td style=\"width: 59.5436%\">A rosztr\u00e1lis hipotalamusz kisspeptin neuronjainak jellemz\u00e9se emberben<\/td>\n<td style=\"width: 40.249%\">Hrabovszky Erik, MD, PhD, DSc, Med Hab, tudom\u00e1nyos tan\u00e1csad\u00f3<\/td>\n<\/tr>\n<tr>\n<td style=\"width: 59.5436%\">A hum\u00e1n anterior thalamus nukle\u00e1ris szegment\u00e1ci\u00f3ja funkcion\u00e1lis neurok\u00e9miai markerek alapj\u00e1n<\/td>\n<td style=\"width: 40.249%\">Acs\u00e1dy L\u00e1szl\u00f3, PhD, DSc, tudom\u00e1nyos tan\u00e1csad\u00f3, MTA tagja<\/td>\n<\/tr>\n<\/tbody>\n<\/table>\n","protected":false},"excerpt":{"rendered":"<p>P\u00e1lyat\u00e9tel c\u00edme\u00a0 Konzulens (fokozattal) A median raphe k\u00fcl\u00f6nf\u00e9le sejtjeinek szerepe a szoci\u00e1lis viselked\u00e9sben Zelena D\u00f3ra MD, PhD, DSc, Med Hab, tudom\u00e1nyos tan\u00e1csad\u00f3 A poszttraum\u00e1s stresszzavar, mint a metabolizmus zavara Zelena D\u00f3ra MD, PhD, DSc, Med Hab, tudom\u00e1nyos tan\u00e1csad\u00f3 Mem\u00f3riaszab\u00e1lyoz\u00f3 hippocamp\u00e1lis interneuronok dendritikus param\u00e9terei. Nyiri G\u00e1bor, PhD, tud. F\u0151munkat\u00e1rs Sejtmorfol\u00f3giai \u00e9s szinaptikus v\u00e1ltoz\u00e1sok id\u0151beni lefoly\u00e1sa akut &hellip;<\/p>\n","protected":false},"author":101596,"featured_media":0,"parent":4996,"menu_order":0,"comment_status":"closed","ping_status":"closed","template":"","meta":{"_acf_changed":false,"footnotes":""},"categories":[],"tags":[],"class_list":["post-5847","page","type-page","status-publish","hentry"],"acf":[],"publishpress_future_action":{"enabled":false,"date":"1970-01-01 01:00:00","action":"","terms":[],"taxonomy":"","browser_timezone_offset":0},"_links":{"self":[{"href":"https:\/\/semmelweis.hu\/tdk\/wp-json\/wp\/v2\/pages\/5847","targetHints":{"allow":["GET"]}}],"collection":[{"href":"https:\/\/semmelweis.hu\/tdk\/wp-json\/wp\/v2\/pages"}],"about":[{"href":"https:\/\/semmelweis.hu\/tdk\/wp-json\/wp\/v2\/types\/page"}],"author":[{"embeddable":true,"href":"https:\/\/semmelweis.hu\/tdk\/wp-json\/wp\/v2\/users\/101596"}],"replies":[{"embeddable":true,"href":"https:\/\/semmelweis.hu\/tdk\/wp-json\/wp\/v2\/comments?post=5847"}],"version-history":[{"count":2,"href":"https:\/\/semmelweis.hu\/tdk\/wp-json\/wp\/v2\/pages\/5847\/revisions"}],"predecessor-version":[{"id":5849,"href":"https:\/\/semmelweis.hu\/tdk\/wp-json\/wp\/v2\/pages\/5847\/revisions\/5849"}],"up":[{"embeddable":true,"href":"https:\/\/semmelweis.hu\/tdk\/wp-json\/wp\/v2\/pages\/4996"}],"wp:attachment":[{"href":"https:\/\/semmelweis.hu\/tdk\/wp-json\/wp\/v2\/media?parent=5847"}],"wp:term":[{"taxonomy":"category","embeddable":true,"href":"https:\/\/semmelweis.hu\/tdk\/wp-json\/wp\/v2\/categories?post=5847"},{"taxonomy":"post_tag","embeddable":true,"href":"https:\/\/semmelweis.hu\/tdk\/wp-json\/wp\/v2\/tags?post=5847"}],"curies":[{"name":"wp","href":"https:\/\/api.w.org\/{rel}","templated":true}]}}