{"id":5296,"date":"2019-11-14T20:10:43","date_gmt":"2019-11-14T19:10:43","guid":{"rendered":"http:\/\/semmelweis.hu\/tdk\/?page_id=5296"},"modified":"2020-10-15T11:08:55","modified_gmt":"2020-10-15T09:08:55","slug":"award-for-outstanding-scientific-work","status":"publish","type":"page","link":"https:\/\/semmelweis.hu\/tdk\/en\/applications\/award-for-outstanding-scientific-work\/","title":{"rendered":"Award for Outstanding Scientific Work"},"content":{"rendered":"<p>&nbsp;<\/p>\n<p style=\"text-align: center\"><strong>AWARD FOR OUTSTANDING SCIENTIFIC PERFORMANCE <br \/>\nFOR STUDENTS OF SEMMELWEIS UNIVERSITY<\/strong><\/p>\n<p><strong>\u00a0<\/strong><\/p>\n<p style=\"text-align: center\">The Council of Semmelweis University Students\u2019 Scientific Association calls for<\/p>\n<p style=\"text-align: center\"><strong>students graduated in the academic year 2019\/2020<\/strong><\/p>\n<p style=\"text-align: center\">to apply for the &#8222;Semmelweis Egyetem Kiv\u00e1l\u00f3 Di\u00e1kk\u00f6r\u00f6se&#8221; award.<\/p>\n<p style=\"text-align: justify\">The award aims to acknowledge outstanding scientific work performed during university years. The award is adjudicated by the Council of Semmelweis University Students\u2019 Scientific Association following the closure of applications to a maximum of 10 people.<\/p>\n<p style=\"text-align: justify\">The award comes with a grant of 50.000 HUF.<\/p>\n<p style=\"text-align: justify\">Prizes are handed out during the opening ceremony of the annual TDK conference, on 10th of February 2021.<\/p>\n<p style=\"text-align: justify\">The application form can be reached via the following link:<\/p>\n<p><a href=\"https:\/\/forms.gle\/rqDBFAxE3Au61dgJ8\">https:\/\/forms.gle\/rqDBFAxE3Au61dgJ8<\/a><\/p>\n<p style=\"text-align: justify\">\u00a0<\/p>\n<p style=\"text-align: justify\">Application criteria:<\/p>\n<p style=\"text-align: justify\">&#8211; the applicant has graduated from any faculty of Semmelweis University in the academic year 2019\/2020. (including BSc)<\/p>\n<p style=\"text-align: justify\">&#8211; the applicant has not applied for this award before.<\/p>\n<p style=\"text-align: justify\">\u00a0<\/p>\n<p style=\"text-align: justify\">The application should include:<\/p>\n<p style=\"text-align: justify\">&#8211; filling out the application form<\/p>\n<p style=\"text-align: justify\">&#8211; a copy of the university degree<\/p>\n<p style=\"text-align: justify\">&#8211; a schematic CV (with particular focus on TDK and OTDK conference achievements, rectorial awards)<\/p>\n<p style=\"text-align: justify\">&#8211; a copy of the first page of any published scientific paper and\u00a0 the abstract of a presentation\/poster presented at scientific conferences.<\/p>\n<p style=\"text-align: justify\">\u00a0<\/p>\n<p style=\"text-align: justify\">Please send applications to: office.se.tdk@gmail.com<\/p>\n<p style=\"text-align: justify\">Subject: Kiv\u00e1l\u00f3 Di\u00e1kk\u00f6r\u00f6s 2019\/2020<\/p>\n<p style=\"text-align: justify\">\u00a0<\/p>\n<p style=\"text-align: justify\">Application deadline: 2020. November 15. 24h<\/p>\n<p>&nbsp;<\/p>\n","protected":false},"excerpt":{"rendered":"<p>&nbsp; AWARD FOR OUTSTANDING SCIENTIFIC PERFORMANCE FOR STUDENTS OF SEMMELWEIS UNIVERSITY \u00a0 The Council of Semmelweis University Students\u2019 Scientific Association calls for students graduated in the academic year 2019\/2020 to apply for the &#8222;Semmelweis Egyetem Kiv\u00e1l\u00f3 Di\u00e1kk\u00f6r\u00f6se&#8221; award. The award aims to acknowledge outstanding scientific work performed during university years. The award is adjudicated by &hellip;<\/p>\n","protected":false},"author":101600,"featured_media":0,"parent":5114,"menu_order":0,"comment_status":"closed","ping_status":"closed","template":"","meta":{"_acf_changed":false,"footnotes":""},"categories":[],"tags":[],"class_list":["post-5296","page","type-page","status-publish","hentry"],"acf":[],"publishpress_future_action":{"enabled":false,"date":"1970-01-01 01:00:00","action":"","terms":[],"taxonomy":"","browser_timezone_offset":0},"_links":{"self":[{"href":"https:\/\/semmelweis.hu\/tdk\/wp-json\/wp\/v2\/pages\/5296","targetHints":{"allow":["GET"]}}],"collection":[{"href":"https:\/\/semmelweis.hu\/tdk\/wp-json\/wp\/v2\/pages"}],"about":[{"href":"https:\/\/semmelweis.hu\/tdk\/wp-json\/wp\/v2\/types\/page"}],"author":[{"embeddable":true,"href":"https:\/\/semmelweis.hu\/tdk\/wp-json\/wp\/v2\/users\/101600"}],"replies":[{"embeddable":true,"href":"https:\/\/semmelweis.hu\/tdk\/wp-json\/wp\/v2\/comments?post=5296"}],"version-history":[{"count":4,"href":"https:\/\/semmelweis.hu\/tdk\/wp-json\/wp\/v2\/pages\/5296\/revisions"}],"predecessor-version":[{"id":6290,"href":"https:\/\/semmelweis.hu\/tdk\/wp-json\/wp\/v2\/pages\/5296\/revisions\/6290"}],"up":[{"embeddable":true,"href":"https:\/\/semmelweis.hu\/tdk\/wp-json\/wp\/v2\/pages\/5114"}],"wp:attachment":[{"href":"https:\/\/semmelweis.hu\/tdk\/wp-json\/wp\/v2\/media?parent=5296"}],"wp:term":[{"taxonomy":"category","embeddable":true,"href":"https:\/\/semmelweis.hu\/tdk\/wp-json\/wp\/v2\/categories?post=5296"},{"taxonomy":"post_tag","embeddable":true,"href":"https:\/\/semmelweis.hu\/tdk\/wp-json\/wp\/v2\/tags?post=5296"}],"curies":[{"name":"wp","href":"https:\/\/api.w.org\/{rel}","templated":true}]}}