{"id":5138,"date":"2019-11-04T13:58:36","date_gmt":"2019-11-04T12:58:36","guid":{"rendered":"http:\/\/semmelweis.hu\/tdk\/?page_id=5138"},"modified":"2024-07-25T09:08:43","modified_gmt":"2024-07-25T07:08:43","slug":"esemenyek","status":"publish","type":"page","link":"https:\/\/semmelweis.hu\/tdk\/rolunk\/esemenyek\/","title":{"rendered":"Esem\u00e9nyek"},"content":{"rendered":"<div class=\"keretes w-100\">\n<p><strong>A TDK konferenci\u00e1k mellett az egyetemi Tudom\u00e1nyos Di\u00e1kk\u00f6ri Tan\u00e1cs egy\u00e9b esem\u00e9nyeket \u00e9s tudom\u00e1nyos konferenci\u00e1kat is szervez.<\/strong><\/p>\n<\/div>\n<h5>Kiv\u00e1l\u00f3s\u00e1gi Est<\/h5>\n<p>A 2019-ben \u00e9letre h\u00edvott rendezv\u00e9nyt azzal a sz\u00e1nd\u00e9kkal ind\u00edtottuk el, hogy a szakter\u00fclet\u00fck\u00f6n kimagasl\u00f3 eredm\u00e9nyeket el\u00e9r\u0151, \u00e9s ennek megfelel\u0151en d\u00edjazott kiv\u00e1l\u00f3 Tudom\u00e1nyos Di\u00e1kk\u00f6ri nevel\u0151k, illetve hallgat\u00f3k egy k\u00f6tetlen besz\u00e9lget\u00e9s form\u00e1j\u00e1ban bemutathass\u00e1k kor\u00e1bbi tudom\u00e1nyos tev\u00e9kenys\u00e9g\u00fcket, az eredm\u00e9nyek el\u00e9r\u00e9s\u00e9hez vezet\u0151 utat \u00e9s a tudom\u00e1nyos karrier\u00e9p\u00edt\u00e9s rejtelmeit.<\/p>\n<h5>InterUni<\/h5>\n<p>2024-ben els\u0151 alkalommal rendezz\u00fck meg az InterUni konferenci\u00e1t, melynek c\u00e9lja, hogy lehet\u0151s\u00e9get biztos\u00edtson az orvostudom\u00e1nyhoz kapcsol\u00f3d\u00f3 k\u00fcl\u00f6nf\u00e9le tudom\u00e1ny\u00e1gak k\u00e9pvisel\u0151i sz\u00e1m\u00e1ra eddigi eredm\u00e9nyeik bemutat\u00e1s\u00e1ra.\u00a0 A rendezv\u00e9ny egy\u00fattal alkalmat biztos\u00edt inspir\u00e1l\u00f3, a tov\u00e1bbiakban gy\u00fcm\u00f6lcs\u00f6z\u0151 egy\u00fcttm\u0171k\u00f6d\u00e9seket kelt\u0151 p\u00e1rbesz\u00e9dek folytat\u00e1s\u00e1ra.<\/p>\n","protected":false},"excerpt":{"rendered":"<p>A TDK konferenci\u00e1k mellett az egyetemi Tudom\u00e1nyos Di\u00e1kk\u00f6ri Tan\u00e1cs egy\u00e9b esem\u00e9nyeket \u00e9s tudom\u00e1nyos konferenci\u00e1kat is szervez. Kiv\u00e1l\u00f3s\u00e1gi Est A 2019-ben \u00e9letre h\u00edvott rendezv\u00e9nyt azzal a sz\u00e1nd\u00e9kkal ind\u00edtottuk el, hogy a szakter\u00fclet\u00fck\u00f6n kimagasl\u00f3 eredm\u00e9nyeket el\u00e9r\u0151, \u00e9s ennek megfelel\u0151en d\u00edjazott kiv\u00e1l\u00f3 Tudom\u00e1nyos Di\u00e1kk\u00f6ri nevel\u0151k, illetve hallgat\u00f3k egy k\u00f6tetlen besz\u00e9lget\u00e9s form\u00e1j\u00e1ban bemutathass\u00e1k kor\u00e1bbi tudom\u00e1nyos tev\u00e9kenys\u00e9g\u00fcket, az eredm\u00e9nyek el\u00e9r\u00e9s\u00e9hez &hellip;<\/p>\n","protected":false},"author":101600,"featured_media":0,"parent":936,"menu_order":6,"comment_status":"closed","ping_status":"closed","template":"","meta":{"_acf_changed":false,"footnotes":""},"categories":[],"tags":[],"class_list":["post-5138","page","type-page","status-publish","hentry"],"acf":[],"publishpress_future_action":{"enabled":false,"date":"1970-01-01 01:00:00","action":"","terms":[],"taxonomy":"","browser_timezone_offset":0},"_links":{"self":[{"href":"https:\/\/semmelweis.hu\/tdk\/wp-json\/wp\/v2\/pages\/5138","targetHints":{"allow":["GET"]}}],"collection":[{"href":"https:\/\/semmelweis.hu\/tdk\/wp-json\/wp\/v2\/pages"}],"about":[{"href":"https:\/\/semmelweis.hu\/tdk\/wp-json\/wp\/v2\/types\/page"}],"author":[{"embeddable":true,"href":"https:\/\/semmelweis.hu\/tdk\/wp-json\/wp\/v2\/users\/101600"}],"replies":[{"embeddable":true,"href":"https:\/\/semmelweis.hu\/tdk\/wp-json\/wp\/v2\/comments?post=5138"}],"version-history":[{"count":6,"href":"https:\/\/semmelweis.hu\/tdk\/wp-json\/wp\/v2\/pages\/5138\/revisions"}],"predecessor-version":[{"id":11013,"href":"https:\/\/semmelweis.hu\/tdk\/wp-json\/wp\/v2\/pages\/5138\/revisions\/11013"}],"up":[{"embeddable":true,"href":"https:\/\/semmelweis.hu\/tdk\/wp-json\/wp\/v2\/pages\/936"}],"wp:attachment":[{"href":"https:\/\/semmelweis.hu\/tdk\/wp-json\/wp\/v2\/media?parent=5138"}],"wp:term":[{"taxonomy":"category","embeddable":true,"href":"https:\/\/semmelweis.hu\/tdk\/wp-json\/wp\/v2\/categories?post=5138"},{"taxonomy":"post_tag","embeddable":true,"href":"https:\/\/semmelweis.hu\/tdk\/wp-json\/wp\/v2\/tags?post=5138"}],"curies":[{"name":"wp","href":"https:\/\/api.w.org\/{rel}","templated":true}]}}