{"id":4926,"date":"2019-09-22T18:31:56","date_gmt":"2019-09-22T16:31:56","guid":{"rendered":"http:\/\/semmelweis.hu\/tdk\/?page_id=4926"},"modified":"2019-09-22T18:32:11","modified_gmt":"2019-09-22T16:32:11","slug":"forms","status":"publish","type":"page","link":"https:\/\/semmelweis.hu\/tdk\/en\/steps-to-pursue-research-as-a-student\/forms\/","title":{"rendered":"Forms"},"content":{"rendered":"<p><strong>Certificates about TDK work, Rectorial Competition achievements<\/strong><\/p>\n<p>In order to receive a certicate about TDK work, one must be a registered member of the Association for at least 6 months.<\/p>\n<p>To claim a certificate: download and fill this <a href=\"https:\/\/semmelweis.hu\/tdk\/files\/2019\/07\/A-TDK-igazol\u00e1s-k\u00e9r\u00e9se.doc\">form, <\/a>then send it to <a href=\"mailto:office.se.tdk@gmail.com\"> office.se.tdk@gmail.com<\/a><\/p>\n<p>The official certificate can be collected 3 workdays later from the TDK office (1082. Budapest, \u00dcll\u0151i \u00fat 78. &#8211; building of the 1st Dept. of Surgery)<\/p>\n<p>&nbsp;<\/p>\n<p><strong>Announcement of TDK work in an external institute<\/strong><\/p>\n<p>To be a member of Semmelweis University Students&#8217; Scientific Association while pursuing TDK work in a non-University institute, it is important for the student to submit <a href=\"https:\/\/semmelweis.hu\/tdk\/files\/2019\/07\/kulso_intezet_befogadasi.doc\">this form<\/a> filled at the start of every semester to the Council.<\/p>\n<p>&nbsp;<\/p>\n","protected":false},"excerpt":{"rendered":"<p>Certificates about TDK work, Rectorial Competition achievements In order to receive a certicate about TDK work, one must be a registered member of the Association for at least 6 months. To claim a certificate: download and fill this <a href=\"https:\/\/semmelweis.hu\/tdk\/files\/2019\/07\/A-TDK-igazol\u00e1s-k\u00e9r\u00e9se.doc\">form, <\/a> then send it to <a href=\"mailto:office.se.tdk@gmail.com\"> office.se.tdk@gmail.com<\/a> The official certificate can be collected 3 workdays later from the TDK office &hellip;<\/p>\n","protected":false},"author":101600,"featured_media":0,"parent":4872,"menu_order":4,"comment_status":"closed","ping_status":"closed","template":"","meta":{"_acf_changed":false,"footnotes":""},"categories":[],"tags":[],"class_list":["post-4926","page","type-page","status-publish","hentry"],"acf":[],"publishpress_future_action":{"enabled":false,"date":"1970-01-01 01:00:00","action":"","terms":[],"taxonomy":"","browser_timezone_offset":0},"_links":{"self":[{"href":"https:\/\/semmelweis.hu\/tdk\/wp-json\/wp\/v2\/pages\/4926","targetHints":{"allow":["GET"]}}],"collection":[{"href":"https:\/\/semmelweis.hu\/tdk\/wp-json\/wp\/v2\/pages"}],"about":[{"href":"https:\/\/semmelweis.hu\/tdk\/wp-json\/wp\/v2\/types\/page"}],"author":[{"embeddable":true,"href":"https:\/\/semmelweis.hu\/tdk\/wp-json\/wp\/v2\/users\/101600"}],"replies":[{"embeddable":true,"href":"https:\/\/semmelweis.hu\/tdk\/wp-json\/wp\/v2\/comments?post=4926"}],"version-history":[{"count":2,"href":"https:\/\/semmelweis.hu\/tdk\/wp-json\/wp\/v2\/pages\/4926\/revisions"}],"predecessor-version":[{"id":4930,"href":"https:\/\/semmelweis.hu\/tdk\/wp-json\/wp\/v2\/pages\/4926\/revisions\/4930"}],"up":[{"embeddable":true,"href":"https:\/\/semmelweis.hu\/tdk\/wp-json\/wp\/v2\/pages\/4872"}],"wp:attachment":[{"href":"https:\/\/semmelweis.hu\/tdk\/wp-json\/wp\/v2\/media?parent=4926"}],"wp:term":[{"taxonomy":"category","embeddable":true,"href":"https:\/\/semmelweis.hu\/tdk\/wp-json\/wp\/v2\/categories?post=4926"},{"taxonomy":"post_tag","embeddable":true,"href":"https:\/\/semmelweis.hu\/tdk\/wp-json\/wp\/v2\/tags?post=4926"}],"curies":[{"name":"wp","href":"https:\/\/api.w.org\/{rel}","templated":true}]}}