{"id":4891,"date":"2019-09-06T10:15:59","date_gmt":"2019-09-06T08:15:59","guid":{"rendered":"http:\/\/semmelweis.hu\/tdk\/?page_id=4891"},"modified":"2019-09-08T21:30:35","modified_gmt":"2019-09-08T19:30:35","slug":"campus-mundi-rovid-tanulmanyut-palyazati-felhivas","status":"publish","type":"page","link":"https:\/\/semmelweis.hu\/tdk\/palyazatok\/campus-mundi-rovid-tanulmanyut-palyazati-felhivas\/","title":{"rendered":"Campus Mundi r\u00f6vid tanulm\u00e1ny\u00fat p\u00e1ly\u00e1zati felh\u00edv\u00e1s"},"content":{"rendered":"<p><strong>Campus Mundi r\u00f6vid tanulm\u00e1ny\u00fat p\u00e1ly\u00e1zati felh\u00edv\u00e1s, 2019. \u0151szi p\u00e1ly\u00e1zati fordul\u00f3 megny\u00edlt<\/strong><\/p>\n<p style=\"font-weight: 400\">T\u00e1j\u00e9koztat\u00e1sul jelezz\u00fck, hogy a Campus Mundi projekt keret\u00e9ben megny\u00edlt a r\u00f6vid tanulm\u00e1ny\u00fat p\u00e1ly\u00e1zati lehet\u0151s\u00e9g 2019. \u0151szi p\u00e1ly\u00e1zati fordul\u00f3ja. A mester-, osztatlan \u00e9s doktori k\u00e9pz\u00e9sben r\u00e9szt vev\u0151 hallgat\u00f3k 2020. m\u00e1rcius 1, \u00e9s szeptember 30. k\u00f6z\u00f6tti id\u0151szakban 2-t\u0151l 30 napig tart\u00f3 k\u00fclf\u00f6ldi kutat\u00e1sban, szakmai versenyen, szakmai kurzuson vehetnek r\u00e9szt, vagy szakmai konferenci\u00e1n el\u0151ad\u00e1st vagy poszterprezent\u00e1ci\u00f3t tarthatnak \u2013 a vil\u00e1g b\u00e1rmely orsz\u00e1g\u00e1ban. A p\u00e1ly\u00e1zati felh\u00edv\u00e1st \u00e9s a p\u00e1ly\u00e1zati dokumentumokat a\u00a0<a href=\"http:\/\/www.campusmundi.hu\/\">www.campusmundi.hu<\/a>\u00a0oldalon (vagy k\u00f6zvetlen\u00fcl\u00a0<a href=\"https:\/\/tka.hu\/palyazatok\/4830\/palyazati-dokumentumok#4898\">itt<\/a>) \u00e9rhetik el.<\/p>\n<p style=\"font-weight: 400\">P\u00e1ly\u00e1zatokat beny\u00fajtani a\u00a0<a href=\"https:\/\/scholarship.hu\/\">https:\/\/scholarship.hu<\/a>\u00a0oldalon lehet v\u00e1rhat\u00f3an 2019. szeptember 6-t\u00f3l. A p\u00e1ly\u00e1zatok beny\u00fajt\u00e1si hat\u00e1rideje 2019. okt\u00f3ber 10-e 23:00 \u00f3ra. A hat\u00e1rid\u0151ig nem beny\u00fajtott p\u00e1ly\u00e1zatok elvesznek, hi\u00e1nyp\u00f3tl\u00e1sra nincs lehet\u0151s\u00e9g.<\/p>\n<p style=\"font-weight: 400\">P\u00e1ly\u00e1zattal kapcsolatos k\u00e9rd\u00e9seiket az \u00e9rdekl\u0151d\u0151 hallgat\u00f3k a\u00a0<a href=\"mailto:campusmundi@tpf.hu\">campusmundi@tpf.hu<\/a>\u00a0oldalon, illetve munkanapokon 8.30 \u00e9s 14.30 k\u00f6z\u00f6tt a +36-1-237-1310 telefonsz\u00e1mon tehetik fel.<\/p>\n","protected":false},"excerpt":{"rendered":"<p>Campus Mundi r\u00f6vid tanulm\u00e1ny\u00fat p\u00e1ly\u00e1zati felh\u00edv\u00e1s, 2019. \u0151szi p\u00e1ly\u00e1zati fordul\u00f3 megny\u00edlt T\u00e1j\u00e9koztat\u00e1sul jelezz\u00fck, hogy a Campus Mundi projekt keret\u00e9ben megny\u00edlt a r\u00f6vid tanulm\u00e1ny\u00fat p\u00e1ly\u00e1zati lehet\u0151s\u00e9g 2019. \u0151szi p\u00e1ly\u00e1zati fordul\u00f3ja. A mester-, osztatlan \u00e9s doktori k\u00e9pz\u00e9sben r\u00e9szt vev\u0151 hallgat\u00f3k 2020. m\u00e1rcius 1, \u00e9s szeptember 30. k\u00f6z\u00f6tti id\u0151szakban 2-t\u0151l 30 napig tart\u00f3 k\u00fclf\u00f6ldi kutat\u00e1sban, szakmai versenyen, szakmai &hellip;<\/p>\n","protected":false},"author":101596,"featured_media":0,"parent":1146,"menu_order":10,"comment_status":"closed","ping_status":"closed","template":"","meta":{"_acf_changed":false,"footnotes":""},"categories":[],"tags":[],"class_list":["post-4891","page","type-page","status-publish","hentry"],"acf":[],"publishpress_future_action":{"enabled":false,"date":"1970-01-01 01:00:00","action":"","terms":[],"taxonomy":"","browser_timezone_offset":0},"_links":{"self":[{"href":"https:\/\/semmelweis.hu\/tdk\/wp-json\/wp\/v2\/pages\/4891","targetHints":{"allow":["GET"]}}],"collection":[{"href":"https:\/\/semmelweis.hu\/tdk\/wp-json\/wp\/v2\/pages"}],"about":[{"href":"https:\/\/semmelweis.hu\/tdk\/wp-json\/wp\/v2\/types\/page"}],"author":[{"embeddable":true,"href":"https:\/\/semmelweis.hu\/tdk\/wp-json\/wp\/v2\/users\/101596"}],"replies":[{"embeddable":true,"href":"https:\/\/semmelweis.hu\/tdk\/wp-json\/wp\/v2\/comments?post=4891"}],"version-history":[{"count":1,"href":"https:\/\/semmelweis.hu\/tdk\/wp-json\/wp\/v2\/pages\/4891\/revisions"}],"predecessor-version":[{"id":4892,"href":"https:\/\/semmelweis.hu\/tdk\/wp-json\/wp\/v2\/pages\/4891\/revisions\/4892"}],"up":[{"embeddable":true,"href":"https:\/\/semmelweis.hu\/tdk\/wp-json\/wp\/v2\/pages\/1146"}],"wp:attachment":[{"href":"https:\/\/semmelweis.hu\/tdk\/wp-json\/wp\/v2\/media?parent=4891"}],"wp:term":[{"taxonomy":"category","embeddable":true,"href":"https:\/\/semmelweis.hu\/tdk\/wp-json\/wp\/v2\/categories?post=4891"},{"taxonomy":"post_tag","embeddable":true,"href":"https:\/\/semmelweis.hu\/tdk\/wp-json\/wp\/v2\/tags?post=4891"}],"curies":[{"name":"wp","href":"https:\/\/api.w.org\/{rel}","templated":true}]}}