{"id":4875,"date":"2019-09-04T10:42:16","date_gmt":"2019-09-04T08:42:16","guid":{"rendered":"http:\/\/semmelweis.hu\/tdk\/?page_id=4875"},"modified":"2024-05-09T08:57:29","modified_gmt":"2024-05-09T06:57:29","slug":"merck-tanulmanyi-tamogatas-2019-2020","status":"publish","type":"page","link":"https:\/\/semmelweis.hu\/tdk\/palyazatok\/merck-tanulmanyi-tamogatas-2019-2020\/","title":{"rendered":"MERCK TANULM\u00c1NYI T\u00c1MOGAT\u00c1S 2019\/2020"},"content":{"rendered":"<p>MERCK TANULM\u00c1NYI T\u00c1MOGAT\u00c1S a 2019\/2020-2020\/2021-es tan\u00e9vekre<\/p>\n<p>A Merck Kft. (www.merck.hu) p\u00e1ly\u00e1zatot hirdet azzal a c\u00e9llal, hogy t\u00e1mogassa a szoci\u00e1lisan h\u00e1tr\u00e1nyos helyzet\u0171, k\u00f6z\u00e9piskolai tanulm\u00e1nyaik sor\u00e1n j\u00f3 tanulm\u00e1nyi eredm\u00e9nyt el\u00e9r\u0151 di\u00e1kokat, hogy az orsz\u00e1g egyik kiemelt fels\u0151oktat\u00e1si int\u00e9zm\u00e9ny\u00e9ben folytathass\u00e1k tanulm\u00e1nyaikat.<\/p>\n<p>R\u00e9szletes le\u00edr\u00e1s <a href=\"https:\/\/semmelweis.hu\/tdk\/files\/2019\/09\/Palyazati-felhivas_Merck-tanulmanyi-tamogatas_2019-2021-tanevre.pdf\">itt<\/a> \u00e9rhet\u0151 el.<\/p>\n<p><a href=\"https:\/\/semmelweis.hu\/tdk\/files\/2019\/09\/Palyazati-adatlap_Merck-tanulmanyi-tamogatas_2019-2021-tanevre.pdf\">P\u00e1ly\u00e1zati adatlap<\/a>.\u00a0<\/p>\n","protected":false},"excerpt":{"rendered":"<p>MERCK TANULM\u00c1NYI T\u00c1MOGAT\u00c1S a 2019\/2020-2020\/2021-es tan\u00e9vekre<br \/>\nA Merck Kft. (www.merck.hu) p\u00e1ly\u00e1zatot hirdet azzal a c\u00e9llal, hogy t\u00e1mogassa a szoci\u00e1lisan h\u00e1tr\u00e1nyos helyzet\u0171, k\u00f6z\u00e9piskolai tanulm\u00e1nyaik sor\u00e1n j\u00f3 tanulm\u00e1nyi eredm\u00e9nyt el\u00e9r\u0151 di\u00e1kokat, hogy az orsz\u00e1g egyik kiemelt fels\u0151oktat\u00e1si int\u00e9zm\u00e9ny\u00e9ben folytathass\u00e1k tanulm\u00e1nyaikat.<br \/>\nR\u00e9szletes le\u00edr\u00e1s <a href=\"https:\/\/semmelweis.hu\/tdk\/files\/2019\/09\/Palyazati-felhivas_Merck-tanulmanyi-tamogatas_2019-2021-tanevre.pdf\">itt<\/a> \u00e9rhet\u0151 el.<br \/>\n<a href=\"https:\/\/semmelweis.hu\/tdk\/files\/2019\/09\/Palyazati-adatlap_Merck-tanulmanyi-tamogatas_2019-2021-tanevre.pdf\">P\u00e1ly\u00e1zati adatlap<\/a>.\u00a0<\/p>\n","protected":false},"author":101596,"featured_media":0,"parent":1146,"menu_order":13,"comment_status":"closed","ping_status":"closed","template":"template-fullwidth.php","meta":{"_acf_changed":false,"footnotes":""},"categories":[],"tags":[],"class_list":["post-4875","page","type-page","status-publish","hentry"],"acf":[],"publishpress_future_action":{"enabled":false,"date":"1970-01-01 01:00:00","action":"","terms":[],"taxonomy":"","browser_timezone_offset":0},"_links":{"self":[{"href":"https:\/\/semmelweis.hu\/tdk\/wp-json\/wp\/v2\/pages\/4875","targetHints":{"allow":["GET"]}}],"collection":[{"href":"https:\/\/semmelweis.hu\/tdk\/wp-json\/wp\/v2\/pages"}],"about":[{"href":"https:\/\/semmelweis.hu\/tdk\/wp-json\/wp\/v2\/types\/page"}],"author":[{"embeddable":true,"href":"https:\/\/semmelweis.hu\/tdk\/wp-json\/wp\/v2\/users\/101596"}],"replies":[{"embeddable":true,"href":"https:\/\/semmelweis.hu\/tdk\/wp-json\/wp\/v2\/comments?post=4875"}],"version-history":[{"count":6,"href":"https:\/\/semmelweis.hu\/tdk\/wp-json\/wp\/v2\/pages\/4875\/revisions"}],"predecessor-version":[{"id":7411,"href":"https:\/\/semmelweis.hu\/tdk\/wp-json\/wp\/v2\/pages\/4875\/revisions\/7411"}],"up":[{"embeddable":true,"href":"https:\/\/semmelweis.hu\/tdk\/wp-json\/wp\/v2\/pages\/1146"}],"wp:attachment":[{"href":"https:\/\/semmelweis.hu\/tdk\/wp-json\/wp\/v2\/media?parent=4875"}],"wp:term":[{"taxonomy":"category","embeddable":true,"href":"https:\/\/semmelweis.hu\/tdk\/wp-json\/wp\/v2\/categories?post=4875"},{"taxonomy":"post_tag","embeddable":true,"href":"https:\/\/semmelweis.hu\/tdk\/wp-json\/wp\/v2\/tags?post=4875"}],"curies":[{"name":"wp","href":"https:\/\/api.w.org\/{rel}","templated":true}]}}