{"id":4851,"date":"2019-09-03T00:14:28","date_gmt":"2019-09-02T22:14:28","guid":{"rendered":"http:\/\/semmelweis.hu\/tdk\/?page_id=4851"},"modified":"2019-09-03T00:14:28","modified_gmt":"2019-09-02T22:14:28","slug":"scientific-students-foundation","status":"publish","type":"page","link":"https:\/\/semmelweis.hu\/tdk\/en\/about-us\/scientific-students-foundation\/","title":{"rendered":"Scientific Students&#8217; Foundation"},"content":{"rendered":"<p>The goal of the Foundation is to aid the conferences, meetings and courses of scientific students at Semmelweis University, involve the undergraduates into research and patronize them. It also looks to support the publishing of scientific papers, textbooks and notes, as well as to found scholarships. The relationship and cooperation with foreign institutes and organizations is also a priority.<\/p>\n<p>Foundation data:<br \/>\nSemmelweis Tudom\u00e1nyos Di\u00e1kk\u00f6ri Alap\u00edtv\u00e1ny<br \/>\n1089 Budapest, Nagyv\u00e1rad t\u00e9r 4.<br \/>\nMail address: 1445 Budapest Pf. 370.<br \/>\nTelephone: 20\/663-2970<br \/>\nTax number: 18175055-1-42<br \/>\nAccount: OTP Bank Rt. Belv\u00e1rosi r\u00e9gi\u00f3 11705008-20477275<\/p>\n","protected":false},"excerpt":{"rendered":"<p>The goal of the Foundation is to aid the conferences, meetings and courses of scientific students at Semmelweis University, involve the undergraduates into research and patronize them. It also looks to support the publishing of scientific papers, textbooks and notes, as well as to found scholarships. The relationship and cooperation with foreign institutes and organizations &hellip;<\/p>\n","protected":false},"author":101600,"featured_media":0,"parent":4818,"menu_order":7,"comment_status":"closed","ping_status":"closed","template":"","meta":{"_acf_changed":false,"footnotes":""},"categories":[],"tags":[],"class_list":["post-4851","page","type-page","status-publish","hentry"],"acf":[],"publishpress_future_action":{"enabled":false,"date":"1970-01-01 01:00:00","action":"","terms":[],"taxonomy":"","browser_timezone_offset":0},"_links":{"self":[{"href":"https:\/\/semmelweis.hu\/tdk\/wp-json\/wp\/v2\/pages\/4851","targetHints":{"allow":["GET"]}}],"collection":[{"href":"https:\/\/semmelweis.hu\/tdk\/wp-json\/wp\/v2\/pages"}],"about":[{"href":"https:\/\/semmelweis.hu\/tdk\/wp-json\/wp\/v2\/types\/page"}],"author":[{"embeddable":true,"href":"https:\/\/semmelweis.hu\/tdk\/wp-json\/wp\/v2\/users\/101600"}],"replies":[{"embeddable":true,"href":"https:\/\/semmelweis.hu\/tdk\/wp-json\/wp\/v2\/comments?post=4851"}],"version-history":[{"count":2,"href":"https:\/\/semmelweis.hu\/tdk\/wp-json\/wp\/v2\/pages\/4851\/revisions"}],"predecessor-version":[{"id":4853,"href":"https:\/\/semmelweis.hu\/tdk\/wp-json\/wp\/v2\/pages\/4851\/revisions\/4853"}],"up":[{"embeddable":true,"href":"https:\/\/semmelweis.hu\/tdk\/wp-json\/wp\/v2\/pages\/4818"}],"wp:attachment":[{"href":"https:\/\/semmelweis.hu\/tdk\/wp-json\/wp\/v2\/media?parent=4851"}],"wp:term":[{"taxonomy":"category","embeddable":true,"href":"https:\/\/semmelweis.hu\/tdk\/wp-json\/wp\/v2\/categories?post=4851"},{"taxonomy":"post_tag","embeddable":true,"href":"https:\/\/semmelweis.hu\/tdk\/wp-json\/wp\/v2\/tags?post=4851"}],"curies":[{"name":"wp","href":"https:\/\/api.w.org\/{rel}","templated":true}]}}