{"id":4844,"date":"2019-09-01T16:26:47","date_gmt":"2019-09-01T14:26:47","guid":{"rendered":"http:\/\/semmelweis.hu\/tdk\/?page_id=4844"},"modified":"2024-08-28T12:39:58","modified_gmt":"2024-08-28T10:39:58","slug":"contact-us","status":"publish","type":"page","link":"https:\/\/semmelweis.hu\/tdk\/en\/contact-us\/","title":{"rendered":"Contact Us"},"content":{"rendered":"<p style=\"text-align: center\"><strong>TDK Office<\/strong><\/p>\n<div class=\"keretes w-100\">\n<p><strong>Email:<\/strong> <a href=\"mailto:tudomanyos.diakkor@semmelweis.hu\">tudomanyos.diakkor@semmelweis.hu<\/a><\/p>\n<p><strong>Phone:<\/strong> +36 20 670 1821<\/p>\n<p><strong>Address: <\/strong>Semmelweis University, Department of Surgery, Transplantation and Gastroenterology 1082 Budapest \u00dcll\u0151i \u00fat 78.<\/p>\n<p><strong>Business hours: <\/strong>M-F 10:00-14:00<\/p>\n<\/div>\n","protected":false},"excerpt":{"rendered":"<p>TDK Office<\/p>\n<p>Email: <a href=\"mailto:tudomanyos.diakkor@semmelweis.hu\">tudomanyos.diakkor@semmelweis.hu<\/a><br \/>\nPhone: +36 20 670 1821<br \/>\nAddress: Semmelweis University, Department of Surgery, Transplantation and Gastroenterology 1082 Budapest \u00dcll\u0151i \u00fat 78.<br \/>\nBusiness hours: M-F 10:00-14:00<\/p>\n","protected":false},"author":101600,"featured_media":0,"parent":0,"menu_order":9,"comment_status":"closed","ping_status":"closed","template":"","meta":{"_acf_changed":false,"footnotes":""},"categories":[],"tags":[],"class_list":["post-4844","page","type-page","status-publish","hentry"],"acf":[],"publishpress_future_action":{"enabled":false,"date":"1970-01-01 01:00:00","action":"","terms":[],"taxonomy":"","browser_timezone_offset":0},"_links":{"self":[{"href":"https:\/\/semmelweis.hu\/tdk\/wp-json\/wp\/v2\/pages\/4844","targetHints":{"allow":["GET"]}}],"collection":[{"href":"https:\/\/semmelweis.hu\/tdk\/wp-json\/wp\/v2\/pages"}],"about":[{"href":"https:\/\/semmelweis.hu\/tdk\/wp-json\/wp\/v2\/types\/page"}],"author":[{"embeddable":true,"href":"https:\/\/semmelweis.hu\/tdk\/wp-json\/wp\/v2\/users\/101600"}],"replies":[{"embeddable":true,"href":"https:\/\/semmelweis.hu\/tdk\/wp-json\/wp\/v2\/comments?post=4844"}],"version-history":[{"count":9,"href":"https:\/\/semmelweis.hu\/tdk\/wp-json\/wp\/v2\/pages\/4844\/revisions"}],"predecessor-version":[{"id":11125,"href":"https:\/\/semmelweis.hu\/tdk\/wp-json\/wp\/v2\/pages\/4844\/revisions\/11125"}],"wp:attachment":[{"href":"https:\/\/semmelweis.hu\/tdk\/wp-json\/wp\/v2\/media?parent=4844"}],"wp:term":[{"taxonomy":"category","embeddable":true,"href":"https:\/\/semmelweis.hu\/tdk\/wp-json\/wp\/v2\/categories?post=4844"},{"taxonomy":"post_tag","embeddable":true,"href":"https:\/\/semmelweis.hu\/tdk\/wp-json\/wp\/v2\/tags?post=4844"}],"curies":[{"name":"wp","href":"https:\/\/api.w.org\/{rel}","templated":true}]}}