{"id":4822,"date":"2019-08-25T18:59:22","date_gmt":"2019-08-25T16:59:22","guid":{"rendered":"http:\/\/semmelweis.hu\/tdk\/?page_id=4822"},"modified":"2024-08-15T10:02:33","modified_gmt":"2024-08-15T08:02:33","slug":"directorate","status":"publish","type":"page","link":"https:\/\/semmelweis.hu\/tdk\/en\/about-us\/directorate\/","title":{"rendered":"Members of the Students&#8217; Scientific Association Council"},"content":{"rendered":"<h1 style=\"text-align: center\">Directorate of the Students&#8217; Scientific Association Council<\/h1>\n<h4><strong><a href=\"https:\/\/semmelweis.hu\/tdk\/files\/2024\/07\/RS168215_GV5A7497-scr.jpg\"><img loading=\"lazy\" decoding=\"async\" class=\"wp-image-10922 alignright\" src=\"https:\/\/semmelweis.hu\/tdk\/files\/2024\/07\/RS168215_GV5A7497-scr-267x400.jpg\" alt=\"\" width=\"200\" height=\"300\" srcset=\"https:\/\/semmelweis.hu\/tdk\/files\/2024\/07\/RS168215_GV5A7497-scr-267x400.jpg 267w, https:\/\/semmelweis.hu\/tdk\/files\/2024\/07\/RS168215_GV5A7497-scr.jpg 600w\" sizes=\"auto, (max-width: 200px) 100vw, 200px\" \/><\/a>President:<\/strong><\/h4>\n<h4>Prof. Dr. Attila Szij\u00e1rt\u00f3<\/h4>\n<h6>professor, director of department<\/h6>\n<h6>Department of Surgery, Transplantation and Gastroenterology<\/h6>\n<p>&nbsp;<\/p>\n<hr \/>\n<h4><strong><a href=\"https:\/\/semmelweis.hu\/tdk\/files\/2024\/07\/RS168194_GV5A7326-scr.jpg\"><img loading=\"lazy\" decoding=\"async\" class=\"wp-image-10923 alignright\" src=\"https:\/\/semmelweis.hu\/tdk\/files\/2024\/07\/RS168194_GV5A7326-scr-260x400.jpg\" alt=\"\" width=\"200\" height=\"308\" srcset=\"https:\/\/semmelweis.hu\/tdk\/files\/2024\/07\/RS168194_GV5A7326-scr-260x400.jpg 260w, https:\/\/semmelweis.hu\/tdk\/files\/2024\/07\/RS168194_GV5A7326-scr.jpg 584w\" sizes=\"auto, (max-width: 200px) 100vw, 200px\" \/><\/a>Vice President:<\/strong><\/h4>\n<h4>Prof. Dr. Tam\u00e1s Radovits\u00a0\u00a0<\/h4>\n<h6>professor<\/h6>\n<h6>Heart and Vascular Centre<\/h6>\n<hr \/>\n<p><img loading=\"lazy\" decoding=\"async\" class=\"wp-image-9753 alignright\" style=\"color: #ffffff\" src=\"https:\/\/semmelweis.hu\/tdk\/files\/2024\/03\/Levay_Klara-1-267x400.jpg\" alt=\"\" width=\"200\" height=\"300\" srcset=\"https:\/\/semmelweis.hu\/tdk\/files\/2024\/03\/Levay_Klara-1-267x400.jpg 267w, https:\/\/semmelweis.hu\/tdk\/files\/2024\/03\/Levay_Klara-1-683x1024.jpg 683w, https:\/\/semmelweis.hu\/tdk\/files\/2024\/03\/Levay_Klara-1-768x1152.jpg 768w, https:\/\/semmelweis.hu\/tdk\/files\/2024\/03\/Levay_Klara-1-1024x1536.jpg 1024w, https:\/\/semmelweis.hu\/tdk\/files\/2024\/03\/Levay_Klara-1-1365x2048.jpg 1365w, https:\/\/semmelweis.hu\/tdk\/files\/2024\/03\/Levay_Klara-1-753x1130.jpg 753w, https:\/\/semmelweis.hu\/tdk\/files\/2024\/03\/Levay_Klara-1-scaled.jpg 1707w\" sizes=\"auto, (max-width: 200px) 100vw, 200px\" \/><\/p>\n<h4><strong>Secretary:\u00a0<\/strong><\/h4>\n<h4>Dr. Kl\u00e1ra L\u00e9vay\u00a0<\/h4>\n<h6>PhD candidate<\/h6>\n<h6>Department of Surgery, Transplantation and Gastroenterology<\/h6>\n<hr \/>\n<h4><img loading=\"lazy\" decoding=\"async\" class=\"wp-image-10919 alignright\" src=\"https:\/\/semmelweis.hu\/tdk\/files\/2024\/07\/Babity-Mate-267x400.jpg\" alt=\"\" width=\"200\" height=\"300\" srcset=\"https:\/\/semmelweis.hu\/tdk\/files\/2024\/07\/Babity-Mate-267x400.jpg 267w, https:\/\/semmelweis.hu\/tdk\/files\/2024\/07\/Babity-Mate-683x1024.jpg 683w, https:\/\/semmelweis.hu\/tdk\/files\/2024\/07\/Babity-Mate-768x1152.jpg 768w, https:\/\/semmelweis.hu\/tdk\/files\/2024\/07\/Babity-Mate-1024x1536.jpg 1024w, https:\/\/semmelweis.hu\/tdk\/files\/2024\/07\/Babity-Mate-1365x2048.jpg 1365w, https:\/\/semmelweis.hu\/tdk\/files\/2024\/07\/Babity-Mate-753x1130.jpg 753w, https:\/\/semmelweis.hu\/tdk\/files\/2024\/07\/Babity-Mate-scaled.jpg 1707w\" sizes=\"auto, (max-width: 200px) 100vw, 200px\" \/><strong>Secretary: <\/strong><\/h4>\n<h4>Dr. M\u00e1t\u00e9 Babity\u00a0<\/h4>\n<h6>PhD candidate<\/h6>\n<h6>Heart and Vascular Centre<\/h6>\n<hr \/>\n<h2 style=\"text-align: left\">Faculty representatives<\/h2>\n<ul>\n<li>\n<h6>\u00c1OK: <strong>Prof. Dr. P\u00e9ter V\u00e1rnai\u00a0<\/strong><strong><br \/>\n<\/strong><\/h6>\n<\/li>\n<li>\n<h6>EKK: <strong>Dr. Judit L\u00e1m\u00a0<br \/>\n<\/strong><\/h6>\n<\/li>\n<li>\n<h6>ETK: <strong>Dr. L\u00e1szl\u00f3n\u00e9 F\u00f6ldv\u00e1ri-Nagy Dr. Katalin Lenti<\/strong><\/h6>\n<\/li>\n<li>\n<h6>FOK: <strong>Prof. Dr. Csaba Dob\u00f3 Nagy\u00a0<\/strong><\/h6>\n<\/li>\n<li>\n<h6>GYTK: <strong>Dr. Tam\u00e1s T\u00e1bi\u00a0<\/strong><\/h6>\n<\/li>\n<li>\n<h6>PAK:<strong> Dr. Ibolya T\u00fari\u00a0<\/strong><\/h6>\n<hr \/>\n<\/li>\n<\/ul>\n<h2 style=\"text-align: left\">Block representatives<\/h2>\n<ul>\n<li>\n<h6>Buda Clinics and Neurosurgery Block: <strong>Dr. Anik\u00f3 Boh\u00e1cs , Dr. Klaudia Vivien Nagy\u00a0<br \/>\n<\/strong><\/h6>\n<\/li>\n<li>\n<h6>Inner Clinical Block: <strong>Prof. Dr. G\u00e1bor Kov\u00e1cs\u00a0<\/strong><\/h6>\n<\/li>\n<li>\n<h6>Outer Clinical Block: <strong>Prof. Dr. Andr\u00e1s Kiss , Prof. Dr. Istv\u00e1n Tak\u00e1cs\u00a0<br \/>\n<\/strong><\/h6>\n<\/li>\n<li>\n<h6>Nagyv\u00e1rad t\u00e9r Theoretical Block: <strong>Prof. Dr. L\u00e1szl\u00f3 K\u0151hidai\u00a0<br \/>\n<\/strong><\/h6>\n<\/li>\n<li>\n<h6>Basic Medical Science Center: <strong>Dr. Kriszti\u00e1n Szigeti\u00a0<br \/>\n<\/strong><\/h6>\n<\/li>\n<li>\n<h6>Health and Public Services Block: <strong>Dr. Attila Pilinszki\u00a0<br \/>\n<\/strong><\/h6>\n<\/li>\n<li>\n<h6>Dentistry Block: <strong>Dr. Zsolt Lohinai\u00a0<br \/>\n<\/strong><\/h6>\n<\/li>\n<li>\n<h6>H\u0151gyes Block: <strong>Dr. Nikolett K\u00e1llai-Szab\u00f3\u00a0<br \/>\n<\/strong><\/h6>\n<\/li>\n<li>\n<h6>Vas street Block: <strong>Dr. Bedn\u00e1rikn\u00e9 Dr. Gabriella D\u00f6rnyei, Dr. Istv\u00e1n Vingender\u00a0<br \/>\n<\/strong><\/h6>\n<\/li>\n<li>\n<h6>Andr\u00e1s Pet\u0151 Block:<strong> Dr. Brigitta Zsuzsanna Balogh\u00a0<\/strong><\/h6>\n<hr \/>\n<\/li>\n<\/ul>\n<h2 style=\"text-align: left\">Semmelweis University\u00a0Doctoral College<\/h2>\n<h6>Representative: <strong>Dr. \u00c1kos Zsembery\u00a0<\/strong><\/h6>\n<hr \/>\n<h2 style=\"text-align: left\">Kerpel-Fronius Talent Support Program<\/h2>\n<h6>Representative:<strong> Dr. Csaba B\u00f6d\u00f6r\u00a0<\/strong><\/h6>\n<hr \/>\n<h2 style=\"text-align: left\">Kor\u00e1nyi Frigyes College<\/h2>\n<h6>Representative: <strong>Tam\u00e1s Nagy\u00a0<\/strong><\/h6>\n<hr \/>\n<h2 style=\"text-align: left\">Asklepios faculty of Hamburg<\/h2>\n<h6>Representative: <strong>Prof. Dr. med. habil. Axel Stang<\/strong><\/h6>\n<hr \/>\n<h2 style=\"text-align: left\">Students&#8217; Union<\/h2>\n<h6>Representative: <strong>Dr. M\u00e1t\u00e9 Bal\u00e1zs Tolvaj\u00a0<\/strong><\/h6>\n<hr \/>\n<h2 style=\"text-align: left\">Students delegated by the faculties<\/h2>\n<ul>\n<li>\n<h6><strong>Yasmin Zubeida\u00a0<\/strong><strong>Al-Gharati\u00a0<br \/>\n<\/strong><\/h6>\n<\/li>\n<li>\n<h6><strong>Luca Laura <\/strong><strong>Bogner\u00a0<br \/>\n<\/strong><\/h6>\n<\/li>\n<li>\n<h6><strong>Adrienn\u00a0<\/strong><strong>Horv\u00e1th\u00a0<br \/>\n<\/strong><\/h6>\n<\/li>\n<li>\n<h6><strong>Anna\u00a0<\/strong><strong>Kellermayer\u00a0<br \/>\n<\/strong><\/h6>\n<\/li>\n<li>\n<h6><strong>M\u00e1rk\u00a0<\/strong><strong>Kerest\u00e9ly\u00a0<br \/>\n<\/strong><\/h6>\n<\/li>\n<li>\n<h6><strong>D\u00f3ra\u00a0<\/strong><strong>L\u00f3ska\u00a0<br \/>\n<\/strong><\/h6>\n<\/li>\n<li>\n<h6><strong>Zal\u00e1n\u00a0<\/strong><strong>Lumniczky\u00a0<br \/>\n<\/strong><\/h6>\n<\/li>\n<li>\n<h6><strong>Petra\u00a0<\/strong><strong>Tim\u00e1r\u00a0<\/strong><\/h6>\n<\/li>\n<li>\n<h6><strong>Kinga\u00a0<\/strong><strong>Tomcs\u00e1nyi\u00a0<br \/>\n<\/strong><\/h6>\n<\/li>\n<li>\n<h6><strong>Dorottya\u00a0<\/strong><strong>V\u00e1ri\u00a0<br \/>\n<\/strong><\/h6>\n<\/li>\n<li>\n<h6><strong>R\u00e9ka\u00a0<\/strong><strong>Viola\u00a0<\/strong><\/h6>\n<\/li>\n<\/ul>\n<p>&nbsp;<\/p>\n","protected":false},"excerpt":{"rendered":"<p>Directorate of the Students&#8217; Scientific Association Council <a href=\"https:\/\/semmelweis.hu\/tdk\/files\/2024\/07\/RS168215_GV5A7497-scr.jpg\"><\/a> President: Prof. Dr. Attila Szij\u00e1rt\u00f3 professor, director of department Department of Surgery, Transplantation and Gastroenterology &nbsp; <a href=\"https:\/\/semmelweis.hu\/tdk\/files\/2024\/07\/RS168194_GV5A7326-scr.jpg\"><\/a> Vice President: Prof. Dr. Tam\u00e1s Radovits\u00a0\u00a0 professor Heart and Vascular Centre Secretary:\u00a0 Dr. Kl\u00e1ra L\u00e9vay\u00a0 PhD candidate Department of Surgery, Transplantation and Gastroenterology Secretary: Dr. M\u00e1t\u00e9 Babity\u00a0 PhD candidate Heart and Vascular &hellip;<\/p>\n","protected":false},"author":101600,"featured_media":0,"parent":4818,"menu_order":2,"comment_status":"closed","ping_status":"closed","template":"","meta":{"_acf_changed":false,"footnotes":""},"categories":[],"tags":[],"class_list":["post-4822","page","type-page","status-publish","hentry"],"acf":[],"publishpress_future_action":{"enabled":false,"date":"1970-01-01 01:00:00","action":"","terms":[],"taxonomy":"","browser_timezone_offset":0},"_links":{"self":[{"href":"https:\/\/semmelweis.hu\/tdk\/wp-json\/wp\/v2\/pages\/4822","targetHints":{"allow":["GET"]}}],"collection":[{"href":"https:\/\/semmelweis.hu\/tdk\/wp-json\/wp\/v2\/pages"}],"about":[{"href":"https:\/\/semmelweis.hu\/tdk\/wp-json\/wp\/v2\/types\/page"}],"author":[{"embeddable":true,"href":"https:\/\/semmelweis.hu\/tdk\/wp-json\/wp\/v2\/users\/101600"}],"replies":[{"embeddable":true,"href":"https:\/\/semmelweis.hu\/tdk\/wp-json\/wp\/v2\/comments?post=4822"}],"version-history":[{"count":10,"href":"https:\/\/semmelweis.hu\/tdk\/wp-json\/wp\/v2\/pages\/4822\/revisions"}],"predecessor-version":[{"id":11107,"href":"https:\/\/semmelweis.hu\/tdk\/wp-json\/wp\/v2\/pages\/4822\/revisions\/11107"}],"up":[{"embeddable":true,"href":"https:\/\/semmelweis.hu\/tdk\/wp-json\/wp\/v2\/pages\/4818"}],"wp:attachment":[{"href":"https:\/\/semmelweis.hu\/tdk\/wp-json\/wp\/v2\/media?parent=4822"}],"wp:term":[{"taxonomy":"category","embeddable":true,"href":"https:\/\/semmelweis.hu\/tdk\/wp-json\/wp\/v2\/categories?post=4822"},{"taxonomy":"post_tag","embeddable":true,"href":"https:\/\/semmelweis.hu\/tdk\/wp-json\/wp\/v2\/tags?post=4822"}],"curies":[{"name":"wp","href":"https:\/\/api.w.org\/{rel}","templated":true}]}}