{"id":4792,"date":"2019-08-12T15:49:55","date_gmt":"2019-08-12T13:49:55","guid":{"rendered":"http:\/\/semmelweis.hu\/tdk\/?page_id=4792"},"modified":"2025-10-09T19:54:15","modified_gmt":"2025-10-09T17:54:15","slug":"reszveteli-informaciok","status":"publish","type":"page","link":"https:\/\/semmelweis.hu\/tdk\/tudomanyos-diakkori-konferenciak\/eves-tdk-konferencia\/reszveteli-informaciok\/","title":{"rendered":"R\u00e9szv\u00e9teli inform\u00e1ci\u00f3k"},"content":{"rendered":"<h2>A Semmelweis Egyetem TDK Konferenci\u00e1in val\u00f3 r\u00e9szv\u00e9tel inform\u00e1ci\u00f3i<\/h2>\n<div class=\"keretes w-100\">\n<h5>Tartalomjegyz\u00e9k<\/h5>\n<ul>\n<li><a href=\"#nyelv\">A konferencia nyelve<\/a><\/li>\n<li><a href=\"#feltetelek\">Jelentkez\u00e9s felt\u00e9telei<\/a><\/li>\n<li><a href=\"#absztrakt\">Absztrakt k\u00f6vetelm\u00e9nyek<\/a><\/li>\n<li><a href=\"#titkositas\">Az absztraktok titkos\u00edt\u00e1sa<\/a><\/li>\n<li><a href=\"#mi\">Mesters\u00e9ges inteligencia<\/a><\/li>\n<li><a href=\"#ido\">Az el\u0151ad\u00e1sok id\u0151tartama<\/a><\/li>\n<li><a href=\"#pontozas\">Pontoz\u00e1si szempontok<\/a><a id=\"nyelv\"><\/a><\/li>\n<\/ul>\n<\/div>\n<h4><strong>A konferencia nyelve<\/strong><\/h4>\n<ul>\n<li>magyar<\/li>\n<li>angol*<\/li>\n<\/ul>\n<p>\u00d6n\u00e1ll\u00f3 idegennyelv\u0171 szekci\u00f3kat megfelel\u0151 sz\u00e1m\u00fa el\u0151ad\u00e1s eset\u00e9n tudunk szervezni.<br \/>\n<strong>*<\/strong>T\u00f6bbek k\u00e9r\u00e9s\u00e9nek eleget t\u00e9ve magyar anyanyelv\u0171ek is adhatnak el\u0151 angolul a konferenci\u00e1n.<a id=\"feltetelek\"><\/a><\/p>\n<h4><strong>A JELENTKEZ\u00c9S FELT\u00c9TELEI <\/strong>(az al\u00e1bbiakt\u00f3l elt\u00e9rni NEM lehet):<\/h4>\n<ul>\n<li>A hallgat\u00f3 a Semmelweis Egyetem Tudom\u00e1nyos Di\u00e1kk\u00f6r\u00e9nek tagja, \u00e9s\u00a0TDK-tags\u00e1g\u00e1t a kutat\u00f3hely a Tudom\u00e1nyos Di\u00e1kk\u00f6ri Tan\u00e1csnak bejelentette.<\/li>\n<li>A konferenci\u00e1n csak az tarthat el\u0151ad\u00e1st, aki a\u00a0konferencia\u00a0f\u00e9l\u00e9v\u00e9ben felvette a Neptun rendszerben a\u00a0TDK\u00a0munka t\u00e1rgyat.<\/li>\n<li>A bejelentett el\u0151ad\u00e1soknak legfeljebb k\u00e9t szerz\u0151je \u00e9s k\u00e9t t\u00e9mavezet\u0151je lehet.<\/li>\n<li>Egy hallgat\u00f3 ugyanarr\u00f3l a kutat\u00f3helyr\u0151l csak egy el\u0151ad\u00e1snak lehet els\u0151szerz\u0151je, amennyiben a hallgat\u00f3 t\u00f6bb kutat\u00f3helyen v\u00e9gez kutat\u00f3munk\u00e1t, \u00fagy maximum k\u00e9t el\u0151ad\u00e1s els\u0151szerz\u0151je lehet (a hallgat\u00f3 legfeljebb k\u00e9t k\u00fcl\u00f6nb\u00f6z\u0151 kutat\u00f3helyen lehet egyszerre di\u00e1kk\u00f6r\u00f6s).<\/li>\n<li>Amennyiben a hallgat\u00f3 az orsz\u00e1gos versenyre (OTDK) jel\u00f6l\u00e9st szerez, \u00fagy a SE TDK Konferenci\u00e1n bemutatott el\u0151ad\u00e1s els\u0151szerz\u0151je meg kell, hogy egyezzen az OTDK-n bemutatott el\u0151ad\u00e1s els\u0151szerz\u0151j\u00e9vel (a szerz\u0151k k\u00f6z\u00f6tt csere NEM lehets\u00e9ges). Egy hallgat\u00f3 egy el\u0151ad\u00e1ssal indulhat az OTDK-n.<\/li>\n<li>Egy hallgat\u00f3 maximum egyszer lehet t\u00e1rsszerz\u0151.<\/li>\n<li>PhD hallgat\u00f3 nem lehet szerz\u0151 vagy szerz\u0151t\u00e1rs a TDK-el\u0151ad\u00e1sban. Kiv\u00e9telt k\u00e9peznek ez al\u00f3l azok a hallgat\u00f3k, akik MD-PhD k\u00e9pz\u00e9st v\u00e9geznek, azonban a gradu\u00e1lis oktat\u00e1sban is r\u00e9szt vesznek m\u00e9g.<a id=\"absztrakt\"><\/a><\/li>\n<\/ul>\n<h4><strong>Az ABSZTRAKT K\u00d6VETELM\u00c9NYEI<\/strong><\/h4>\n<ul>\n<li>Az\u00a0absztrakt\u00a0fel\u00e9p\u00edt\u00e9se: bevezet\u00e9s, c\u00e9lkit\u0171z\u00e9s, m\u00f3dszer, eredm\u00e9nyek, k\u00f6vetkeztet\u00e9sek. Az\u00a0absztrakt\u00a0 egyes r\u00e9szein\u00e9l az alc\u00edmek felt\u00fcntet\u00e9se k\u00f6telez\u0151, mely a karakter sz\u00e1mba belesz\u00e1m\u00edt (azon absztraktok, melyek a fenti formai k\u00f6vetelm\u00e9nynek nem felelnek meg, nem fogadhat\u00f3k el).<\/li>\n<li>Az absztraktnak hossza maximum 2400 karakter lehet sz\u00f3k\u00f6zzel egy\u00fctt.<\/li>\n<li>Elv\u00e1rt, hogy az el\u0151\u00edrt karakter sz\u00e1mon bel\u00fcl sz\u00e1mszer\u0171s\u00edtett adatok ker\u00fcljenek bemutat\u00e1sra. Teh\u00e1t eredm\u00e9nyek bemutat\u00e1sa k\u00f6telez\u0151, amennyiben ezek csak a j\u00f6v\u0151ben v\u00e1rhat\u00f3ak, \u00fagy spekul\u00e1ci\u00f3 nem adhat\u00f3 meg.<\/li>\n<li>Esetismertet\u00e9s nem fogadhat\u00f3 el.<\/li>\n<li>Kor\u00e1bbi \u00e9vekben el\u0151adott, tartalmilag azonos el\u0151ad\u00e1s nem adhat\u00f3 be (a beadott el\u0151ad\u00e1s kivonatokat a kor\u00e1bbi Orvosk\u00e9pz\u00e9sben publik\u00e1lt absztraktokkal \u00f6sszevetj\u00fck).<a id=\"titkositas\"><\/a><\/li>\n<\/ul>\n<p><strong style=\"color: #313b40;font-family: Montserrat, sans-serif;font-size: 22px;text-transform: uppercase\">AZ ABSZTRAKTRA VONATKOZ\u00d3 TITKOS\u00cdT\u00c1S<\/strong><\/p>\n<ul>\n<li>A Tudom\u00e1nyos \u00e9s Innov\u00e1ci\u00f3s Rektorhelyettesi \u00e9s \u00dczletfejleszt\u00e9si K\u00f6zpont javaslata alapj\u00e1n a szabadalomhoz k\u00f6thet\u0151 kutat\u00e1sok eset\u00e9n a hallgat\u00f3 k\u00e9rv\u00e9nyezheti az absztrakt titkos\u00edt\u00e1s\u00e1t a konferencia jelentkez\u00e9si fel\u00fclet\u00e9n.<\/li>\n<li>A Tudom\u00e1nyos \u00e9s Innov\u00e1ci\u00f3s Rektorhelyettesi \u00e9s \u00dczletfejleszt\u00e9si K\u00f6zpont az absztraktok \u00e1ttekint\u00e9se ut\u00e1n javaslatot tehet a titkos\u00edt\u00e1sra a hallgat\u00f3 jelz\u00e9se n\u00e9lk\u00fcl is, melyet azonban a hallgat\u00f3nak nem k\u00f6telez\u0151 elfogadnia.<\/li>\n<li>A titkos\u00edtott absztrakt az Orvosk\u00e9pz\u00e9s foly\u00f3iratban nem \/ vagy m\u00f3dos\u00edtva fog megjelenni az Tudom\u00e1nyos \u00e9s Innov\u00e1ci\u00f3s Rektorhelyettesi \u00e9s \u00dczletfejleszt\u00e9si K\u00f6zpont javaslata szerint.<\/li>\n<li>A konferencia szekci\u00f3i nyilv\u00e1nosak, azaz b\u00e1rki r\u00e9szt vehet az el\u0151ad\u00e1sok bemutat\u00e1s\u00e1n. Ugyanakkor, amelyik szekci\u00f3ban titkos\u00edtott absztrakt ker\u00fcl bemutat\u00e1sra, ott jelenl\u00e9ti \u00edv vezet\u00e9se k\u00f6telez\u0151 lesz, melynek al\u00e1\u00edr\u00e1s\u00e1val a r\u00e9sztvev\u0151 elfogadja a titoktart\u00e1s felt\u00e9teleit. Az adott szekci\u00f3 sor\u00e1n k\u00e9p, illetve hangfelv\u00e9tel k\u00e9sz\u00edt\u00e9se tilos!<\/li>\n<\/ul>\n<p><strong>FONTOS! <\/strong><strong>Az OTDK-n titkos\u00edtott p\u00e1lyamunka bemutat\u00e1s\u00e1ra nincs lehet\u0151s\u00e9g!\u00a0<\/strong>Ha az OTDK-ra egy titkos\u00edtott p\u00e1lyamunka tov\u00e1bb jut, az orsz\u00e1gos versenyen titkos\u00edt\u00e1s m\u00e1r nem k\u00e9rv\u00e9nyezhet\u0151. K\u00e9rj\u00fck ennek figyelembe v\u00e9tel\u00e9t!<\/p>\n<p><a id=\"mi\"><\/a>\u00a0<\/p>\n<h4><strong>Mesters\u00e9ges intelligencia (MI) haszn\u00e1lata<\/strong><\/h4>\n<ol>\n<li>Elvek\n<ul>\n<li>\n<p>Az MI (pl. nagy nyelvi modellek, k\u00e9pgener\u00e1torok, k\u00f3d- \u00e9s statisztikai asszisztensek) haszn\u00e1lhat\u00f3, de csak \u00e1tl\u00e1that\u00f3an, etikusan \u00e9s elsz\u00e1moltathat\u00f3an. Rejtett MI-haszn\u00e1lat kutat\u00e1si\u00a0integrit\u00e1ss\u00e9rt\u00e9snek min\u0151s\u00fcl.\u00a0<\/p>\n<\/li>\n<li>\n<p>A szerz\u0151 teljes felel\u0151ss\u00e9get visel az absztrakt \u00e9s az el\u0151ad\u00e1s tartalm\u00e1\u00e9rt akkor is, ha MI-eszk\u00f6zt vett ig\u00e9nybe.\u00a0<\/p>\n<\/li>\n<li>\n<p>Az MI nem lehet szerz\u0151; jogi \u00e9s etikai k\u00f6telezetts\u00e9geket (pl. felel\u0151ss\u00e9g, \u00f6sszef\u00e9rhetetlens\u00e9g, szerz\u0151i jog) nem v\u00e1llalhat.\u00a0<\/p>\n<\/li>\n<\/ul>\n<\/li>\n<li>K\u00f6telez\u0151 nyilatkozat\n<ul>\n<li>\n<p>Minden beny\u00fajtott absztraktn\u00e1l a \u201eNyilatkozatok\u201d r\u00e9szben szerepeljen egy MI-haszn\u00e1lati nyilatkozat, amely pontosan megnevezi:<\/p>\n<\/li>\n<li>\n<p>az alkalmazott eszk\u00f6zt\/modellt \u00e9s verzi\u00f3t;<\/p>\n<\/li>\n<li>\n<p>a haszn\u00e1lat c\u00e9lj\u00e1t \u00e9s m\u00e9rt\u00e9k\u00e9t (pl. nyelvi stiliz\u00e1l\u00e1s, \u00f6tletb\u00f6rze, m\u00f3dszerszekci\u00f3 els\u0151 piszkozata, k\u00e9pgener\u00e1l\u00e1s).<\/p>\n<\/li>\n<\/ul>\n<\/li>\n<li>Minta\u2013nyilatkozat<\/li>\n<\/ol>\n<div>\n<ul>\n<li style=\"list-style-type: none\">\n<ul>\n<li>\u201eA kutat\u00e1s elk\u00e9sz\u00edt\u00e9se sor\u00e1n [eszk\u00f6z neve, verzi\u00f3] MI-eszk\u00f6zt haszn\u00e1ltunk [c\u00e9l] c\u00e9lra. Az MI \u00e1ltal gener\u00e1lt tartalmat a szerz\u0151k ellen\u0151rizt\u00e9k \u00e9s sz\u00fcks\u00e9g szerint m\u00f3dos\u00edtott\u00e1k; a kutat\u00e1s\u00e9rt teljes felel\u0151ss\u00e9get v\u00e1llalunk.\u201d<a id=\"ido\"><\/a><\/li>\n<\/ul>\n<\/li>\n<\/ul>\n<\/div>\n<h4><strong>AZ EL\u0150AD\u00c1SOK ID\u0151tartama:<\/strong><\/h4>\n<p>Az el\u0151ad\u00e1sok ideje 10 perc, amelyet 5 perc vita k\u00f6vet.<\/p>\n<p>A be\u00e9rkezett \u00f6sszefoglal\u00f3k a TDT eln\u00f6k\u00e9nek vezet\u00e9se alatt \u00e1ll\u00f3 szakmai bizotts\u00e1g el\u0151zetes b\u00edr\u00e1lat\u00e1n esnek \u00e1t. Akik munk\u00e1j\u00e1t az \u00f6sszefoglal\u00f3ja alapj\u00e1n a szakmai bizotts\u00e1g bemutat\u00e1sra nem fogadta el, \u00e9rtes\u00edt\u00e9st k\u00fcld\u00fcnk.<a id=\"pontozas\"><\/a><\/p>\n<h4><strong>A TDK el\u0151ad\u00e1s bemutat\u00e1s\u00e1nak pontoz\u00e1si szempontjai:<\/strong><\/h4>\n<div>Egy el\u0151ad\u00e1sra adhat\u00f3 pontsz\u00e1m: maximum 25 pont<\/div>\n<ul>\n<li>\n<div>Az el\u0151ad\u00e1s kivonat\u00e1ra adhat\u00f3 pontsz\u00e1m: 5 pont<\/div>\n<\/li>\n<li>\n<div>Az el\u0151ad\u00e1s tartalm\u00e1nak \u00e9rt\u00e9kel\u00e9se adhat\u00f3 pontsz\u00e1m: 10 pont<\/div>\n<\/li>\n<li>\n<div>A hallgat\u00f3 el\u0151ad\u00f3k\u00e9szs\u00e9g\u00e9nek vitak\u00e9szs\u00e9g\u00e9nek adhat\u00f3 pontsz\u00e1m: 10 pont<\/div>\n<\/li>\n<\/ul>\n<h5 style=\"padding-left: 40px\">El\u0151ad\u00e1s kivonata (0-5 pont)<\/h5>\n<p style=\"text-align: justify;padding-left: 40px\">Az absztrakt megfelel a konferencia felh\u00edv\u00e1s\u00e1ban k\u00f6zz\u00e9tett formai k\u00f6vetelm\u00e9nyeknek, nyelvezete szabatos \u00e9s korrekt, minden l\u00e9nyeges inform\u00e1ci\u00f3t tartalmaz, amelyek az el\u0151ad\u00e1sban szerepelnek. St\u00edlusa megfelel a tudom\u00e1nyter\u00fclet szabv\u00e1nyainak.<\/p>\n<h5 style=\"padding-left: 40px\">Az el\u0151ad\u00e1s tartalma (0-10 pont)<\/h5>\n<p style=\"text-align: justify;padding-left: 40px\">A t\u00e9mav\u00e1laszt\u00e1s aktu\u00e1lis \u00e9s a tudom\u00e1nyter\u00fclet szempontj\u00e1b\u00f3l fontos, esetleg potenci\u00e1lis szerepe van a gy\u00f3gy\u00edt\u00e1sban, illetve a betegs\u00e9gek patomechanizmus\u00e1nak meg\u00e9rt\u00e9s\u00e9ben. Az eredm\u00e9nyek ismertet\u00e9se t\u00e1rgyilagos \u00e9s l\u00e9nyegre t\u00f6r\u0151, az el\u0151ad\u00f3 a diszkusszi\u00f3ban eml\u00edti a ter\u00fclet kurrens irodalmi forr\u00e1sait, az alkalmazott m\u00f3dszerek a tudom\u00e1nyter\u00fclet jelenlegi korszer\u0171 m\u00f3dszerei k\u00f6z\u00e9 tartoznak. A k\u00e9pi dokument\u00e1ci\u00f3 al\u00e1t\u00e1masztja az elmondottakat, szeml\u00e9ltet\u0151en \u00e9s t\u00e1rgyilagosan k\u00f6veti az el\u0151ad\u00f3 mondanival\u00f3j\u00e1t; j\u00f3l l\u00e1that\u00f3, \u00e9rthet\u0151, nem szorul magyar\u00e1zatra. A statisztikai elj\u00e1r\u00e1sok korrekt m\u00f3don \u00e9s meggy\u0151z\u0151en bizony\u00edtj\u00e1k az el\u0151ad\u00f3 \u00e1ll\u00edt\u00e1sait.<\/p>\n<h5 style=\"padding-left: 40px\">El\u0151ad\u00f3k\u00e9szs\u00e9g, vitak\u00e9szs\u00e9g, st\u00edlus (0-10 pont)<\/h5>\n<p style=\"text-align: justify;padding-left: 40px\">Folyamatos, j\u00f3l \u00e9rthet\u0151 el\u0151ad\u00e1sm\u00f3d, v\u00e1laszt\u00e9kos besz\u00e9dst\u00edlus. Az el\u0151ad\u00f3 a k\u00e9rd\u00e9sekre j\u00f3l v\u00e1laszol, a k\u00e9rd\u00e9seket arra haszn\u00e1lja, hogy irodalmi t\u00e1j\u00e9kozotts\u00e1g\u00e1t \u00e9s a k\u00eds\u00e9rleti munk\u00e1ban val\u00f3 j\u00e1rtass\u00e1g\u00e1t, a saj\u00e1t maga \u00e1ltal elv\u00e9gzett \u00f6n\u00e1ll\u00f3 munk\u00e1t bizony\u00edtsa. A szekci\u00f3 eg\u00e9sze sor\u00e1n val\u00f3 aktivit\u00e1s sz\u00e1m\u00edt! A zs\u0171ri munk\u00e1j\u00e1nak megk\u00f6nny\u00edt\u00e9se \u00e9rdek\u00e9ben a feltett k\u00e9rd\u00e9sek el\u0151tt javasoljuk, mutatkozzanak be.<\/p>\n<h6 style=\"text-align: justify\"><span style=\"font-size: 12pt\"><em>A b\u00edr\u00e1l\u00f3i pontrendszert a Semmelweis Egyetem Tudom\u00e1nyos Di\u00e1kk\u00f6ri Tan\u00e1csa 2006. \u00e1prilisi \u00fcl\u00e9s\u00e9n fogadta el.<\/em><\/span><\/h6>\n","protected":false},"excerpt":{"rendered":"<p>A Semmelweis Egyetem TDK Konferenci\u00e1in val\u00f3 r\u00e9szv\u00e9tel inform\u00e1ci\u00f3i Tartalomjegyz\u00e9k <a href=\"#nyelv\">A konferencia nyelve<\/a> <a href=\"#feltetelek\">Jelentkez\u00e9s felt\u00e9telei<\/a> <a href=\"#absztrakt\">Absztrakt k\u00f6vetelm\u00e9nyek<\/a> <a href=\"#titkositas\">Az absztraktok titkos\u00edt\u00e1sa<\/a> <a href=\"#mi\">Mesters\u00e9ges inteligencia<\/a> <a href=\"#ido\">Az el\u0151ad\u00e1sok id\u0151tartama<\/a> <a href=\"#pontozas\">Pontoz\u00e1si szempontok<\/a> <a id=\"nyelv\"><\/a> A konferencia nyelve magyar angol* \u00d6n\u00e1ll\u00f3 idegennyelv\u0171 szekci\u00f3kat megfelel\u0151 sz\u00e1m\u00fa el\u0151ad\u00e1s eset\u00e9n tudunk szervezni. *T\u00f6bbek k\u00e9r\u00e9s\u00e9nek eleget t\u00e9ve magyar anyanyelv\u0171ek is adhatnak el\u0151 angolul a konferenci\u00e1n. <a id=\"feltetelek\"><\/a> A JELENTKEZ\u00c9S FELT\u00c9TELEI (az al\u00e1bbiakt\u00f3l elt\u00e9rni NEM lehet): A hallgat\u00f3 a Semmelweis Egyetem Tudom\u00e1nyos Di\u00e1kk\u00f6r\u00e9nek tagja, \u00e9s\u00a0TDK-tags\u00e1g\u00e1t a kutat\u00f3hely a &hellip;<\/p>\n","protected":false},"author":101600,"featured_media":0,"parent":1946,"menu_order":0,"comment_status":"closed","ping_status":"closed","template":"","meta":{"_acf_changed":false,"footnotes":""},"categories":[],"tags":[],"class_list":["post-4792","page","type-page","status-publish","hentry"],"acf":[],"publishpress_future_action":{"enabled":false,"date":"1970-01-01 01:00:00","action":"","terms":[],"taxonomy":"","browser_timezone_offset":0},"_links":{"self":[{"href":"https:\/\/semmelweis.hu\/tdk\/wp-json\/wp\/v2\/pages\/4792","targetHints":{"allow":["GET"]}}],"collection":[{"href":"https:\/\/semmelweis.hu\/tdk\/wp-json\/wp\/v2\/pages"}],"about":[{"href":"https:\/\/semmelweis.hu\/tdk\/wp-json\/wp\/v2\/types\/page"}],"author":[{"embeddable":true,"href":"https:\/\/semmelweis.hu\/tdk\/wp-json\/wp\/v2\/users\/101600"}],"replies":[{"embeddable":true,"href":"https:\/\/semmelweis.hu\/tdk\/wp-json\/wp\/v2\/comments?post=4792"}],"version-history":[{"count":6,"href":"https:\/\/semmelweis.hu\/tdk\/wp-json\/wp\/v2\/pages\/4792\/revisions"}],"predecessor-version":[{"id":11809,"href":"https:\/\/semmelweis.hu\/tdk\/wp-json\/wp\/v2\/pages\/4792\/revisions\/11809"}],"up":[{"embeddable":true,"href":"https:\/\/semmelweis.hu\/tdk\/wp-json\/wp\/v2\/pages\/1946"}],"wp:attachment":[{"href":"https:\/\/semmelweis.hu\/tdk\/wp-json\/wp\/v2\/media?parent=4792"}],"wp:term":[{"taxonomy":"category","embeddable":true,"href":"https:\/\/semmelweis.hu\/tdk\/wp-json\/wp\/v2\/categories?post=4792"},{"taxonomy":"post_tag","embeddable":true,"href":"https:\/\/semmelweis.hu\/tdk\/wp-json\/wp\/v2\/tags?post=4792"}],"curies":[{"name":"wp","href":"https:\/\/api.w.org\/{rel}","templated":true}]}}