{"id":4767,"date":"2019-08-12T14:35:49","date_gmt":"2019-08-12T12:35:49","guid":{"rendered":"http:\/\/semmelweis.hu\/tdk\/?page_id=4767"},"modified":"2019-08-12T14:36:55","modified_gmt":"2019-08-12T12:36:55","slug":"esetismertetes","status":"publish","type":"page","link":"https:\/\/semmelweis.hu\/tdk\/palyazatok\/esetismertetes\/","title":{"rendered":"Esetismertet\u00e9s"},"content":{"rendered":"<p>Kedves Hallgat\u00f3k!<\/p>\n<p style=\"text-align: justify\">Az orvosi szaklapok k\u00f6z\u00f6tt a m\u00e1sodik legr\u00e9gebbi, az 1911 \u00f3ta megjelen\u0151, Egyetem\u00fcnk gondoz\u00e1s\u00e1ban kiadott Orvosk\u00e9pz\u00e9s. A Tudom\u00e1nyos Di\u00e1kk\u00f6ri Tan\u00e1cs 2020 tavasz\u00e1t\u00f3l \u00e9vente megjelen\u0151 k\u00fcl\u00f6nsz\u00e1mok kiad\u00e1s\u00e1t tervezi &#8211; els\u0151sorban tudom\u00e1nyos di\u00e1kk\u00f6ri munk\u00e1t v\u00e9gz\u0151 &#8211; hallgat\u00f3k k\u00f6zlem\u00e9nyeinek megjelentet\u00e9s\u00e9vel.<\/p>\n<p style=\"text-align: justify\">A Semmelweis Egyetem di\u00e1kk\u00f6ri hallgat\u00f3inak publik\u00e1ci\u00f3s lehet\u0151s\u00e9ge \u00fajabb alkalmat biztos\u00edt a tudom\u00e1nyos fejl\u0151d\u00e9s\u00e9re, k\u00e9pz\u00e9s\u00e9re. A k\u00fcl\u00f6nsz\u00e1mban olyan munk\u00e1k k\u00f6zl\u00e9s\u00e9t tartjuk els\u0151dlegesnek, amelyek az orvostudom\u00e1ny b\u00e1rmelyik \u00e1g\u00e1nak \u00e9rdekes, ritka klinikai eset\u00e9t mutatj\u00e1k be r\u00f6viden, \u00f6sszefoglalva az aktu\u00e1lis irodalmi h\u00e1tteret. A k\u00f6zlem\u00e9nyek megjelentet\u00e9s\u00e9nek c\u00e9lja egyben egy k\u00e9s\u0151bbi Semmelweis Egyetem Esetei Almanach gy\u0171jtem\u00e9ny, mely oktat\u00e1si c\u00e9llal is felhaszn\u00e1lhat\u00f3 lehet. A k\u00e9zirat elk\u00e9sz\u00edt\u00e9sekor, k\u00e9rj\u00fck ezt is vegy\u00e9k figyelembe! A beadott dolgozatokhoz mentori, t\u00e9mavezet\u0151i aj\u00e1nl\u00e1st k\u00e9r\u00fcnk beny\u00fajtani. Els\u0151bbs\u00e9get \u00e9lveznek a megjelentet\u00e9sben a Tudom\u00e1nyos Di\u00e1kk\u00f6ri hallgat\u00f3k k\u00f6zlem\u00e9nyei. A tanulm\u00e1nyokat a szerkeszt\u0151bizotts\u00e1g el\u0151zetes b\u00edr\u00e1latra adja ki, a k\u00e9zirat k\u00f6zl\u00e9s\u00e9re a b\u00edr\u00e1lat eredm\u00e9ny\u00e9nek f\u00fcggv\u00e9ny\u00e9ben ker\u00fcl sor.<\/p>\n<p style=\"text-align: justify\"><em>\u00a0<\/em><\/p>\n<p style=\"text-align: justify\"><strong><em>Tudom\u00e1nyos dolgozat beny\u00fajt\u00e1s\u00e1ra az al\u00e1bbiak szerint van lehet\u0151s\u00e9g:<\/em><\/strong> Kiz\u00e1r\u00f3lag j\u00f3l dokument\u00e1lt, lehet\u0151s\u00e9g szerint fot\u00f3kkal is dokument\u00e1lt esetismertet\u00e9s (case report) ny\u00fajthat\u00f3 be. A tudom\u00e1nyos-k\u00f6zlem\u00e9nyeket elektronikusan, Word dokumentum form\u00e1tumban k\u00e9rj\u00fck eljuttatni a Tudom\u00e1nyos Di\u00e1kk\u00f6r r\u00e9sz\u00e9re. A dolgozat kiterjed\u00e9se (csak t\u00f6rzssz\u00f6veg) nem haladhatja meg az 1.500 sz\u00f3 terjedelmet. A dolgozatot 200 sz\u00f3b\u00f3l \u00e1ll\u00f3 absztrakt el\u0151zze meg! Az orvosi szavak helyes\u00edr\u00e1s\u00e1ban az Akad\u00e9mia \u00e1ll\u00e1sfoglal\u00e1s\u00e1nak megfelel\u0151en, a latinos \u00edr\u00e1sm\u00f3d k\u00f6vetkezetes alkalmaz\u00e1s\u00e1t tekintj\u00fck elfogadottnak. Magyarosan k\u00e9rj\u00fck \u00edrni a tudom\u00e1ny\u00e1gak \u00e9s szakter\u00fcletek, a technikai elj\u00e1r\u00e1sok, m\u0171szerek, a k\u00e9miai vegy\u00fcletek neveit. A m\u00e9rt\u00e9kegys\u00e9geket SI m\u00e9rt\u00e9krendszerben k\u00e9rj\u00fck megadni. A szerkeszt\u0151k fenntartj\u00e1k maguknak a stil\u00e1ris jav\u00edt\u00e1s jog\u00e1t.<\/p>\n<p style=\"text-align: justify\">Az illusztr\u00e1ci\u00f3kat, \u00e1br\u00e1kat \u00e9s t\u00e1bl\u00e1zatokat k\u00fcl\u00f6n file-k\u00e9nt k\u00e9rj\u00fck elk\u00fcldeni, ezek sz\u00e1m (\u00e1br\u00e1k, t\u00e1bl\u00e1zatok egy\u00fctt) legfeljebb h\u00e1rom. Az \u00e1br\u00e1k c\u00edmeit \u00e9s az \u00e1bramagyar\u00e1zatokat a Word dokumentumban k\u00fcl\u00f6n oldalon kell felt\u00fcntetni, az \u00e1bra\/t\u00e1bl\u00e1zat sz\u00e1m\u00e1nak egy\u00e9rtelm\u0171 megjel\u00f6l\u00e9s\u00e9vel a dolgozat v\u00e9g\u00e9n. A digit\u00e1lis k\u00e9peket minimum 300 dpi felbont\u00e1sban k\u00e9rj\u00fck, elfogadunk tif, eps, illetve cdr kiterjeszt\u00e9s\u0171 file-okat.<\/p>\n<p style=\"text-align: justify\"><em>\u00a0<\/em><\/p>\n<p style=\"text-align: justify\"><strong><em>A k\u00e9zirat fel\u00e9p\u00edt\u00e9se a k\u00f6vetkez\u0151ket kell, hogy k\u00f6vesse:<\/em><\/strong> (1) c\u00edmoldal, (2) magyar \u00f6sszefoglal\u00e1s, kulcsszavakkal, (3) angol \u00f6sszefoglal\u00e1s (angol c\u00edmmel), angol kulcsszavakkal, (4) r\u00f6vid\u00edt\u00e9sek jegyz\u00e9ke (ha van), (5) sz\u00f6veg, (6) irodalomjegyz\u00e9k, (7) \u00e1brajegyz\u00e9k, (8) t\u00e1bl\u00e1zatok, (9) \u00e1br\u00e1k. Az oldalsz\u00e1moz\u00e1st a c\u00edmoldalt\u00f3l kezdve kell megadni \u00e9s az egyes felsorolt t\u00e9teleket k\u00fcl\u00f6n lapon kell kezdeni.<\/p>\n<p style=\"text-align: justify\">(1) A c\u00edmoldalon sorrendben a k\u00f6vetkez\u0151k szerepeljenek: a k\u00e9zirat c\u00edme, a szerz\u0151k neve, valamint a szerz\u0151k munkahelye, a kapcsolattart\u00f3 szerz\u0151 pontos elektronikus \u00e9s postai c\u00edm\u00e9nek megjel\u00f6l\u00e9s\u00e9vel.<\/p>\n<p style=\"text-align: justify\">(2,3) A magyar \u00e9s az angol \u00f6sszefoglal\u00e1sok terjedelme \u2013 k\u00fcl\u00f6n-k\u00fcl\u00f6n \u2013 ne haladja meg a 200 sz\u00f3t (kulcsszavak n\u00e9lk\u00fcl). A t\u00e9m\u00e1hoz kapcsol\u00f3d\u00f3, maximum 5 kulcssz\u00f3t az \u00f6sszefoglal\u00f3k oldal\u00e1n, azokat k\u00f6vet\u0151en k\u00e9rj\u00fck felt\u00fcntetni magyar \u00e9s angol nyelven.<\/p>\n<p style=\"text-align: justify\">(4) A k\u00e9ziratban el\u0151fordul\u00f3, nem \u00e1ltal\u00e1nosan elfogadott r\u00f6vid\u00edt\u00e9sekr\u0151l k\u00fcl\u00f6n jegyz\u00e9ket kell k\u00e9sz\u00edteni abc-sorrendben.<\/p>\n<p style=\"text-align: justify\">(5) A sz\u00f6vegt\u00f6rzs szerkezete vil\u00e1gos \u00e9s az olvas\u00f3 sz\u00e1m\u00e1ra \u00e1tl\u00e1that\u00f3 legyen. Tagol\u00e1sa a k\u00f6vetkez\u0151ket k\u00f6vesse: bevezet\u00e9s, esetismertet\u00e9s, megbesz\u00e9l\u00e9s.<\/p>\n<p style=\"text-align: justify\">(6) Irodalom: a hivatkoz\u00e1sokat (maximum 10db) a sz\u00f6vegben val\u00f3 megjelen\u00e9s sorrendj\u00e9ben t\u00fcntess\u00e9k fel. A sz\u00f6vegben a hivatkoz\u00e1st a sorsz\u00e1ma jel\u00f6li. Hivatkoz\u00e1s cikkre: sorrendben: szerz\u0151k neve (6 szerz\u0151 felett et al.\/\u00e9s mtsai), cikk c\u00edme, foly\u00f3irat neve (Index Medicus szerint r\u00f6vid\u00edtve), \u00e9v; k\u00f6tetsz\u00e1m: els\u0151-utols\u00f3 oldal. P\u00e9lda: 1. Kelly PJ, Eisman JA, Sambrook PN. Interaction of genetic and environmental influences on peak bone density. Osteoporosis Int 1990; 1:56-60. Hivatkoz\u00e1s k\u00f6nyvfejezetre, sorrendben: a fejezet szerz\u0151i. A fejezet c\u00edme. In: szerkeszt\u0151k (editors). A k\u00f6nyv c\u00edme. A kiad\u00e1s helye, kiad\u00f3, megjelen\u00e9s \u00e9ve; fejezet els\u0151-utols\u00f3 oldala. P\u00e9lda: 2. Delange FM, Ermans AM. Iodide deficiency. In: Braverman LE, Utiger RD, eds. Werner and Ingbar\u2019s the thyroid. 7th ed. Philadelphia, Lipincott-Raven, 1996; 296 316.<\/p>\n<p style=\"text-align: justify\">(7) \u00c1brajegyz\u00e9k: a megjelen\u00e9s sorrendj\u00e9ben, arab sz\u00e1mmal sorsz\u00e1mozva egym\u00e1s alatt tartalmazza az \u00e1bra c\u00edm\u00e9t \u00e9s alatta r\u00f6vid \u00e9s l\u00e9nyegre t\u00f6r\u0151 \u00e1bramagyar\u00e1zatot.<\/p>\n<p style=\"text-align: justify\">(8) T\u00e1bl\u00e1zatok: k\u00fcl\u00f6n-k\u00fcl\u00f6n lapokon k\u00e9rj\u00fck, c\u00edmmel ell\u00e1tva \u00e9s arab sz\u00e1mmal sorsz\u00e1mozva. T\u00f6rekedjenek arra, hogy a t\u00e1bl\u00e1zat k\u00f6nnyen \u00e1ttekinthet\u0151 legyen, ne tartalmazzon zavar\u00f3an sok adatot.<\/p>\n<p style=\"text-align: justify\">(9) \u00c1br\u00e1k: k\u00fcl\u00f6n-k\u00fcl\u00f6n lapokon k\u00e9rj\u00fck. Csak reproduk\u00e1lhat\u00f3 min\u0151s\u00e9g\u0171 \u00e1br\u00e1kat, f\u00e9nyk\u00e9pek k\u00fcld\u00e9s\u00e9t k\u00e9rj\u00fck (min. 300 dpi felbont\u00e1sban), a kor\u00e1bban megjel\u00f6lt file form\u00e1tumokban.<\/p>\n<p style=\"text-align: justify\">A formai hi\u00e1nyoss\u00e1ggal bek\u00fcld\u00f6tt k\u00e9ziratokat nem tudjuk elfogadni. A gyors lektori \u00e9s korrekt\u00farafordul\u00f3k \u00e9rdek\u00e9ben k\u00e9rj\u00fck a legbiztosabb levelez\u00e9si, illetve e-mail c\u00edmet, telefonsz\u00e1mot megadni. Elfogad\u00e1s eset\u00e9n k\u00fcl\u00f6n lev\u00e9lben k\u00e9rj\u00fck jelezni, hogy a szerz\u0151k a k\u00f6zlem\u00e9nnyel egyet\u00e9rtenek (\u00e9s ezt al\u00e1\u00edr\u00e1sukkal igazolj\u00e1k), valamint lemondanak a foly\u00f3irat jav\u00e1ra a kiad\u00e1si jogr\u00f3l. \u00cdr\u00e1sbeli enged\u00e9lyt k\u00e9r\u00fcnk mell\u00e9kelni a m\u00e1r k\u00f6z\u00f6lt adat\/\u00e1bra felhaszn\u00e1l\u00e1sa, felismerhet\u0151 szem\u00e9ly \u00e1br\u00e1zol\u00e1sa, szerz\u0151nek nem min\u0151s\u00fcl\u0151 szem\u00e9ly nev\u00e9nek eml\u00edt\u00e9se\/felt\u00fcntet\u00e9se eset\u00e9n. A szerkeszt\u0151s\u00e9g az \u00e1ltala felk\u00e9rt szak\u00e9rt\u0151k szem\u00e9ly\u00e9t titkoss\u00e1ggal kezeli. A k\u00e9zirat tulajdonjoga a megjelen\u00e9sig a szerz\u0151t illeti meg, a megjelen\u00e9s napj\u00e1n tulajdonjoga a kiad\u00f3ra sz\u00e1ll. A megjelent k\u00e9ziratok meg\u0151rz\u00e9s\u00e9re szerkeszt\u0151s\u00e9g\u00fcnk nem tud v\u00e1llalkozni.<\/p>\n<p style=\"text-align: center\">\u00a0<\/p>\n<p style=\"text-align: center\"><strong>A k\u00e9ziratok beny\u00fajt\u00e1sa folyamatosan lehets\u00e9ges, melyeket a k\u00f6vetkez\u0151 c\u00edmre v\u00e1rjuk:<br \/>\n<\/strong>Dr. Szij\u00e1rt\u00f3 Attila &#8211; TDT eln\u00f6k<br \/>\nSemmelweis Egyetem, I. sz. Seb\u00e9szeti Klinika, 1082 Budapest, \u00dcll\u0151i \u00fat 78.<br \/>\nE-mail: <a href=\"mailto:tdk.esetismertetes@semmelweis-univ.hu\">tdk.esetismertetes@semmelweis-univ.hu<\/a><\/p>\n","protected":false},"excerpt":{"rendered":"<p>Kedves Hallgat\u00f3k! Az orvosi szaklapok k\u00f6z\u00f6tt a m\u00e1sodik legr\u00e9gebbi, az 1911 \u00f3ta megjelen\u0151, Egyetem\u00fcnk gondoz\u00e1s\u00e1ban kiadott Orvosk\u00e9pz\u00e9s. A Tudom\u00e1nyos Di\u00e1kk\u00f6ri Tan\u00e1cs 2020 tavasz\u00e1t\u00f3l \u00e9vente megjelen\u0151 k\u00fcl\u00f6nsz\u00e1mok kiad\u00e1s\u00e1t tervezi &#8211; els\u0151sorban tudom\u00e1nyos di\u00e1kk\u00f6ri munk\u00e1t v\u00e9gz\u0151 &#8211; hallgat\u00f3k k\u00f6zlem\u00e9nyeinek megjelentet\u00e9s\u00e9vel. A Semmelweis Egyetem di\u00e1kk\u00f6ri hallgat\u00f3inak publik\u00e1ci\u00f3s lehet\u0151s\u00e9ge \u00fajabb alkalmat biztos\u00edt a tudom\u00e1nyos fejl\u0151d\u00e9s\u00e9re, k\u00e9pz\u00e9s\u00e9re. A k\u00fcl\u00f6nsz\u00e1mban olyan &hellip;<\/p>\n","protected":false},"author":101600,"featured_media":0,"parent":1146,"menu_order":19,"comment_status":"closed","ping_status":"closed","template":"","meta":{"_acf_changed":false,"footnotes":""},"categories":[],"tags":[],"class_list":["post-4767","page","type-page","status-publish","hentry"],"acf":[],"publishpress_future_action":{"enabled":false,"date":"1970-01-01 01:00:00","action":"","terms":[],"taxonomy":"","browser_timezone_offset":0},"_links":{"self":[{"href":"https:\/\/semmelweis.hu\/tdk\/wp-json\/wp\/v2\/pages\/4767","targetHints":{"allow":["GET"]}}],"collection":[{"href":"https:\/\/semmelweis.hu\/tdk\/wp-json\/wp\/v2\/pages"}],"about":[{"href":"https:\/\/semmelweis.hu\/tdk\/wp-json\/wp\/v2\/types\/page"}],"author":[{"embeddable":true,"href":"https:\/\/semmelweis.hu\/tdk\/wp-json\/wp\/v2\/users\/101600"}],"replies":[{"embeddable":true,"href":"https:\/\/semmelweis.hu\/tdk\/wp-json\/wp\/v2\/comments?post=4767"}],"version-history":[{"count":1,"href":"https:\/\/semmelweis.hu\/tdk\/wp-json\/wp\/v2\/pages\/4767\/revisions"}],"predecessor-version":[{"id":4768,"href":"https:\/\/semmelweis.hu\/tdk\/wp-json\/wp\/v2\/pages\/4767\/revisions\/4768"}],"up":[{"embeddable":true,"href":"https:\/\/semmelweis.hu\/tdk\/wp-json\/wp\/v2\/pages\/1146"}],"wp:attachment":[{"href":"https:\/\/semmelweis.hu\/tdk\/wp-json\/wp\/v2\/media?parent=4767"}],"wp:term":[{"taxonomy":"category","embeddable":true,"href":"https:\/\/semmelweis.hu\/tdk\/wp-json\/wp\/v2\/categories?post=4767"},{"taxonomy":"post_tag","embeddable":true,"href":"https:\/\/semmelweis.hu\/tdk\/wp-json\/wp\/v2\/tags?post=4767"}],"curies":[{"name":"wp","href":"https:\/\/api.w.org\/{rel}","templated":true}]}}