{"id":4693,"date":"2019-08-06T10:42:42","date_gmt":"2019-08-06T08:42:42","guid":{"rendered":"http:\/\/semmelweis.hu\/tdk\/?page_id=4693"},"modified":"2019-08-06T10:42:42","modified_gmt":"2019-08-06T08:42:42","slug":"kiegeszito-kutatasi-kivalosagi-osztondij","status":"publish","type":"page","link":"https:\/\/semmelweis.hu\/tdk\/palyazatok\/tudomanyos-osztondijak\/kiegeszito-kutatasi-kivalosagi-osztondij\/","title":{"rendered":"Kieg\u00e9sz\u00edt\u0151 Kutat\u00e1si Kiv\u00e1l\u00f3s\u00e1gi \u00d6szt\u00f6nd\u00edj"},"content":{"rendered":"<p style=\"text-align: justify\">A Semmelweis Egyetem Doktori Iskol\u00e1ja p\u00e1ly\u00e1zatot hirdet az egyetemen kiv\u00e1l\u00f3 tudom\u00e1nyos di\u00e1kk\u00f6ri munk\u00e1t v\u00e9gz\u0151 hallgat\u00f3k sz\u00e1m\u00e1ra. P\u00e1ly\u00e1zhatnak az \u00c1OK, FOK, GYTK, ETK \u00e9s EKK tudom\u00e1nyos di\u00e1kk\u00f6r\u00f6s hallgat\u00f3i a gradu\u00e1lis k\u00e9pz\u00e9s utols\u00f3 el\u0151tti \u00e9s utols\u00f3 tan\u00e9v\u00e9ben.<\/p>\n<p><a href=\"https:\/\/semmelweis.hu\/tdk\/palyazatok\/tudomanyos-osztondijak\/kiegeszito-kutatasi-kivalosagi-osztondij\/kkko_felhivas\/\" rel=\"attachment wp-att-4694\">R\u00e9szletes felh\u00edv\u00e1s<\/a><\/p>\n<p><a href=\"https:\/\/semmelweis.hu\/tdk\/palyazatok\/tudomanyos-osztondijak\/kiegeszito-kutatasi-kivalosagi-osztondij\/kkko_palyazati-adatlap_20190725\/\" rel=\"attachment wp-att-4695\">P\u00e1ly\u00e1zati adatlap<\/a><\/p>\n<p><strong>P\u00e1ly\u00e1zat beny\u00fajt\u00e1s\u00e1nak hat\u00e1rideje: 2019. augusztus 26.<\/strong><\/p>\n<p>&nbsp;<\/p>\n<p style=\"text-align: justify\">A t\u00e1mogat\u00e1s forr\u00e1sa: \u201eAz orvos-, eg\u00e9szs\u00e9gtudom\u00e1nyi- \u00e9s gy\u00f3gyszer\u00e9szk\u00e9pz\u00e9s tudom\u00e1nyos m\u0171helyeinek fejleszt\u00e9se\u201d c\u00edm\u0171, EFOP-3.6.3-VEKOP-16-2017-00009 azonos\u00edt\u00f3sz\u00e1m\u00fa projektt\u00e1mogat\u00e1s<\/p>\n","protected":false},"excerpt":{"rendered":"<p>A Semmelweis Egyetem Doktori Iskol\u00e1ja p\u00e1ly\u00e1zatot hirdet az egyetemen kiv\u00e1l\u00f3 tudom\u00e1nyos di\u00e1kk\u00f6ri munk\u00e1t v\u00e9gz\u0151 hallgat\u00f3k sz\u00e1m\u00e1ra. P\u00e1ly\u00e1zhatnak az \u00c1OK, FOK, GYTK, ETK \u00e9s EKK tudom\u00e1nyos di\u00e1kk\u00f6r\u00f6s hallgat\u00f3i a gradu\u00e1lis k\u00e9pz\u00e9s utols\u00f3 el\u0151tti \u00e9s utols\u00f3 tan\u00e9v\u00e9ben. <a href=\"https:\/\/semmelweis.hu\/tdk\/palyazatok\/tudomanyos-osztondijak\/kiegeszito-kutatasi-kivalosagi-osztondij\/kkko_felhivas\/\" rel=\"attachment wp-att-4694\">R\u00e9szletes felh\u00edv\u00e1s<\/a> <a href=\"https:\/\/semmelweis.hu\/tdk\/palyazatok\/tudomanyos-osztondijak\/kiegeszito-kutatasi-kivalosagi-osztondij\/kkko_palyazati-adatlap_20190725\/\" rel=\"attachment wp-att-4695\">P\u00e1ly\u00e1zati adatlap<\/a> P\u00e1ly\u00e1zat beny\u00fajt\u00e1s\u00e1nak hat\u00e1rideje: 2019. augusztus 26. &nbsp; A t\u00e1mogat\u00e1s forr\u00e1sa: \u201eAz orvos-, eg\u00e9szs\u00e9gtudom\u00e1nyi- \u00e9s gy\u00f3gyszer\u00e9szk\u00e9pz\u00e9s tudom\u00e1nyos m\u0171helyeinek fejleszt\u00e9se\u201d c\u00edm\u0171, EFOP-3.6.3-VEKOP-16-2017-00009 &hellip;<\/p>\n","protected":false},"author":101600,"featured_media":0,"parent":4268,"menu_order":0,"comment_status":"closed","ping_status":"closed","template":"","meta":{"_acf_changed":false,"footnotes":""},"categories":[],"tags":[],"class_list":["post-4693","page","type-page","status-publish","hentry"],"acf":[],"publishpress_future_action":{"enabled":false,"date":"1970-01-01 01:00:00","action":"","terms":[],"taxonomy":"","browser_timezone_offset":0},"_links":{"self":[{"href":"https:\/\/semmelweis.hu\/tdk\/wp-json\/wp\/v2\/pages\/4693","targetHints":{"allow":["GET"]}}],"collection":[{"href":"https:\/\/semmelweis.hu\/tdk\/wp-json\/wp\/v2\/pages"}],"about":[{"href":"https:\/\/semmelweis.hu\/tdk\/wp-json\/wp\/v2\/types\/page"}],"author":[{"embeddable":true,"href":"https:\/\/semmelweis.hu\/tdk\/wp-json\/wp\/v2\/users\/101600"}],"replies":[{"embeddable":true,"href":"https:\/\/semmelweis.hu\/tdk\/wp-json\/wp\/v2\/comments?post=4693"}],"version-history":[{"count":3,"href":"https:\/\/semmelweis.hu\/tdk\/wp-json\/wp\/v2\/pages\/4693\/revisions"}],"predecessor-version":[{"id":4698,"href":"https:\/\/semmelweis.hu\/tdk\/wp-json\/wp\/v2\/pages\/4693\/revisions\/4698"}],"up":[{"embeddable":true,"href":"https:\/\/semmelweis.hu\/tdk\/wp-json\/wp\/v2\/pages\/4268"}],"wp:attachment":[{"href":"https:\/\/semmelweis.hu\/tdk\/wp-json\/wp\/v2\/media?parent=4693"}],"wp:term":[{"taxonomy":"category","embeddable":true,"href":"https:\/\/semmelweis.hu\/tdk\/wp-json\/wp\/v2\/categories?post=4693"},{"taxonomy":"post_tag","embeddable":true,"href":"https:\/\/semmelweis.hu\/tdk\/wp-json\/wp\/v2\/tags?post=4693"}],"curies":[{"name":"wp","href":"https:\/\/api.w.org\/{rel}","templated":true}]}}