{"id":4595,"date":"2019-07-29T11:39:41","date_gmt":"2019-07-29T09:39:41","guid":{"rendered":"http:\/\/semmelweis.hu\/tdk\/?page_id=4595"},"modified":"2025-10-09T19:55:56","modified_gmt":"2025-10-09T17:55:56","slug":"bevezetes-a-tudomanyos-diakkori-munka-alapjaihoz","status":"publish","type":"page","link":"https:\/\/semmelweis.hu\/tdk\/bevezetes-a-tudomanyos-diakkori-munka-alapjaihoz\/","title":{"rendered":"Bevezet\u00e9s a Tudom\u00e1nyos Di\u00e1kk\u00f6ri munka alapjaihoz"},"content":{"rendered":"<h2>A kurzus 2025\/2026 tan\u00e9v I. f\u00e9l\u00e9v\u00e9ben ker\u00fcl meghirdet\u00e9sre<\/h2>\n<p style=\"text-align: justify\">A \u201eBevezet\u00e9s a tudom\u00e1nyos di\u00e1kk\u00f6ri munka alapjaihoz\u201d c\u00edm\u0171 v\u00e1laszthat\u00f3 tant\u00e1rgy c\u00e9lja, hogy megismertess\u00fck a tudom\u00e1nyos di\u00e1kk\u00f6ri munka elkezd\u00e9s\u00e9hez sz\u00fcks\u00e9ges alapvet\u0151 k\u00e9szs\u00e9geket a hallgat\u00f3kkal.\u00a0A t\u00e1rgy betekint\u00e9st ad TDK munk\u00e1t kezd\u0151\/v\u00e9gz\u0151 hallgat\u00f3k sz\u00e1m\u00e1ra a tudom\u00e1nyos di\u00e1kk\u00f6ri munk\u00e1hoz sz\u00fcks\u00e9ges m\u00f3dszertani, biostatisztikai, kutat\u00e1sszervez\u00e9si, bioetikai ismeretekbe, tov\u00e1bb\u00e1 a kurzus az el\u0151ad\u00f3i k\u00e9pess\u00e9gek fejleszt\u00e9s\u00e9re is t\u00f6rekv\u00e9seket tesz.\u00a0A t\u00e1rgy feladata, hogy a TDK munka megkezd\u00e9se el\u0151tt, vagy a m\u00e1r megkezdett TDK munka sor\u00e1n ezen ismeretekkel felv\u00e9rtezze a hallgat\u00f3t.<\/p>\n<p>Kedves Hallgat\u00f3k!<\/p>\n<p>Az \u0151szi szemeszterben a &#8222;<em>Bevezet\u00e9s a tudom\u00e1nyos di\u00e1kk\u00f6ri munka alapjaihoz&#8221;<\/em> kurzus az online t\u00e9rben, az Egyetem Moodle fel\u00fclet\u00e9n ker\u00fcl meghirdet\u00e9sre. Az oktat\u00f3i anyagok felt\u00f6lt\u00e9se folyamatban van, \u00e9s igyeksz\u00fcnk azokat miel\u0151bb el\u00e9rhet\u0151v\u00e9 tenni az \u00d6n\u00f6k sz\u00e1m\u00e1ra, ehhez k\u00e9rj\u00fck t\u00fcrelm\u00fcket \u00e9s meg\u00e9rt\u00e9s\u00fcket!<\/p>\n<p>K\u00edv\u00e1nunk eredm\u00e9nyes szemesztert \u00d6n\u00f6knek!<\/p>\n<div class=\"keretes w-100\">\n<h5><span style=\"color: #000000\">Kurzu<\/span>s teljes\u00edt\u00e9s\u00e9nek felt\u00e9tele:<\/h5>\n<p style=\"font-weight: 400\">Az online felt\u00f6lt\u00f6tt anyagok \u00e1ttekint\u00e9se \u00e9s azok tartalm\u00e1nak elsaj\u00e1t\u00edt\u00e1s\u00e1t k\u00f6vet\u0151en egy\u00e9nileg online vizsga elv\u00e9gz\u00e9se.<\/p>\n<\/div>\n<h2>Tematika<\/h2>\n<p>&nbsp;<\/p>\n<p><strong>Bevezet\u00e9s a tudom\u00e1nyos di\u00e1kk\u00f6ri munk\u00e1ba. M\u00falt \u00e9s jelen. Az inform\u00e1ci\u00f3 feldolgoz\u00e1s menete \u00e9s buktat\u00f3i<br \/>\n<\/strong><span style=\"font-size: 1rem\">Prof. Dr. Szij\u00e1rt\u00f3 Attila<br \/>\n<\/span>egyetemi tan\u00e1r, igazgat\u00f3, a TDT eln\u00f6ke<br \/>\nSeb\u00e9szeti, Transzplant\u00e1ci\u00f3s \u00e9s Gasztroenterol\u00f3giai Klinika<\/p>\n<p><strong>A tudom\u00e1ny j\u00f6v\u0151je \u00e9s az innov\u00e1ci\u00f3 jelent\u0151s\u00e9ge.<br \/>\n<\/strong>Prof. Dr. Ferdinandy P\u00e9ter<br \/>\ntudom\u00e1nyos \u00e9s innov\u00e1ci\u00f3s rektorhelyettes<br \/>\negyetemi tan\u00e1r, igazgat\u00f3, MTA doktora<br \/>\nFarmakol\u00f3giai \u00e9s Farmakoter\u00e1pi\u00e1s Int\u00e9zet<\/p>\n<p><strong> Kutat\u00e1sok tervez\u00e9se, alap \u00e9s elm\u00e9leti kutat\u00e1sok a XXI sz\u00e1zadban. F\u0151bb ir\u00e1nyvonalak<br \/>\n<\/strong>Prof. Dr. M\u00f3csai Attila<br \/>\negyetemi tan\u00e1r, MTA doktora<br \/>\n\u00c9lettani Int\u00e9zet<\/p>\n<p><strong>El\u0151ad\u00f3i k\u00e9szs\u00e9gek, technik\u00e1k &#8211; Irodalomkutat\u00e1s<br \/>\n<\/strong><span style=\"font-size: 1rem\">Szluka P\u00e9ter<br \/>\n<\/span>igazgat\u00f3<br \/>\nSE Egyetemi K\u00f6nyvt\u00e1r<\/p>\n<p><strong>Kutat\u00e1sok bioetikai k\u00e9rd\u00e9sei<br \/>\n<\/strong>Dr. Nemes L\u00e1szl\u00f3<br \/>\negyetemi adjunktus<br \/>\nMagatart\u00e1studom\u00e1nyi Int\u00e9zet<\/p>\n<p><strong>Rektori p\u00e1ly\u00e1zatok, szakdolgozatok, publik\u00e1ci\u00f3k, tudom\u00e1nyos m\u0171vek k\u00e9sz\u00edt\u00e9se<br \/>\n<\/strong>Dr. F\u00fcl\u00f6p Andr\u00e1s<br \/>\negyetemi adjunktus<br \/>\nSeb\u00e9szeti, Transzplant\u00e1ci\u00f3s \u00e9s Gasztroenterol\u00f3giai Klinika<\/p>\n<p><strong>Recept a j\u00f6v\u0151h\u00f6z\u00a0<br \/>\n<\/strong>Dr. V\u00e1ncsa Szil\u00e1rd<br \/>\nTranszl\u00e1ci\u00f3s Medicina K\u00f6zpont<\/p>\n<p><strong>Biostatisztika a napi gyakorlatban<br \/>\n<\/strong>Prof. Dr. Proh\u00e1szka Zolt\u00e1n<br \/>\negyetemi tan\u00e1r<br \/>\nBelgy\u00f3gy\u00e1szati \u00e9s Hematol\u00f3giai Klinika<\/p>\n<p><strong>Biostatisztika halad\u00f3knak\u00a0<br \/>\n<\/strong>Dr. K\u00f6k\u00e9ny G\u00e1bor<br \/>\negyetemi docens<br \/>\nK\u00f3r\u00e9lettani Int\u00e9zet<\/p>\n<p><strong>\u00c1llatk\u00eds\u00e9rletekkel kapcsolatos ismertek<br \/>\n<\/strong>Dr. Szab\u00f3 Gy\u00f6rgyi<br \/>\negyetemi adjunktus, int\u00e9zetvezet\u0151 helyettes<br \/>\nK\u00eds\u00e9rletes \u00e9s Seb\u00e9szeti M\u0171t\u00e9ttani Int\u00e9zet<\/p>\n<p><strong>El\u0151ad\u00f3i k\u00e9szs\u00e9gek, technik\u00e1k<br \/>\n<\/strong>Leindler Mil\u00e1n<br \/>\ntan\u00e1rseg\u00e9d<br \/>\nETK, Alkalmazott Pszichol\u00f3giai Tansz\u00e9k<\/p>\n<p><strong>Adatvez\u00e9relt eg\u00e9szs\u00e9g\u00fcgy \u00e9s mesters\u00e9ges intelligencia<\/strong> &#8211; rendszerszeml\u00e9let \u00e9s eg\u00e9szs\u00e9gpolitikai megfontol\u00e1sok<br \/>\nDr. Jo\u00f3 Tam\u00e1s\u00a0<br \/>\nEg\u00e9szs\u00e9g\u00fcgyi Menedzserk\u00e9pz\u0151 K\u00f6zpont<\/p>\n<p><strong>Kurzus z\u00e1r\u00e1sa, \u00f6sszefoglal\u00f3<br \/>\n<\/strong><span style=\"font-size: 1rem\">Prof. Dr. Szij\u00e1rt\u00f3 Attila<br \/>\n<\/span>egyetemi tan\u00e1r, igazgat\u00f3, a TDT eln\u00f6ke<br \/>\nSeb\u00e9szeti, Transzplant\u00e1ci\u00f3s \u00e9s Gasztroenterol\u00f3giai Klinika<\/p>\n","protected":false},"excerpt":{"rendered":"<p>A kurzus 2025\/2026 tan\u00e9v I. f\u00e9l\u00e9v\u00e9ben ker\u00fcl meghirdet\u00e9sre A \u201eBevezet\u00e9s a tudom\u00e1nyos di\u00e1kk\u00f6ri munka alapjaihoz\u201d c\u00edm\u0171 v\u00e1laszthat\u00f3 tant\u00e1rgy c\u00e9lja, hogy megismertess\u00fck a tudom\u00e1nyos di\u00e1kk\u00f6ri munka elkezd\u00e9s\u00e9hez sz\u00fcks\u00e9ges alapvet\u0151 k\u00e9szs\u00e9geket a hallgat\u00f3kkal.\u00a0A t\u00e1rgy betekint\u00e9st ad TDK munk\u00e1t kezd\u0151\/v\u00e9gz\u0151 hallgat\u00f3k sz\u00e1m\u00e1ra a tudom\u00e1nyos di\u00e1kk\u00f6ri munk\u00e1hoz sz\u00fcks\u00e9ges m\u00f3dszertani, biostatisztikai, kutat\u00e1sszervez\u00e9si, bioetikai ismeretekbe, tov\u00e1bb\u00e1 a kurzus az el\u0151ad\u00f3i k\u00e9pess\u00e9gek &hellip;<\/p>\n","protected":false},"author":101596,"featured_media":3352,"parent":0,"menu_order":4,"comment_status":"closed","ping_status":"closed","template":"template-fullwidth.php","meta":{"_acf_changed":false,"footnotes":""},"categories":[],"tags":[],"class_list":["post-4595","page","type-page","status-publish","has-post-thumbnail","hentry"],"acf":[],"publishpress_future_action":{"enabled":false,"date":"1970-01-01 01:00:00","action":"","terms":[],"taxonomy":"","browser_timezone_offset":0},"_links":{"self":[{"href":"https:\/\/semmelweis.hu\/tdk\/wp-json\/wp\/v2\/pages\/4595","targetHints":{"allow":["GET"]}}],"collection":[{"href":"https:\/\/semmelweis.hu\/tdk\/wp-json\/wp\/v2\/pages"}],"about":[{"href":"https:\/\/semmelweis.hu\/tdk\/wp-json\/wp\/v2\/types\/page"}],"author":[{"embeddable":true,"href":"https:\/\/semmelweis.hu\/tdk\/wp-json\/wp\/v2\/users\/101596"}],"replies":[{"embeddable":true,"href":"https:\/\/semmelweis.hu\/tdk\/wp-json\/wp\/v2\/comments?post=4595"}],"version-history":[{"count":14,"href":"https:\/\/semmelweis.hu\/tdk\/wp-json\/wp\/v2\/pages\/4595\/revisions"}],"predecessor-version":[{"id":11811,"href":"https:\/\/semmelweis.hu\/tdk\/wp-json\/wp\/v2\/pages\/4595\/revisions\/11811"}],"wp:featuredmedia":[{"embeddable":true,"href":"https:\/\/semmelweis.hu\/tdk\/wp-json\/wp\/v2\/media\/3352"}],"wp:attachment":[{"href":"https:\/\/semmelweis.hu\/tdk\/wp-json\/wp\/v2\/media?parent=4595"}],"wp:term":[{"taxonomy":"category","embeddable":true,"href":"https:\/\/semmelweis.hu\/tdk\/wp-json\/wp\/v2\/categories?post=4595"},{"taxonomy":"post_tag","embeddable":true,"href":"https:\/\/semmelweis.hu\/tdk\/wp-json\/wp\/v2\/tags?post=4595"}],"curies":[{"name":"wp","href":"https:\/\/api.w.org\/{rel}","templated":true}]}}