{"id":4371,"date":"2019-06-24T10:22:53","date_gmt":"2019-06-24T08:22:53","guid":{"rendered":"http:\/\/semmelweis.hu\/tdk\/?page_id=4371"},"modified":"2024-06-25T14:12:41","modified_gmt":"2024-06-25T12:12:41","slug":"tdk-konferencia-2017","status":"publish","type":"page","link":"https:\/\/semmelweis.hu\/tdk\/tudomanyos-diakkori-konferenciak\/eves-tdk-konferencia\/egyetemi-tdk-konferenciak-eves-bontasban\/tdk-konferencia-2017\/","title":{"rendered":"TDK Konferencia 2017"},"content":{"rendered":"<h2>\u00c1ltal\u00e1nos inform\u00e1ci\u00f3k<\/h2>\n<p>Semmelweis Egyetem Orvos-, Fogorvos- \u00e9s Gy\u00f3gyszer\u00e9sztudom\u00e1nyi Di\u00e1kk\u00f6ri Konferencia 2016\/2017.<\/p>\n<p>Helysz\u00edn: Nagyv\u00e1rad t\u00e9ri Elm\u00e9leti T\u00f6mb<br \/>\nId\u0151pont: 2017. febru\u00e1r 8-10.<br \/>\nFelt\u00f6lt\u00e9si hat\u00e1rid\u0151: <span style=\"color: #ff0000\">2016. december 11. (vas\u00e1rnap) 24 \u00f3ra<\/span><\/p>\n<p><strong>A TDK konferenci\u00e1ra val\u00f3 jelentkez\u00e9s felt\u00e9telei:<\/strong><\/p>\n<ul>\n<li>a hallgat\u00f3 a Semmelweis Egyetem Tudom\u00e1nyos Di\u00e1kk\u00f6r\u00e9nek tagja, \u00e9s TDK-tags\u00e1g\u00e1t a kutat\u00f3hely a Tudom\u00e1nyos Di\u00e1kk\u00f6ri Tan\u00e1csnak bejelentette<\/li>\n<li>az els\u0151 szerz\u0151 az adott kutat\u00f3helyen legal\u00e1bb k\u00e9t szemeszteren \u00e1t folyamatosan regisztr\u00e1lt di\u00e1kk\u00f6r\u00f6s, kiv\u00e9ve az idegennyelvi, valamint az osztott k\u00e9pz\u00e9sben r\u00e9sztvev\u0151 hallgat\u00f3kat<\/li>\n<li>a bejelentett el\u0151ad\u00e1soknak legfeljebb k\u00e9t szerz\u0151je \u00e9s k\u00e9t t\u00e9mavezet\u0151je lehet<\/li>\n<li>egy <strong>hallgat\u00f3 ugyanarr\u00f3l<\/strong> a kutat\u00f3helyr\u0151l csak egy el\u0151ad\u00e1snak lehet <strong>els\u0151 szerz\u0151je<\/strong><\/li>\n<li>Egyazon hallgat\u00f3 k\u00e9t els\u0151szerz\u0151s absztraktot csak abban az esetben t\u00f6lthet fel, ha az egyik munk\u00e1t m\u00e1s int\u00e9zettel kooper\u00e1ci\u00f3ban v\u00e9gezte \u00e9s az absztrakton felt\u00fcnteti a m\u00e1sik int\u00e9zet nev\u00e9t \u00e9s az ottani t\u00e9mavezet\u0151t is.<\/li>\n<li>PhD hallgat\u00f3 nem lehet szerz\u0151 vagy szerz\u0151t\u00e1rs a TDK-el\u0151ad\u00e1sban.<\/li>\n<\/ul>\n<p>A konferencia nyelve<\/p>\n<ul>\n<li>magyar<\/li>\n<li>angol*<\/li>\n<li>n\u00e9met**.<\/li>\n<\/ul>\n<p>\u00d6n\u00e1ll\u00f3 idegennyelvi szekci\u00f3kat megfelel\u0151 sz\u00e1m\u00fa el\u0151ad\u00e1s eset\u00e9n tudunk szervezni.<\/p>\n<p><em>*T\u00f6bbek k\u00e9r\u00e9s\u00e9nek eleget t\u00e9ve magyar anyanyelv\u0171ek is adhatnak el\u0151 angolul a konferenci\u00e1n.<\/em><br \/>\n<em>**Az OTDK hivatalos nyelvei a magyar \u00e9s az angol!<\/em><\/p>\n<p>Az el\u0151ad\u00e1sok ideje 10 perc, amelyet 5 perc vita k\u00f6vet.<br \/>\nA konferenci\u00e1n projektor haszn\u00e1lat\u00e1ra van lehet\u0151s\u00e9g.<\/p>\n<p>A be\u00e9rkezett \u00f6sszefoglal\u00f3k a TDT eln\u00f6k\u00e9nek vezet\u00e9se alatt \u00e1ll\u00f3 szakmai bizotts\u00e1g el\u0151zetes b\u00edr\u00e1lat\u00e1n esnek \u00e1t. Akik munk\u00e1j\u00e1t az \u00f6sszefoglal\u00f3ja alapj\u00e1n a szakmai bizotts\u00e1g bemutat\u00e1sra nem fogadta el, \u00e9rtes\u00edt\u00e9st k\u00fcld\u00fcnk.<\/p>\n<p>A manu\u00e1lis versenyr\u0151l:<\/p>\n<p>A tavalyi \u00e9vhez hasonl\u00f3an, az elm\u00e9leti megm\u00e9rettet\u00e9sen t\u00fal lehet\u0151s\u00e9g van r\u00e9szt venni manu\u00e1lis versenyen is a k\u00f6vetkez\u0151 szakir\u00e1nyokban:<\/p>\n<p>Seb\u00e9szet<br \/>\nGy\u00f3gyszer\u00e9sztudom\u00e1ny<br \/>\nFogorvosi<br \/>\nAz el\u0151ad\u00f3knak \u00e9s a r\u00e9sztvev\u0151knek egyar\u00e1nt regisztr\u00e1lniuk sz\u00fcks\u00e9ges. A gyakorlati r\u00e9szv\u00e9telhez felt\u00e9tele, hogy a hallgat\u00f3 sz\u00f3beli el\u0151ad\u00e1ssal is szerepeljen a konferencia keretein bel\u00fcl.<\/p>\n<p><u>B\u00e1n\u00f3czy Jol\u00e1n Gyakorlati Fogorvostanhallgat\u00f3i Verseny<\/u><\/p>\n<p>A versenyre regisztr\u00e1lt r\u00e9sztvev\u0151knek fantomfejben 2 gyakorlati esetet kell megoldaniuk. A verseny sor\u00e1n fels\u0151 nagymetsz\u0151 megadott prepar\u00e1ci\u00f3ja \u00e9s eszt\u00e9tikai restaur\u00e1ci\u00f3ja lesz a feladat eszt\u00e9tikus kompozit anyagok haszn\u00e1lat\u00e1val, valamint egy implant\u00e1tum behelyez\u00e9s\u00e9nek a megtervez\u00e9se az anat\u00f3miai k\u00e9pletek \u00e9s lehet\u0151s\u00e9gek \u00e9rtelmez\u00e9s\u00e9vel. A r\u00e9sztvev\u0151k a verseny el\u0151tt r\u00f6vid elm\u00e9leti felk\u00e9sz\u00edt\u00e9st kapnak mindk\u00e9t t\u00e9mak\u00f6rben, majd a feladatokat a felk\u00e9sz\u00edt\u0151k demonstr\u00e1lni is fogj\u00e1k a verseny standardiz\u00e1l\u00e1sa \u00e9s az es\u00e9lyegyenl\u0151s\u00e9g biztos\u00edt\u00e1sa \u00e9rdek\u00e9ben. Az elk\u00e9sz\u00fclt restaur\u00e1ci\u00f3k form\u00e1j\u00e1nak objekt\u00edv ki\u00e9rt\u00e9kel\u00e9s\u00e9re a KaVo Dental Teacher rendszert is alkalmazni fogjuk. A mostani versenyben tervez\u00fcnk egy alapos fogp\u00f3tl\u00e1stani ismereteket is ig\u00e9nyl\u0151 meglepet\u00e9s r\u00e9szt is, hogy a versenyz\u0151k a sokoldal\u00fas\u00e1gukat jobban be tudj\u00e1k bizony\u00edtani.<\/p>\n<p><u>III. Kabay J\u00e1nos GY\u00d3GYSZER\u00c9SZTUDOM\u00c1NYI Gyakorlati Versenyre<\/u><\/p>\n<p>A verseny sor\u00e1n a 3 f\u0151s csapatoknak a gy\u00f3gyszer\u00e9sztudom\u00e1ny k\u00fcl\u00f6nb\u00f6z\u0151 ter\u00fcleteihez kapcsol\u00f3d\u00f3, gyakorlati jelleg\u0171 probl\u00e9m\u00e1kat kell majd megoldaniuk. A versenyen val\u00f3 sikeres r\u00e9szv\u00e9telhez aj\u00e1nlott, hogy a csapatok a gy\u00f3gyszer\u00e9sztudom\u00e1ny k\u00fcl\u00f6nb\u00f6z\u0151 ter\u00fcletein megfelel\u0151 felk\u00e9sz\u00fclts\u00e9ggel rendelkez\u0151 tagokb\u00f3l \u00e1lljanak.<\/p>\n<p><strong><em>Helysz\u00edn<\/em><\/strong>: Gy\u00f3gyszer\u00e9sztudom\u00e1nyi Kar, H\u0151gyes T\u00f6mb lalborat\u00f3riumai (1092 Budapest, H\u0151gyes Endre utca 9.)<\/p>\n<p>Jelentkezni kiz\u00e1r\u00f3lag a kari szervez\u0151knek k\u00fcld\u00f6tt email form\u00e1j\u00e1ban lehets\u00e9ges a <a href=\"mailto:tabi.tamas@pharma.semmelweis-univ.hu\">tabi.tamas@pharma.semmelweis-univ.hu<\/a> c\u00edmre. A r\u00e9szv\u00e9telre csak h\u00e1romtag\u00fa csapatok sz\u00e1m\u00e1ra van lehet\u0151s\u00e9g. A regisztr\u00e1ci\u00f3nak tartalmaznia kell a csapat nev\u00e9t, a hallgat\u00f3k nev\u00e9t, egyetem\u00e9t, kar\u00e1t, \u00e9vfolyam\u00e1t, annak az Int\u00e9zetnek\/Tansz\u00e9knek\/Klinik\u00e1nak a nev\u00e9t, ahol TDK munk\u00e1j\u00e1t folytatja, valamint a t\u00e9mavezet\u0151 nev\u00e9t. A sikeres regisztr\u00e1ci\u00f3 felt\u00e9tele, hogy a hallgat\u00f3 a Semmelweis Egyetem di\u00e1kk\u00f6r\u00e9nek tagja legyen \u00e9s\/vagy el\u0151ad\u00e1st jelentsen be az egyetemi- vagy nemzetk\u00f6zi TDK konferenci\u00e1ra.<\/p>\n<h2>A TDK-konferencia 2017 eredm\u00e9nyei<\/h2>\n<p><a href=\"https:\/\/semmelweis.hu\/tdk\/files\/2019\/06\/TDK2017_eredmenyek.pdf-v01.pdf\" target=\"_blank\" rel=\"noopener noreferrer\">A 2017. \u00e9vi TDK-konferencia eredm\u00e9nye<\/a><\/p>\n<p><a href=\"https:\/\/semmelweis.hu\/tdk\/files\/2019\/06\/SISC2017_prizelist.pdf\" target=\"_blank\" rel=\"noopener noreferrer\">A Semmelweis International Students&#8217; Conference eredm\u00e9nye<\/a><\/p>\n<h2>A TDK-konferencia absztraktjai<\/h2>\n<p><a href=\"https:\/\/semmelweis.hu\/tdk\/files\/2019\/06\/TDK2017_absztraktok_.pdf\" target=\"_blank\" rel=\"noopener noreferrer\">h\u00e1zi TDK-konferencia<\/a><\/p>\n<p><a href=\"https:\/\/semmelweis.hu\/tdk\/files\/2019\/06\/SISC2017_abstracts_.pdf\" target=\"_blank\" rel=\"noopener noreferrer\">Semmelweis International Students&#8217; Conference<\/a><\/p>\n<h2>A 2017. TDK-konferencia programja<\/h2>\n<p><a href=\"https:\/\/semmelweis.hu\/tdk\/files\/2019\/06\/v\u00e9gleges_orvoskepzes_2017-01_tdk-magyar-program_01.pdf\" target=\"_blank\" rel=\"noopener noreferrer\">A 2017. \u00e9vi TDK-konferencia programja<\/a><\/p>\n<p><a href=\"https:\/\/semmelweis.hu\/tdk\/files\/2019\/06\/v\u00e9gleges_orvoskepzes_2017-01_tdk-magyar-attekinto-program.pdf\" target=\"_blank\" rel=\"noopener noreferrer\">A 2017. \u00e9vi TDK-konferencia \u00e1ttekint\u0151 programja<\/a><\/p>\n<p><a href=\"https:\/\/semmelweis.hu\/tdk\/files\/2019\/06\/orvoskepzes_2017-01-24_nemzetk\u00f6zi-program.pdf\" target=\"_blank\" rel=\"noopener noreferrer\">Program of Semmelweis International Students\u2019 Conference, 2017<\/a><\/p>\n<p><a href=\"https:\/\/semmelweis.hu\/tdk\/files\/2019\/06\/orvoskepzes_2017-01_tdk-nemzetkozi-rovid-program.pdf\" target=\"_blank\" rel=\"noopener noreferrer\">Program overview of Semmelweis International Students\u2019 Conference, 2017<\/a><\/p>\n","protected":false},"excerpt":{"rendered":"<p>\u00c1ltal\u00e1nos inform\u00e1ci\u00f3k Semmelweis Egyetem Orvos-, Fogorvos- \u00e9s Gy\u00f3gyszer\u00e9sztudom\u00e1nyi Di\u00e1kk\u00f6ri Konferencia 2016\/2017. Helysz\u00edn: Nagyv\u00e1rad t\u00e9ri Elm\u00e9leti T\u00f6mb Id\u0151pont: 2017. febru\u00e1r 8-10. Felt\u00f6lt\u00e9si hat\u00e1rid\u0151: 2016. december 11. (vas\u00e1rnap) 24 \u00f3ra A TDK konferenci\u00e1ra val\u00f3 jelentkez\u00e9s felt\u00e9telei: a hallgat\u00f3 a Semmelweis Egyetem Tudom\u00e1nyos Di\u00e1kk\u00f6r\u00e9nek tagja, \u00e9s TDK-tags\u00e1g\u00e1t a kutat\u00f3hely a Tudom\u00e1nyos Di\u00e1kk\u00f6ri Tan\u00e1csnak bejelentette az els\u0151 szerz\u0151 az &hellip;<\/p>\n","protected":false},"author":158,"featured_media":0,"parent":4177,"menu_order":0,"comment_status":"closed","ping_status":"closed","template":"","meta":{"_acf_changed":false,"footnotes":""},"categories":[],"tags":[],"class_list":["post-4371","page","type-page","status-publish","hentry"],"acf":[],"publishpress_future_action":{"enabled":false,"date":"1970-01-01 01:00:00","action":"","terms":[],"taxonomy":"","browser_timezone_offset":0},"_links":{"self":[{"href":"https:\/\/semmelweis.hu\/tdk\/wp-json\/wp\/v2\/pages\/4371","targetHints":{"allow":["GET"]}}],"collection":[{"href":"https:\/\/semmelweis.hu\/tdk\/wp-json\/wp\/v2\/pages"}],"about":[{"href":"https:\/\/semmelweis.hu\/tdk\/wp-json\/wp\/v2\/types\/page"}],"author":[{"embeddable":true,"href":"https:\/\/semmelweis.hu\/tdk\/wp-json\/wp\/v2\/users\/158"}],"replies":[{"embeddable":true,"href":"https:\/\/semmelweis.hu\/tdk\/wp-json\/wp\/v2\/comments?post=4371"}],"version-history":[{"count":6,"href":"https:\/\/semmelweis.hu\/tdk\/wp-json\/wp\/v2\/pages\/4371\/revisions"}],"predecessor-version":[{"id":10860,"href":"https:\/\/semmelweis.hu\/tdk\/wp-json\/wp\/v2\/pages\/4371\/revisions\/10860"}],"up":[{"embeddable":true,"href":"https:\/\/semmelweis.hu\/tdk\/wp-json\/wp\/v2\/pages\/4177"}],"wp:attachment":[{"href":"https:\/\/semmelweis.hu\/tdk\/wp-json\/wp\/v2\/media?parent=4371"}],"wp:term":[{"taxonomy":"category","embeddable":true,"href":"https:\/\/semmelweis.hu\/tdk\/wp-json\/wp\/v2\/categories?post=4371"},{"taxonomy":"post_tag","embeddable":true,"href":"https:\/\/semmelweis.hu\/tdk\/wp-json\/wp\/v2\/tags?post=4371"}],"curies":[{"name":"wp","href":"https:\/\/api.w.org\/{rel}","templated":true}]}}