{"id":4324,"date":"2019-06-24T09:35:37","date_gmt":"2019-06-24T07:35:37","guid":{"rendered":"http:\/\/semmelweis.hu\/tdk\/?page_id=4324"},"modified":"2024-06-19T13:01:21","modified_gmt":"2024-06-19T11:01:21","slug":"tdk-konferencia-2018","status":"publish","type":"page","link":"https:\/\/semmelweis.hu\/tdk\/tudomanyos-diakkori-konferenciak\/eves-tdk-konferencia\/egyetemi-tdk-konferenciak-eves-bontasban\/tdk-konferencia-2018\/","title":{"rendered":"TDK Konferencia 2018"},"content":{"rendered":"<h3>Semmelweis Egyetem Orvos-, Fogorvos- \u00e9s Gy\u00f3gyszer\u00e9sztudom\u00e1nyi Di\u00e1kk\u00f6ri Konferencia 2017\/2018.<\/h3>\n<p><strong>Helysz\u00edn:<\/strong> SE Nagyv\u00e1rad t\u00e9ri Elm\u00e9leti T\u00f6mb (1089 Budapest, Nagyv\u00e1rad t\u00e9r 4.)<br \/>\n<strong>Id\u0151pont:<\/strong> 2018. febru\u00e1r 7-9.<\/p>\n<p>A Semmelweis Egyetem Orvos-, Fogorvos- \u00e9s Gy\u00f3gyszer\u00e9sztudom\u00e1nyi Di\u00e1kk\u00f6ri Konferenci\u00e1ja (angolul Semmelweis Annual Scientific Conference) hivatalos nyelve a magyar \u00e9s az angol.<\/p>\n<p>Az I. \u00e9s II. helyez\u00e9s\u00e9rt p\u00e9nzjutalom j\u00e1r, a legkiv\u00e1l\u00f3bbak a k\u00f6vetkez\u0151 OTDK-n is r\u00e9szt vehetnek. Az \u00c1OK hallgat\u00f3i plusz kreditet kaphatnak.<\/p>\n<h4><strong>program<\/strong><\/h4>\n<ul style=\"list-style-type: square\">\n<li><a href=\"https:\/\/semmelweis.hu\/tdk\/files\/2019\/06\/TDK2018_\u00e1ttekint\u0151.pdf\" target=\"_blank\" rel=\"noopener noreferrer\">\u00c1ttekint\u0151 program<\/a><\/li>\n<li><a href=\"https:\/\/semmelweis.hu\/tdk\/files\/2019\/06\/TDK2018_r\u00e9szletes.pdf\" target=\"_blank\" rel=\"noopener noreferrer\">R\u00e9szletes program<\/a><\/li>\n<li><a href=\"https:\/\/semmelweis.hu\/tdk\/files\/2019\/06\/SISC2018_\u00e1ttekint\u0151.pdf\" target=\"_blank\" rel=\"noopener noreferrer\">SISC 2018 \u00e1ttekint\u0151 programja<\/a><\/li>\n<li><a href=\"https:\/\/semmelweis.hu\/tdk\/files\/2019\/06\/SISC2018_r\u00e9szletes_01.25.pdf\" target=\"_blank\" rel=\"noopener noreferrer\">SISC 2018 r\u00e9szletes programja<\/a><\/li>\n<\/ul>\n<h4><strong>Pontoz\u00e1s szempontjai<\/strong><\/h4>\n<p><a href=\"https:\/\/semmelweis.hu\/tdk\/files\/2019\/06\/A-TDK-el%C5%91ad%C3%A1s-bemutat%C3%A1s%C3%A1nak-pontoz%C3%A1si-szempontjai_2018.pdf\">A pontoz\u00e1si szempontok ismertet\u0151je<\/a><\/p>\n<h4><strong>Eredm\u00e9nyek<\/strong><\/h4>\n<ul style=\"list-style-type: square\">\n<li><a href=\"https:\/\/semmelweis.hu\/tdk\/files\/2019\/06\/TDK2018_eredmenyek.pdf\" target=\"_blank\" rel=\"noopener noreferrer\">A TDK-konferencia 2018 eredm\u00e9nyei<\/a><\/li>\n<li><a href=\"https:\/\/semmelweis.hu\/tdk\/files\/2019\/06\/SISC2018_eredmenyek.pdf\" target=\"_blank\" rel=\"noopener noreferrer\">A SISC 2018 eredm\u00e9nyei<\/a><\/li>\n<\/ul>\n<h4><strong>Fot\u00f3k a 2018-as Konferenci\u00e1r\u00f3l<\/strong><\/h4>\n<p><a href=\"http:\/\/archivum.semmelweis.hu\/pages\/search.php?search=%21collection1330&amp;k=894dbc83f4\"><img loading=\"lazy\" decoding=\"async\" class=\"alignnone size-full wp-image-4330\" src=\"https:\/\/semmelweis.hu\/tdk\/files\/2019\/06\/fog-207x137.jpg\" alt=\"\" width=\"207\" height=\"137\" srcset=\"https:\/\/semmelweis.hu\/tdk\/files\/2019\/06\/fog-207x137.jpg 207w, https:\/\/semmelweis.hu\/tdk\/files\/2019\/06\/fog-207x137-203x135.jpg 203w\" sizes=\"auto, (max-width: 207px) 100vw, 207px\" \/><\/a><a href=\"http:\/\/archivum.semmelweis.hu\/pages\/search.php?search=%21collection1330&amp;k=894dbc83f4\">B\u00e1n\u00f3czy Jol\u00e1n Gyakorlati Fogorvostanhallgat\u00f3i Verseny<\/a><\/p>\n<hr \/>\n<p><a href=\"http:\/\/archivum.semmelweis.hu\/pages\/search.php?search=%21collection1314&amp;k=a47c68fe49\"><img loading=\"lazy\" decoding=\"async\" class=\"alignnone size-full wp-image-4331\" src=\"https:\/\/semmelweis.hu\/tdk\/files\/2019\/06\/sebeszet-207x137.jpg\" alt=\"\" width=\"207\" height=\"137\" srcset=\"https:\/\/semmelweis.hu\/tdk\/files\/2019\/06\/sebeszet-207x137.jpg 207w, https:\/\/semmelweis.hu\/tdk\/files\/2019\/06\/sebeszet-207x137-203x135.jpg 203w\" sizes=\"auto, (max-width: 207px) 100vw, 207px\" \/><\/a><a href=\"http:\/\/archivum.semmelweis.hu\/pages\/search.php?search=%21collection1314&amp;k=a47c68fe49\">Seb\u00e9szeti verseny<\/a><\/p>\n<hr \/>\n<p><a href=\"http:\/\/archivum.semmelweis.hu\/pages\/search.php?search=%21collection1313&amp;k=50c082c139\"><img loading=\"lazy\" decoding=\"async\" class=\"alignnone size-full wp-image-4336\" src=\"https:\/\/semmelweis.hu\/tdk\/files\/2019\/06\/gytk-208x138.jpg\" alt=\"\" width=\"208\" height=\"138\" srcset=\"https:\/\/semmelweis.hu\/tdk\/files\/2019\/06\/gytk-208x138.jpg 208w, https:\/\/semmelweis.hu\/tdk\/files\/2019\/06\/gytk-208x138-203x135.jpg 203w\" sizes=\"auto, (max-width: 208px) 100vw, 208px\" \/><\/a><a href=\"http:\/\/archivum.semmelweis.hu\/pages\/search.php?search=%21collection1313&amp;k=50c082c139\">GYTK verseny<\/a><\/p>\n<hr \/>\n<p><a href=\"http:\/\/archivum.semmelweis.hu\/pages\/search.php?search=%21collection1312&amp;k=b25085398f\"><img loading=\"lazy\" decoding=\"async\" class=\"alignnone size-full wp-image-4337\" src=\"https:\/\/semmelweis.hu\/tdk\/files\/2019\/06\/dijatado-209x139.jpg\" alt=\"\" width=\"209\" height=\"139\" srcset=\"https:\/\/semmelweis.hu\/tdk\/files\/2019\/06\/dijatado-209x139.jpg 209w, https:\/\/semmelweis.hu\/tdk\/files\/2019\/06\/dijatado-209x139-203x135.jpg 203w\" sizes=\"auto, (max-width: 209px) 100vw, 209px\" \/><\/a><a href=\"http:\/\/archivum.semmelweis.hu\/pages\/search.php?search=%21collection1312&amp;k=b25085398f\">Nemzetk\u00f6zi d\u00edj\u00e1tad\u00f3<\/a><\/p>\n<hr \/>\n<p><a href=\"http:\/\/archivum.semmelweis.hu\/pages\/search.php?search=%21collection1315&amp;k=bfb0e7ef03\"><img loading=\"lazy\" decoding=\"async\" class=\"alignnone size-full wp-image-4338\" src=\"https:\/\/semmelweis.hu\/tdk\/files\/2019\/06\/megnyito-211x140.jpg\" alt=\"\" width=\"211\" height=\"140\" srcset=\"https:\/\/semmelweis.hu\/tdk\/files\/2019\/06\/megnyito-211x140.jpg 211w, https:\/\/semmelweis.hu\/tdk\/files\/2019\/06\/megnyito-211x140-203x135.jpg 203w\" sizes=\"auto, (max-width: 211px) 100vw, 211px\" \/><\/a><a href=\"http:\/\/archivum.semmelweis.hu\/pages\/search.php?search=%21collection1315&amp;k=bfb0e7ef03\">Nemzetk\u00f6zi megnyit\u00f3<\/a><\/p>\n<hr \/>\n<p><a href=\"http:\/\/archivum.semmelweis.hu\/pages\/search.php?search=%21collection1316&amp;k=fd4caa77a3\"><img loading=\"lazy\" decoding=\"async\" class=\"alignnone size-full wp-image-4339\" src=\"https:\/\/semmelweis.hu\/tdk\/files\/2019\/06\/reg-212x141.jpg\" alt=\"\" width=\"212\" height=\"141\" srcset=\"https:\/\/semmelweis.hu\/tdk\/files\/2019\/06\/reg-212x141.jpg 212w, https:\/\/semmelweis.hu\/tdk\/files\/2019\/06\/reg-212x141-203x135.jpg 203w\" sizes=\"auto, (max-width: 212px) 100vw, 212px\" \/><\/a><a href=\"http:\/\/archivum.semmelweis.hu\/pages\/search.php?search=%21collection1316&amp;k=fd4caa77a3\">Megnyit\u00f3, regisztr\u00e1ci\u00f3, d\u00edj\u00e1tad\u00f3k<\/a><\/p>\n<hr \/>\n<p><a href=\"http:\/\/archivum.semmelweis.hu\/pages\/search.php?search=%21collection1318&amp;k=e920495f0d\"><img loading=\"lazy\" decoding=\"async\" class=\"alignnone size-full wp-image-4340\" src=\"https:\/\/semmelweis.hu\/tdk\/files\/2019\/06\/rs73847_img_3866-scr-212x141.jpg\" alt=\"\" width=\"212\" height=\"141\" srcset=\"https:\/\/semmelweis.hu\/tdk\/files\/2019\/06\/rs73847_img_3866-scr-212x141.jpg 212w, https:\/\/semmelweis.hu\/tdk\/files\/2019\/06\/rs73847_img_3866-scr-212x141-203x135.jpg 203w\" sizes=\"auto, (max-width: 212px) 100vw, 212px\" \/><\/a><a href=\"http:\/\/archivum.semmelweis.hu\/pages\/search.php?search=%21collection1318&amp;k=e920495f0d\">El\u0151ad\u00e1sok<\/a><\/p>\n<hr \/>\n<p><a href=\"http:\/\/archivum.semmelweis.hu\/pages\/search.php?search=%21collection1317&amp;k=23b84f7fb6\"><img loading=\"lazy\" decoding=\"async\" class=\"alignnone size-full wp-image-4341\" src=\"https:\/\/semmelweis.hu\/tdk\/files\/2019\/06\/rs73676_img_4905-scr-215x143.jpg\" alt=\"\" width=\"215\" height=\"143\" \/><\/a><a href=\"http:\/\/archivum.semmelweis.hu\/pages\/search.php?search=%21collection1317&amp;k=23b84f7fb6\">D\u00edj\u00e1tad\u00f3<\/a><\/p>\n<hr \/>\n<h4><strong>T\u00e1mogat\u00f3k<\/strong><\/h4>\n<p>A Semmelweis Egyetem Tudom\u00e1nyos Di\u00e1kk\u00f6ri Tan\u00e1csa \u00e9s a Semmelweis Tudom\u00e1nyos Di\u00e1kk\u00f6ri Alap\u00edtv\u00e1ny ez\u00faton is szeretne k\u00f6sz\u00f6netet mondani t\u00e1mogat\u00f3inak, ami\u00e9rt nagylelk\u0171en seg\u00edtett\u00e9k a Semmelweis Egyetem tehets\u00e9ges di\u00e1kk\u00f6r\u00f6seit.<\/p>\n<figure id=\"attachment_4360\" aria-describedby=\"caption-attachment-4360\" style=\"width: 335px\" class=\"wp-caption alignnone\"><img loading=\"lazy\" decoding=\"async\" class=\" wp-image-4360\" src=\"https:\/\/semmelweis.hu\/tdk\/files\/2019\/06\/let\u00f6lt\u00e9s-400x222.png\" alt=\"RICHTER GEDEON NYRT.\" width=\"335\" height=\"186\" srcset=\"https:\/\/semmelweis.hu\/tdk\/files\/2019\/06\/let\u00f6lt\u00e9s-400x222.png 400w, https:\/\/semmelweis.hu\/tdk\/files\/2019\/06\/let\u00f6lt\u00e9s.png 408w\" sizes=\"auto, (max-width: 335px) 100vw, 335px\" \/><figcaption id=\"caption-attachment-4360\" class=\"wp-caption-text\">RICHTER GEDEON NYRT.<\/figcaption><\/figure>\n<p>Astra Zeneca Kft.<\/p>\n<p>Ewopharma Kft.<\/p>\n<p>Fiatal Gasztroenterol\u00f3gusok Munkacsoportja<\/p>\n<p>Magyar Allergol\u00f3giai \u00e9s Klinikai Immunol\u00f3giai T\u00e1rsas\u00e1g<\/p>\n<p>Magyar Aneszteziol\u00f3giai \u00e9s Intenz\u00edv Ter\u00e1pi\u00e1s T\u00e1rsas\u00e1g<\/p>\n<p>Magyar Angiol\u00f3giai \u00e9s \u00c9rseb\u00e9szeti T\u00e1rsas\u00e1g<\/p>\n<p>Magyar Dermatol\u00f3giai T\u00e1rsulat<\/p>\n<p>Magyar Diabetes T\u00e1rsas\u00e1g<\/p>\n<p>Magyar Gasztroenterol\u00f3giai T\u00e1rsas\u00e1g<\/p>\n<p>Magyar Gy\u00f3gyszer\u00e9szi Kamara<\/p>\n<p>Magyar Gy\u00f3gyszer\u00e9sztudom\u00e1nyi T\u00e1rsas\u00e1g<\/p>\n<p>Magyar Hypertonia T\u00e1rsas\u00e1g<\/p>\n<p>Magyar Immunol\u00f3giai T\u00e1rsas\u00e1g (Magyar Immunol\u00f3gia Halad\u00e1s\u00e1\u00e9rt Alap\u00edtv\u00e1ny)<\/p>\n<p>Magyar Mikrobiol\u00f3giai T\u00e1rsas\u00e1g<\/p>\n<p>Magyar Nephrologiai T\u00e1rsas\u00e1g<\/p>\n<p>Magyar Onkol\u00f3gusok T\u00e1rsas\u00e1ga<\/p>\n<p>Magyar Orvosi Kamara<\/p>\n<p>Magyar Pszichi\u00e1triai T\u00e1rsas\u00e1g<\/p>\n<p>Magyar Resuscitati\u00f3s T\u00e1rsas\u00e1g<\/p>\n<p>Magyar Seb\u00e9sz T\u00e1rsas\u00e1g<\/p>\n<p>Magyar T\u00fcd\u0151gy\u00f3gy\u00e1sz T\u00e1rsas\u00e1g<\/p>\n<p>Selye J\u00e1nos Magyar Magatart\u00e1studom\u00e1nyi \u00e9s Magatart\u00e1sorvosl\u00e1si T\u00e1rsas\u00e1g<\/p>\n<p><img loading=\"lazy\" decoding=\"async\" class=\"alignnone  wp-image-4363\" src=\"https:\/\/semmelweis.hu\/tdk\/files\/2019\/06\/4logo-661x165-400x100.png\" alt=\"\" width=\"504\" height=\"126\" srcset=\"https:\/\/semmelweis.hu\/tdk\/files\/2019\/06\/4logo-661x165-400x100.png 400w, https:\/\/semmelweis.hu\/tdk\/files\/2019\/06\/4logo-661x165.png 661w\" sizes=\"auto, (max-width: 504px) 100vw, 504px\" \/><\/p>\n","protected":false},"excerpt":{"rendered":"<p>Semmelweis Egyetem Orvos-, Fogorvos- \u00e9s Gy\u00f3gyszer\u00e9sztudom\u00e1nyi Di\u00e1kk\u00f6ri Konferencia 2017\/2018. Helysz\u00edn: SE Nagyv\u00e1rad t\u00e9ri Elm\u00e9leti T\u00f6mb (1089 Budapest, Nagyv\u00e1rad t\u00e9r 4.) Id\u0151pont: 2018. febru\u00e1r 7-9. A Semmelweis Egyetem Orvos-, Fogorvos- \u00e9s Gy\u00f3gyszer\u00e9sztudom\u00e1nyi Di\u00e1kk\u00f6ri Konferenci\u00e1ja (angolul Semmelweis Annual Scientific Conference) hivatalos nyelve a magyar \u00e9s az angol. Az I. \u00e9s II. helyez\u00e9s\u00e9rt p\u00e9nzjutalom j\u00e1r, a legkiv\u00e1l\u00f3bbak a &hellip;<\/p>\n","protected":false},"author":158,"featured_media":0,"parent":4177,"menu_order":0,"comment_status":"closed","ping_status":"closed","template":"","meta":{"_acf_changed":false,"footnotes":""},"categories":[],"tags":[],"class_list":["post-4324","page","type-page","status-publish","hentry"],"acf":[],"publishpress_future_action":{"enabled":false,"date":"1970-01-01 01:00:00","action":"","terms":[],"taxonomy":"","browser_timezone_offset":0},"_links":{"self":[{"href":"https:\/\/semmelweis.hu\/tdk\/wp-json\/wp\/v2\/pages\/4324","targetHints":{"allow":["GET"]}}],"collection":[{"href":"https:\/\/semmelweis.hu\/tdk\/wp-json\/wp\/v2\/pages"}],"about":[{"href":"https:\/\/semmelweis.hu\/tdk\/wp-json\/wp\/v2\/types\/page"}],"author":[{"embeddable":true,"href":"https:\/\/semmelweis.hu\/tdk\/wp-json\/wp\/v2\/users\/158"}],"replies":[{"embeddable":true,"href":"https:\/\/semmelweis.hu\/tdk\/wp-json\/wp\/v2\/comments?post=4324"}],"version-history":[{"count":7,"href":"https:\/\/semmelweis.hu\/tdk\/wp-json\/wp\/v2\/pages\/4324\/revisions"}],"predecessor-version":[{"id":10738,"href":"https:\/\/semmelweis.hu\/tdk\/wp-json\/wp\/v2\/pages\/4324\/revisions\/10738"}],"up":[{"embeddable":true,"href":"https:\/\/semmelweis.hu\/tdk\/wp-json\/wp\/v2\/pages\/4177"}],"wp:attachment":[{"href":"https:\/\/semmelweis.hu\/tdk\/wp-json\/wp\/v2\/media?parent=4324"}],"wp:term":[{"taxonomy":"category","embeddable":true,"href":"https:\/\/semmelweis.hu\/tdk\/wp-json\/wp\/v2\/categories?post=4324"},{"taxonomy":"post_tag","embeddable":true,"href":"https:\/\/semmelweis.hu\/tdk\/wp-json\/wp\/v2\/tags?post=4324"}],"curies":[{"name":"wp","href":"https:\/\/api.w.org\/{rel}","templated":true}]}}