{"id":4212,"date":"2019-06-10T15:54:29","date_gmt":"2019-06-10T13:54:29","guid":{"rendered":"http:\/\/semmelweis.hu\/tdk\/?page_id=4212"},"modified":"2025-09-12T07:57:09","modified_gmt":"2025-09-12T05:57:09","slug":"pro-scientia-aranyerem","status":"publish","type":"page","link":"https:\/\/semmelweis.hu\/tdk\/palyazatok\/pro-scientia-aranyerem\/","title":{"rendered":"Pro Scientia Arany\u00e9rem"},"content":{"rendered":"<p><strong>Pro Scientia p\u00e1ly\u00e1zat beny\u00fajt\u00e1sa<\/strong><\/p>\n<p>A Pro Scientia Arany\u00e9rem p\u00e1ly\u00e1zat beny\u00fajt\u00e1s\u00e1t szolg\u00e1l\u00f3 fel\u00fclet el\u00e9rhet\u0151 az OTDT online rendszerben.\u00a0<\/p>\n<p>A p\u00e1ly\u00e1zattal kapcsolatos t\u00e1j\u00e9koztat\u00e1s itt tal\u00e1lhat\u00f3:<\/p>\n<p>\u00a0<a href=\"https:\/\/otdk.hu\/otdt\/kituntetesek\/pro-scientia-pro-arte-es-junior-pro-scientia-aranyerem-kituntetesek\">https:\/\/otdk.hu\/otdt\/kituntetesek\/pro-scientia-pro-arte-es-junior-pro-scientia-aranyerem-kituntetesek<\/a><\/p>\n<p><strong>Bead\u00e1si hat\u00e1rid\u0151: 2023. m\u00e1jus 10.<\/strong><\/p>\n<p>A Pro Scientia Arany\u00e9remre\u00a0az a hallgat\u00f3 p\u00e1ly\u00e1zhat, aki<\/p>\n<p>&#8211;\u00a0\u00a0\u00a0\u00a0\u00a0\u00a0\u00a0\u00a0\u00a0\u00a02023-ban a XXXVI. OTDK-n tagozati I. helyezett lett,<\/p>\n<p><strong>VAGY<\/strong><\/p>\n<p>&#8211;\u00a0\u00a0\u00a0\u00a0\u00a0\u00a0\u00a0\u00a0\u00a0\u00a02021-ben a XXXV. OTDK-n lett tagozati I. helyezett \u00e9s 2023-ban a XXXVI. OTDK-n is r\u00e9szt vett \u00e9s bemutatta p\u00e1lyamunk\u00e1j\u00e1t. Ebben az esetben a k\u00e9t felt\u00e9telnek egy\u00fctt kell teljes\u00fclni, \u00e9s a hallgat\u00f3 a XXXVI. OTDK-n el\u00e9rt eredm\u00e9ny\u00e9t\u0151l f\u00fcggetlen\u00fcl p\u00e1ly\u00e1zhat.<\/p>\n<p><strong>A p\u00e1ly\u00e1zat beny\u00fajt\u00e1s\u00e1hoz TDT-eln\u00f6ki aj\u00e1nl\u00e1s sz\u00fcks\u00e9ges<\/strong>.<\/p>\n<p>FONTOS!!!!!<\/p>\n<p>A\u00a0<strong>hallgat\u00f3k \u00e1ltal el\u0151re elk\u00e9sz\u00edtett<\/strong>\u00a0aj\u00e1nl\u00f3 leveleket elektronikus \u00faton, word form\u00e1tumban v\u00e1rjuk az <a href=\"mailto:tudomanyos.diakkor@semmelweis.hi\">tudomanyos.diakkor@semmelweis.hu<\/a>\u00a0email c\u00edmre legk\u00e9s\u0151bb 2023. m\u00e1jus 5. \u00e9jf\u00e9lig. Az al\u00e1\u00edrt dokumentumot digit\u00e1lisan juttatjuk vissza.<\/p>\n<p>A p\u00e1ly\u00e1zatot kiz\u00e1r\u00f3lag elektronikusan kell beny\u00fajtani.<\/p>\n<p><strong>A Pro Scientia Arany\u00e9rem Szab\u00e1lyzata<\/strong><\/p>\n<p><a href=\"https:\/\/otdk.hu\/storage\/pages\/aktualis\/psa_szabalyzat_modositas_20190906.pdf\" target=\"_blank\" rel=\"noopener\">Pro Scientia Arany\u00e9rem Szab\u00e1lyzat &#8211; utols\u00f3 m\u00f3dos\u00edt\u00e1s: 2019. szeptember 6.<\/a><\/p>\n<p><strong>A Pro Scientia Arany\u00e9rem p\u00e1ly\u00e1zat kit\u00f6lt\u00e9si \u00fatmutat\u00f3ja<\/strong><\/p>\n<p><a href=\"https:\/\/otdk.hu\/storage\/pages\/aktualis\/PSA_kitoltesi_utmutato_2023.pdf\" target=\"_blank\" rel=\"noopener\">Pro Scientia Arany\u00e9rem p\u00e1ly\u00e1zat kit\u00f6lt\u00e9si \u00fatmutat\u00f3ja &#8211; 2023<\/a><\/p>\n<p>&nbsp;<\/p>\n","protected":false},"excerpt":{"rendered":"<p>Pro Scientia p\u00e1ly\u00e1zat beny\u00fajt\u00e1sa A Pro Scientia Arany\u00e9rem p\u00e1ly\u00e1zat beny\u00fajt\u00e1s\u00e1t szolg\u00e1l\u00f3 fel\u00fclet el\u00e9rhet\u0151 az OTDT online rendszerben.\u00a0 A p\u00e1ly\u00e1zattal kapcsolatos t\u00e1j\u00e9koztat\u00e1s itt tal\u00e1lhat\u00f3: \u00a0 <a href=\"https:\/\/otdk.hu\/otdt\/kituntetesek\/pro-scientia-pro-arte-es-junior-pro-scientia-aranyerem-kituntetesek\">https:\/\/otdk.hu\/otdt\/kituntetesek\/pro-scientia-pro-arte-es-junior-pro-scientia-aranyerem-kituntetesek<\/a> Bead\u00e1si hat\u00e1rid\u0151: 2023. m\u00e1jus 10. A Pro Scientia Arany\u00e9remre\u00a0az a hallgat\u00f3 p\u00e1ly\u00e1zhat, aki &#8211;\u00a0\u00a0\u00a0\u00a0\u00a0\u00a0\u00a0\u00a0\u00a0\u00a02023-ban a XXXVI. OTDK-n tagozati I. helyezett lett, VAGY &#8211;\u00a0\u00a0\u00a0\u00a0\u00a0\u00a0\u00a0\u00a0\u00a0\u00a02021-ben a XXXV. OTDK-n lett tagozati I. helyezett \u00e9s &hellip;<\/p>\n","protected":false},"author":101600,"featured_media":0,"parent":1146,"menu_order":4,"comment_status":"closed","ping_status":"closed","template":"","meta":{"_acf_changed":false,"footnotes":""},"categories":[],"tags":[],"class_list":["post-4212","page","type-page","status-publish","hentry"],"acf":[],"publishpress_future_action":{"enabled":false,"date":"1970-01-01 01:00:00","action":"","terms":[],"taxonomy":"","browser_timezone_offset":0},"_links":{"self":[{"href":"https:\/\/semmelweis.hu\/tdk\/wp-json\/wp\/v2\/pages\/4212","targetHints":{"allow":["GET"]}}],"collection":[{"href":"https:\/\/semmelweis.hu\/tdk\/wp-json\/wp\/v2\/pages"}],"about":[{"href":"https:\/\/semmelweis.hu\/tdk\/wp-json\/wp\/v2\/types\/page"}],"author":[{"embeddable":true,"href":"https:\/\/semmelweis.hu\/tdk\/wp-json\/wp\/v2\/users\/101600"}],"replies":[{"embeddable":true,"href":"https:\/\/semmelweis.hu\/tdk\/wp-json\/wp\/v2\/comments?post=4212"}],"version-history":[{"count":6,"href":"https:\/\/semmelweis.hu\/tdk\/wp-json\/wp\/v2\/pages\/4212\/revisions"}],"predecessor-version":[{"id":11685,"href":"https:\/\/semmelweis.hu\/tdk\/wp-json\/wp\/v2\/pages\/4212\/revisions\/11685"}],"up":[{"embeddable":true,"href":"https:\/\/semmelweis.hu\/tdk\/wp-json\/wp\/v2\/pages\/1146"}],"wp:attachment":[{"href":"https:\/\/semmelweis.hu\/tdk\/wp-json\/wp\/v2\/media?parent=4212"}],"wp:term":[{"taxonomy":"category","embeddable":true,"href":"https:\/\/semmelweis.hu\/tdk\/wp-json\/wp\/v2\/categories?post=4212"},{"taxonomy":"post_tag","embeddable":true,"href":"https:\/\/semmelweis.hu\/tdk\/wp-json\/wp\/v2\/tags?post=4212"}],"curies":[{"name":"wp","href":"https:\/\/api.w.org\/{rel}","templated":true}]}}