{"id":4181,"date":"2019-06-10T14:36:48","date_gmt":"2019-06-10T12:36:48","guid":{"rendered":"http:\/\/semmelweis.hu\/tdk\/?page_id=4181"},"modified":"2025-04-28T22:42:34","modified_gmt":"2025-04-28T20:42:34","slug":"korabbi-otdk-konferenciak","status":"publish","type":"page","link":"https:\/\/semmelweis.hu\/tdk\/tudomanyos-diakkori-konferenciak\/orszagos-tdk-konferencia\/korabbi-otdk-konferenciak\/","title":{"rendered":"Kor\u00e1bbi OTDK Konferenci\u00e1k"},"content":{"rendered":"<div class=\"hidden-content\">\n<div>Az Orsz\u00e1gos Tudom\u00e1nyos Di\u00e1kk\u00f6ri Konferenci\u00e1k eredm\u00e9nyei visszakereshet\u0151ek az <a href=\"http:\/\/otdt.hu\/site\/otdk-eredmenyek\">OTDT honlapj\u00e1n kereszt\u00fcl<\/a>.<\/div>\n<\/div>\n<div>\u00a0<\/div>\n<div>\n<div>\n<div class=\"hidden-content\">\n<div><span style=\"color: #313b40;font-family: Montserrat, sans-serif;font-size: 22px;text-transform: uppercase\">2025 &#8211; P\u00c9CS (37. OTDK<\/span><span style=\"color: #313b40;font-family: Montserrat, sans-serif;font-size: 22px;text-transform: uppercase\">)<\/span><\/div>\n<\/div>\n<\/div>\n<ul style=\"list-style-type: square\">\n<li><a href=\"https:\/\/semmelweis.hu\/tdk\/files\/2025\/04\/OTDK2025program.pdf\" target=\"_blank\" rel=\"noopener\">R\u00e9szletes program<\/a> \u00e9s <a href=\"https:\/\/semmelweis.hu\/tdk\/files\/2025\/04\/OTDK2025rezume-0.pdf\" target=\"_blank\" rel=\"noopener\">el\u0151ad\u00e1skivonatok<\/a><\/li>\n<li><a href=\"https:\/\/semmelweis.hu\/tdk\/files\/2025\/04\/12_37_otdk_eredmenyhirdetes_Orvos_sablon_final.pdf\" target=\"_blank\" rel=\"noopener\">Eredm\u00e9nyek<\/a><\/li>\n<\/ul>\n<\/div>\n<h4>2023 &#8211; Budapest (<span style=\"text-decoration: underline\"><a href=\"https:\/\/semmelweis.hu\/tdk\/tudomanyos-diakkori-konferenciak\/orszagos-tdk-konferencia\/otdk\/36-otdk\/\" target=\"_blank\" rel=\"noopener\">36. OTDK\u2192<\/a><\/span>)<\/h4>\n<div>\n<ul style=\"list-style-type: square\">\n<li><a href=\"https:\/\/semmelweis.hu\/tdk\/files\/2024\/06\/Reszletes-program_OTDK-Budapest-2023.pdf\">R\u00e9szletes program \u00e9s el\u0151ad\u00e1skivonatok<\/a><\/li>\n<li><a href=\"https:\/\/semmelweis.hu\/tdk\/files\/2023\/04\/otdk_36_eredmenyhirdetes.pdf\">Eredm\u00e9nyek<\/a><\/li>\n<\/ul>\n<\/div>\n<h4>2021 &#8211; SZEGED (<span style=\"text-decoration: underline\"><a href=\"https:\/\/semmelweis.hu\/tdk\/tudomanyos-diakkori-konferenciak\/orszagos-tdk-konferencia\/korabbi-otdk-konferenciak\/35-otdk-eredmenyek\/\">35. OTDK\u2192<\/a><\/span>)<\/h4>\n<div>\n<div class=\"hidden-content\">\n<ul style=\"list-style-type: square\">\n<li><a href=\"https:\/\/semmelweis.hu\/tdk\/files\/2022\/11\/OTDK_Kiadvany_2021_v8.pdf\">R\u00e9szletes program \u00e9s el\u0151ad\u00e1skivonatok<\/a><\/li>\n<li><a href=\"https:\/\/semmelweis.hu\/tdk\/files\/2022\/11\/Eredmenyek_OTDK_2021.pdf\">Eredm\u00e9nyek<\/a><\/li>\n<\/ul>\n<div><span style=\"color: #313b40;font-family: Montserrat, sans-serif;font-size: 22px;text-transform: uppercase\">2019 &#8211; Debrecen (34. OTDK<\/span><span style=\"color: #313b40;font-family: Montserrat, sans-serif;font-size: 22px;text-transform: uppercase\">)<\/span><\/div>\n<\/div>\n<\/div>\n<ul style=\"list-style-type: square\">\n<li><a href=\"https:\/\/semmelweis.hu\/tdk\/files\/2019\/08\/2019_OTDK_orvoskepzes.pdf\" target=\"_blank\" rel=\"noopener noreferrer\">R\u00e9szletes program \u00e9s el\u0151ad\u00e1skivonatok<\/a><\/li>\n<li><a href=\"https:\/\/semmelweis.hu\/tdk\/files\/2019\/08\/2019_OTDK_eredmenyek.pdf\" target=\"_blank\" rel=\"noopener noreferrer\">Eredm\u00e9nyek<\/a><\/li>\n<\/ul>\n<h4>2017 &#8211; P\u00e9cs (<span style=\"text-decoration: underline\"><a href=\"https:\/\/semmelweis.hu\/tdk\/tudomanyos-diakkori-konferenciak\/orszagos-tdk-konferencia\/korabbi-otdk-konferenciak\/a-xxxiii-otdk-eredmenyei\/\" target=\"_blank\" rel=\"noopener\">33. OTDK\u2192<\/a><\/span>)<\/h4>\n<ul style=\"list-style-type: square\">\n<li><a href=\"https:\/\/semmelweis.hu\/tdk\/files\/2019\/08\/2017_otdk_orvoskepzes.pdf\" target=\"_blank\" rel=\"noopener noreferrer\">R\u00e9szletes program \u00e9s el\u0151ad\u00e1skivonatok<\/a><\/li>\n<li><a href=\"https:\/\/semmelweis.hu\/tdk\/files\/2018\/03\/XXXIII.OTDK_eredmenyek.pdf\" target=\"_blank\" rel=\"noopener noreferrer\">Eredm\u00e9nyek<\/a><\/li>\n<\/ul>\n<h4>2015 &#8211; Budapest (<span style=\"text-decoration: underline\"><a href=\"https:\/\/semmelweis.hu\/tdk\/tudomanyos-diakkori-konferenciak\/orszagos-tdk-konferencia\/korabbi-otdk-konferenciak\/otdk\/\" target=\"_blank\" rel=\"noopener\">32. OTDK\u2192<\/a><\/span>)<\/h4>\n<ul style=\"list-style-type: square\">\n<li><a href=\"https:\/\/semmelweis.hu\/tdk\/files\/2019\/08\/2015_otdk_orvoskepzes.pdf\" target=\"_blank\" rel=\"noopener noreferrer\">R\u00e9szletes program \u00e9s el\u0151ad\u00e1skivonatok<\/a><\/li>\n<li><a href=\"https:\/\/semmelweis.hu\/tdk\/files\/2019\/08\/2015_OTDK_eredmenyek.pdf\">Eredm\u00e9nyek<\/a><\/li>\n<\/ul>\n<p>&nbsp;<\/p>\n<div class=\"hidden-content\">\n<div class=\"hidden-content\">\n<div class=\"hidden-content\">\u00a0<\/div>\n<\/div>\n<\/div>\n","protected":false},"excerpt":{"rendered":"<p>Az Orsz\u00e1gos Tudom\u00e1nyos Di\u00e1kk\u00f6ri Konferenci\u00e1k eredm\u00e9nyei visszakereshet\u0151ek az <a href=\"http:\/\/otdt.hu\/site\/otdk-eredmenyek\">OTDT honlapj\u00e1n kereszt\u00fcl<\/a> . \u00a0 2025 &#8211; P\u00c9CS (37. OTDK) <a href=\"https:\/\/semmelweis.hu\/tdk\/files\/2025\/04\/OTDK2025program.pdf\" target=\"_blank\" rel=\"noopener\">R\u00e9szletes program<\/a> \u00e9s <a href=\"https:\/\/semmelweis.hu\/tdk\/files\/2025\/04\/OTDK2025rezume-0.pdf\" target=\"_blank\" rel=\"noopener\">el\u0151ad\u00e1skivonatok<\/a> <a href=\"https:\/\/semmelweis.hu\/tdk\/files\/2025\/04\/12_37_otdk_eredmenyhirdetes_Orvos_sablon_final.pdf\" target=\"_blank\" rel=\"noopener\">Eredm\u00e9nyek<\/a> 2023 &#8211; Budapest ( <a href=\"https:\/\/semmelweis.hu\/tdk\/tudomanyos-diakkori-konferenciak\/orszagos-tdk-konferencia\/otdk\/36-otdk\/\" target=\"_blank\" rel=\"noopener\">36. OTDK\u2192<\/a> ) <a href=\"https:\/\/semmelweis.hu\/tdk\/files\/2024\/06\/Reszletes-program_OTDK-Budapest-2023.pdf\">R\u00e9szletes program \u00e9s el\u0151ad\u00e1skivonatok<\/a> <a href=\"https:\/\/semmelweis.hu\/tdk\/files\/2023\/04\/otdk_36_eredmenyhirdetes.pdf\">Eredm\u00e9nyek<\/a> 2021 &#8211; SZEGED ( <a href=\"https:\/\/semmelweis.hu\/tdk\/tudomanyos-diakkori-konferenciak\/orszagos-tdk-konferencia\/korabbi-otdk-konferenciak\/35-otdk-eredmenyek\/\">35. OTDK\u2192<\/a> ) <a href=\"https:\/\/semmelweis.hu\/tdk\/files\/2022\/11\/OTDK_Kiadvany_2021_v8.pdf\">R\u00e9szletes program \u00e9s el\u0151ad\u00e1skivonatok<\/a> <a href=\"https:\/\/semmelweis.hu\/tdk\/files\/2022\/11\/Eredmenyek_OTDK_2021.pdf\">Eredm\u00e9nyek<\/a> 2019 &#8211; Debrecen (34. OTDK) <a href=\"https:\/\/semmelweis.hu\/tdk\/files\/2019\/08\/2019_OTDK_orvoskepzes.pdf\" target=\"_blank\" rel=\"noopener noreferrer\">R\u00e9szletes program \u00e9s el\u0151ad\u00e1skivonatok<\/a> <a href=\"https:\/\/semmelweis.hu\/tdk\/files\/2019\/08\/2019_OTDK_eredmenyek.pdf\" target=\"_blank\" rel=\"noopener noreferrer\">Eredm\u00e9nyek<\/a> 2017 &#8211; P\u00e9cs ( <a href=\"https:\/\/semmelweis.hu\/tdk\/tudomanyos-diakkori-konferenciak\/orszagos-tdk-konferencia\/korabbi-otdk-konferenciak\/a-xxxiii-otdk-eredmenyei\/\" target=\"_blank\" rel=\"noopener\">33. OTDK\u2192<\/a> ) <a href=\"https:\/\/semmelweis.hu\/tdk\/files\/2019\/08\/2017_otdk_orvoskepzes.pdf\" target=\"_blank\" rel=\"noopener noreferrer\">R\u00e9szletes program \u00e9s el\u0151ad\u00e1skivonatok<\/a> <a href=\"https:\/\/semmelweis.hu\/tdk\/files\/2018\/03\/XXXIII.OTDK_eredmenyek.pdf\" target=\"_blank\" rel=\"noopener noreferrer\">Eredm\u00e9nyek<\/a> 2015 &#8211; Budapest ( <a href=\"https:\/\/semmelweis.hu\/tdk\/tudomanyos-diakkori-konferenciak\/orszagos-tdk-konferencia\/korabbi-otdk-konferenciak\/otdk\/\" target=\"_blank\" rel=\"noopener\">32. OTDK\u2192<\/a> ) <a href=\"https:\/\/semmelweis.hu\/tdk\/files\/2019\/08\/2015_otdk_orvoskepzes.pdf\" target=\"_blank\" rel=\"noopener noreferrer\">R\u00e9szletes program \u00e9s el\u0151ad\u00e1skivonatok<\/a> <a href=\"https:\/\/semmelweis.hu\/tdk\/files\/2019\/08\/2015_OTDK_eredmenyek.pdf\">Eredm\u00e9nyek<\/a> &nbsp; &hellip;<\/p>\n","protected":false},"author":101600,"featured_media":0,"parent":10598,"menu_order":2,"comment_status":"closed","ping_status":"closed","template":"","meta":{"_acf_changed":false,"footnotes":""},"categories":[],"tags":[],"class_list":["post-4181","page","type-page","status-publish","hentry"],"acf":[],"publishpress_future_action":{"enabled":false,"date":"1970-01-01 01:00:00","action":"","terms":[],"taxonomy":"","browser_timezone_offset":0},"_links":{"self":[{"href":"https:\/\/semmelweis.hu\/tdk\/wp-json\/wp\/v2\/pages\/4181","targetHints":{"allow":["GET"]}}],"collection":[{"href":"https:\/\/semmelweis.hu\/tdk\/wp-json\/wp\/v2\/pages"}],"about":[{"href":"https:\/\/semmelweis.hu\/tdk\/wp-json\/wp\/v2\/types\/page"}],"author":[{"embeddable":true,"href":"https:\/\/semmelweis.hu\/tdk\/wp-json\/wp\/v2\/users\/101600"}],"replies":[{"embeddable":true,"href":"https:\/\/semmelweis.hu\/tdk\/wp-json\/wp\/v2\/comments?post=4181"}],"version-history":[{"count":13,"href":"https:\/\/semmelweis.hu\/tdk\/wp-json\/wp\/v2\/pages\/4181\/revisions"}],"predecessor-version":[{"id":11400,"href":"https:\/\/semmelweis.hu\/tdk\/wp-json\/wp\/v2\/pages\/4181\/revisions\/11400"}],"up":[{"embeddable":true,"href":"https:\/\/semmelweis.hu\/tdk\/wp-json\/wp\/v2\/pages\/10598"}],"wp:attachment":[{"href":"https:\/\/semmelweis.hu\/tdk\/wp-json\/wp\/v2\/media?parent=4181"}],"wp:term":[{"taxonomy":"category","embeddable":true,"href":"https:\/\/semmelweis.hu\/tdk\/wp-json\/wp\/v2\/categories?post=4181"},{"taxonomy":"post_tag","embeddable":true,"href":"https:\/\/semmelweis.hu\/tdk\/wp-json\/wp\/v2\/tags?post=4181"}],"curies":[{"name":"wp","href":"https:\/\/api.w.org\/{rel}","templated":true}]}}