{"id":4177,"date":"2019-06-10T14:03:12","date_gmt":"2019-06-10T12:03:12","guid":{"rendered":"http:\/\/semmelweis.hu\/tdk\/?page_id=4177"},"modified":"2025-10-15T18:15:42","modified_gmt":"2025-10-15T16:15:42","slug":"egyetemi-tdk-konferenciak-eves-bontasban","status":"publish","type":"page","link":"https:\/\/semmelweis.hu\/tdk\/tudomanyos-diakkori-konferenciak\/eves-tdk-konferencia\/egyetemi-tdk-konferenciak-eves-bontasban\/","title":{"rendered":"Kor\u00e1bbi Egyetemi TDK konferenci\u00e1k"},"content":{"rendered":"<h3>2025-\u00f6s SE TDK Konferencia<\/h3>\n<div class=\"keretes w-100\">\n<p><strong>A konferencia id\u0151pontja:<\/strong> 2025. febru\u00e1r 6-8.<br \/>\n<strong>A konferencia helysz\u00ednei:<\/strong> <br \/>\nNagyv\u00e1rad t\u00e9ri Elm\u00e9leti T\u00f6mb (1089 Budapest, Nagyv\u00e1rad t\u00e9r 4.);\u00a0<br \/>\nElm\u00e9leti Orvostudom\u00e1nyi K\u00f6zpont (1094 Budapest, T\u0171zolt\u00f3 utca 37-47.)<\/p>\n<\/div>\n<ul style=\"list-style-type: square\">\n<li><a href=\"https:\/\/semmelweis.hu\/tdk\/files\/2025\/10\/semmelweis_kiado_orvoskepzes_2025_tdk.pdf\" target=\"_blank\" rel=\"noopener\"><span style=\"font-size: 1rem\">R\u00e9szletes program \u00e9s el\u0151ad\u00e1skivonatok<\/span><\/a><\/li>\n<li><a href=\"https:\/\/semmelweis.hu\/tdk\/files\/2025\/02\/HUN_Zaro-2025_sum_vegleges.pdf\" target=\"_blank\" rel=\"noopener\">Eredm\u00e9nyek<\/a><\/li>\n<\/ul>\n<h3>2024-es SE TDK Konferencia<\/h3>\n<div class=\"keretes w-100\">\n<p><strong>A konferencia id\u0151pontja:<\/strong> 2024. febru\u00e1r 7-9.<br \/>\n<strong>A konferencia helysz\u00edne:<\/strong> Nagyv\u00e1rad t\u00e9ri Elm\u00e9leti T\u00f6mb (1089 Budapest, Nagyv\u00e1rad t\u00e9r 4.)\u00a0<\/p>\n<\/div>\n<ul style=\"list-style-type: square\">\n<li><a href=\"https:\/\/semmelweis.hu\/tdk\/files\/2024\/02\/semmelweis_kiado_pdf_1706773336-LEGFRISSEBB.pdf\">R\u00e9szletes program \u00e9s el\u0151ad\u00e1skivonatok<\/a><\/li>\n<li><a href=\"https:\/\/semmelweis.hu\/tdk\/files\/2024\/02\/eredmenyhirdetes_magyar_2024_0208-2.pdf\">Eredm\u00e9nyek<\/a><\/li>\n<li><a href=\"https:\/\/semmelweis.hu\/hirek\/2024\/02\/12\/tdk-a-semmelweisen-a-gyogyitastol-a-tarsadalomtudomanyokig-dijaztak-a-legjobbakat\/\" target=\"_blank\" rel=\"noopener\">TDK: a gy\u00f3gy\u00edt\u00e1st\u00f3l a t\u00e1rsadalom\u00adtudom\u00e1nyokig d\u00edjazt\u00e1k a legjobbakat<\/a> (besz\u00e1mol\u00f3 cikk az egyetemi h\u00edrport\u00e1lon)<\/li>\n<\/ul>\n<h3>2023-as SE TDK Konferencia<\/h3>\n<div class=\"keretes w-100\">\n<p><strong>A konferencia id\u0151pontja:<\/strong> 2023. febru\u00e1r 10-11.<br \/>\n<strong>A konferencia helysz\u00edne:<\/strong> Nagyv\u00e1rad t\u00e9ri Elm\u00e9leti T\u00f6mb (1089 Budapest, Nagyv\u00e1rad t\u00e9r 4.)\u00a0<\/p>\n<\/div>\n<ul style=\"list-style-type: square\">\n<li><a href=\"https:\/\/semmelweis.hu\/tdk\/files\/2023\/10\/Orvoskepzes_2023.pdf\"><span style=\"font-size: 1rem\">R\u00e9szletes program \u00e9s el\u0151ad\u00e1skivonatok<\/span><\/a><\/li>\n<li><a href=\"https:\/\/semmelweis.hu\/tdk\/files\/2023\/02\/eredmenyhirdetes_magyar_2023.pdf\">Eredm\u00e9nyek<\/a><\/li>\n<\/ul>\n<h3>2022-es SE TDK Konferencia<\/h3>\n<div class=\"keretes w-100\">\n<p><strong>A konferencia id\u0151pontja:<\/strong> 2022. febru\u00e1r 9-11.<br \/>\n<strong>A konferencia helysz\u00edne:<\/strong> Nagyv\u00e1rad t\u00e9ri Elm\u00e9leti T\u00f6mb (1089 Budapest, Nagyv\u00e1rad t\u00e9r 4.)\u00a0<\/p>\n<\/div>\n<ul style=\"list-style-type: square\">\n<li><a href=\"https:\/\/semmelweis.hu\/tdk\/files\/2022\/12\/2022-Orvoskepzes.pdf\">R\u00e9szletes program \u00e9s el\u0151ad\u00e1skivonatok<\/a><\/li>\n<li><a href=\"https:\/\/semmelweis.hu\/tdk\/files\/2022\/12\/eredmenyhirdetes_magyar_20220215_pdf.pdf\">Eredm\u00e9nyek<\/a><\/li>\n<\/ul>\n<h3><a href=\"https:\/\/semmelweis.hu\/tdk\/tudomanyos-diakkori-konferenciak\/eves-tdk-konferencia\/egyetemi-tdk-konferenciak-eves-bontasban\/tdk-konferencia-2021\/\" target=\"_blank\" rel=\"noopener\">2021-es SE TDK Konferencia\u2192<\/a><\/h3>\n<div class=\"keretes w-100\">\n<p><strong>A konferencia id\u0151pontja:<\/strong> 2021. febru\u00e1r 10-12.<br \/>\n<strong>A konferencia helysz\u00edne:<\/strong> Nagyv\u00e1rad t\u00e9ri Elm\u00e9leti T\u00f6mb (1089 Budapest, Nagyv\u00e1rad t\u00e9r 4.) &#8211; online konferencia<\/p>\n<\/div>\n<ul style=\"list-style-type: square\">\n<li style=\"list-style-type: none\">\n<ul style=\"list-style-type: square\">\n<li><a href=\"https:\/\/semmelweis.hu\/tdk\/files\/2021\/02\/2021_Orvosk%C3%A9pz%C3%A9s.pdf\">R\u00e9szletes program \u00e9s el\u0151ad\u00e1skivonatok<\/a><\/li>\n<li><a href=\"https:\/\/semmelweis.hu\/tdk\/files\/2021\/02\/EREDMENYEK_2021_final_.pdf\">Eredm\u00e9nyek<\/a><\/li>\n<\/ul>\n<\/li>\n<\/ul>\n<h3><a href=\"https:\/\/semmelweis.hu\/tdk\/tudomanyos-diakkori-konferenciak\/eves-tdk-konferencia\/egyetemi-tdk-konferenciak-eves-bontasban\/tdk-konferencia-2020\/\" target=\"_blank\" rel=\"noopener\">2020-as SE TDK Konferencia\u2192<\/a><\/h3>\n<div class=\"keretes w-100\">\n<p><strong>A konferencia id\u0151pontja:<\/strong> 2020. m\u00e1rcius 18-20.<br \/>\n<strong>A konferencia helysz\u00edne:<\/strong> Nagyv\u00e1rad t\u00e9ri Elm\u00e9leti T\u00f6mb (1089 Budapest, Nagyv\u00e1rad t\u00e9r 4.)\u00a0<\/p>\n<\/div>\n<ul style=\"list-style-type: square\">\n<li class=\"hiddenContentp\"><a href=\"https:\/\/semmelweis.hu\/tdk\/files\/2020\/10\/orvoskepzes_2020.pdf\">R\u00e9szletes program \u00e9s el\u0151ad\u00e1skivonatok<\/a><\/li>\n<li class=\"hiddenContentp\"><a href=\"https:\/\/semmelweis.hu\/tdk\/files\/2020\/09\/eredmenyhirdetes_magyar_2020-szerda.pdf\">Eredm\u00e9nyek (szerdai szekci\u00f3k)<\/a><\/li>\n<li><a href=\"https:\/\/semmelweis.hu\/tdk\/files\/2020\/09\/eredmenyhirdetes_magyar_2020-csutortok.pdf\">Eredm\u00e9nyek (cs\u00fct\u00f6rt\u00f6ki szekci\u00f3k)<\/a><\/li>\n<\/ul>\n<h3><a href=\"https:\/\/semmelweis.hu\/tdk\/tudomanyos-diakkori-konferenciak\/eves-tdk-konferencia\/egyetemi-tdk-konferenciak-eves-bontasban\/tdk-konferencia-2019\/\" target=\"_blank\" rel=\"noopener\">2019-es SE TDK Konferencia\u2192<\/a><\/h3>\n<div class=\"keretes w-100\">\n<p><strong>A konferencia id\u0151pontja:<\/strong> 2019. febru\u00e1r 13-15.<br \/>\n<strong>A konferencia helysz\u00edne:<\/strong> Nagyv\u00e1rad t\u00e9ri Elm\u00e9leti T\u00f6mb (1089 Budapest, Nagyv\u00e1rad t\u00e9r 4.)<\/p>\n<\/div>\n<ul style=\"list-style-type: square\">\n<li><a href=\"https:\/\/semmelweis.hu\/tdk\/files\/2019\/08\/2019_orvoskepzes.pdf\" target=\"_blank\" rel=\"noopener noreferrer\">R\u00e9szletes program \u00e9s el\u0151ad\u00e1skivonatok<\/a><\/li>\n<li><a href=\"https:\/\/semmelweis.hu\/tdk\/files\/2019\/04\/EREDMENYEK_Final_PPT.pdf\" target=\"_blank\" rel=\"noopener noreferrer\">Eredm\u00e9nyek<\/a><\/li>\n<\/ul>\n<h3><a href=\"https:\/\/semmelweis.hu\/tdk\/tudomanyos-diakkori-konferenciak\/eves-tdk-konferencia\/egyetemi-tdk-konferenciak-eves-bontasban\/korabbi-konferenciak\/tdk-konferencia-2018\/\" target=\"_blank\" rel=\"noopener\">2018-as SE TDK Konferencia\u2192<\/a><\/h3>\n<div class=\"keretes w-100\">\n<p><strong>A konferencia id\u0151pontja:<\/strong> 2018. febru\u00e1r 7-9.<br \/>\n<strong>A konferencia helysz\u00edne:<\/strong> Nagyv\u00e1rad t\u00e9ri Elm\u00e9leti T\u00f6mb (1089 Budapest, Nagyv\u00e1rad t\u00e9r 4.)\u00a0<\/p>\n<\/div>\n<ul style=\"list-style-type: square\">\n<li><a href=\"https:\/\/semmelweis.hu\/tdk\/files\/2019\/08\/2018_orvoskepzes.pdf\" target=\"_blank\" rel=\"noopener noreferrer\">R\u00e9szletes program \u00e9s el\u0151ad\u00e1skivonatok<\/a><\/li>\n<li><a href=\"https:\/\/semmelweis.hu\/tdk\/files\/2019\/08\/2018_TDK_eredmenyek.pdf\" target=\"_blank\" rel=\"noopener noreferrer\">Eredm\u00e9nyek<\/a><\/li>\n<\/ul>\n<h3><a href=\"https:\/\/semmelweis.hu\/tdk\/tudomanyos-diakkori-konferenciak\/eves-tdk-konferencia\/egyetemi-tdk-konferenciak-eves-bontasban\/tdk-konferencia-2017\/\" target=\"_blank\" rel=\"noopener\">2017-es SE TDK Konferencia\u2192<\/a><\/h3>\n<div class=\"keretes w-100\">\n<p><strong>A konferencia id\u0151pontja:<\/strong> 2017. febru\u00e1r 8-10.<br \/>\n<strong>A konferencia helysz\u00edne:<\/strong> Nagyv\u00e1rad t\u00e9ri Elm\u00e9leti T\u00f6mb (1089 Budapest, Nagyv\u00e1rad t\u00e9r 4.)\u00a0<\/p>\n<\/div>\n<ul>\n<li><a href=\"https:\/\/semmelweis.hu\/tdk\/files\/2019\/08\/2017_orvoskepzes.pdf\" target=\"_blank\" rel=\"noopener noreferrer\">R\u00e9szletes program \u00e9s el\u0151ad\u00e1skivonatok<\/a><\/li>\n<li><a href=\"https:\/\/semmelweis.hu\/tdk\/files\/2019\/08\/2017_TDK_eredmenyek.pdf\" target=\"_blank\" rel=\"noopener noreferrer\">Eredm\u00e9nyek<\/a><\/li>\n<\/ul>\n<h3><a href=\"https:\/\/semmelweis.hu\/tdk\/tudomanyos-diakkori-konferenciak\/eves-tdk-konferencia\/egyetemi-tdk-konferenciak-eves-bontasban\/tdk-konferencia-2016\/\" target=\"_blank\" rel=\"noopener\">2016-os SE TDK Konferencia\u2192<\/a><\/h3>\n<div class=\"keretes w-100\">\n<p><strong>A konferencia id\u0151pontja:<\/strong> 2016. febru\u00e1r 10-12.<br \/>\n<strong>A konferencia helysz\u00ednei:<\/strong> <br \/>\nNagyv\u00e1rad t\u00e9ri Elm\u00e9leti T\u00f6mb (1089 Budapest, Nagyv\u00e1rad t\u00e9r 4.);\u00a0<br \/>\nElm\u00e9leti Orvostudom\u00e1nyi K\u00f6zpont (1094 Budapest, T\u0171zolt\u00f3 utca 37-47.)<\/p>\n<\/div>\n<ul style=\"list-style-type: square\">\n<li><a href=\"https:\/\/semmelweis.hu\/tdk\/files\/2019\/08\/2016_orvoskepzes.pdf\">R\u00e9szletes program \u00e9s el\u0151ad\u00e1skivonatok<\/a><\/li>\n<li><a href=\"https:\/\/semmelweis.hu\/tdk\/files\/2019\/08\/2016_TDK_eredmenyek.pdf\" target=\"_blank\" rel=\"noopener noreferrer\">Eredm\u00e9nyek<\/a><\/li>\n<\/ul>\n<h3><a href=\"https:\/\/semmelweis.hu\/tdk\/tudomanyos-diakkori-konferenciak\/eves-tdk-konferencia\/egyetemi-tdk-konferenciak-eves-bontasban\/tdk-konferencia-2015\/\" target=\"_blank\" rel=\"noopener\">2015-\u00f6s SE TDK Konferencia\u2192<\/a><\/h3>\n<div class=\"keretes w-100\">\n<p><strong>A konferencia id\u0151pontja:<\/strong> 2015. febru\u00e1r 11-13.<br \/>\n<strong>A konferencia helysz\u00edne:<\/strong> Nagyv\u00e1rad t\u00e9ri Elm\u00e9leti T\u00f6mb (1089 Budapest, Nagyv\u00e1rad t\u00e9r 4.)\u00a0<\/p>\n<\/div>\n<ul style=\"list-style-type: square\">\n<li><a href=\"https:\/\/semmelweis.hu\/tdk\/files\/2019\/08\/2015_orvoskepzes.pdf\" target=\"_blank\" rel=\"noopener noreferrer\">R\u00e9szletes program \u00e9s el\u0151ad\u00e1skivonatok<\/a><\/li>\n<li><a href=\"https:\/\/semmelweis.hu\/tdk\/files\/2019\/08\/2015_TDK_eredmenyek.pdf\" target=\"_blank\" rel=\"noopener noreferrer\">Eredm\u00e9nyek<\/a><\/li>\n<\/ul>\n<h3><a href=\"https:\/\/semmelweis.hu\/tdk\/tudomanyos-diakkori-konferenciak\/eves-tdk-konferencia\/egyetemi-tdk-konferenciak-eves-bontasban\/tdk-konferencia-2014\/\" target=\"_blank\" rel=\"noopener\">2014-es SE TDK Konferencia\u2192<\/a><\/h3>\n<div class=\"keretes w-100\">\n<p><strong>A konferencia id\u0151pontja:<\/strong> 2014. \u00e1prilis 2\u20134.<br \/>\n<strong>A konferencia helysz\u00edne:<\/strong> Nagyv\u00e1rad t\u00e9ri Elm\u00e9leti T\u00f6mb (1089 Budapest, Nagyv\u00e1rad t\u00e9r 4.)\u00a0<\/p>\n<\/div>\n<ul style=\"list-style-type: square\">\n<li><a href=\"https:\/\/semmelweis.hu\/tdk\/files\/2019\/08\/2014_orvoskepzes.pdf\" target=\"_blank\" rel=\"noopener noreferrer\">R\u00e9szletes program \u00e9s el\u0151ad\u00e1skivonatok<\/a><\/li>\n<li><a href=\"https:\/\/semmelweis.hu\/tdk\/files\/2019\/08\/2014_TDK_eredmenyek.pdf\" target=\"_blank\" rel=\"noopener noreferrer\">Eredm\u00e9nyek<\/a><\/li>\n<\/ul>\n<h3><a href=\"https:\/\/semmelweis.hu\/tdk\/tudomanyos-diakkori-konferenciak\/eves-tdk-konferencia\/egyetemi-tdk-konferenciak-eves-bontasban\/tdk-konferencia-2013\/\" target=\"_blank\" rel=\"noopener\">2013-as SE TDK Konferencia\u2192<\/a><\/h3>\n<div class=\"keretes w-100\">\n<p><strong>A konferencia id\u0151pontja:<\/strong> 2013. febru\u00e1r 13-15.<br \/>\n<strong>A konferencia helysz\u00edne:<\/strong> Nagyv\u00e1rad t\u00e9ri Elm\u00e9leti T\u00f6mb (1089 Budapest, Nagyv\u00e1rad t\u00e9r 4.)\u00a0<\/p>\n<\/div>\n<ul>\n<li><a href=\"https:\/\/semmelweis.hu\/tdk\/files\/2019\/08\/2013_orvoskepzes.pdf\" target=\"_blank\" rel=\"noopener noreferrer\">R\u00e9szletes program \u00e9s el\u0151ad\u00e1skivonatok<\/a><\/li>\n<li><a href=\"https:\/\/semmelweis.hu\/tdk\/files\/2019\/08\/2013_TDK_eredmenyek.pdf\" target=\"_blank\" rel=\"noopener noreferrer\">Eredm\u00e9nyek<\/a><\/li>\n<\/ul>\n<h3><a href=\"https:\/\/semmelweis.hu\/tdk\/tudomanyos-diakkori-konferenciak\/eves-tdk-konferencia\/egyetemi-tdk-konferenciak-eves-bontasban\/tdk-konferencia-2012\/\" target=\"_blank\" rel=\"noopener\">2012-es SE TDK Konferencia\u2192<\/a><\/h3>\n<div class=\"keretes w-100\">\n<p><strong>A konferencia id\u0151pontja:<\/strong> 2012. febru\u00e1r 15-17.<br \/>\n<strong>A konferencia helysz\u00edne:<\/strong> Nagyv\u00e1rad t\u00e9ri Elm\u00e9leti T\u00f6mb (1089 Budapest, Nagyv\u00e1rad t\u00e9r 4.)\u00a0<\/p>\n<\/div>\n<ul>\n<li><a href=\"https:\/\/semmelweis.hu\/tdk\/files\/2019\/09\/2012.pdf\">R\u00e9szletes program \u00e9s el\u0151ad\u00e1skivonatok<\/a><\/li>\n<li><a href=\"https:\/\/semmelweis.hu\/tdk\/files\/2019\/08\/2012_TDK_eredmenyek.pdf\" target=\"_blank\" rel=\"noopener noreferrer\">Eredm\u00e9nyek<\/a><\/li>\n<\/ul>\n<h3><a href=\"https:\/\/semmelweis.hu\/tdk\/tudomanyos-diakkori-konferenciak\/eves-tdk-konferencia\/egyetemi-tdk-konferenciak-eves-bontasban\/tdk-konferencia-2011\/\" target=\"_blank\" rel=\"noopener\">2011-es SE TDK Konferencia\u2192<\/a><\/h3>\n<div class=\"keretes w-100\">\n<p><strong>A konferencia id\u0151pontja:<\/strong> 2011. febru\u00e1r 16-18.<br \/>\n<strong>A konferencia helysz\u00edne:<\/strong> Nagyv\u00e1rad t\u00e9ri Elm\u00e9leti T\u00f6mb (1089 Budapest, Nagyv\u00e1rad t\u00e9r 4.)\u00a0<\/p>\n<\/div>\n<ul>\n<li><a href=\"https:\/\/semmelweis.hu\/tdk\/files\/2019\/08\/2011_orvoskepzes.pdf\" target=\"_blank\" rel=\"noopener noreferrer\">R\u00e9szletes program \u00e9s el\u0151ad\u00e1skivonatok<\/a><\/li>\n<li><a href=\"https:\/\/semmelweis.hu\/tdk\/files\/2024\/06\/2011-es-TDK-eredmenyek.pdf\" target=\"_blank\" rel=\"noopener noreferrer\">Eredm\u00e9nyek<\/a><\/li>\n<\/ul>\n<h3><a href=\"https:\/\/semmelweis.hu\/tdk\/tudomanyos-diakkori-konferenciak\/eves-tdk-konferencia\/egyetemi-tdk-konferenciak-eves-bontasban\/tdk-konferencia-2010\/\" target=\"_blank\" rel=\"noopener\">2010-es SE TDK Konferencia\u2192<\/a><\/h3>\n<div class=\"keretes w-100\">\n<p><strong>A konferencia id\u0151pontja:<\/strong> 2010. febru\u00e1r 17-19.<br \/>\n<strong>A konferencia helysz\u00edne:<\/strong> Nagyv\u00e1rad t\u00e9ri Elm\u00e9leti T\u00f6mb (1089 Budapest, Nagyv\u00e1rad t\u00e9r 4.)\u00a0<\/p>\n<\/div>\n<ul style=\"list-style-type: square\">\n<li><a href=\"https:\/\/semmelweis.hu\/tdk\/files\/2019\/08\/2010_orvoskepzes.pdf\" target=\"_blank\" rel=\"noopener noreferrer\">R\u00e9szletes program \u00e9s el\u0151ad\u00e1skivonatok<\/a><\/li>\n<li><a href=\"https:\/\/semmelweis.hu\/tdk\/files\/2024\/06\/2010-es-TDK-eredmenyek.pdf\" target=\"_blank\" rel=\"noopener noreferrer\">Eredm\u00e9nyek<\/a><\/li>\n<\/ul>\n<h3><a href=\"https:\/\/semmelweis.hu\/tdk\/tudomanyos-diakkori-konferenciak\/eves-tdk-konferencia\/egyetemi-tdk-konferenciak-eves-bontasban\/tdk-konferencia-2009\/\" target=\"_blank\" rel=\"noopener\">2009-es SE TDK Konferencia\u2192<\/a><\/h3>\n<div class=\"keretes w-100\">\n<p><strong>A konferencia id\u0151pontja:<\/strong> 2009. febru\u00e1r. 11-13.<br \/>\n<strong>A konferencia helysz\u00edne:<\/strong> Nagyv\u00e1rad t\u00e9ri Elm\u00e9leti T\u00f6mb (1089 Budapest, Nagyv\u00e1rad t\u00e9r 4.)\u00a0<\/p>\n<\/div>\n","protected":false},"excerpt":{"rendered":"<p>2025-\u00f6s SE TDK Konferencia A konferencia id\u0151pontja: 2025. febru\u00e1r 6-8. A konferencia helysz\u00ednei: Nagyv\u00e1rad t\u00e9ri Elm\u00e9leti T\u00f6mb (1089 Budapest, Nagyv\u00e1rad t\u00e9r 4.);\u00a0 Elm\u00e9leti Orvostudom\u00e1nyi K\u00f6zpont (1094 Budapest, T\u0171zolt\u00f3 utca 37-47.) <a href=\"https:\/\/semmelweis.hu\/tdk\/files\/2025\/10\/semmelweis_kiado_orvoskepzes_2025_tdk.pdf\" target=\"_blank\" rel=\"noopener\">R\u00e9szletes program \u00e9s el\u0151ad\u00e1skivonatok<\/a> <a href=\"https:\/\/semmelweis.hu\/tdk\/files\/2025\/02\/HUN_Zaro-2025_sum_vegleges.pdf\" target=\"_blank\" rel=\"noopener\">Eredm\u00e9nyek<\/a> 2024-es SE TDK Konferencia A konferencia id\u0151pontja: 2024. febru\u00e1r 7-9. A konferencia helysz\u00edne: Nagyv\u00e1rad t\u00e9ri Elm\u00e9leti T\u00f6mb (1089 Budapest, Nagyv\u00e1rad t\u00e9r 4.)\u00a0 <a href=\"https:\/\/semmelweis.hu\/tdk\/files\/2024\/02\/semmelweis_kiado_pdf_1706773336-LEGFRISSEBB.pdf\">R\u00e9szletes program \u00e9s el\u0151ad\u00e1skivonatok<\/a> <a href=\"https:\/\/semmelweis.hu\/tdk\/files\/2024\/02\/eredmenyhirdetes_magyar_2024_0208-2.pdf\">Eredm\u00e9nyek<\/a> <a href=\"https:\/\/semmelweis.hu\/hirek\/2024\/02\/12\/tdk-a-semmelweisen-a-gyogyitastol-a-tarsadalomtudomanyokig-dijaztak-a-legjobbakat\/\" target=\"_blank\" rel=\"noopener\">TDK: a gy\u00f3gy\u00edt\u00e1st\u00f3l a t\u00e1rsadalom\u00adtudom\u00e1nyokig d\u00edjazt\u00e1k a legjobbakat<\/a> (besz\u00e1mol\u00f3 cikk az &hellip;<\/p>\n","protected":false},"author":101600,"featured_media":0,"parent":1946,"menu_order":3,"comment_status":"closed","ping_status":"closed","template":"","meta":{"_acf_changed":false,"footnotes":""},"categories":[],"tags":[],"class_list":["post-4177","page","type-page","status-publish","hentry"],"acf":[],"publishpress_future_action":{"enabled":false,"date":"1970-01-01 01:00:00","action":"","terms":[],"taxonomy":"","browser_timezone_offset":0},"_links":{"self":[{"href":"https:\/\/semmelweis.hu\/tdk\/wp-json\/wp\/v2\/pages\/4177","targetHints":{"allow":["GET"]}}],"collection":[{"href":"https:\/\/semmelweis.hu\/tdk\/wp-json\/wp\/v2\/pages"}],"about":[{"href":"https:\/\/semmelweis.hu\/tdk\/wp-json\/wp\/v2\/types\/page"}],"author":[{"embeddable":true,"href":"https:\/\/semmelweis.hu\/tdk\/wp-json\/wp\/v2\/users\/101600"}],"replies":[{"embeddable":true,"href":"https:\/\/semmelweis.hu\/tdk\/wp-json\/wp\/v2\/comments?post=4177"}],"version-history":[{"count":14,"href":"https:\/\/semmelweis.hu\/tdk\/wp-json\/wp\/v2\/pages\/4177\/revisions"}],"predecessor-version":[{"id":11846,"href":"https:\/\/semmelweis.hu\/tdk\/wp-json\/wp\/v2\/pages\/4177\/revisions\/11846"}],"up":[{"embeddable":true,"href":"https:\/\/semmelweis.hu\/tdk\/wp-json\/wp\/v2\/pages\/1946"}],"wp:attachment":[{"href":"https:\/\/semmelweis.hu\/tdk\/wp-json\/wp\/v2\/media?parent=4177"}],"wp:term":[{"taxonomy":"category","embeddable":true,"href":"https:\/\/semmelweis.hu\/tdk\/wp-json\/wp\/v2\/categories?post=4177"},{"taxonomy":"post_tag","embeddable":true,"href":"https:\/\/semmelweis.hu\/tdk\/wp-json\/wp\/v2\/tags?post=4177"}],"curies":[{"name":"wp","href":"https:\/\/api.w.org\/{rel}","templated":true}]}}