{"id":4132,"date":"2019-06-04T19:56:53","date_gmt":"2019-06-04T17:56:53","guid":{"rendered":"http:\/\/semmelweis.hu\/tdk\/?page_id=4132"},"modified":"2026-03-13T09:07:19","modified_gmt":"2026-03-13T08:07:19","slug":"nyomtatvanyok","status":"publish","type":"page","link":"https:\/\/semmelweis.hu\/tdk\/a-tudomanyos-diakkorrol\/nyomtatvanyok\/","title":{"rendered":"Nyomtatv\u00e1nyok"},"content":{"rendered":"<h5>Igazol\u00e1s a TDK-munk\u00e1r\u00f3l, rektori p\u00e1ly\u00e1zat eredm\u00e9ny\u00e9r\u0151l<\/h5>\n<p>A TDK-munka igazol\u00e1shoz legal\u00e1bb 6 h\u00f3nap regisztr\u00e1lt tags\u00e1g sz\u00fcks\u00e9ges.<\/p>\n<p>Ig\u00e9nyl\u00e9se: a let\u00f6lthet\u0151 <a href=\"https:\/\/semmelweis.hu\/tdk\/files\/2020\/01\/A-TDK-igazol\u00e1s-k\u00e9r\u00e9se.doc\">ad<span style=\"font-size: 1rem\">atlapot<\/span><\/a><span style=\"font-size: 1rem\">\u00a0k\u00e9rj\u00fck kit\u00f6ltve elk\u00fcldeni az al\u00e1bbi c\u00edmre:<\/span><a href=\"tudomanyos.diakkor@semmelweis.hu\"> tudomanyos.diakkor@semmelweis.hu<\/a><\/p>\n<p>Az igazol\u00e1sokat igyeksz\u00fcnk min\u00e9l hamarabb digit\u00e1lis form\u00e1ban eljuttatni a k\u00e9rv\u00e9nyez\u0151k sz\u00e1m\u00e1ra, de k\u00e9r\u00e9sre, az elk\u00fcld\u00e9st k\u00f6vet\u0151 harmadik munkanapt\u00f3l kezd\u0151d\u0151en pap\u00edr form\u00e1ban is \u00e1tvehet\u0151k a TDK-irod\u00e1ban (1082. Budapest, \u00dcll\u0151i \u00fat 78. &#8211; Seb\u00e9szeti, Transzplant\u00e1ci\u00f3s \u00e9s Gasztroenterol\u00f3giai Klinika \u00e9p\u00fclete).<\/p>\n<hr \/>\n<h5>K\u00fcls\u0151 int\u00e9zetben v\u00e9gzett TDK munka bejelent\u00e9se<\/h5>\n<p>K\u00fcls\u0151 int\u00e9zetben v\u00e9gzett TDK munka sor\u00e1n a SE di\u00e1kk\u00f6ri tags\u00e1ghoz elengedhetetlen, hogy minden f\u00e9l\u00e9v sor\u00e1n &#8211; a befogad\u00f3 int\u00e9zet TDK felel\u0151s\u00e9nek bejelent\u00e9se mellett &#8211; a hallgat\u00f3 a let\u00f6lthet\u0151\u00a0<a href=\"https:\/\/semmelweis.hu\/tdk\/files\/2024\/09\/kulso_intezet_befogadasi.docx\">\u0171rlapon<\/a> jelezze a TDT fel\u00e9 az akt\u00edv TDK st\u00e1tusz\u00e1t.<\/p>\n<p>Sz\u00fcks\u00e9ges tov\u00e1bb\u00e1 a kari Tan\u00e9vnapt\u00e1rban meghat\u00e1rozott id\u0151pontig (ez \u00e1ltal\u00e1ban a f\u00e9l\u00e9v megkezd\u00e9se el\u0151tt kb. 3-4 h\u00e9ttel van) <a href=\"https:\/\/semmelweis.hu\/aok\/files\/2023\/08\/Befogadasi-kerelem-valaszthato-targyakhoz_2021-szeptembertol.doc\">k\u00e9rv\u00e9nyt<\/a> beny\u00fajtania a D\u00e9k\u00e1ni Hivatal Tanulm\u00e1nyi Oszt\u00e1ly\u00e1n kereszt\u00fcl a Kredit\u00e1tviteli Bizotts\u00e1gnak c\u00edmezve a t\u00e1rgy befogad\u00e1s\u00e1t illet\u0151en.<\/p>\n","protected":false},"excerpt":{"rendered":"<p>Igazol\u00e1s a TDK-munk\u00e1r\u00f3l, rektori p\u00e1ly\u00e1zat eredm\u00e9ny\u00e9r\u0151l A TDK-munka igazol\u00e1shoz legal\u00e1bb 6 h\u00f3nap regisztr\u00e1lt tags\u00e1g sz\u00fcks\u00e9ges. Ig\u00e9nyl\u00e9se: a let\u00f6lthet\u0151 <a href=\"https:\/\/semmelweis.hu\/tdk\/files\/2020\/01\/A-TDK-igazol\u00e1s-k\u00e9r\u00e9se.doc\">adatlapot<\/a> \u00a0k\u00e9rj\u00fck kit\u00f6ltve elk\u00fcldeni az al\u00e1bbi c\u00edmre: <a href=\"tudomanyos.diakkor@semmelweis.hu\"> tudomanyos.diakkor@semmelweis.hu<\/a> Az igazol\u00e1sokat igyeksz\u00fcnk min\u00e9l hamarabb digit\u00e1lis form\u00e1ban eljuttatni a k\u00e9rv\u00e9nyez\u0151k sz\u00e1m\u00e1ra, de k\u00e9r\u00e9sre, az elk\u00fcld\u00e9st k\u00f6vet\u0151 harmadik munkanapt\u00f3l kezd\u0151d\u0151en pap\u00edr form\u00e1ban is \u00e1tvehet\u0151k a TDK-irod\u00e1ban (1082. Budapest, \u00dcll\u0151i \u00fat 78. &#8211; &hellip;<\/p>\n","protected":false},"author":101600,"featured_media":0,"parent":4119,"menu_order":4,"comment_status":"closed","ping_status":"closed","template":"","meta":{"_acf_changed":false,"footnotes":""},"categories":[],"tags":[],"class_list":["post-4132","page","type-page","status-publish","hentry"],"acf":[],"publishpress_future_action":{"enabled":false,"date":"1970-01-01 01:00:00","action":"","terms":[],"taxonomy":"","browser_timezone_offset":0},"_links":{"self":[{"href":"https:\/\/semmelweis.hu\/tdk\/wp-json\/wp\/v2\/pages\/4132","targetHints":{"allow":["GET"]}}],"collection":[{"href":"https:\/\/semmelweis.hu\/tdk\/wp-json\/wp\/v2\/pages"}],"about":[{"href":"https:\/\/semmelweis.hu\/tdk\/wp-json\/wp\/v2\/types\/page"}],"author":[{"embeddable":true,"href":"https:\/\/semmelweis.hu\/tdk\/wp-json\/wp\/v2\/users\/101600"}],"replies":[{"embeddable":true,"href":"https:\/\/semmelweis.hu\/tdk\/wp-json\/wp\/v2\/comments?post=4132"}],"version-history":[{"count":12,"href":"https:\/\/semmelweis.hu\/tdk\/wp-json\/wp\/v2\/pages\/4132\/revisions"}],"predecessor-version":[{"id":12027,"href":"https:\/\/semmelweis.hu\/tdk\/wp-json\/wp\/v2\/pages\/4132\/revisions\/12027"}],"up":[{"embeddable":true,"href":"https:\/\/semmelweis.hu\/tdk\/wp-json\/wp\/v2\/pages\/4119"}],"wp:attachment":[{"href":"https:\/\/semmelweis.hu\/tdk\/wp-json\/wp\/v2\/media?parent=4132"}],"wp:term":[{"taxonomy":"category","embeddable":true,"href":"https:\/\/semmelweis.hu\/tdk\/wp-json\/wp\/v2\/categories?post=4132"},{"taxonomy":"post_tag","embeddable":true,"href":"https:\/\/semmelweis.hu\/tdk\/wp-json\/wp\/v2\/tags?post=4132"}],"curies":[{"name":"wp","href":"https:\/\/api.w.org\/{rel}","templated":true}]}}