{"id":4125,"date":"2019-06-04T19:46:32","date_gmt":"2019-06-04T17:46:32","guid":{"rendered":"http:\/\/semmelweis.hu\/tdk\/?page_id=4125"},"modified":"2024-05-30T10:18:04","modified_gmt":"2024-05-30T08:18:04","slug":"hogyan-lesz-valaki-tagja-a-tudomanyos-diakkornek","status":"publish","type":"page","link":"https:\/\/semmelweis.hu\/tdk\/a-tudomanyos-diakkorrol\/hogyan-lesz-valaki-tagja-a-tudomanyos-diakkornek\/","title":{"rendered":"Hogyan lesz valaki tagja a tudom\u00e1nyos di\u00e1kk\u00f6rnek?"},"content":{"rendered":"<div class=\"keretes w-100\">\n<h6><strong>Az \u00e9rdekl\u0151d\u00e9si k\u00f6r\u00f6dnek megfelel\u0151 kutat\u00f3helyen jelezd kutat\u00e1si sz\u00e1nd\u00e9kodat az adott int\u00e9zet TDK felel\u0151s\u00e9n\u00e9l.<\/strong><\/h6>\n<p><a class=\"btn btn-secondary\" href=\"https:\/\/semmelweis.hu\/tdk\/tdk-temak-es-temavezetok\/\" target=\"null\" rel=\"noopener\">Aktu\u00e1lis TDK t\u00e9m\u00e1k \u00e9s t\u00e9mavezet\u0151k<\/a><\/p>\n<h6>Tudom\u00e1nyos Di\u00e1kk\u00f6ri munka legfeljebb k\u00e9t kutat\u00f3helyen v\u00e9gezhet\u0151 egyszerre, mindk\u00e9t t\u00e9mavezet\u0151 \u00edr\u00e1sos hozz\u00e1j\u00e1rul\u00e1s\u00e1val.<\/h6>\n<\/div>\n<h2>A TDK regisztr\u00e1ci\u00f3 k\u00e9t r\u00e9szb\u0151l \u00e1ll<\/h2>\n<h6>a Tanulm\u00e1nyi \u00e9s Vizsgaszab\u00e1lyzat 22. \u00a7 (13) bekezd\u00e9se alapj\u00e1n<\/h6>\n<ul>\n<li>TDK tant\u00e1rgy felv\u00e9tele a Neptun rendszerben a hallgat\u00f3 \u00e1ltal<\/li>\n<li>a TDK felel\u0151s a TDT\u2013t t\u00e1j\u00e9koztatja a hallgat\u00f3 felv\u00e9tel\u00e9r\u0151l <em>(a TDK munk\u00e1\u00e9rt\u00a0<em><span style=\"font-size: 1rem\">csak az a hallgat\u00f3 kaphat<\/span><\/em> kreditpontot,<span style=\"font-size: 1rem\"> akinek a t\u00e9mavezet\u0151je \u00e9s a t\u00e9m\u00e1ja a TDT fel\u00e9 az int\u00e9zeti TDK-felel\u0151s \u00e1ltal lejelent\u00e9sre ker\u00fclt)<\/span><\/em><\/li>\n<\/ul>\n<p><a href=\"https:\/\/semmelweis.hu\/tdk\/tdk-temak-es-temavezetok\/kulso-intezetek\/\">K\u00fcls\u0151 int\u00e9zm\u00e9nyben<\/a> dolgoz\u00f3 di\u00e1kk\u00f6r\u00f6s jelentkez\u00e9si sz\u00e1nd\u00e9k\u00e1t be kell jelenteni a hallgat\u00f3nak a TDT-n\u00e9l a\u00a0<strong><a href=\"https:\/\/semmelweis.hu\/tdk\/a-tudomanyos-diakkorrol\/nyomtatvanyok\/\">befogad\u00e1si k\u00e9relem <\/a><\/strong>\u00a0csatol\u00e1s\u00e1val. Emellett a kari Tan\u00e9vnapt\u00e1rban meghat\u00e1rozott id\u0151pontig (ez \u00e1ltal\u00e1ban a f\u00e9l\u00e9v megkezd\u00e9se el\u0151tt kb. 3-4 h\u00e9ttel van) <strong><a href=\"https:\/\/semmelweis.hu\/tdk\/a-tudomanyos-diakkorrol\/nyomtatvanyok\/\">k\u00e9rv\u00e9nyt<\/a>\u00a0<\/strong>kell beny\u00fajtania a D\u00e9k\u00e1ni Hivatal Tanulm\u00e1nyi Oszt\u00e1ly\u00e1n kereszt\u00fcl a Kredit\u00e1tviteli Bizotts\u00e1gnak c\u00edmezve a t\u00e1rgy befogad\u00e1s\u00e1t illet\u0151en.<\/p>\n<h2>Kreditpontok<\/h2>\n<div class=\"keretes w-100\">\n<h5>A TDK munk\u00e1\u00e9rt j\u00e1r\u00f3 kreditpontok mint szabadon v\u00e1laszthat\u00f3 t\u00e1rgy ker\u00fclnek besz\u00e1m\u00edt\u00e1sra.<\/h5>\n<p>A nemzeti fels\u0151oktat\u00e1sr\u00f3l sz\u00f3l\u00f3 2011. \u00e9vi CCIV. t\u00f6rv\u00e9ny 49.\u00a7 (2a) bekezd\u00e9s\u00e9ben foglaltak \u00e9rtelm\u00e9ben a fels\u0151oktat\u00e1si int\u00e9zm\u00e9nynek <span id=\"OBJ_PREFIX_DWT2425_com_zimbra_date\" class=\"Object\" role=\"link\">k<\/span>\u00fcl\u00f6n \u00f6nk\u00f6lts\u00e9g, ill. t\u00e9r\u00edt\u00e9si d\u00edj fizet\u00e9se n\u00e9lk\u00fcl kell biztos\u00edtani, hogy a hallgat\u00f3 az \u00f6sszes el\u0151\u00edrt kreditet 10%-kal meghalad\u00f3 kredit\u00e9rt\u00e9<span id=\"OBJ_PREFIX_DWT2426_com_zimbra_date\" class=\"Object\" role=\"link\">k<\/span>\u0171 tant\u00e1rgyat vehessen fel.\u00a0 <b>A Szervezeti \u00e9s M\u0171<span id=\"OBJ_PREFIX_DWT2427_com_zimbra_date\" class=\"Object\" role=\"link\">k<\/span>\u00f6d\u00e9si Szab\u00e1lyzat III. R\u00c9SZ IV. fejezet 24.\u00a7-a \u00fagy rendelkezik, hogy a hallgat\u00f3 fizet\u00e9si <span id=\"OBJ_PREFIX_DWT2428_com_zimbra_date\" class=\"Object\" role=\"link\">k<\/span>\u00f6telezetts\u00e9g\u00e9nek teljes\u00edt\u00e9s\u00e9hez mentess\u00e9get, halaszt\u00e1st <span id=\"OBJ_PREFIX_DWT2429_com_zimbra_date\" class=\"Object\" role=\"link\">k<\/span>\u00e9relem alapj\u00e1n kaphat. A fizet\u00e9si <span id=\"OBJ_PREFIX_DWT2430_com_zimbra_date\" class=\"Object\" role=\"link\">k<\/span>\u00f6telezetts\u00e9g teljes\u00edt\u00e9s\u00e9hez kapcsol\u00f3d\u00f3 <span id=\"OBJ_PREFIX_DWT2431_com_zimbra_date\" class=\"Object\" role=\"link\">k<\/span>\u00e9relem t\u00e1rgy\u00e1ban az Egyetem rektora d\u00f6nt.<\/b><\/p>\n<p><strong>FONTOS!<\/strong> A TDK munk\u00e1\u00e9rt j\u00e1r\u00f3 kreditek nem sz\u00e1m\u00edtanak bele a hallgat\u00f3 \u00e1ltal elv\u00e9gzett kreditek sz\u00e1m\u00e1ba abban az esetben, <strong>AMENNYIBEN\u00a0<\/strong>ezekkel meghaladn\u00e1 a tanulm\u00e1nyai sor\u00e1n ingyenesen felvehet\u0151 kreditek mennyis\u00e9g\u00e9t (egy\u00e9b esetekben term\u00e9szetesen besz\u00e1m\u00edtanak)<\/p>\n<\/div>\n<h3><span style=\"color: #000000;font-family: Arial\">Tudom\u00e1nyos Di\u00e1kk\u00f6ri munk\u00e1\u00e9rt egy f\u00e9l\u00e9vben 1-5 kreditpont szerezhet\u0151:<\/span><\/h3>\n<div>Ehhez a Neptun rendszerben a k\u00f6vetkez\u0151 t\u00e1rgyak felv\u00e9tele \u00e9s teljes\u00edt\u00e9se sz\u00fcks\u00e9ges:<\/div>\n<div>\u00a0<\/div>\n<ul style=\"list-style-type: disc\">\n<li><strong>TDK munka (1 kredit):<\/strong> A dokument\u00e1lt \u00e9s \u00e9rt\u00e9kelt, val\u00f3di munk\u00e1t t\u00fckr\u00f6z\u0151 \u00e9s rendszeres, de nem kiemelked\u0151en eredm\u00e9nyes TDK-munka 1 kredit. Az 1 kreditet akkor kapja meg a hallgat\u00f3, ha a tansz\u00e9kvezet\u0151 a t\u00e9mavezet\u0151 v\u00e9lem\u00e9nye alapj\u00e1n a f\u00e9l\u00e9v v\u00e9g\u00e9n igazolja a rendszeres kutat\u00e1si tev\u00e9kenys\u00e9get.<\/li>\n<\/ul>\n<div>Az 1 krediten fel\u00fcl a tov\u00e1bbi kreditpontok szerezhet\u0151k:<\/div>\n<ul style=\"list-style-type: disc\">\n<li><strong>TDK Konferencia III. (2 kredit):<\/strong> A tant\u00e1rgy azon hallgat\u00f3 munk\u00e1j\u00e1nak elismer\u00e9se, aki a Tudom\u00e1nyos Di\u00e1kk\u00f6ri Konferenci\u00e1n el\u0151ad\u00f3k\u00e9nt szerepel vagy rektori p\u00e1ly\u00e1zatot ny\u00fajt be.<\/li>\n<li><strong>TDK Konferencia I-II. (3 kredit):<\/strong> Azon hallgat\u00f3 munk\u00e1j\u00e1nak elismer\u00e9se, aki a Tudom\u00e1nyos Di\u00e1kk\u00f6ri Konferenci\u00e1n I., II. vagy III. helyez\u00e9st \u00e9r el, OTDK-n r\u00e9szt vesz, vagy rektori p\u00e1ly\u00e1zaton I., II., III. d\u00edjat vagy dics\u00e9retet nyer el.<\/li>\n<li><strong>OTDK Konferencia \u00e9s publik\u00e1ci\u00f3 (4 kredit):<\/strong> A tant\u00e1rgy azon hallgat\u00f3 munk\u00e1j\u00e1t ismeri el, aki az OTDK Konferenci\u00e1n helyez\u00e9st \u00e9r el, nemzetk\u00f6zi, impakt faktoros foly\u00f3iratban k\u00f6z\u00f6l cikket els\u0151szerz\u0151k\u00e9nt.<\/li>\n<\/ul>\n","protected":false},"excerpt":{"rendered":"<p>Az \u00e9rdekl\u0151d\u00e9si k\u00f6r\u00f6dnek megfelel\u0151 kutat\u00f3helyen jelezd kutat\u00e1si sz\u00e1nd\u00e9kodat az adott int\u00e9zet TDK felel\u0151s\u00e9n\u00e9l. <a class=\"btn btn-secondary\" href=\"https:\/\/semmelweis.hu\/tdk\/tdk-temak-es-temavezetok\/\" target=\"null\" rel=\"noopener\">Aktu\u00e1lis TDK t\u00e9m\u00e1k \u00e9s t\u00e9mavezet\u0151k<\/a> Tudom\u00e1nyos Di\u00e1kk\u00f6ri munka legfeljebb k\u00e9t kutat\u00f3helyen v\u00e9gezhet\u0151 egyszerre, mindk\u00e9t t\u00e9mavezet\u0151 \u00edr\u00e1sos hozz\u00e1j\u00e1rul\u00e1s\u00e1val. A TDK regisztr\u00e1ci\u00f3 k\u00e9t r\u00e9szb\u0151l \u00e1ll a Tanulm\u00e1nyi \u00e9s Vizsgaszab\u00e1lyzat 22. \u00a7 (13) bekezd\u00e9se alapj\u00e1n TDK tant\u00e1rgy felv\u00e9tele a Neptun rendszerben a hallgat\u00f3 \u00e1ltal a TDK felel\u0151s a TDT\u2013t t\u00e1j\u00e9koztatja &hellip;<\/p>\n","protected":false},"author":101600,"featured_media":0,"parent":4119,"menu_order":1,"comment_status":"closed","ping_status":"closed","template":"","meta":{"_acf_changed":false,"footnotes":""},"categories":[],"tags":[],"class_list":["post-4125","page","type-page","status-publish","hentry"],"acf":[],"publishpress_future_action":{"enabled":false,"date":"1970-01-01 01:00:00","action":"","terms":[],"taxonomy":"","browser_timezone_offset":0},"_links":{"self":[{"href":"https:\/\/semmelweis.hu\/tdk\/wp-json\/wp\/v2\/pages\/4125","targetHints":{"allow":["GET"]}}],"collection":[{"href":"https:\/\/semmelweis.hu\/tdk\/wp-json\/wp\/v2\/pages"}],"about":[{"href":"https:\/\/semmelweis.hu\/tdk\/wp-json\/wp\/v2\/types\/page"}],"author":[{"embeddable":true,"href":"https:\/\/semmelweis.hu\/tdk\/wp-json\/wp\/v2\/users\/101600"}],"replies":[{"embeddable":true,"href":"https:\/\/semmelweis.hu\/tdk\/wp-json\/wp\/v2\/comments?post=4125"}],"version-history":[{"count":11,"href":"https:\/\/semmelweis.hu\/tdk\/wp-json\/wp\/v2\/pages\/4125\/revisions"}],"predecessor-version":[{"id":10459,"href":"https:\/\/semmelweis.hu\/tdk\/wp-json\/wp\/v2\/pages\/4125\/revisions\/10459"}],"up":[{"embeddable":true,"href":"https:\/\/semmelweis.hu\/tdk\/wp-json\/wp\/v2\/pages\/4119"}],"wp:attachment":[{"href":"https:\/\/semmelweis.hu\/tdk\/wp-json\/wp\/v2\/media?parent=4125"}],"wp:term":[{"taxonomy":"category","embeddable":true,"href":"https:\/\/semmelweis.hu\/tdk\/wp-json\/wp\/v2\/categories?post=4125"},{"taxonomy":"post_tag","embeddable":true,"href":"https:\/\/semmelweis.hu\/tdk\/wp-json\/wp\/v2\/tags?post=4125"}],"curies":[{"name":"wp","href":"https:\/\/api.w.org\/{rel}","templated":true}]}}