{"id":4110,"date":"2019-06-04T19:36:07","date_gmt":"2019-06-04T17:36:07","guid":{"rendered":"http:\/\/semmelweis.hu\/tdk\/?page_id=4110"},"modified":"2024-07-25T09:33:10","modified_gmt":"2024-07-25T07:33:10","slug":"tudomanyos-diakkori-tanacs","status":"publish","type":"page","link":"https:\/\/semmelweis.hu\/tdk\/rolunk\/tudomanyos-diakkori-tanacs\/","title":{"rendered":"Tudom\u00e1nyos Di\u00e1kk\u00f6ri Tan\u00e1cs"},"content":{"rendered":"<div class=\"keretes w-100\">\n<p>Az egyetemi tudom\u00e1nyos di\u00e1kk\u00f6ri munka \u00f6sszefog\u00e1s\u00e1t az \u00f6nkorm\u00e1nyzati elv alapj\u00e1n m\u0171k\u00f6d\u0151 <strong>Tudom\u00e1nyos Di\u00e1kk\u00f6ri Tan\u00e1cs<\/strong> l\u00e1tja el az egyetem rektor\u00e1nak fel\u00fcgyelete alatt.<\/p>\n<\/div>\n<h5>A Tudom\u00e1nyos Di\u00e1kk\u00f6ri Tan\u00e1cs (TDT) feladatai:<\/h5>\n<ul style=\"list-style-type: square\">\n<li>d\u00f6nt az egyetemi TDK rendelkez\u00e9s\u00e9re \u00e1ll\u00f3 p\u00e9nzeszk\u00f6z\u00f6k felhaszn\u00e1l\u00e1s\u00e1r\u00f3l,<\/li>\n<li>meghirdeti \u00e9s oda\u00edt\u00e9li a <a href=\"https:\/\/semmelweis.hu\/tdk\/palyazatok\/a-semmelweis-egyetem-kivalo-diakkorose\/\" target=\"_blank\" rel=\"noopener\">Semmelweis Egyetem Kiv\u00e1l\u00f3 Tudom\u00e1nyos Di\u00e1kk\u00f6r\u00f6se<\/a> kit\u00fcntet\u00e9st az adott \u00e9vben v\u00e9gzett di\u00e1kk\u00f6r\u00f6s hallgat\u00f3k sz\u00e1m\u00e1ra, valamint gondoskodik a kit\u00fcntet\u00e9ssel j\u00e1r\u00f3 p\u00e9nzd\u00edjak kifizet\u00e9s\u00e9r\u0151l,<\/li>\n<li>meghirdeti \u00e9s oda\u00edt\u00e9li a <a href=\"https:\/\/semmelweis.hu\/tdk\/palyazatok\/palyazat-kivalo-tudomanyos-diakkori-nevelo-kitunteto-cimre\/\" target=\"_blank\" rel=\"noopener\">Semmelweis Egyetem Kiv\u00e1l\u00f3 Nevel\u0151<\/a> kit\u00fcntet\u00e9s\u00e9t, valamint gondoskodik a kit\u00fcntet\u00e9ssel j\u00e1r\u00f3 p\u00e9nzd\u00edjak kifizet\u00e9s\u00e9r\u0151l,<\/li>\n<li>seg\u00edti \u00e9s \u00f6sszehangolja a tudom\u00e1nyos di\u00e1kk\u00f6ri konferenci\u00e1k szervez\u00e9s\u00e9t, \u00e9s gondoskodik a helyez\u00e9st el\u00e9rt hallgat\u00f3k p\u00e9nzd\u00edjainak kifizet\u00e9s\u00e9r\u0151l,<\/li>\n<li>p\u00e1ly\u00e1zatot hirdet a TDK-hallgat\u00f3k k\u00fclf\u00f6ldi kongresszusi r\u00e9szv\u00e9tel\u00e9nek, ill. tanulm\u00e1ny\u00fatj\u00e1nak t\u00e1mogat\u00e1s\u00e1ra, \u00e9s gondoskodik a p\u00e9nzd\u00edjak kifizet\u00e9s\u00e9r\u0151l,<\/li>\n<li>p\u00e1ly\u00e1zatot hirdet az impakt faktorral rendelkez\u0151 tudom\u00e1nyos foly\u00f3iratokban megjelen\u0151 els\u0151szerz\u0151s cikkek szerz\u0151inek d\u00edjaz\u00e1s\u00e1ra, \u00e9s gondoskodik a p\u00e9nzd\u00edjak kifizet\u00e9s\u00e9r\u0151l,<\/li>\n<li>seg\u00edti \u00e9s t\u00e1mogatja a di\u00e1kk\u00f6ri hallgat\u00f3k m\u00e1s karokon v\u00e9gzett di\u00e1kk\u00f6ri munk\u00e1j\u00e1t,<\/li>\n<li>\u00e1polja \u00e9s b\u0151v\u00edti a TDT nemzetk\u00f6zi kapcsolatait,<\/li>\n<li>seg\u00edti a tudom\u00e1nyos di\u00e1kk\u00f6ri munk\u00e1k szakmai nyilv\u00e1noss\u00e1g\u00e1nak megteremt\u00e9s\u00e9t, publik\u00e1ci\u00f3k megjelen\u00e9s\u00e9t,<\/li>\n<li>kutat\u00e1si \u00f6szt\u00f6nd\u00edjat adom\u00e1nyozhat kiv\u00e1l\u00f3 hazai \u00e9s k\u00fclf\u00f6ldi TDK hallgat\u00f3k sz\u00e1m\u00e1ra a TDK munka t\u00e1mogat\u00e1s\u00e1ra befolyt \u00f6sszegek, illetve az ilyen c\u00e9lra felhaszn\u00e1lhat\u00f3 tudom\u00e1nyos t\u00e1mogat\u00e1si \u00f6sszegek terh\u00e9re.<\/li>\n<\/ul>\n<div class=\"keretes w-100\">\n<h5 style=\"text-align: left\" align=\"center\">Kapcsol\u00f3d\u00f3 tartalmak<\/h5>\n<ul style=\"list-style-type: square\">\n<li style=\"text-align: justify\"><a href=\"https:\/\/semmelweis.hu\/tdk\/files\/2020\/11\/TDK-SzMSz_2019.pdf\">SZMSZ: A Semmelweis Egyetem Tudom\u00e1nyos Di\u00e1kk\u00f6reinek Szervezeti \u00e9s M\u0171k\u00f6d\u00e9si Szab\u00e1lyzata<\/a><\/li>\n<li style=\"text-align: left\"><a href=\"https:\/\/semmelweis.hu\/tdk\/rolunk\/a-tudomanyos-diakkori-tanacs-tagjai\/\">A Tudom\u00e1nyos Di\u00e1kk\u00f6ri Tan\u00e1cs eln\u00f6ks\u00e9ge \u00e9s tagjai<\/a><\/li>\n<\/ul>\n<\/div>\n<h4><strong>Organogram<\/strong><\/h4>\n<p><a href=\"https:\/\/semmelweis.hu\/tdk\/files\/2019\/06\/organogram.png\"><img loading=\"lazy\" decoding=\"async\" class=\"aligncenter wp-image-4113 size-large\" src=\"https:\/\/semmelweis.hu\/tdk\/files\/2019\/06\/organogram-1024x576.png\" alt=\"\" width=\"753\" height=\"424\" srcset=\"https:\/\/semmelweis.hu\/tdk\/files\/2019\/06\/organogram-1024x576.png 1024w, https:\/\/semmelweis.hu\/tdk\/files\/2019\/06\/organogram-400x225.png 400w, https:\/\/semmelweis.hu\/tdk\/files\/2019\/06\/organogram-768x432.png 768w, https:\/\/semmelweis.hu\/tdk\/files\/2019\/06\/organogram-753x424.png 753w, https:\/\/semmelweis.hu\/tdk\/files\/2019\/06\/organogram.png 1280w\" sizes=\"auto, (max-width: 753px) 100vw, 753px\" \/><\/a><\/p>\n","protected":false},"excerpt":{"rendered":"<p>Az egyetemi tudom\u00e1nyos di\u00e1kk\u00f6ri munka \u00f6sszefog\u00e1s\u00e1t az \u00f6nkorm\u00e1nyzati elv alapj\u00e1n m\u0171k\u00f6d\u0151 Tudom\u00e1nyos Di\u00e1kk\u00f6ri Tan\u00e1cs l\u00e1tja el az egyetem rektor\u00e1nak fel\u00fcgyelete alatt. A Tudom\u00e1nyos Di\u00e1kk\u00f6ri Tan\u00e1cs (TDT) feladatai: d\u00f6nt az egyetemi TDK rendelkez\u00e9s\u00e9re \u00e1ll\u00f3 p\u00e9nzeszk\u00f6z\u00f6k felhaszn\u00e1l\u00e1s\u00e1r\u00f3l, meghirdeti \u00e9s oda\u00edt\u00e9li a <a href=\"https:\/\/semmelweis.hu\/tdk\/palyazatok\/a-semmelweis-egyetem-kivalo-diakkorose\/\" target=\"_blank\" rel=\"noopener\">Semmelweis Egyetem Kiv\u00e1l\u00f3 Tudom\u00e1nyos Di\u00e1kk\u00f6r\u00f6se<\/a> kit\u00fcntet\u00e9st az adott \u00e9vben v\u00e9gzett di\u00e1kk\u00f6r\u00f6s hallgat\u00f3k sz\u00e1m\u00e1ra, valamint gondoskodik a kit\u00fcntet\u00e9ssel j\u00e1r\u00f3 p\u00e9nzd\u00edjak kifizet\u00e9s\u00e9r\u0151l, meghirdeti &hellip;<\/p>\n","protected":false},"author":101600,"featured_media":0,"parent":936,"menu_order":2,"comment_status":"closed","ping_status":"closed","template":"","meta":{"_acf_changed":false,"footnotes":""},"categories":[],"tags":[],"class_list":["post-4110","page","type-page","status-publish","hentry"],"acf":[],"publishpress_future_action":{"enabled":false,"date":"1970-01-01 01:00:00","action":"","terms":[],"taxonomy":"","browser_timezone_offset":0},"_links":{"self":[{"href":"https:\/\/semmelweis.hu\/tdk\/wp-json\/wp\/v2\/pages\/4110","targetHints":{"allow":["GET"]}}],"collection":[{"href":"https:\/\/semmelweis.hu\/tdk\/wp-json\/wp\/v2\/pages"}],"about":[{"href":"https:\/\/semmelweis.hu\/tdk\/wp-json\/wp\/v2\/types\/page"}],"author":[{"embeddable":true,"href":"https:\/\/semmelweis.hu\/tdk\/wp-json\/wp\/v2\/users\/101600"}],"replies":[{"embeddable":true,"href":"https:\/\/semmelweis.hu\/tdk\/wp-json\/wp\/v2\/comments?post=4110"}],"version-history":[{"count":7,"href":"https:\/\/semmelweis.hu\/tdk\/wp-json\/wp\/v2\/pages\/4110\/revisions"}],"predecessor-version":[{"id":11019,"href":"https:\/\/semmelweis.hu\/tdk\/wp-json\/wp\/v2\/pages\/4110\/revisions\/11019"}],"up":[{"embeddable":true,"href":"https:\/\/semmelweis.hu\/tdk\/wp-json\/wp\/v2\/pages\/936"}],"wp:attachment":[{"href":"https:\/\/semmelweis.hu\/tdk\/wp-json\/wp\/v2\/media?parent=4110"}],"wp:term":[{"taxonomy":"category","embeddable":true,"href":"https:\/\/semmelweis.hu\/tdk\/wp-json\/wp\/v2\/categories?post=4110"},{"taxonomy":"post_tag","embeddable":true,"href":"https:\/\/semmelweis.hu\/tdk\/wp-json\/wp\/v2\/tags?post=4110"}],"curies":[{"name":"wp","href":"https:\/\/api.w.org\/{rel}","templated":true}]}}