{"id":4033,"date":"2019-04-04T11:30:56","date_gmt":"2019-04-04T09:30:56","guid":{"rendered":"http:\/\/semmelweis.hu\/tdk\/?page_id=4033"},"modified":"2024-08-15T08:56:52","modified_gmt":"2024-08-15T06:56:52","slug":"general-information-2","status":"publish","type":"page","link":"https:\/\/semmelweis.hu\/tdk\/en\/conferences\/general-information-2\/","title":{"rendered":"General Information"},"content":{"rendered":"<p style=\"font-weight: 400;\">The Students\u2019 Scientific Association of Semmelweis University invites You to submit the paper to the annual conference!<\/p>\n<p style=\"font-weight: 400;\"><b><strong style=\"font-style: inherit;\">Location<\/strong><\/b>: Semmelweis University (Nagyv\u00e1rad sq. 4.)<br \/>\n<b><strong style=\"font-style: inherit;\">Date<\/strong><\/b>: 13-15 February 2019<br \/>\n<b><strong style=\"font-style: inherit;\">Deadline for abstract submission<\/strong><\/b>:\u00a0\u00a0<span style=\"font-weight: inherit; font-style: inherit;\"><b><strong style=\"font-style: inherit;\">7 December 2018. 12pm.<\/strong><\/b><\/span><\/p>\n<p style=\"font-weight: 400;\">Under the auspices of the Semmelweis International Students Conference, the Semmelweis Students\u2019 Scientific Association organizes the International Hands-on Competition among the active participants of the conference. All participants with oral presentation can take part in hands-on competition in the next fields of medicine:<\/p>\n<ul style=\"font-weight: 400;\">\n<li style=\"font-weight: inherit; font-style: inherit;\">Surgery<\/li>\n<li style=\"font-weight: inherit; font-style: inherit;\">Pharmacy<\/li>\n<li style=\"font-weight: inherit; font-style: inherit;\">Dentistry<\/li>\n<\/ul>\n<p style=\"font-weight: 400;\"><b><strong style=\"font-style: inherit;\"><span style=\"font-weight: inherit; font-style: inherit;\">General requirements for the submission of abstracts<\/span><\/strong><\/b><\/p>\n<ul style=\"font-weight: 400;\">\n<li style=\"font-weight: inherit; font-style: inherit;\">All abstracts must be original work.<\/li>\n<li style=\"font-weight: inherit; font-style: inherit;\">All abstracts may have two authors maximum. Ph.D. students may not be (co)authors.<\/li>\n<li style=\"font-weight: inherit; font-style: inherit;\">All abstracts will undergo a preliminary review of a scientific committee led by the Secretary of Students\u2019 Scientific Association. E-mail feedback will be given about the decision of the scientific committee. The title of all accepted abstracts will be uploaded to the website after the decision.<\/li>\n<li style=\"font-weight: inherit; font-style: inherit;\"><b><strong style=\"font-style: inherit;\">Abstracts will be grouped by Topics. Please indicate the Topic most suitable to your abstract. Please note that this does not guarantee that your abstract will be grouped within this Topic in the final program.<\/strong><\/b><\/li>\n<\/ul>\n<p style=\"font-weight: 400;\"><span style=\"font-weight: inherit; font-style: inherit;\"><b><strong style=\"font-style: inherit;\">Practical Competitions:<\/strong><\/b><\/span><\/p>\n<p style=\"font-weight: 400;\"><b><strong style=\"font-style: inherit;\"><span style=\"font-weight: inherit; font-style: inherit;\">B\u00e1n\u00f3czy Jol\u00e1n\u00a0<\/span><span style=\"font-weight: inherit; font-style: inherit;\">Practical Competition for Dental Students<\/span><\/strong><\/b><\/p>\n<p style=\"font-weight: 400;\"><span style=\"font-weight: inherit; font-style: inherit;\">The registered participants have to solve two practical cases in phantom head. The first task is\u00a0<\/span><span style=\"font-weight: inherit; font-style: inherit;\">to prepare and restore an upper incisor using aesthetic composite material. The second task is a 3D planning of an implant placement. Participants will receive short theoretical preparation for both topics before the race, then the tasks will also be demonstrated by the lecturers.\u00a0<\/span><span style=\"font-weight: inherit; font-style: inherit;\">For the objective evaluation of restorations KaVo Dental teacher system will also be applied. Furthermore, in the current competition for the first time we plan a \u201cprosthodontics surprise\u201d where the competitors should demonstrate their practical versatility.<\/span><\/p>\n<p style=\"font-weight: 400;\"><b><strong style=\"font-style: inherit;\"><span style=\"font-weight: inherit; font-style: inherit;\">Abstract submission procedure<\/span><\/strong><\/b><\/p>\n<ul style=\"font-weight: 400;\">\n<li style=\"font-weight: inherit; font-style: inherit;\">Abstracts must be submitted via the Conference website:\u00a0<a href=\"http:\/\/tdk.sote.hu\/en\">http:\/\/tdk.semmelweis.hu\/en<\/a><\/li>\n<li style=\"font-weight: inherit; font-style: inherit;\">Do not resubmit your abstract for any reason other than a submission error.<\/li>\n<li style=\"font-weight: inherit; font-style: inherit;\">Once your abstract has been submitted it is final.<\/li>\n<li style=\"font-weight: inherit; font-style: inherit;\">Abstract acceptance notification will be sent to all presenting authors.<\/li>\n<li style=\"font-weight: inherit; font-style: inherit;\">It is the responsibility of the presenting author to ensure accuracy of content, spelling and presentation, as abstracts will be published exactly as submitted.<\/li>\n<\/ul>\n<p style=\"font-weight: 400;\"><b><strong style=\"font-style: inherit;\"><span style=\"font-weight: inherit; font-style: inherit;\">Abstract formatting instructions<\/span><\/strong><\/b><\/p>\n<ul style=\"font-weight: 400;\">\n<li style=\"font-weight: inherit; font-style: inherit;\">Only standard abbreviations may be used in the text and they must be defined by being placed in brackets, just after the full word or phrase the first time it is typed.<\/li>\n<li style=\"font-weight: inherit; font-style: inherit;\">Non-proprietary (generic) names should be used the first time a drug is mentioned and the proprietary name should be underlined.<\/li>\n<li style=\"font-weight: inherit; font-style: inherit;\">The abstract text should not exceed 2400 characters (including spaces).<\/li>\n<li style=\"font-weight: inherit; font-style: inherit;\">Title should be typed in CAPITAL LETTERS.<\/li>\n<li style=\"font-weight: inherit; font-style: inherit;\">The name of the presenting author should be written in CAPITAL LETTERS and the co-author(s) in lower-case letters.<\/li>\n<li style=\"font-weight: inherit; font-style: inherit;\">Please do not use localized signs like \u00e4, \u00e6 or \u00e7!<\/li>\n<li style=\"font-weight: inherit; font-style: inherit;\">Please do not paste tables.<\/li>\n<li style=\"font-weight: inherit; font-style: inherit;\">Do not include references, but the abstract has to contain the specification of methods and results.<\/li>\n<li style=\"font-weight: inherit; font-style: inherit;\">Presentation and equipment:<\/li>\n<li style=\"font-weight: inherit; font-style: inherit;\">The time limit for a presentation is 10 minutes that is followed by a 5-minute-long discussion.<\/li>\n<li style=\"font-weight: inherit; font-style: inherit;\">The following audio-visual equipment will be in every session room: projector, computer with MS PowerPoint 2010.<\/li>\n<li style=\"font-weight: inherit; font-style: inherit;\">You must bring your presentation on USB-Flash-Memory-Drive.<\/li>\n<li style=\"font-weight: inherit; font-style: inherit;\">There will be an operator in constant attendance in each session room.<\/li>\n<\/ul>\n<p style=\"font-weight: 400;\">Students\u2019 Scientific Association of Semmelweis University is looking forward to meet you in Budapest!<\/p>\n","protected":false},"excerpt":{"rendered":"<p>The Students\u2019 Scientific Association of Semmelweis University invites You to submit the paper to the annual conference! Location: Semmelweis University (Nagyv\u00e1rad sq. 4.) Date: 13-15 February 2019 Deadline for abstract submission:\u00a0\u00a07 December 2018. 12pm. Under the auspices of the Semmelweis International Students Conference, the Semmelweis Students\u2019 Scientific Association organizes the International Hands-on Competition among the &hellip;<\/p>\n","protected":false},"author":101265,"featured_media":0,"parent":4936,"menu_order":0,"comment_status":"closed","ping_status":"closed","template":"","meta":{"_acf_changed":false,"footnotes":""},"categories":[],"tags":[],"class_list":["post-4033","page","type-page","status-publish","hentry"],"acf":[],"publishpress_future_action":{"enabled":false,"date":"1970-01-01 01:00:00","action":"","terms":[],"taxonomy":"","browser_timezone_offset":0},"_links":{"self":[{"href":"https:\/\/semmelweis.hu\/tdk\/wp-json\/wp\/v2\/pages\/4033","targetHints":{"allow":["GET"]}}],"collection":[{"href":"https:\/\/semmelweis.hu\/tdk\/wp-json\/wp\/v2\/pages"}],"about":[{"href":"https:\/\/semmelweis.hu\/tdk\/wp-json\/wp\/v2\/types\/page"}],"author":[{"embeddable":true,"href":"https:\/\/semmelweis.hu\/tdk\/wp-json\/wp\/v2\/users\/101265"}],"replies":[{"embeddable":true,"href":"https:\/\/semmelweis.hu\/tdk\/wp-json\/wp\/v2\/comments?post=4033"}],"version-history":[{"count":2,"href":"https:\/\/semmelweis.hu\/tdk\/wp-json\/wp\/v2\/pages\/4033\/revisions"}],"predecessor-version":[{"id":11081,"href":"https:\/\/semmelweis.hu\/tdk\/wp-json\/wp\/v2\/pages\/4033\/revisions\/11081"}],"up":[{"embeddable":true,"href":"https:\/\/semmelweis.hu\/tdk\/wp-json\/wp\/v2\/pages\/4936"}],"wp:attachment":[{"href":"https:\/\/semmelweis.hu\/tdk\/wp-json\/wp\/v2\/media?parent=4033"}],"wp:term":[{"taxonomy":"category","embeddable":true,"href":"https:\/\/semmelweis.hu\/tdk\/wp-json\/wp\/v2\/categories?post=4033"},{"taxonomy":"post_tag","embeddable":true,"href":"https:\/\/semmelweis.hu\/tdk\/wp-json\/wp\/v2\/tags?post=4033"}],"curies":[{"name":"wp","href":"https:\/\/api.w.org\/{rel}","templated":true}]}}