{"id":3918,"date":"2019-04-03T14:07:46","date_gmt":"2019-04-03T12:07:46","guid":{"rendered":"http:\/\/semmelweis.hu\/tdk\/?page_id=3918"},"modified":"2024-05-09T08:18:15","modified_gmt":"2024-05-09T06:18:15","slug":"nemzetkozi-impaktfaktoros-cikkszerzok-figyelem","status":"publish","type":"page","link":"https:\/\/semmelweis.hu\/tdk\/palyazatok\/nemzetkozi-impaktfaktoros-cikkszerzok-figyelem\/","title":{"rendered":"NEMZETK\u00d6ZI IMPAKTFAKTOROS CIKKSZERZ\u0150K, FIGYELEM!"},"content":{"rendered":"<p>A Tudom\u00e1nyos Di\u00e1kk\u00f6ri Tan\u00e1cs ez\u00faton h\u00edvja fel a tdk-hallgat\u00f3k figyelm\u00e9t arra, hogy a 2018. febru\u00e1r 10-12-\u00e9n megrendez\u00e9sre ker\u00fcl\u0151 h\u00e1zi TDK-konferenci\u00e1n oklev\u00e9llel, illetve p\u00e9nzjutalommal d\u00edjazza azon hallgat\u00f3kat, akiknek nemzetk\u00f6zi impaktfaktorral b\u00edr\u00f3, els\u0151szerz\u0151s publik\u00e1ci\u00f3juk van. (Id\u0151szak: 2017. janu\u00e1rt\u00f3l 2018. janu\u00e1rig)<\/p>\n<p>K\u00e9rj\u00fck, az ehhez sz\u00fcks\u00e9ges adatokat k\u00fcldj\u00e9k meg a k\u00f6v. e-mail c\u00edmre: <a href=\"mailto:office.se.tdk@gmail.com\">office.se.tdk@gmail.com<\/a><\/p>\n<p>N\u00e9v, t\u00e9mavezet\u0151, cikk c\u00edme, bibliogr\u00e1fiai adatok, foly\u00f3irat impaktfaktor sz\u00e1ma, a cikk pdf-v\u00e1ltozata, valamint r\u00f6vid szakmai \u00f6n\u00e9letrajz.<\/p>\n","protected":false},"excerpt":{"rendered":"<p>A Tudom\u00e1nyos Di\u00e1kk\u00f6ri Tan\u00e1cs ez\u00faton h\u00edvja fel a tdk-hallgat\u00f3k figyelm\u00e9t arra, hogy a 2018. febru\u00e1r 10-12-\u00e9n megrendez\u00e9sre ker\u00fcl\u0151 h\u00e1zi TDK-konferenci\u00e1n oklev\u00e9llel, illetve p\u00e9nzjutalommal d\u00edjazza azon hallgat\u00f3kat, akiknek nemzetk\u00f6zi impaktfaktorral b\u00edr\u00f3, els\u0151szerz\u0151s publik\u00e1ci\u00f3juk van. (Id\u0151szak: 2017. janu\u00e1rt\u00f3l 2018. janu\u00e1rig) K\u00e9rj\u00fck, az ehhez sz\u00fcks\u00e9ges adatokat k\u00fcldj\u00e9k meg a k\u00f6v. e-mail c\u00edmre: <a href=\"mailto:office.se.tdk@gmail.com\">office.se.tdk@gmail.com<\/a> N\u00e9v, t\u00e9mavezet\u0151, cikk c\u00edme, bibliogr\u00e1fiai adatok, &hellip;<\/p>\n","protected":false},"author":101265,"featured_media":0,"parent":1146,"menu_order":0,"comment_status":"closed","ping_status":"closed","template":"","meta":{"_acf_changed":false,"footnotes":""},"categories":[],"tags":[],"class_list":["post-3918","page","type-page","status-publish","hentry"],"acf":[],"publishpress_future_action":{"enabled":false,"date":"1970-01-01 01:00:00","action":"","terms":[],"taxonomy":"","browser_timezone_offset":0},"_links":{"self":[{"href":"https:\/\/semmelweis.hu\/tdk\/wp-json\/wp\/v2\/pages\/3918","targetHints":{"allow":["GET"]}}],"collection":[{"href":"https:\/\/semmelweis.hu\/tdk\/wp-json\/wp\/v2\/pages"}],"about":[{"href":"https:\/\/semmelweis.hu\/tdk\/wp-json\/wp\/v2\/types\/page"}],"author":[{"embeddable":true,"href":"https:\/\/semmelweis.hu\/tdk\/wp-json\/wp\/v2\/users\/101265"}],"replies":[{"embeddable":true,"href":"https:\/\/semmelweis.hu\/tdk\/wp-json\/wp\/v2\/comments?post=3918"}],"version-history":[{"count":1,"href":"https:\/\/semmelweis.hu\/tdk\/wp-json\/wp\/v2\/pages\/3918\/revisions"}],"predecessor-version":[{"id":3919,"href":"https:\/\/semmelweis.hu\/tdk\/wp-json\/wp\/v2\/pages\/3918\/revisions\/3919"}],"up":[{"embeddable":true,"href":"https:\/\/semmelweis.hu\/tdk\/wp-json\/wp\/v2\/pages\/1146"}],"wp:attachment":[{"href":"https:\/\/semmelweis.hu\/tdk\/wp-json\/wp\/v2\/media?parent=3918"}],"wp:term":[{"taxonomy":"category","embeddable":true,"href":"https:\/\/semmelweis.hu\/tdk\/wp-json\/wp\/v2\/categories?post=3918"},{"taxonomy":"post_tag","embeddable":true,"href":"https:\/\/semmelweis.hu\/tdk\/wp-json\/wp\/v2\/tags?post=3918"}],"curies":[{"name":"wp","href":"https:\/\/api.w.org\/{rel}","templated":true}]}}