{"id":3913,"date":"2019-04-03T14:03:51","date_gmt":"2019-04-03T12:03:51","guid":{"rendered":"http:\/\/semmelweis.hu\/tdk\/?page_id=3913"},"modified":"2024-05-08T15:48:38","modified_gmt":"2024-05-08T13:48:38","slug":"elsoszerzos-megosztott-elsoszerzos-cikkszerzok-figyelem","status":"publish","type":"page","link":"https:\/\/semmelweis.hu\/tdk\/palyazatok\/elsoszerzos-megosztott-elsoszerzos-cikkszerzok-figyelem\/","title":{"rendered":"ELS\u0150SZERZ\u0150S, MEGOSZTOTT ELS\u0150SZERZ\u0150S CIKKSZERZ\u0150K, FIGYELEM!"},"content":{"rendered":"<p>A Semmelweis Egyetem az <strong>EFOP-3.6.3-VEKOP-16-2017-00009<\/strong> azonos\u00edt\u00f3sz\u00e1m\u00fa projektt\u00e1mogat\u00e1s seg\u00edts\u00e9g\u00e9vel hozz\u00e1j\u00e1rul a PhD \u00e9s a <span style=\"text-decoration: underline;\">TDK hallgat\u00f3k<\/span> kiemelked\u0151en sz\u00ednvonalas, az adott tudom\u00e1nyter\u00fclet meghat\u00e1roz\u00f3 (<strong>D1 kateg\u00f3ri\u00e1j\u00fa<\/strong>) foly\u00f3irataiban megjelen\u0151 els\u0151szerz\u0151s k\u00f6zlem\u00e9nyeinek publik\u00e1ci\u00f3s k\u00f6lts\u00e9g\u00e9hez, \u00edgy el\u0151seg\u00edtve a nemzetk\u00f6zileg kiemelked\u0151 publik\u00e1ci\u00f3s aktivit\u00e1s n\u00f6veked\u00e9s\u00e9t.<\/p>\n<p><a href=\"https:\/\/semmelweis.hu\/tdk\/files\/2019\/04\/Publik\u00e1ci\u00f3sAktivit\u00e1s_p\u00e1ly\u00e1zati-ki\u00edr\u00e1s_20170928.pdf-v04.pdf\">A p\u00e1ly\u00e1zat r\u00e9szletei<\/a><\/p>\n<p><a href=\"https:\/\/semmelweis.hu\/tdk\/files\/2019\/04\/EFOP_Publik\u00e1ci\u00f3sAktivit\u00e1s_p\u00e1ly\u00e1zati-ADATLAP_20170928.doc\">P\u00e1ly\u00e1zati ADATLAP<\/a><\/p>\n","protected":false},"excerpt":{"rendered":"<p>A Semmelweis Egyetem az EFOP-3.6.3-VEKOP-16-2017-00009 azonos\u00edt\u00f3sz\u00e1m\u00fa projektt\u00e1mogat\u00e1s seg\u00edts\u00e9g\u00e9vel hozz\u00e1j\u00e1rul a PhD \u00e9s a TDK hallgat\u00f3k kiemelked\u0151en sz\u00ednvonalas, az adott tudom\u00e1nyter\u00fclet meghat\u00e1roz\u00f3 (D1 kateg\u00f3ri\u00e1j\u00fa) foly\u00f3irataiban megjelen\u0151 els\u0151szerz\u0151s k\u00f6zlem\u00e9nyeinek publik\u00e1ci\u00f3s k\u00f6lts\u00e9g\u00e9hez, \u00edgy el\u0151seg\u00edtve a nemzetk\u00f6zileg kiemelked\u0151 publik\u00e1ci\u00f3s aktivit\u00e1s n\u00f6veked\u00e9s\u00e9t.<br \/>\n<a href=\"https:\/\/semmelweis.hu\/tdk\/files\/2019\/04\/Publik\u00e1ci\u00f3sAktivit\u00e1s_p\u00e1ly\u00e1zati-ki\u00edr\u00e1s_20170928.pdf-v04.pdf\">A p\u00e1ly\u00e1zat r\u00e9szletei<\/a><br \/>\n<a href=\"https:\/\/semmelweis.hu\/tdk\/files\/2019\/04\/EFOP_Publik\u00e1ci\u00f3sAktivit\u00e1s_p\u00e1ly\u00e1zati-ADATLAP_20170928.doc\">P\u00e1ly\u00e1zati ADATLAP<\/a><\/p>\n","protected":false},"author":101265,"featured_media":0,"parent":1146,"menu_order":9,"comment_status":"closed","ping_status":"closed","template":"","meta":{"_acf_changed":false,"footnotes":""},"categories":[],"tags":[],"class_list":["post-3913","page","type-page","status-publish","hentry"],"acf":[],"publishpress_future_action":{"enabled":false,"date":"1970-01-01 01:00:00","action":"","terms":[],"taxonomy":"","browser_timezone_offset":0},"_links":{"self":[{"href":"https:\/\/semmelweis.hu\/tdk\/wp-json\/wp\/v2\/pages\/3913","targetHints":{"allow":["GET"]}}],"collection":[{"href":"https:\/\/semmelweis.hu\/tdk\/wp-json\/wp\/v2\/pages"}],"about":[{"href":"https:\/\/semmelweis.hu\/tdk\/wp-json\/wp\/v2\/types\/page"}],"author":[{"embeddable":true,"href":"https:\/\/semmelweis.hu\/tdk\/wp-json\/wp\/v2\/users\/101265"}],"replies":[{"embeddable":true,"href":"https:\/\/semmelweis.hu\/tdk\/wp-json\/wp\/v2\/comments?post=3913"}],"version-history":[{"count":2,"href":"https:\/\/semmelweis.hu\/tdk\/wp-json\/wp\/v2\/pages\/3913\/revisions"}],"predecessor-version":[{"id":10167,"href":"https:\/\/semmelweis.hu\/tdk\/wp-json\/wp\/v2\/pages\/3913\/revisions\/10167"}],"up":[{"embeddable":true,"href":"https:\/\/semmelweis.hu\/tdk\/wp-json\/wp\/v2\/pages\/1146"}],"wp:attachment":[{"href":"https:\/\/semmelweis.hu\/tdk\/wp-json\/wp\/v2\/media?parent=3913"}],"wp:term":[{"taxonomy":"category","embeddable":true,"href":"https:\/\/semmelweis.hu\/tdk\/wp-json\/wp\/v2\/categories?post=3913"},{"taxonomy":"post_tag","embeddable":true,"href":"https:\/\/semmelweis.hu\/tdk\/wp-json\/wp\/v2\/tags?post=3913"}],"curies":[{"name":"wp","href":"https:\/\/api.w.org\/{rel}","templated":true}]}}