{"id":3854,"date":"2019-04-03T10:29:33","date_gmt":"2019-04-03T08:29:33","guid":{"rendered":"http:\/\/semmelweis.hu\/tdk\/?page_id=3854"},"modified":"2024-08-15T08:54:57","modified_gmt":"2024-08-15T06:54:57","slug":"military-hospital-state-health-center","status":"publish","type":"page","link":"https:\/\/semmelweis.hu\/tdk\/en\/steps-to-pursue-research-as-a-student\/topics-and-supervisors\/military-hospital-state-health-center\/","title":{"rendered":"Military Hospital \u2013 State Health Center"},"content":{"rendered":"<h2><span class=\"pink\">Thesis&#8217; topics of the Rectoral Competition of Military Hospital \u2013 State Health Center (1134 Budapest, K\u00e1roly R\u00f3bert krt. 44.)<br \/><\/span><\/h2>\n<p>\u00a0<\/p>\n<table style=\"width: 516px;height: 731px\" border=\"0\" cellspacing=\"0\" cellpadding=\"0\">\n<colgroup>\n<col style=\"width: 187pt\" width=\"249\" \/>\n<col style=\"width: 212pt\" width=\"283\" \/> <\/colgroup>\n<tbody>\n<tr style=\"height: 12.75pt\">\n<td class=\"xl68\" style=\"height: 12.75pt;width: 187pt;text-align: center\" width=\"249\" height=\"17\"><strong>Topics of rectors competition<\/strong><\/td>\n<td class=\"xl68\" style=\"width: 212pt;text-align: center\" width=\"283\"><strong>Consultant (degree)<\/strong><\/td>\n<\/tr>\n<tr style=\"height: 25.5pt\">\n<td class=\"xl67\" style=\"height: 25.5pt;width: 187pt\" width=\"249\" height=\"34\">Modern pacemaker therapy. Survival and quality of life<\/td>\n<td class=\"xl67\" style=\"width: 212pt\" width=\"283\">Prof. \u00c1d\u00e1m B\u0151hm M.D., D.Sc.<\/td>\n<\/tr>\n<tr style=\"height: 38.25pt\">\n<td class=\"xl67\" style=\"height: 38.25pt;width: 187pt\" width=\"249\" height=\"51\">Cardiac implantable electronic devices in the treatment of heart failure and arrhythmias<\/td>\n<td class=\"xl67\" style=\"width: 212pt\" width=\"283\">G\u00e1bor Duray M.D. Ph.D.<\/td>\n<\/tr>\n<tr style=\"height: 38.25pt\">\n<td class=\"xl67\" style=\"height: 38.25pt;width: 187pt\" width=\"249\" height=\"51\">Role of invasive cardiac electrophysiology in the treatment of cardiac arrhythmias<\/td>\n<td class=\"xl67\" style=\"width: 212pt\" width=\"283\">G\u00e1bor Duray M.D. Ph.D.<\/td>\n<\/tr>\n<tr style=\"height: 25.5pt\">\n<td class=\"xl67\" style=\"height: 25.5pt;width: 187pt\" width=\"249\" height=\"34\">Clinical use of the intracardiac pacemaker capsule<\/td>\n<td class=\"xl67\" style=\"width: 212pt\" width=\"283\">G\u00e1bor Duray M.D. Ph.D.<\/td>\n<\/tr>\n<tr style=\"height: 12.75pt\">\n<td class=\"xl67\" style=\"height: 12.75pt;width: 187pt\" width=\"249\" height=\"17\">Treatment options in atrial fibrillation<\/td>\n<td class=\"xl67\" style=\"width: 212pt\" width=\"283\">G\u00e1bor Duray M.D. Ph.D.<\/td>\n<\/tr>\n<tr style=\"height: 25.5pt\">\n<td class=\"xl67\" style=\"height: 25.5pt;width: 187pt\" width=\"249\" height=\"34\">Diagnosis, treatment and significance of sleep apnea in cardiac diseases<\/td>\n<td class=\"xl67\" style=\"width: 212pt\" width=\"283\">G\u00e1bor Duray M.D. Ph.D.<\/td>\n<\/tr>\n<tr style=\"height: 38.25pt\">\n<td class=\"xl67\" style=\"height: 38.25pt;width: 187pt\" width=\"249\" height=\"51\">Outcome-influencing factors in primary percutan coronary intervention: role of the transradial approach<\/td>\n<td class=\"xl67\" style=\"width: 212pt\" width=\"283\">Istv\u00e1n Hizoh M.D. Ph.D., c. honorary associate professor<\/td>\n<\/tr>\n<tr style=\"height: 38.25pt\">\n<td class=\"xl67\" style=\"height: 38.25pt;width: 187pt\" width=\"249\" height=\"51\">Use of verapamil during transradial coronarography and intervention. Is it necessary?<\/td>\n<td class=\"xl67\" style=\"width: 212pt\" width=\"283\">Istv\u00e1n Hizoh M.D. Ph.D., c. honorary associate professor<\/td>\n<\/tr>\n<tr style=\"height: 38.25pt\">\n<td class=\"xl67\" style=\"height: 38.25pt;width: 187pt\" width=\"249\" height=\"51\">Door-to-balloon time and duration of hospitalization in transradial primary coronary intervention<\/td>\n<td class=\"xl67\" style=\"width: 212pt\" width=\"283\">Istv\u00e1n Hizoh M.D. Ph.D., c. honorary associate professor<\/td>\n<\/tr>\n<tr style=\"height: 38.25pt\">\n<td class=\"xl67\" style=\"height: 38.25pt;width: 187pt\" width=\"249\" height=\"51\">Activation and inhibition of thrombocytes in coronary atherothrombosis<\/td>\n<td class=\"xl67\" style=\"width: 212pt\" width=\"283\">R\u00f3bert G\u00e1bor Kiss M.D., Ph.D., honorary professor<\/td>\n<\/tr>\n<tr style=\"height: 51.0pt\">\n<td class=\"xl67\" style=\"height: 51.0pt;width: 187pt\" width=\"249\" height=\"68\">Long-term follow up examination of prognostic factors of in-stent thrombosis and in-stent restenosis after percutaneous coronary intervention<\/td>\n<td class=\"xl67\" style=\"width: 212pt\" width=\"283\">Andrea \u00c1gnes Moln\u00e1r M.D., Ph.D.<\/td>\n<\/tr>\n<tr style=\"height: 25.5pt\">\n<td class=\"xl67\" style=\"height: 25.5pt;width: 187pt\" width=\"249\" height=\"34\">Modern treatment of heart failure<\/td>\n<td class=\"xl67\" style=\"width: 212pt\" width=\"283\">No\u00e9mi Nyolczas M.D., Ph.D., honorary associate professor<\/td>\n<\/tr>\n<tr style=\"height: 25.5pt\">\n<td class=\"xl67\" style=\"height: 25.5pt;width: 187pt\" width=\"249\" height=\"34\">Coronary heart disease and endothel function<\/td>\n<td class=\"xl67\" style=\"width: 212pt\" width=\"283\">Prof. Istv\u00e1n Pr\u00e9da M.D., D.Sc.<\/td>\n<\/tr>\n<tr style=\"height: 25.5pt\">\n<td class=\"xl67\" style=\"height: 25.5pt;width: 187pt\" width=\"249\" height=\"34\">Genesis of cardiac arrhythmias and \u00a0electrophysiology<\/td>\n<td class=\"xl67\" style=\"width: 212pt\" width=\"283\">Prof. Istv\u00e1n Pr\u00e9da M.D., D.Sc.<\/td>\n<\/tr>\n<\/tbody>\n<\/table>\n","protected":false},"excerpt":{"rendered":"<p>Thesis&#8217; topics of the Rectoral Competition of Military Hospital \u2013 State Health Center (1134 Budapest, K\u00e1roly R\u00f3bert krt. 44.) \u00a0 Topics of rectors competition Consultant (degree) Modern pacemaker therapy. Survival and quality of life Prof. \u00c1d\u00e1m B\u0151hm M.D., D.Sc. Cardiac implantable electronic devices in the treatment of heart failure and arrhythmias G\u00e1bor Duray M.D. Ph.D. &hellip;<\/p>\n","protected":false},"author":101265,"featured_media":0,"parent":4996,"menu_order":0,"comment_status":"closed","ping_status":"closed","template":"","meta":{"_acf_changed":false,"footnotes":""},"categories":[],"tags":[],"class_list":["post-3854","page","type-page","status-publish","hentry"],"acf":[],"publishpress_future_action":{"enabled":false,"date":"1970-01-01 01:00:00","action":"","terms":[],"taxonomy":"","browser_timezone_offset":0},"_links":{"self":[{"href":"https:\/\/semmelweis.hu\/tdk\/wp-json\/wp\/v2\/pages\/3854","targetHints":{"allow":["GET"]}}],"collection":[{"href":"https:\/\/semmelweis.hu\/tdk\/wp-json\/wp\/v2\/pages"}],"about":[{"href":"https:\/\/semmelweis.hu\/tdk\/wp-json\/wp\/v2\/types\/page"}],"author":[{"embeddable":true,"href":"https:\/\/semmelweis.hu\/tdk\/wp-json\/wp\/v2\/users\/101265"}],"replies":[{"embeddable":true,"href":"https:\/\/semmelweis.hu\/tdk\/wp-json\/wp\/v2\/comments?post=3854"}],"version-history":[{"count":1,"href":"https:\/\/semmelweis.hu\/tdk\/wp-json\/wp\/v2\/pages\/3854\/revisions"}],"predecessor-version":[{"id":3855,"href":"https:\/\/semmelweis.hu\/tdk\/wp-json\/wp\/v2\/pages\/3854\/revisions\/3855"}],"up":[{"embeddable":true,"href":"https:\/\/semmelweis.hu\/tdk\/wp-json\/wp\/v2\/pages\/4996"}],"wp:attachment":[{"href":"https:\/\/semmelweis.hu\/tdk\/wp-json\/wp\/v2\/media?parent=3854"}],"wp:term":[{"taxonomy":"category","embeddable":true,"href":"https:\/\/semmelweis.hu\/tdk\/wp-json\/wp\/v2\/categories?post=3854"},{"taxonomy":"post_tag","embeddable":true,"href":"https:\/\/semmelweis.hu\/tdk\/wp-json\/wp\/v2\/tags?post=3854"}],"curies":[{"name":"wp","href":"https:\/\/api.w.org\/{rel}","templated":true}]}}