{"id":3848,"date":"2019-04-03T10:26:25","date_gmt":"2019-04-03T08:26:25","guid":{"rendered":"http:\/\/semmelweis.hu\/tdk\/?page_id=3848"},"modified":"2024-08-15T08:54:56","modified_gmt":"2024-08-15T06:54:56","slug":"gottsegen-gyorgy-hungarian-institute-of-cardiology","status":"publish","type":"page","link":"https:\/\/semmelweis.hu\/tdk\/en\/steps-to-pursue-research-as-a-student\/topics-and-supervisors\/gottsegen-gyorgy-hungarian-institute-of-cardiology\/","title":{"rendered":"Gottsegen Gy\u00f6rgy Hungarian Institute of Cardiology"},"content":{"rendered":"<h2><span class=\"pink\">Thesis&#8217; topics of the Rectoral Competition of Gottsegen Gy\u00f6rgy Hungarian Institute of Cardiology (1096 Budapest, Haller u. 29.)<\/span><\/h2>\n<p>\u00a0<\/p>\n<table style=\"width: 532px\" border=\"0\" cellspacing=\"0\" cellpadding=\"0\">\n<colgroup>\n<col style=\"width: 187pt\" width=\"249\" \/>\n<col style=\"width: 212pt\" width=\"283\" \/> <\/colgroup>\n<tbody>\n<tr style=\"height: 12.75pt\">\n<td class=\"xl70\" style=\"height: 12.75pt;width: 187pt;text-align: center\" width=\"249\" height=\"17\"><strong>Topics of rectors competition<\/strong><\/td>\n<td class=\"xl68\" style=\"width: 212pt;text-align: center\" width=\"283\"><strong>Consultant (degree)<\/strong><\/td>\n<\/tr>\n<tr style=\"height: 12.75pt\">\n<td class=\"xl67\" style=\"height: 12.75pt;width: 187pt\" width=\"249\" height=\"17\">Stem cell transplantation in the clinical practice<\/td>\n<td class=\"xl71\">Prof. P\u00e9ter Andr\u00e9ka M.D., Ph.D.<\/td>\n<\/tr>\n<tr style=\"height: 12.75pt\">\n<td class=\"xl67\" style=\"height: 12.75pt;width: 187pt\" width=\"249\" height=\"17\">Percutan interventional techniques<\/td>\n<td class=\"xl71\">Prof. P\u00e9ter Andr\u00e9ka M.D., Ph.D.<\/td>\n<\/tr>\n<tr style=\"height: 12.75pt\">\n<td class=\"xl67\" style=\"height: 12.75pt;width: 187pt\" width=\"249\" height=\"17\">Pregnancy and heart disease<\/td>\n<td class=\"xl71\">Olga Hajnalka B\u00e1lint M.D., Ph.D.<\/td>\n<\/tr>\n<tr style=\"height: 12.75pt\">\n<td class=\"xl67\" style=\"height: 12.75pt;width: 187pt\" width=\"249\" height=\"17\">Hybrid electric cardioversion<\/td>\n<td class=\"xl71\">Prof. J\u00f3zsef Borbola M.D., Ph.D.<\/td>\n<\/tr>\n<tr style=\"height: 12.75pt\">\n<td class=\"xl67\" style=\"height: 12.75pt;width: 187pt\" width=\"249\" height=\"17\">Treatment of the acute heart failure<\/td>\n<td class=\"xl71\">Gabriella H\u00f3di M.D.<\/td>\n<\/tr>\n<tr style=\"height: 25.5pt\">\n<td class=\"xl67\" style=\"height: 25.5pt;width: 187pt\" width=\"249\" height=\"34\">Pathology and prognosis of ST-elevating myocardial infarctus on the base of \u201ePil\u00f3ta\u201d Infarct Register data<\/td>\n<td class=\"xl71\">Prof. Andr\u00e1s J\u00e1nosi M.D., D.Sc.<\/td>\n<\/tr>\n<tr style=\"height: 25.5pt\">\n<td class=\"xl67\" style=\"height: 25.5pt;width: 187pt\" width=\"249\" height=\"34\">Non-pharmacological treatment of atrial fibrillation: medium- and long-term results<\/td>\n<td class=\"xl71\">Attila Kardos M.D., Ph.D., senior lecturer<\/td>\n<\/tr>\n<tr style=\"height: 25.5pt\">\n<td class=\"xl67\" style=\"height: 25.5pt;width: 187pt\" width=\"249\" height=\"34\">Isolation of vena pulmonalis by cryoballoon in the treatment of paroxismal atrial fibrillation<\/td>\n<td class=\"xl71\">Attila Kardos M.D., Ph.D., senior lecturer<\/td>\n<\/tr>\n<tr style=\"height: 12.75pt\">\n<td class=\"xl67\" style=\"height: 12.75pt;width: 187pt\" width=\"249\" height=\"17\">Pacemaker-mediated cardiomyopathy<\/td>\n<td class=\"xl71\">L\u00e1szl\u00f3 K\u00f6rnyei M.D.<\/td>\n<\/tr>\n<tr style=\"height: 12.75pt\">\n<td class=\"xl67\" style=\"height: 12.75pt;width: 187pt\" width=\"249\" height=\"17\">Endothelial dysfunction: clinical significance and search modalities<\/td>\n<td class=\"xl71\">Attila Moh\u00e1csi M.D., Ph.D., honorary associate professor<\/td>\n<\/tr>\n<tr style=\"height: 12.75pt\">\n<td class=\"xl67\" style=\"height: 12.75pt;width: 187pt\" width=\"249\" height=\"17\">Minimal-invasive heart surgery<\/td>\n<td class=\"xl71\">L\u00e1szl\u00f3 Sz\u00e9kely M.D., Ph.D.<\/td>\n<\/tr>\n<tr style=\"height: 12.75pt\">\n<td class=\"xl67\" style=\"height: 12.75pt;width: 187pt\" width=\"249\" height=\"17\">Mitral valve reconstructions<\/td>\n<td class=\"xl71\">L\u00e1szl\u00f3 Sz\u00e9kely M.D., Ph.D.<\/td>\n<\/tr>\n<tr style=\"height: 12.75pt\">\n<td class=\"xl67\" style=\"height: 12.75pt;width: 187pt\" width=\"249\" height=\"17\">Treatment of tricuspidal valve insufficiency<\/td>\n<td class=\"xl71\">L\u00e1szl\u00f3 Sz\u00e9kely M.D., Ph.D.<\/td>\n<\/tr>\n<tr style=\"height: 12.75pt\">\n<td class=\"xl67\" style=\"height: 12.75pt;width: 187pt\" width=\"249\" height=\"17\">Surgical procedure for stentless aortic valves<\/td>\n<td class=\"xl71\">L\u00e1szl\u00f3 Sz\u00e9kely M.D., Ph.D.<\/td>\n<\/tr>\n<tr style=\"height: 12.75pt\">\n<td class=\"xl67\" style=\"height: 12.75pt;width: 187pt\" width=\"249\" height=\"17\">The role of 3D echocardiography in monitoring different interventions<\/td>\n<td class=\"xl71\">Andr\u00e1s Temesv\u00e1ri M.D., Ph.D.<\/td>\n<\/tr>\n<tr style=\"height: 12.75pt\">\n<td class=\"xl67\" style=\"height: 12.75pt;width: 187pt\" width=\"249\" height=\"17\">Long-term prognosis of pulmonal homograft surgery in adults<\/td>\n<td class=\"xl71\">Andr\u00e1s Temesv\u00e1ri M.D., Ph.D.<\/td>\n<\/tr>\n<\/tbody>\n<\/table>\n","protected":false},"excerpt":{"rendered":"<p>Thesis&#8217; topics of the Rectoral Competition of Gottsegen Gy\u00f6rgy Hungarian Institute of Cardiology (1096 Budapest, Haller u. 29.) \u00a0 Topics of rectors competition Consultant (degree) Stem cell transplantation in the clinical practice Prof. P\u00e9ter Andr\u00e9ka M.D., Ph.D. Percutan interventional techniques Prof. P\u00e9ter Andr\u00e9ka M.D., Ph.D. Pregnancy and heart disease Olga Hajnalka B\u00e1lint M.D., Ph.D. Hybrid &hellip;<\/p>\n","protected":false},"author":101265,"featured_media":0,"parent":4996,"menu_order":0,"comment_status":"closed","ping_status":"closed","template":"","meta":{"_acf_changed":false,"footnotes":""},"categories":[],"tags":[],"class_list":["post-3848","page","type-page","status-publish","hentry"],"acf":[],"publishpress_future_action":{"enabled":false,"date":"1970-01-01 01:00:00","action":"","terms":[],"taxonomy":"","browser_timezone_offset":0},"_links":{"self":[{"href":"https:\/\/semmelweis.hu\/tdk\/wp-json\/wp\/v2\/pages\/3848","targetHints":{"allow":["GET"]}}],"collection":[{"href":"https:\/\/semmelweis.hu\/tdk\/wp-json\/wp\/v2\/pages"}],"about":[{"href":"https:\/\/semmelweis.hu\/tdk\/wp-json\/wp\/v2\/types\/page"}],"author":[{"embeddable":true,"href":"https:\/\/semmelweis.hu\/tdk\/wp-json\/wp\/v2\/users\/101265"}],"replies":[{"embeddable":true,"href":"https:\/\/semmelweis.hu\/tdk\/wp-json\/wp\/v2\/comments?post=3848"}],"version-history":[{"count":1,"href":"https:\/\/semmelweis.hu\/tdk\/wp-json\/wp\/v2\/pages\/3848\/revisions"}],"predecessor-version":[{"id":3849,"href":"https:\/\/semmelweis.hu\/tdk\/wp-json\/wp\/v2\/pages\/3848\/revisions\/3849"}],"up":[{"embeddable":true,"href":"https:\/\/semmelweis.hu\/tdk\/wp-json\/wp\/v2\/pages\/4996"}],"wp:attachment":[{"href":"https:\/\/semmelweis.hu\/tdk\/wp-json\/wp\/v2\/media?parent=3848"}],"wp:term":[{"taxonomy":"category","embeddable":true,"href":"https:\/\/semmelweis.hu\/tdk\/wp-json\/wp\/v2\/categories?post=3848"},{"taxonomy":"post_tag","embeddable":true,"href":"https:\/\/semmelweis.hu\/tdk\/wp-json\/wp\/v2\/tags?post=3848"}],"curies":[{"name":"wp","href":"https:\/\/api.w.org\/{rel}","templated":true}]}}