{"id":3463,"date":"2019-04-01T12:00:31","date_gmt":"2019-04-01T10:00:31","guid":{"rendered":"http:\/\/semmelweis.hu\/tdk\/?page_id=3463"},"modified":"2024-06-06T09:32:00","modified_gmt":"2024-06-06T07:32:00","slug":"oralis-diagnosztika","status":"publish","type":"page","link":"https:\/\/semmelweis.hu\/tdk\/tdk-temak-es-temavezetok\/fok\/oralis-diagnosztika\/","title":{"rendered":"Or\u00e1lis Diagnosztikai Tansz\u00e9k"},"content":{"rendered":"<p style=\"text-align: left;\"><strong><span class=\"pink\">Az Or\u00e1lis Diagnosztikai Tansz\u00e9k TDK munkac\u00edmei \u00e9s t\u00e9mavezet\u0151i\u00a0<\/span><\/strong><\/p>\n<table style=\"margin-left: auto; margin-right: auto; width: 90.5948%;\" border=\"0\" cellspacing=\"0\" cellpadding=\"0\">\n<colgroup>\n<col style=\"width: 269pt;\" width=\"359\" \/>\n<col style=\"width: 137pt;\" width=\"182\" \/> <\/colgroup>\n<tbody>\n<tr style=\"height: 30.0pt;\">\n<td class=\"xl65\" style=\"height: 30pt; width: 61.3806%; text-align: center;\" width=\"359\" height=\"40\"><strong>TDK-munka c\u00edme<\/strong><\/td>\n<td class=\"xl65\" style=\"width: 61.8724%; text-align: center;\" width=\"182\"><strong>T\u00e9mavezet\u0151 neve (fokozattal)<\/strong><\/td>\n<\/tr>\n<tr>\n<td style=\"width: 61.3806%;\">Mesters\u00e9ges intelligencia megb\u00edzhat\u00f3s\u00e1g\u00e1nak vizsg\u00e1lata a fog\u00e1szati radiol\u00f3gi\u00e1ban<\/td>\n<td style=\"width: 61.8724%;\">Dr. Szab\u00f3 Bence egyetemi adjunktus<\/td>\n<\/tr>\n<tr>\n<td style=\"width: 61.3806%;\" width=\"150\">Transzlaci\u00f3s ortodonciai kutat\u00e1sok<\/td>\n<td style=\"width: 61.8724%;\" width=\"265\">Dr. Gresz Veronika<\/td>\n<\/tr>\n<tr>\n<td style=\"width: 61.3806%;\" width=\"150\">Mell\u00e9kleletek vizsg\u00e1lata a CBCT felv\u00e9teleken \u00daJ!!!<\/td>\n<td style=\"width: 61.8724%;\" width=\"265\">Dr. Szab\u00f3 Bence Tam\u00e1s<\/td>\n<\/tr>\n<tr>\n<td style=\"width: 61.3806%;\" width=\"150\">Alveolusprezerv\u00e1ci\u00f3 lehet\u0151s\u00e9gei a dento &#8211; alveolaris seb\u00e9szetben<\/td>\n<td style=\"width: 61.8724%;\" width=\"265\">Dr. Simonffy L\u00e1szl\u00f3, klinikai szakorvos<\/td>\n<\/tr>\n<tr>\n<td style=\"width: 61.3806%;\" width=\"150\">Implant\u00e1tum k\u00f6r\u00fcli f\u00e9mm\u0171term\u00e9k redukci\u00f3ja &#8222;Dual Energy&#8221; CBCT felhaszn\u00e1l\u00e1s\u00e1val<\/td>\n<td style=\"width: 61.8724%;\" width=\"265\">Dr. Szab\u00f3 Bence Tam\u00e1s<\/td>\n<\/tr>\n<tr>\n<td style=\"width: 61.3806%;\" width=\"150\">Temporo-mandibularis iz\u00fclet vizsg\u00e1lata h\u00e1romdimenzi\u00f3s k\u00e9palkot\u00f3 rendszerekkel \u00e9s eredm\u00e9nyeik \u00f6sszehasonl\u00edt\u00e1sa<\/td>\n<td style=\"width: 61.8724%;\" width=\"265\">Dr. Szab\u00f3 Bence Tam\u00e1s<\/td>\n<\/tr>\n<tr>\n<td style=\"width: 61.3806%;\" width=\"150\">Secunder caries t\u00e9rbeli elhelyezked\u00e9s\u00e9nek vizsg\u00e1lata &#8222;Dual Energy&#8221; CBCT seg\u00edts\u00e9g\u00e9vel<\/td>\n<td style=\"width: 61.8724%;\" width=\"265\">Dr. Dob\u00f3 Nagy Csaba<\/td>\n<\/tr>\n<tr>\n<td style=\"width: 61.3806%;\" width=\"150\">\u00d6sszehasonl\u00edt\u00f3 kefalometriai m\u00e9r\u00e9sek knock out \u00e9s widetype egereken<\/td>\n<td style=\"width: 61.8724%;\" width=\"265\">Dr. Dob\u00f3 Nagy Csaba<\/td>\n<\/tr>\n<tr>\n<td style=\"width: 61.3806%;\" width=\"150\">Fog\u00e1szati imlant\u00e1tumok hossz\u00fat\u00e1v\u00fa sz\u00f6vetstabilit\u00e1s\u00e1nak vizsg\u00e1lata<\/td>\n<td style=\"width: 61.8724%;\" width=\"265\">Dr. Trimmel B\u00e1lint<\/td>\n<\/tr>\n<tr>\n<td style=\"width: 61.3806%;\" width=\"150\">Dentogen sinusitisek diagnosztik\u00e1ja \u00e9s kezel\u00e9si lehet\u0151s\u00e9gei<\/td>\n<td style=\"width: 61.8724%;\" width=\"265\">Dr. Simonffy L\u00e1szl\u00f3\u00a0<\/td>\n<\/tr>\n<tr>\n<td style=\"width: 61.3806%;\" width=\"150\">Gy\u00f6k\u00e9rcsatorna vizualiz\u00e1ci\u00f3ja CBCT felv\u00e9teleken<\/td>\n<td style=\"width: 61.8724%;\" width=\"265\">Dr. Szab\u00f3 Bence Tam\u00e1s<\/td>\n<\/tr>\n<tr>\n<td style=\"width: 61.3806%;\" width=\"150\">Mikrobi\u00e1lis \u00e1gensek szerepe a sz\u00e1j\u00fcregi karcinogenezisben<\/td>\n<td style=\"width: 61.8724%;\" width=\"265\">Dr. Mensch K\u00e1roly egyetemi tan\u00e1rseg\u00e9d<\/td>\n<\/tr>\n<tr>\n<td style=\"width: 61.3806%;\" width=\"150\">A temporomandibularis\u00a0 \u00edz\u00fcleti k\u00e9palkot\u00e1s\u00a0 \u00e9s\u00a0 a kefalometriai vizsg\u00e1latok\u00a0 elemz\u00e9se modern k\u00e9palkot\u00f3 eszk\u00f6z\u00f6k seg\u00edts\u00e9g\u00e9vel<\/td>\n<td style=\"width: 61.8724%;\">Dr. Dobai Adrienn<\/td>\n<\/tr>\n<tr>\n<td style=\"width: 61.3806%;\" width=\"150\">A fog\u00e1szati implant\u00e1tumokkal ell\u00e1tott fogcs\u00edrahi\u00e1nyos esetek k\u00f6vet\u00e9se az Or\u00e1lis Diagnosztika Tansz\u00e9k Dento-alveol\u00e1ris seb\u00e9szeti Oszt\u00e1ly\u00e1n 2007-t\u0151l napjainkig<\/td>\n<td style=\"width: 61.8724%;\" width=\"265\">Dr. Gyulai-Ga\u00e1l Szabolcs \u00e9s Dr. Trimmel B\u00e1lint\u00a0\u00a0<\/td>\n<\/tr>\n<tr>\n<td style=\"width: 61.3806%;\">Gy\u00f3gyszer okozta \u00e1llcsontnekr\u00f3zisb\u00f3l\u00a0(MRONJ) izol\u00e1lt bakt\u00e9riumt\u00f6rzsek meghat\u00e1roz\u00e1sa 23 S RNS m\u00f3dszer seg\u00edts\u00e9g\u00e9vel<\/td>\n<td style=\"width: 61.8724%;\">Dr. Br\u00f3dy Andrea<\/td>\n<\/tr>\n<\/tbody>\n<\/table>\n","protected":false},"excerpt":{"rendered":"<p>Az Or\u00e1lis Diagnosztikai Tansz\u00e9k TDK munkac\u00edmei \u00e9s t\u00e9mavezet\u0151i\u00a0 TDK-munka c\u00edme T\u00e9mavezet\u0151 neve (fokozattal) Mesters\u00e9ges intelligencia megb\u00edzhat\u00f3s\u00e1g\u00e1nak vizsg\u00e1lata a fog\u00e1szati radiol\u00f3gi\u00e1ban Dr. Szab\u00f3 Bence egyetemi adjunktus Transzlaci\u00f3s ortodonciai kutat\u00e1sok Dr. Gresz Veronika Mell\u00e9kleletek vizsg\u00e1lata a CBCT felv\u00e9teleken \u00daJ!!! Dr. Szab\u00f3 Bence Tam\u00e1s Alveolusprezerv\u00e1ci\u00f3 lehet\u0151s\u00e9gei a dento &#8211; alveolaris seb\u00e9szetben Dr. Simonffy L\u00e1szl\u00f3, klinikai szakorvos Implant\u00e1tum k\u00f6r\u00fcli &hellip;<\/p>\n","protected":false},"author":158,"featured_media":0,"parent":10058,"menu_order":0,"comment_status":"closed","ping_status":"closed","template":"","meta":{"_acf_changed":false,"footnotes":""},"categories":[],"tags":[],"class_list":["post-3463","page","type-page","status-publish","hentry"],"acf":[],"publishpress_future_action":{"enabled":false,"date":"1970-01-01 01:00:00","action":"","terms":[],"taxonomy":"","browser_timezone_offset":0},"_links":{"self":[{"href":"https:\/\/semmelweis.hu\/tdk\/wp-json\/wp\/v2\/pages\/3463","targetHints":{"allow":["GET"]}}],"collection":[{"href":"https:\/\/semmelweis.hu\/tdk\/wp-json\/wp\/v2\/pages"}],"about":[{"href":"https:\/\/semmelweis.hu\/tdk\/wp-json\/wp\/v2\/types\/page"}],"author":[{"embeddable":true,"href":"https:\/\/semmelweis.hu\/tdk\/wp-json\/wp\/v2\/users\/158"}],"replies":[{"embeddable":true,"href":"https:\/\/semmelweis.hu\/tdk\/wp-json\/wp\/v2\/comments?post=3463"}],"version-history":[{"count":10,"href":"https:\/\/semmelweis.hu\/tdk\/wp-json\/wp\/v2\/pages\/3463\/revisions"}],"predecessor-version":[{"id":10030,"href":"https:\/\/semmelweis.hu\/tdk\/wp-json\/wp\/v2\/pages\/3463\/revisions\/10030"}],"up":[{"embeddable":true,"href":"https:\/\/semmelweis.hu\/tdk\/wp-json\/wp\/v2\/pages\/10058"}],"wp:attachment":[{"href":"https:\/\/semmelweis.hu\/tdk\/wp-json\/wp\/v2\/media?parent=3463"}],"wp:term":[{"taxonomy":"category","embeddable":true,"href":"https:\/\/semmelweis.hu\/tdk\/wp-json\/wp\/v2\/categories?post=3463"},{"taxonomy":"post_tag","embeddable":true,"href":"https:\/\/semmelweis.hu\/tdk\/wp-json\/wp\/v2\/tags?post=3463"}],"curies":[{"name":"wp","href":"https:\/\/api.w.org\/{rel}","templated":true}]}}