{"id":3448,"date":"2019-04-01T11:37:45","date_gmt":"2019-04-01T09:37:45","guid":{"rendered":"http:\/\/semmelweis.hu\/tdk\/?page_id=3448"},"modified":"2024-05-08T14:58:48","modified_gmt":"2024-05-08T12:58:48","slug":"digitalis-egeszsegtudomanyi-intezet","status":"publish","type":"page","link":"https:\/\/semmelweis.hu\/tdk\/tdk-temak-es-temavezetok\/ekk\/digitalis-egeszsegtudomanyi-intezet\/","title":{"rendered":"Digit\u00e1lis Eg\u00e9szs\u00e9gtudom\u00e1nyi Int\u00e9zet"},"content":{"rendered":"<h2 style=\"text-align: left;\"><span class=\"pink\">A Digit\u00e1lis Eg\u00e9szs\u00e9gtudom\u00e1nyi Int\u00e9zet TDK munkac\u00edmei \u00e9s t\u00e9mavezet\u0151i\u00a0<\/span><\/h2>\n<table style=\"margin-left: auto; margin-right: auto; width: 88.1639%; height: 290px;\" border=\"0\" cellspacing=\"0\" cellpadding=\"0\">\n<colgroup>\n<col style=\"width: 191pt;\" width=\"255\" \/>\n<col style=\"width: 167pt;\" width=\"223\" \/> <\/colgroup>\n<tbody>\n<tr style=\"height: 15.0pt;\">\n<td class=\"xl25\" style=\"height: 15px; width: 52.4109%; text-align: center;\" width=\"255\" height=\"20\"><strong>TDK-munka c\u00edme<\/strong><\/td>\n<td class=\"xl25\" style=\"width: 80.1718%; text-align: center; height: 15px;\" width=\"223\"><strong>T\u00e9mavezet\u0151 neve (fokozattal)<\/strong><\/td>\n<\/tr>\n<tr style=\"height: 55px;\">\n<td style=\"width: 52.4109%; height: 55px; text-align: left;\" width=\"483\">N\u00e9peg\u00e9szs\u00e9g\u00fcgyi adatok statisztikai elemz\u00e9se\u00a0<\/td>\n<td style=\"width: 80.1718%; height: 55px;\" width=\"483\">\u00a0Dinya Elek (CSc)<\/td>\n<\/tr>\n<tr style=\"height: 55px;\">\n<td style=\"width: 52.4109%; height: 55px; text-align: left;\" width=\"483\">Optimaliz\u00e1l\u00e1si modellek alkalmaz\u00e1sa az eg\u00e9szs\u00e9g\u00fcgyben\u00a0<\/td>\n<td style=\"width: 80.1718%; height: 55px;\">\u00a0S\u00e1ndor Zolt\u00e1n<\/td>\n<\/tr>\n<tr style=\"height: 55px;\">\n<td style=\"width: 52.4109%; height: 55px; text-align: left;\" width=\"483\">Cs\u00edp\u0151t\u00f6r\u00e9st elszenvedett betegek ell\u00e1t\u00e1si jellemz\u0151inek vizsg\u00e1lata<\/td>\n<td style=\"width: 80.1718%; height: 55px;\">Surj\u00e1n Cec\u00edlia\u00a0<\/td>\n<\/tr>\n<tr style=\"height: 55px;\">\n<td style=\"width: 52.4109%; height: 55px; text-align: left;\" width=\"483\">K\u00f3rh\u00e1zi weboldalak tartalmi \u00e9s min\u0151s\u00e9gi elemz\u00e9se\u00a0<\/td>\n<td style=\"width: 80.1718%; height: 55px;\">\u00a0T\u00f3th Tam\u00e1s<\/td>\n<\/tr>\n<tr style=\"height: 55px;\">\n<td style=\"width: 52.4109%; height: 55px; text-align: left;\">A BNO \u00faj, 11. verzi\u00f3j\u00e1nak magyarorsz\u00e1gi bevezet\u00e9se\u00a0<\/td>\n<td style=\"width: 80.1718%; height: 55px;\">Surj\u00e1n Gy\u00f6rgy (PhD)<\/td>\n<\/tr>\n<tr>\n<td style=\"width: 52.4109%; text-align: left;\">Beteg\u00e9let\u00fat h\u00e1l\u00f3zatelm\u00e9leti megk\u00f6zel\u00edt\u00e9se<\/td>\n<td style=\"width: 80.1718%;\">Dr. T\u00f3th Zolt\u00e1n, dr. V\u00e1mosi P\u00e9ter, Dr. Tamus Zolt\u00e1n \u00c1d\u00e1m\u00a0<\/td>\n<\/tr>\n<\/tbody>\n<\/table>\n","protected":false},"excerpt":{"rendered":"<p>A Digit\u00e1lis Eg\u00e9szs\u00e9gtudom\u00e1nyi Int\u00e9zet TDK munkac\u00edmei \u00e9s t\u00e9mavezet\u0151i\u00a0 TDK-munka c\u00edme T\u00e9mavezet\u0151 neve (fokozattal) N\u00e9peg\u00e9szs\u00e9g\u00fcgyi adatok statisztikai elemz\u00e9se\u00a0 \u00a0Dinya Elek (CSc) Optimaliz\u00e1l\u00e1si modellek alkalmaz\u00e1sa az eg\u00e9szs\u00e9g\u00fcgyben\u00a0 \u00a0S\u00e1ndor Zolt\u00e1n Cs\u00edp\u0151t\u00f6r\u00e9st elszenvedett betegek ell\u00e1t\u00e1si jellemz\u0151inek vizsg\u00e1lata Surj\u00e1n Cec\u00edlia\u00a0 K\u00f3rh\u00e1zi weboldalak tartalmi \u00e9s min\u0151s\u00e9gi elemz\u00e9se\u00a0 \u00a0T\u00f3th Tam\u00e1s A BNO \u00faj, 11. verzi\u00f3j\u00e1nak magyarorsz\u00e1gi bevezet\u00e9se\u00a0 Surj\u00e1n Gy\u00f6rgy (PhD) Beteg\u00e9let\u00fat h\u00e1l\u00f3zatelm\u00e9leti &hellip;<\/p>\n","protected":false},"author":101596,"featured_media":0,"parent":10056,"menu_order":0,"comment_status":"closed","ping_status":"closed","template":"","meta":{"_acf_changed":false,"footnotes":""},"categories":[],"tags":[],"class_list":["post-3448","page","type-page","status-publish","hentry"],"acf":[],"publishpress_future_action":{"enabled":false,"date":"1970-01-01 01:00:00","action":"","terms":[],"taxonomy":"","browser_timezone_offset":0},"_links":{"self":[{"href":"https:\/\/semmelweis.hu\/tdk\/wp-json\/wp\/v2\/pages\/3448","targetHints":{"allow":["GET"]}}],"collection":[{"href":"https:\/\/semmelweis.hu\/tdk\/wp-json\/wp\/v2\/pages"}],"about":[{"href":"https:\/\/semmelweis.hu\/tdk\/wp-json\/wp\/v2\/types\/page"}],"author":[{"embeddable":true,"href":"https:\/\/semmelweis.hu\/tdk\/wp-json\/wp\/v2\/users\/101596"}],"replies":[{"embeddable":true,"href":"https:\/\/semmelweis.hu\/tdk\/wp-json\/wp\/v2\/comments?post=3448"}],"version-history":[{"count":8,"href":"https:\/\/semmelweis.hu\/tdk\/wp-json\/wp\/v2\/pages\/3448\/revisions"}],"predecessor-version":[{"id":10128,"href":"https:\/\/semmelweis.hu\/tdk\/wp-json\/wp\/v2\/pages\/3448\/revisions\/10128"}],"up":[{"embeddable":true,"href":"https:\/\/semmelweis.hu\/tdk\/wp-json\/wp\/v2\/pages\/10056"}],"wp:attachment":[{"href":"https:\/\/semmelweis.hu\/tdk\/wp-json\/wp\/v2\/media?parent=3448"}],"wp:term":[{"taxonomy":"category","embeddable":true,"href":"https:\/\/semmelweis.hu\/tdk\/wp-json\/wp\/v2\/categories?post=3448"},{"taxonomy":"post_tag","embeddable":true,"href":"https:\/\/semmelweis.hu\/tdk\/wp-json\/wp\/v2\/tags?post=3448"}],"curies":[{"name":"wp","href":"https:\/\/api.w.org\/{rel}","templated":true}]}}