{"id":3147,"date":"2017-05-04T16:25:00","date_gmt":"2017-05-04T14:25:00","guid":{"rendered":"http:\/\/semmelweis.hu\/tdk\/?page_id=3147"},"modified":"2024-06-18T12:57:07","modified_gmt":"2024-06-18T10:57:07","slug":"a-xxxiii-otdk-eredmenyei","status":"publish","type":"page","link":"https:\/\/semmelweis.hu\/tdk\/tudomanyos-diakkori-konferenciak\/orszagos-tdk-konferencia\/korabbi-otdk-konferenciak\/a-xxxiii-otdk-eredmenyei\/","title":{"rendered":"33. OTDK Konferencia (P\u00c9CS &#8211; 2017)"},"content":{"rendered":"<h3>A XXXIII. OTDK eredm\u00e9nyei<\/h3>\n<p><strong>2017. \u00e1prilis 18. \u00e9s 21. k\u00f6z\u00f6tt rendezt\u00e9k meg P\u00e9csett a XXXIII. OTDK-t. A Semmelweis Egyetem hallgat\u00f3i \u00f6sszesen 177 el\u0151ad\u00e1ssal neveztek, \u00e9s ism\u00e9t sz\u00e9p eredm\u00e9nyeket \u00e9rtek el.<\/strong><\/p>\n<p>Az\u00a0<strong>\u00c1OK<\/strong>-sok 140 el\u0151ad\u00e1ssal szerepeltek, ezek k\u00f6z\u00fcl 22 nyert 1. d\u00edjat, 26 2. d\u00edjat, egy 3. d\u00edjat \u00e9s 20 k\u00fcl\u00f6nd\u00edjat.<\/p>\n<p>Az\u00a0<strong>ETK<\/strong>-r\u00f3l 13 el\u0151ad\u00e1s \u00e9rkezett, melyb\u0151l kett\u0151 kapott 1. d\u00edjat, valamint egy-egy 2., 3. \u00e9s k\u00fcl\u00f6nd\u00edjat.<\/p>\n<p>A\u00a0<strong>FOK<\/strong>\u00a0hallgat\u00f3i 15 el\u0151ad\u00e1st tartottak, melyekkel egy 1. d\u00edjat, h\u00e1rom 2. d\u00edjat \u00e9s egy k\u00fcl\u00f6nd\u00edjat nyertek el.<\/p>\n<p>A\u00a0<strong>GYTK<\/strong>-r\u00f3l 9 el\u0151ad\u00e1st mutattak be, ezekb\u0151l egy 1. d\u00edjat, h\u00e1rom 2. d\u00edjat, kett\u0151 pedig k\u00fcl\u00f6nd\u00edjat \u00e9rdemelt ki.<\/p>\n<p>A r\u00e9szletes eredm\u00e9nyeket\u00a0<a href=\"https:\/\/semmelweis.hu\/tdk\/files\/2018\/03\/XXXIII.OTDK_eredmenyek.pdf\" target=\"_blank\" rel=\"noopener noreferrer\"><strong>itt<\/strong>\u00a0<\/a>olvashatj\u00e1k.<\/p>\n<p>&nbsp;<\/p>\n<p>A TDT sz\u00edvb\u0151l gratul\u00e1l a d\u00edjazottaknak, a r\u00e9sztvev\u0151knek \u00e9s t\u00e9mavezet\u0151iknek!<\/p>\n","protected":false},"excerpt":{"rendered":"<p>A XXXIII. OTDK eredm\u00e9nyei 2017. \u00e1prilis 18. \u00e9s 21. k\u00f6z\u00f6tt rendezt\u00e9k meg P\u00e9csett a XXXIII. OTDK-t. A Semmelweis Egyetem hallgat\u00f3i \u00f6sszesen 177 el\u0151ad\u00e1ssal neveztek, \u00e9s ism\u00e9t sz\u00e9p eredm\u00e9nyeket \u00e9rtek el. Az\u00a0\u00c1OK-sok 140 el\u0151ad\u00e1ssal szerepeltek, ezek k\u00f6z\u00fcl 22 nyert 1. d\u00edjat, 26 2. d\u00edjat, egy 3. d\u00edjat \u00e9s 20 k\u00fcl\u00f6nd\u00edjat. Az\u00a0ETK-r\u00f3l 13 el\u0151ad\u00e1s \u00e9rkezett, melyb\u0151l kett\u0151 &hellip;<\/p>\n","protected":false},"author":158,"featured_media":0,"parent":4181,"menu_order":0,"comment_status":"closed","ping_status":"closed","template":"","meta":{"_acf_changed":false,"footnotes":""},"categories":[],"tags":[],"class_list":["post-3147","page","type-page","status-publish","hentry"],"acf":[],"publishpress_future_action":{"enabled":false,"date":"1970-01-01 01:00:00","action":"","terms":[],"taxonomy":"","browser_timezone_offset":0},"_links":{"self":[{"href":"https:\/\/semmelweis.hu\/tdk\/wp-json\/wp\/v2\/pages\/3147","targetHints":{"allow":["GET"]}}],"collection":[{"href":"https:\/\/semmelweis.hu\/tdk\/wp-json\/wp\/v2\/pages"}],"about":[{"href":"https:\/\/semmelweis.hu\/tdk\/wp-json\/wp\/v2\/types\/page"}],"author":[{"embeddable":true,"href":"https:\/\/semmelweis.hu\/tdk\/wp-json\/wp\/v2\/users\/158"}],"replies":[{"embeddable":true,"href":"https:\/\/semmelweis.hu\/tdk\/wp-json\/wp\/v2\/comments?post=3147"}],"version-history":[{"count":5,"href":"https:\/\/semmelweis.hu\/tdk\/wp-json\/wp\/v2\/pages\/3147\/revisions"}],"predecessor-version":[{"id":10668,"href":"https:\/\/semmelweis.hu\/tdk\/wp-json\/wp\/v2\/pages\/3147\/revisions\/10668"}],"up":[{"embeddable":true,"href":"https:\/\/semmelweis.hu\/tdk\/wp-json\/wp\/v2\/pages\/4181"}],"wp:attachment":[{"href":"https:\/\/semmelweis.hu\/tdk\/wp-json\/wp\/v2\/media?parent=3147"}],"wp:term":[{"taxonomy":"category","embeddable":true,"href":"https:\/\/semmelweis.hu\/tdk\/wp-json\/wp\/v2\/categories?post=3147"},{"taxonomy":"post_tag","embeddable":true,"href":"https:\/\/semmelweis.hu\/tdk\/wp-json\/wp\/v2\/tags?post=3147"}],"curies":[{"name":"wp","href":"https:\/\/api.w.org\/{rel}","templated":true}]}}