{"id":3121,"date":"2018-03-08T14:57:12","date_gmt":"2018-03-08T13:57:12","guid":{"rendered":"http:\/\/semmelweis.hu\/tdk\/?page_id=3121"},"modified":"2024-05-09T08:51:38","modified_gmt":"2024-05-09T06:51:38","slug":"palyazat-magyarorszagi-nemzetkozi-konferencian-valo-reszvetelre","status":"publish","type":"page","link":"https:\/\/semmelweis.hu\/tdk\/palyazatok\/palyazat-magyarorszagi-nemzetkozi-konferencian-valo-reszvetelre\/","title":{"rendered":"P\u00e1ly\u00e1zat magyarorsz\u00e1gi nemzetk\u00f6zi konferenci\u00e1n val\u00f3 r\u00e9szv\u00e9telre"},"content":{"rendered":"<p>A Semmelweis Egyetem az <strong>EFOP-3.6.3-VEKOP-16-2017-00009<\/strong> azonos\u00edt\u00f3sz\u00e1m\u00fa projektt\u00e1mogat\u00e1s seg\u00edts\u00e9g\u00e9vel hozz\u00e1j\u00e1rul a TDK keretein bel\u00fcl kutat\u00f3munk\u00e1t v\u00e9gz\u0151 hallgat\u00f3k Magyarorsz\u00e1gon megrendez\u00e9sre ker\u00fcl\u0151 nemzetk\u00f6zi konferenci\u00e1n t\u00f6rt\u00e9n\u0151 r\u00e9szv\u00e9tel\u00e9hez, saj\u00e1t eredm\u00e9nyeik bemutat\u00e1s\u00e1hoz, \u00edgy t\u00e1mogatva a nyitott szeml\u00e9let\u0171, sz\u00e9les l\u00e1t\u00f3k\u00f6r\u0171 tudom\u00e1nyos di\u00e1kk\u00f6ri munka folyamat\u00e1t.<\/p>\n<p><strong>P\u00e1ly\u00e1zhatnak<\/strong>: a Semmelweis Egyetem azon TDK-hallgat\u00f3i, akik az adott kutat\u00f3helyen legal\u00e1bb 2 f\u00e9l\u00e9ven \u00e1t regisztr\u00e1lt TDK-sk\u00e9nt akt\u00edv kutat\u00f3munk\u00e1t v\u00e9geztek.<\/p>\n<p><strong>A t\u00e1mogat\u00e1s m\u00f3dja<\/strong>: Magyarorsz\u00e1gon megrendez\u00e9sre ker\u00fcl\u0151 nemzetk\u00f6zi konferencia-r\u00e9szv\u00e9tellel kapcsolatos regisztr\u00e1ci\u00f3s d\u00edj, \u00fatik\u00f6lts\u00e9g \u00e9s sz\u00e1ll\u00e1sk\u00f6lts\u00e9g megt\u00e9r\u00edt\u00e9se maximum brutt\u00f3 100.000 Ft \u00e9rt\u00e9kig.<\/p>\n<p><a href=\"https:\/\/semmelweis.hu\/tdk\/files\/2018\/03\/Utaz\u00e1si_p\u00e1ly\u00e1zat_TDK.pdf\" target=\"_blank\" rel=\"noopener noreferrer\">P\u00e1ly\u00e1zati ki\u00edr\u00e1s<\/a><br \/>\n<a href=\"https:\/\/semmelweis.hu\/tdk\/files\/2018\/03\/p\u00e1ly\u00e1zati-\u0171rlap_TDK.docx\">P\u00e1ly\u00e1zati \u0171rlap<\/a><\/p>\n","protected":false},"excerpt":{"rendered":"<p>A Semmelweis Egyetem az EFOP-3.6.3-VEKOP-16-2017-00009 azonos\u00edt\u00f3sz\u00e1m\u00fa projektt\u00e1mogat\u00e1s seg\u00edts\u00e9g\u00e9vel hozz\u00e1j\u00e1rul a TDK keretein bel\u00fcl kutat\u00f3munk\u00e1t v\u00e9gz\u0151 hallgat\u00f3k Magyarorsz\u00e1gon megrendez\u00e9sre ker\u00fcl\u0151 nemzetk\u00f6zi konferenci\u00e1n t\u00f6rt\u00e9n\u0151 r\u00e9szv\u00e9tel\u00e9hez, saj\u00e1t eredm\u00e9nyeik bemutat\u00e1s\u00e1hoz, \u00edgy t\u00e1mogatva a nyitott szeml\u00e9let\u0171, sz\u00e9les l\u00e1t\u00f3k\u00f6r\u0171 tudom\u00e1nyos di\u00e1kk\u00f6ri munka folyamat\u00e1t. P\u00e1ly\u00e1zhatnak: a Semmelweis Egyetem azon TDK-hallgat\u00f3i, akik az adott kutat\u00f3helyen legal\u00e1bb 2 f\u00e9l\u00e9ven \u00e1t regisztr\u00e1lt TDK-sk\u00e9nt akt\u00edv kutat\u00f3munk\u00e1t &hellip;<\/p>\n","protected":false},"author":158,"featured_media":0,"parent":1146,"menu_order":5,"comment_status":"closed","ping_status":"closed","template":"","meta":{"_acf_changed":false,"footnotes":""},"categories":[],"tags":[],"class_list":["post-3121","page","type-page","status-publish","hentry"],"acf":[],"publishpress_future_action":{"enabled":false,"date":"1970-01-01 01:00:00","action":"","terms":[],"taxonomy":"","browser_timezone_offset":0},"_links":{"self":[{"href":"https:\/\/semmelweis.hu\/tdk\/wp-json\/wp\/v2\/pages\/3121","targetHints":{"allow":["GET"]}}],"collection":[{"href":"https:\/\/semmelweis.hu\/tdk\/wp-json\/wp\/v2\/pages"}],"about":[{"href":"https:\/\/semmelweis.hu\/tdk\/wp-json\/wp\/v2\/types\/page"}],"author":[{"embeddable":true,"href":"https:\/\/semmelweis.hu\/tdk\/wp-json\/wp\/v2\/users\/158"}],"replies":[{"embeddable":true,"href":"https:\/\/semmelweis.hu\/tdk\/wp-json\/wp\/v2\/comments?post=3121"}],"version-history":[{"count":6,"href":"https:\/\/semmelweis.hu\/tdk\/wp-json\/wp\/v2\/pages\/3121\/revisions"}],"predecessor-version":[{"id":4707,"href":"https:\/\/semmelweis.hu\/tdk\/wp-json\/wp\/v2\/pages\/3121\/revisions\/4707"}],"up":[{"embeddable":true,"href":"https:\/\/semmelweis.hu\/tdk\/wp-json\/wp\/v2\/pages\/1146"}],"wp:attachment":[{"href":"https:\/\/semmelweis.hu\/tdk\/wp-json\/wp\/v2\/media?parent=3121"}],"wp:term":[{"taxonomy":"category","embeddable":true,"href":"https:\/\/semmelweis.hu\/tdk\/wp-json\/wp\/v2\/categories?post=3121"},{"taxonomy":"post_tag","embeddable":true,"href":"https:\/\/semmelweis.hu\/tdk\/wp-json\/wp\/v2\/tags?post=3121"}],"curies":[{"name":"wp","href":"https:\/\/api.w.org\/{rel}","templated":true}]}}