{"id":2763,"date":"2016-10-13T11:02:46","date_gmt":"2016-10-13T09:02:46","guid":{"rendered":"http:\/\/semmelweis.hu\/tdk\/?page_id=2763"},"modified":"2024-06-25T13:53:55","modified_gmt":"2024-06-25T11:53:55","slug":"tdk-konferencia-2014","status":"publish","type":"page","link":"https:\/\/semmelweis.hu\/tdk\/tudomanyos-diakkori-konferenciak\/eves-tdk-konferencia\/egyetemi-tdk-konferenciak-eves-bontasban\/tdk-konferencia-2014\/","title":{"rendered":"TDK Konferencia 2014"},"content":{"rendered":"<div class=\"box red_1\">\n<h1 class=\"color_header\">TDK Konferencia 2014<\/h1>\n<div class=\"color_content clearfix article auto-height\">\n<p>Semmelweis Egyetem Orvos-, Fogorvos- \u00e9s Gy\u00f3gyszer\u00e9sztudom\u00e1nyi Di\u00e1kk\u00f6ri Konferencia 2013\/2014.<\/p>\n<p><strong>Helysz\u00edn:<\/strong> Nagyv\u00e1rad t\u00e9ri Elm\u00e9leti T\u00f6mb<br \/>\n<strong>Id\u0151pont:<\/strong> 2014. \u00e1prilis 2-4.<br \/>\n<strong>Jelentkez\u00e9si hat\u00e1rid\u0151:<\/strong> 2014. janu\u00e1r 19. (vas\u00e1rnap) 24 \u00f3ra<\/p>\n<\/div>\n<\/div>\n<div id=\"content-grid\" class=\"clearfix\">\n<div class=\"first-column\">\n<div class=\"box red_2\">\n<h2 class=\"color_header\">A 2014. \u00e9vi TDK-konferencia d\u00edjazottjai<\/h2>\n<p>&nbsp;<\/p>\n<div class=\"color_content clearfix auto-height\">\n<p>A TDK konferencia sikeresen lezajlott. D\u00edjazott hallgat\u00f3ink n\u00e9vsora, el\u00e9rt eredm\u00e9nyeik az al\u00e1bbi linken \u00e9rhet\u0151k el.<\/p>\n<p><strong>Gratul\u00e1lunk nemcsak d\u00edjazott hallgat\u00f3inknak, hanem t\u00e9mavezet\u0151iknek is!<\/strong><\/p>\n<p><a href=\"https:\/\/semmelweis.hu\/tdk\/files\/2016\/10\/tdk_eredm\u00e9nyek_magyar_2014_ok_04_23.pdf\" target=\"_blank\" rel=\"noopener noreferrer\"><strong>A TDK konferencia 2014 d\u00edjazott hallgat\u00f3inak n\u00e9vsora (pdf)<\/strong><\/a><\/p>\n<\/div>\n<h2 class=\"color_content clearfix auto-height\"><span style=\"color: #313b40;font-family: Montserrat, sans-serif;font-size: 30px;font-weight: 600\">\u00c1ltal\u00e1nos inform\u00e1ci\u00f3k<\/span><\/h2>\n<\/div>\n<div class=\"box red_3\">\n<p>&nbsp;<\/p>\n<div class=\"color_content clearfix auto-height\">\n<p><strong>Helysz\u00edn:<\/strong> Nagyv\u00e1rad t\u00e9ri Elm\u00e9leti T\u00f6mb<br \/>\n<strong>Id\u0151pont:<\/strong> 2014. \u00e1prilis 2-4.<br \/>\n<strong>Jelentkez\u00e9si hat\u00e1rid\u0151:<\/strong> 2014. janu\u00e1r 17. (p\u00e9ntek) 24 \u00f3ra<\/p>\n<h3>A jelentkez\u00e9s m\u00f3dja<\/h3>\n<p>Az\u00a0<a href=\"https:\/\/semmelweis.hu\/tdk\/hu\/eves-tdk-konferencia\/tdk-konferencia-2014\/\">al\u00e1bbi oldalon<\/a> lehet regisztr\u00e1lni az elm\u00e9leti \u00e9s gyakorlati versenyre.<br \/>\nId\u00e9n el\u0151sz\u00f6r az elm\u00e9leti megm\u00e9rettet\u00e9sen t\u00fal lehet\u0151s\u00e9g van r\u00e9szt venni manu\u00e1lis versenyen is a k\u00f6vetkez\u0151 szakir\u00e1nyokban:<\/p>\n<ul>\n<li>Seb\u00e9szet<\/li>\n<li>Gy\u00f3gyszer\u00e9sztudom\u00e1ny<\/li>\n<li>Fog\u00e1szat<\/li>\n<\/ul>\n<p>Az el\u0151ad\u00f3knak \u00e9s a r\u00e9sztvev\u0151knek egyar\u00e1nt regisztr\u00e1lniuk sz\u00fcks\u00e9ges. A gyakorlati r\u00e9szv\u00e9telhez felt\u00e9tele, hogy a hallgat\u00f3 sz\u00f3beli el\u0151ad\u00e1ssal is szerepeljen a konferencia keretein bel\u00fcl.<\/p>\n<h3>A jelentkez\u00e9s felt\u00e9telei<\/h3>\n<ul>\n<li>a hallgat\u00f3 a Semmelweis Egyetem Tudom\u00e1nyos Di\u00e1kk\u00f6r\u00e9nek tagja, \u00e9s TDK-tags\u00e1g\u00e1t a kutat\u00f3hely a Tudom\u00e1nyos Di\u00e1kk\u00f6ri Tan\u00e1csnak bejelentette<\/li>\n<li>az els\u0151 szerz\u0151 az adott kutat\u00f3helyen legal\u00e1bb k\u00e9t szemeszteren \u00e1t folyamatosan regisztr\u00e1lt di\u00e1kk\u00f6r\u00f6s, kiv\u00e9ve az idegennyelvi, valamint az osztott k\u00e9pz\u00e9sben r\u00e9sztvev\u0151 hallgat\u00f3kat<\/li>\n<li>a bejelentett el\u0151ad\u00e1soknak legfeljebb k\u00e9t szerz\u0151je \u00e9s k\u00e9t t\u00e9mavezet\u0151je lehet<\/li>\n<li>egy hallgat\u00f3 ugyanarr\u00f3l a kutat\u00f3helyr\u0151l csak egy el\u0151ad\u00e1snak lehet els\u0151 szerz\u0151je<\/li>\n<li>PhD hallgat\u00f3 nem lehet szerz\u0151 vagy szerz\u0151t\u00e1rs a TDK-el\u0151ad\u00e1sban.<\/li>\n<\/ul>\n<h3>A konferencia nyelve<\/h3>\n<ul>\n<li>magyar<\/li>\n<li>angol<strong>*<\/strong><\/li>\n<li>n\u00e9met<strong>**.<\/strong><\/li>\n<\/ul>\n<p>\u00d6n\u00e1ll\u00f3 idegennyelvi szekci\u00f3kat megfelel\u0151 sz\u00e1m\u00fa el\u0151ad\u00e1s eset\u00e9n tudunk szervezni.<br \/>\n<strong>*<\/strong>T\u00f6bbek k\u00e9r\u00e9s\u00e9nek eleget t\u00e9ve magyar anyanyelv\u0171ek is adhatnak el\u0151 angolul a konferenci\u00e1n.<br \/>\n<strong>**<\/strong>Az OTDK hivatalos nyelvei a magyar \u00e9s az angol!<\/p>\n<p><strong>Az el\u0151ad\u00e1sok ideje 10 perc, amelyet 5 perc vita k\u00f6vet.<\/strong><br \/>\nA konferenci\u00e1n projektor haszn\u00e1lat\u00e1ra van lehet\u0151s\u00e9g.<\/p>\n<p>A be\u00e9rkezett \u00f6sszefoglal\u00f3k a TDT eln\u00f6k\u00e9nek vezet\u00e9se alatt \u00e1ll\u00f3 szakmai bizotts\u00e1g el\u0151zetes b\u00edr\u00e1lat\u00e1n esnek \u00e1t. Akik munk\u00e1j\u00e1t az \u00f6sszefoglal\u00f3ja alapj\u00e1n a szakmai bizotts\u00e1g bemutat\u00e1sra nem fogadta el, \u00e9rtes\u00edt\u00e9st k\u00fcld\u00fcnk.<\/p>\n<p>A konferenci\u00e1val kapcsolatos tov\u00e1bbi r\u00e9szleteket h\u00edreket az <a href=\"https:\/\/semmelweis.hu\/tdk\/hu\/eves-tdk-konferencia\/tdk-konferencia-2014\/\">TDK Konferencia 2014 aloldal<\/a> tudja megtekinteni<\/p>\n<p>K\u00e9rd\u00e9seikkel M\u00fcller M\u00f3nika TDK-koordin\u00e1torhoz fordulhatnak.<\/p>\n<\/div>\n<div class=\"color_content clearfix auto-height\"><span style=\"color: #313b40;font-family: Montserrat, sans-serif;font-size: 30px;font-weight: 600\">Gyakorlati verseny &#8211; seb\u00e9szet<\/span><\/div>\n<\/div>\n<div class=\"box red_4\">\n<h3>Task 1. &#8211; Peg transfer<\/h3>\n<p><strong>(laparoscopic training lab, in 1st Seminar room NET)<\/strong><\/p>\n<p>A series of 6 plastic rings are picked up in turn by a grasping forceps from a pegboard on the student&#8217;s left, transferred in space to a grasper in the right hand, then placed around a post on the corresponding right-sided pegboard.<\/p>\n<p>After all rings are transferred from the left to right, the process is reversed, requiring transfer from the right to left hand.<\/p>\n<p>Peg transfer will be scored for efficiency (time) and precision (penalty).<\/p>\n<h3>Task 2. &#8211; Laparoscopic Suturing Competition<\/h3>\n<p><strong>&#8222;George Berci&#8221; Surgical Training and Research Lab<\/strong><\/p>\n<ol>\n<li>Practice on fresh animal tissue<br \/>\ngastrointestinal anastomosis<\/li>\n<li>Suturing competition on the anesthetized pig: laparoscopic small bowel resection and suture with separated knots.<\/li>\n<\/ol>\n<p>Laparoscopic suturing will be scored for efficiency (time) and precision (penalty).<\/p>\n<div class=\"color_content clearfix auto-height\"><span style=\"color: #313b40;font-family: Montserrat, sans-serif;font-size: 30px;font-weight: 600\">Gyakorlati verseny &#8211; gy\u00f3gyszer\u00e9sztudom\u00e1ny<\/span><\/div>\n<\/div>\n<\/div>\n<div class=\"second-column\">\n<div class=\"box red_5\">\n<p>&nbsp;<\/p>\n<div class=\"color_content clearfix auto-height\">\n<p>A verseny sor\u00e1n a csapatoknak a gy\u00f3gyszer\u00e9sztudom\u00e1ny k\u00fcl\u00f6nb\u00f6z\u0151 ter\u00fcleteihez kapcsol\u00f3d\u00f3, gyakorlati jelleg\u0171 probl\u00e9m\u00e1kat kell majd megoldaniuk.<\/p>\n<p>Ebben az \u00e9vben, els\u0151 alkalommal, a Semmelweis Egyetem Nemzetk\u00f6zi Tudom\u00e1nyos Di\u00e1kk\u00f6ri Konferencia (Semmelweis International Students Conference) keret\u00e9ben, a Semmelweis Egyetem Tudom\u00e1nyos Di\u00e1kk\u00f6ri Tan\u00e1csa megrendezi a <strong>Kabay J\u00e1nos Gy\u00f3gyszer\u00e9szeti Gyakorlati Csapatversenyt<\/strong> (J\u00e1nos Kabay Pharmaceutical Practical Team Competition).<\/p>\n<p>A versenyre 3-5 tag\u00fa csapatok jelentkez\u00e9s\u00e9t v\u00e1rjuk. A jelentkez\u0151 csapatok tagjainak Semmelweis Egyetem Tudom\u00e1nyos Di\u00e1kk\u00f6ri Konferencia vagy a Semmelweis Egyetem Nemzetk\u00f6zi Tudom\u00e1nyos Di\u00e1kk\u00f6ri Konferencia regisztr\u00e1lt r\u00e9sztvev\u0151inek kell lennie. El\u0151ad\u00e1st tartaniuk nem k\u00f6telez\u0151, de a konferenci\u00e1(ko)n val\u00f3 r\u00e9szv\u00e9telre regisztr\u00e1lniuk kell. Tov\u00e1bb\u00e1, a csapattagok a Semmelweis Egyetem, vagy valamely, a konferenci\u00e1ra megh\u00edvott egyetem Tudom\u00e1nyos Di\u00e1kk\u00f6r\u00e9nek regisztr\u00e1lt tagjai kell, hogy legyenek.<\/p>\n<p>A verseny sor\u00e1n a csapatoknak a gy\u00f3gyszer\u00e9sztudom\u00e1ny k\u00fcl\u00f6nb\u00f6z\u0151 ter\u00fcleteihez kapcsol\u00f3d\u00f3, gyakorlati jelleg\u0171 probl\u00e9m\u00e1kat kell majd megoldaniuk. A feladatok a szerves- \u00e9s gy\u00f3gyszer\u00e9szi k\u00e9mia vagy anal\u00edzis, gy\u00f3gyszertechnol\u00f3gia, gy\u00f3gyszerhat\u00e1stan, farmakogn\u00f3zia \u00e9s gy\u00f3gyszer\u00fcgyi szervez\u00e9s ter\u00fclet\u00e9r\u0151l ker\u00fclhetnek ki. A versenyen val\u00f3 sikeres r\u00e9szv\u00e9telhez aj\u00e1nlott, hogy a csapatok a gy\u00f3gyszer\u00e9sztudom\u00e1ny k\u00fcl\u00f6nb\u00f6z\u0151 ter\u00fcletein megfelel\u0151 felk\u00e9sz\u00fclts\u00e9ggel rendelkez\u0151 tagokb\u00f3l \u00e1lljanak.<\/p>\n<p>A versenyre val\u00f3 jelentkez\u00e9s hat\u00e1rideje azonos a konferenci\u00e1ra az el\u0151ad\u00e1skivonatok bek\u00fcld\u00e9s\u00e9nek hat\u00e1ridej\u00e9vel. A jelentkez\u00e9st csapatonk\u00e9nt v\u00e1rjuk a <a href=\"mailto:semmelweis.tdk@gmail.com\">semmelweis.tdk@gmail.com<\/a> e-mail c\u00edmre, \u00e9s abban r\u00e9szletezni kell a csapattagok nev\u00e9t, oktat\u00e1si int\u00e9zm\u00e9ny\u00e9t \u00e9s annak az int\u00e9zetnek\/tansz\u00e9knek a nev\u00e9t, ahol TDK-munk\u00e1t folytatnak. A csapattagok egyenk\u00e9nti jelentkez\u00e9s\u00e9t nem javasolt. J\u00f3 verseng\u00e9st k\u00edv\u00e1nunk!<\/p>\n<p><span style=\"color: #313b40;font-family: Montserrat, sans-serif;font-size: 30px;font-weight: 600\">Gyakorlati verseny &#8211; Fog\u00e1szat<\/span><\/div>\n<\/div>\n<div class=\"box red_6\">\n<p>&nbsp;<\/p>\n<div class=\"color_content clearfix auto-height\">\n<p>A verseny sor\u00e1n a r\u00e9sztvev\u0151knek fog\u00e1szati gyakorlati esetet kell megoldaniuk. A verseny sor\u00e1n fels\u0151 egyes fog prepar\u00e1ci\u00f3ja \u00e9s kompozit direkt h\u00e9j restaur\u00e1ci\u00f3 k\u00e9sz\u00edt\u00e9se lesz a feladat.<\/p>\n<p>Ebben az \u00e9vben, els\u0151 alkalommal, a Semmelweis Egyetem Nemzetk\u00f6zi Tudom\u00e1nyos Di\u00e1kk\u00f6ri Konferencia (Semmelweis International Students Conference) keret\u00e9ben, Semmelweis Egyetem Tudom\u00e1nyos Di\u00e1kk\u00f6ri Tan\u00e1csa megrendezi az els\u0151 <strong>Fog\u00e1szati Gyakorlati Versenyt<\/strong> (Dental Hands on Competition).<\/p>\n<p>A k\u00fclf\u00f6ldi \u00e9s magyar hallgat\u00f3k jelentkez\u00e9s\u00e9t v\u00e1rjuk. A jelentkez\u0151knek a Semmelweis Egyetem Tudom\u00e1nyos Di\u00e1kk\u00f6ri Konferencia vagy a Semmelweis Egyetem Nemzetk\u00f6zi Tudom\u00e1nyos Di\u00e1kk\u00f6ri Konferencia regisztr\u00e1lt r\u00e9sztvev\u0151inek kell lennie. El\u0151ad\u00e1st tartaniuk nem k\u00f6telez\u0151, de a konferenci\u00e1(ko)n val\u00f3 r\u00e9szv\u00e9telre regisztr\u00e1lniuk kell. Tov\u00e1bb\u00e1, a csapattagok a Semmelweis Egyetem, vagy valamely, a konferenci\u00e1ra megh\u00edvott egyetem Tudom\u00e1nyos Di\u00e1kk\u00f6r\u00e9nek regisztr\u00e1lt tagjai kell, hogy legyenek. A verseny sor\u00e1n a r\u00e9sztvev\u0151knek fog\u00e1szati gyakorlati esetet kell megoldaniuk. A verseny sor\u00e1n fels\u0151 egyes fog prepar\u00e1ci\u00f3ja \u00e9s kompozit direkt h\u00e9j restaur\u00e1ci\u00f3 k\u00e9sz\u00edt\u00e9se lesz a feladat.<\/p>\n<p>A versenyre val\u00f3 jelentkez\u00e9s hat\u00e1rideje azonos a konferenci\u00e1ra az el\u0151ad\u00e1skivonatok bek\u00fcld\u00e9s\u00e9nek hat\u00e1ridej\u00e9vel. A jelentkez\u00e9seket a <a href=\"mailto:semmelweis.tdk@gmail.com\">semmelweis.tdk@gmail.com<\/a> e-mail c\u00edmre v\u00e1rjuk, \u00e9s abban r\u00e9szletezni kell a jelentkez\u0151 nev\u00e9t, oktat\u00e1si int\u00e9zm\u00e9ny\u00e9t \u00e9s annak az int\u00e9zetnek\/tansz\u00e9knek a nev\u00e9t, ahol TDK-munk\u00e1t folytat.<\/p>\n<p>J\u00f3 verseng\u00e9st k\u00edv\u00e1nunk!<\/p>\n<\/div>\n<\/div>\n<\/div>\n<\/div>\n","protected":false},"excerpt":{"rendered":"<p>TDK Konferencia 2014 Semmelweis Egyetem Orvos-, Fogorvos- \u00e9s Gy\u00f3gyszer\u00e9sztudom\u00e1nyi Di\u00e1kk\u00f6ri Konferencia 2013\/2014. Helysz\u00edn: Nagyv\u00e1rad t\u00e9ri Elm\u00e9leti T\u00f6mb Id\u0151pont: 2014. \u00e1prilis 2-4. Jelentkez\u00e9si hat\u00e1rid\u0151: 2014. janu\u00e1r 19. (vas\u00e1rnap) 24 \u00f3ra A 2014. \u00e9vi TDK-konferencia d\u00edjazottjai &nbsp; A TDK konferencia sikeresen lezajlott. D\u00edjazott hallgat\u00f3ink n\u00e9vsora, el\u00e9rt eredm\u00e9nyeik az al\u00e1bbi linken \u00e9rhet\u0151k el. Gratul\u00e1lunk nemcsak d\u00edjazott hallgat\u00f3inknak, hanem &hellip;<\/p>\n","protected":false},"author":363,"featured_media":0,"parent":4177,"menu_order":0,"comment_status":"closed","ping_status":"closed","template":"","meta":{"_acf_changed":false,"footnotes":""},"categories":[],"tags":[],"class_list":["post-2763","page","type-page","status-publish","hentry"],"acf":[],"publishpress_future_action":{"enabled":false,"date":"1970-01-01 01:00:00","action":"","terms":[],"taxonomy":"","browser_timezone_offset":0},"_links":{"self":[{"href":"https:\/\/semmelweis.hu\/tdk\/wp-json\/wp\/v2\/pages\/2763","targetHints":{"allow":["GET"]}}],"collection":[{"href":"https:\/\/semmelweis.hu\/tdk\/wp-json\/wp\/v2\/pages"}],"about":[{"href":"https:\/\/semmelweis.hu\/tdk\/wp-json\/wp\/v2\/types\/page"}],"author":[{"embeddable":true,"href":"https:\/\/semmelweis.hu\/tdk\/wp-json\/wp\/v2\/users\/363"}],"replies":[{"embeddable":true,"href":"https:\/\/semmelweis.hu\/tdk\/wp-json\/wp\/v2\/comments?post=2763"}],"version-history":[{"count":10,"href":"https:\/\/semmelweis.hu\/tdk\/wp-json\/wp\/v2\/pages\/2763\/revisions"}],"predecessor-version":[{"id":10846,"href":"https:\/\/semmelweis.hu\/tdk\/wp-json\/wp\/v2\/pages\/2763\/revisions\/10846"}],"up":[{"embeddable":true,"href":"https:\/\/semmelweis.hu\/tdk\/wp-json\/wp\/v2\/pages\/4177"}],"wp:attachment":[{"href":"https:\/\/semmelweis.hu\/tdk\/wp-json\/wp\/v2\/media?parent=2763"}],"wp:term":[{"taxonomy":"category","embeddable":true,"href":"https:\/\/semmelweis.hu\/tdk\/wp-json\/wp\/v2\/categories?post=2763"},{"taxonomy":"post_tag","embeddable":true,"href":"https:\/\/semmelweis.hu\/tdk\/wp-json\/wp\/v2\/tags?post=2763"}],"curies":[{"name":"wp","href":"https:\/\/api.w.org\/{rel}","templated":true}]}}