{"id":2741,"date":"2016-10-13T10:32:14","date_gmt":"2016-10-13T08:32:14","guid":{"rendered":"http:\/\/semmelweis.hu\/tdk\/?page_id=2741"},"modified":"2024-06-25T14:04:36","modified_gmt":"2024-06-25T12:04:36","slug":"tdk-konferencia-2015","status":"publish","type":"page","link":"https:\/\/semmelweis.hu\/tdk\/tudomanyos-diakkori-konferenciak\/eves-tdk-konferencia\/egyetemi-tdk-konferenciak-eves-bontasban\/tdk-konferencia-2015\/","title":{"rendered":"TDK Konferencia 2015"},"content":{"rendered":"<div class=\"box red_1\">\n<h3 class=\"color_header\">TDK Konferencia 2015<\/h3>\n<div class=\"color_content clearfix article auto-height\">\n<p>Semmelweis Egyetem Orvos-, Fogorvos- \u00e9s Gy\u00f3gyszer\u00e9sztudom\u00e1nyi Di\u00e1kk\u00f6ri Konferencia 2014\/2015.<\/p>\n<p><strong>Helysz\u00edn:<\/strong> Nagyv\u00e1rad t\u00e9ri Elm\u00e9leti T\u00f6mb<br \/>\n<strong>Id\u0151pont:<\/strong> 2015. febru\u00e1r 11-13.<br \/>\n<strong>Jelentkez\u00e9si hat\u00e1rid\u0151:<\/strong> 2014. december 3. (szerda) 24 \u00f3ra<\/p>\n<\/div>\n<\/div>\n<div id=\"content-grid\" class=\"clearfix\">\n<div class=\"first-column\">\n<div class=\"box red_2\">\n<h3 class=\"color_header\">Orvosk\u00e9pz\u00e9s foly\u00f3irat<\/h3>\n<p>&nbsp;<\/p>\n<div class=\"color_content clearfix auto-height\">\n<p><a href=\"https:\/\/semmelweis.hu\/tdk\/files\/2016\/10\/TDK2015-ORVOSKE\u0301PZE\u0301S.pdf\">Orvosk\u00e9pz\u00e9s foly\u00f3irat PDF<\/a><\/p>\n<\/div>\n<div class=\"color_content clearfix auto-height\"><span style=\"color: #313b40;font-family: Montserrat, sans-serif;font-size: 30px;font-weight: 600\">\u00c1ltal\u00e1nos inform\u00e1ci\u00f3k<\/span><\/div>\n<\/div>\n<div class=\"box red_3\">\n<div class=\"color_content clearfix auto-height\">\n<p><strong>Helysz\u00edn:<\/strong> Nagyv\u00e1rad t\u00e9ri Elm\u00e9leti T\u00f6mb<br \/>\n<strong>Id\u0151pont:<\/strong> 2015. febru\u00e1r 11-13.<br \/>\n<strong>Jelentkez\u00e9si hat\u00e1rid\u0151:<\/strong> 2014. december 3. (szerda) 24 \u00f3ra<\/p>\n<p><strong>A jelentkez\u00e9s m\u00f3dja<\/strong><\/p>\n<p>A tavalyi \u00e9vhez hasonl\u00f3an, az elm\u00e9leti megm\u00e9rettet\u00e9sen t\u00fal lehet\u0151s\u00e9g van r\u00e9szt venni manu\u00e1lis versenyen is a k\u00f6vetkez\u0151 szakir\u00e1nyokban:<\/p>\n<ul>\n<li>Seb\u00e9szet<\/li>\n<li>Gy\u00f3gyszer\u00e9sztudom\u00e1ny<\/li>\n<li>Fog\u00e1szat<\/li>\n<\/ul>\n<p>Az el\u0151ad\u00f3knak \u00e9s a r\u00e9sztvev\u0151knek egyar\u00e1nt regisztr\u00e1lniuk sz\u00fcks\u00e9ges. A gyakorlati r\u00e9szv\u00e9telhez felt\u00e9tele, hogy a hallgat\u00f3 sz\u00f3beli el\u0151ad\u00e1ssal is szerepeljen a konferencia keretein bel\u00fcl.<\/p>\n<p><strong><span class=\"red\">A jelentkez\u00e9s felt\u00e9telei<\/span><\/strong><\/p>\n<ul>\n<li>a hallgat\u00f3 a Semmelweis Egyetem Tudom\u00e1nyos Di\u00e1kk\u00f6r\u00e9nek tagja, \u00e9s TDK-tags\u00e1g\u00e1t a kutat\u00f3hely a Tudom\u00e1nyos Di\u00e1kk\u00f6ri Tan\u00e1csnak bejelentette<\/li>\n<li>az els\u0151 szerz\u0151 az adott kutat\u00f3helyen legal\u00e1bb k\u00e9t szemeszteren \u00e1t folyamatosan regisztr\u00e1lt di\u00e1kk\u00f6r\u00f6s, kiv\u00e9ve az idegennyelvi, valamint az osztott k\u00e9pz\u00e9sben r\u00e9sztvev\u0151 hallgat\u00f3kat<\/li>\n<li>a bejelentett el\u0151ad\u00e1soknak legfeljebb k\u00e9t szerz\u0151je \u00e9s k\u00e9t t\u00e9mavezet\u0151je lehet<\/li>\n<li>egy hallgat\u00f3 ugyanarr\u00f3l a kutat\u00f3helyr\u0151l csak egy el\u0151ad\u00e1snak lehet els\u0151 szerz\u0151je<\/li>\n<li>PhD hallgat\u00f3 nem lehet szerz\u0151 vagy szerz\u0151t\u00e1rs a TDK-el\u0151ad\u00e1sban.<\/li>\n<\/ul>\n<p><strong><span class=\"red\">A konferencia nyelve<\/span><\/strong><\/p>\n<ul>\n<li>magyar<\/li>\n<li>angol*<\/li>\n<li>n\u00e9met**.<\/li>\n<\/ul>\n<p>\u00d6n\u00e1ll\u00f3 idegennyelvi szekci\u00f3kat megfelel\u0151 sz\u00e1m\u00fa el\u0151ad\u00e1s eset\u00e9n tudunk szervezni.<\/p>\n<p><em>*T\u00f6bbek k\u00e9r\u00e9s\u00e9nek eleget t\u00e9ve magyar anyanyelv\u0171ek is adhatnak el\u0151 angolul a konferenci\u00e1n.<\/em><br \/>\n<em>**Az OTDK hivatalos nyelvei a magyar \u00e9s az angol!<\/em><\/p>\n<p>Az el\u0151ad\u00e1sok ideje 10 perc, amelyet 5 perc vita k\u00f6vet.<br \/>\nA konferenci\u00e1n projektor haszn\u00e1lat\u00e1ra van lehet\u0151s\u00e9g.<\/p>\n<p>A be\u00e9rkezett \u00f6sszefoglal\u00f3k a TDT eln\u00f6k\u00e9nek vezet\u00e9se alatt \u00e1ll\u00f3 szakmai bizotts\u00e1g el\u0151zetes b\u00edr\u00e1lat\u00e1n esnek \u00e1t. Akik munk\u00e1j\u00e1t az \u00f6sszefoglal\u00f3ja alapj\u00e1n a szakmai bizotts\u00e1g bemutat\u00e1sra nem fogadta el, \u00e9rtes\u00edt\u00e9st k\u00fcld\u00fcnk.<\/p>\n<p>A konferenci\u00e1val kapcsolatos tov\u00e1bbi r\u00e9szleteket h\u00edreket a <a href=\"https:\/\/semmelweis.hu\/tdk\/hu\/eves-tdk-konferencia\/\">TDK Konferencia<\/a> aloldalon tudja megtekinteni.<\/p>\n<p>K\u00e9rd\u00e9seikkel M\u00fcller M\u00f3nika TDK-koordin\u00e1torhoz fordulhatnak.<\/p>\n<\/div>\n<div class=\"color_content clearfix auto-height\"><span style=\"color: #313b40;font-family: Montserrat, sans-serif;font-size: 30px;font-weight: 600\">A 2015. \u00e9vi TDK Konferencia r\u00e9szletes programja<\/span><\/div>\n<\/div>\n<div class=\"box red_4\">\n<div class=\"color_content clearfix auto-height\">\n<p><strong>Frisstve: 2015.01.28<\/strong><\/p>\n<h3>Szekci\u00f3beoszt\u00e1s<\/h3>\n<p><em>(Az internetkapcsolatt\u00f3l f\u00fcgg\u0151en kis id\u0151be telhet a lapozgathat\u00f3 programf\u00fczet bet\u00f6lt\u0151d\u00e9se. A fel\u00fcletre kattintva teljes k\u00e9perny\u0151ben is megtekintheti a programot.)<br \/>\n<\/em><strong><br \/>\nLet\u00f6lt\u00e9shez kattintson az al\u00e1bbi linkekre:<em><br \/>\n<\/em><\/strong><a href=\"https:\/\/semmelweis.hu\/tdk\/files\/2016\/10\/tdk_konferencia_reszletes_program_web__2015_01_28.pdf\" target=\"_blank\" rel=\"noopener\">A szekci\u00f3beoszt\u00e1s let\u00f6lt\u00e9se (pdf)<\/a><a href=\"http:\/\/tdk.semmelweis.hu\/documents\/TDK_2015%20_szekciobeosztas_2015_01_22_web.pdf\" target=\"_blank\" rel=\"noopener\"><br \/>\n<\/a><a href=\"https:\/\/semmelweis.hu\/tdk\/files\/2016\/10\/international_students_conference_2015_01_28.pdf\" target=\"_blank\" rel=\"noopener\">A nemzetk\u00f6zi szekci\u00f3beoszt\u00e1s let\u00f6lt\u00e9se (pdf)<\/a><\/p>\n<h3>Nemzetk\u00f6zi szekci\u00f3 beoszt\u00e1s<\/h3>\n<p>&nbsp;<\/p>\n<\/div>\n<\/div>\n<\/div>\n<div class=\"second-column\">\n<div class=\"box red_5\">\n<h3 class=\"color_header\">Eredm\u00e9nyek a h\u00e1zi TDK konferenci\u00e1n<\/h3>\n<p>&nbsp;<\/p>\n<div class=\"color_content clearfix auto-height\">\n<p><a href=\"https:\/\/semmelweis.hu\/tdk\/files\/2016\/10\/TDK-2015-EREDM\u00c9NYHIRDET\u00c9S_Magyar.ppt-v01.ppt\">Eredm\u00e9nyek ppt-form\u00e1tumban ITT<\/a><\/p>\n<\/div>\n<div class=\"color_content clearfix auto-height\">\u00a0<\/div>\n<\/div>\n<div class=\"box red_6\">\n<h2 class=\"color_header\">Hallgat\u00f3k-Id\u0151pontok-Szekci\u00f3k a 2015. \u00e9vi TDK-konferenci\u00e1n<\/h2>\n<div class=\"color_content clearfix auto-height\">\n<p><strong>35 szekci\u00f3: 356 el\u0151ad\u00e1s<br \/>\n7 nemzetk\u00f6zi szekci\u00f3: 54 el\u0151ad\u00e1s<\/strong><\/p>\n<div class=\"box red_1\">\n<div class=\"color_content clearfix article auto-height\">\n<p><strong>Friss\u00edtve: 2015.01.28<a href=\"http:\/\/tdk.semmelweis.hu\/documents\/TDK_2015_szekciobeosztasok.pdf\" target=\"_blank\" rel=\"noopener\"><br \/>\n<\/a><\/strong><\/p>\n<h3>A 2015. \u00e9vi TDK-konferencia programja \/ Hallgat\u00f3i El\u0151ad\u00e1sok beoszt\u00e1sa<\/h3>\n<p><em>(Az internetkapcsolatt\u00f3l f\u00fcgg\u0151en kis id\u0151be telhet a lapozgathat\u00f3 programf\u00fczet bet\u00f6lt\u0151d\u00e9se. A fel\u00fcletre kattintva teljes k\u00e9perny\u0151ben is megtekintheti a programot.)<br \/>\n<\/em><strong><br \/>\nLet\u00f6lt\u00e9shez kattintson az al\u00e1bbi linkekre:<em><br \/>\n<\/em><\/strong><a href=\"https:\/\/semmelweis.hu\/tdk\/files\/2016\/10\/hallgatoi_beosztasok_tdk_konferencia_2015_01_28.pdf\" target=\"_blank\" rel=\"noopener\">A hallgat\u00f3i el\u0151ad\u00e1sok beoszt\u00e1s\u00e1nak let\u00f6lt\u00e9se (pdf)<\/a><a href=\"http:\/\/tdk.semmelweis.hu\/documents\/TDK_2015%20_szekciobeosztas_2015_01_22_web.pdf\" target=\"_blank\" rel=\"noopener\"><br \/>\n<\/a><\/p>\n<p>&nbsp;<\/p>\n<\/div>\n<\/div>\n<\/div>\n<h2 class=\"color_content clearfix auto-height\">Gyakorlati verseny<\/h2>\n<\/div>\n<div class=\"box red_6\">\n<p>&nbsp;<\/p>\n<div class=\"color_content clearfix auto-height\">\n<p>Semmelweis Egyetem Orvos-, Fogorvos- \u00e9s Gy\u00f3gyszer\u00e9sztudom\u00e1nyi Di\u00e1kk\u00f6ri Konferencia 2014\/2015.<\/p>\n<p><strong><em>Gyakorlati verseny a nemzetk\u00f6zi TDK konferencia keretein bel\u00fcl &#8211; 2015. febru\u00e1r 10 -13.<br \/>\n<\/em><\/strong><\/p>\n<p>Ebben az \u00e9vben m\u00e1r m\u00e1sodik alkalommal hirdet meg gyakorlati versenyt a Semmelweis Egyetem Tudom\u00e1nyos Di\u00e1kk\u00f6ri Tan\u00e1csa a Semmelweis Egyetem Nemzetk\u00f6zi Tudom\u00e1nyos Di\u00e1kk\u00f6ri Konferencia keret\u00e9ben.<\/p>\n<p>B\u00edztatjuk az egyetemi \u00e9s\/vagy a nemzetk\u00f6zi TDK konferenci\u00e1n regisztr\u00e1lt EL\u0150AD\u00d3 hallgat\u00f3kat, hogy fontolj\u00e1k meg r\u00e9szv\u00e9tel\u00fcket egy, a k\u00e9pz\u00e9si ter\u00fclet\u00fcknek megfelel\u0151 gyakorlati versenyen is az al\u00e1bbiak k\u00f6z\u00fcl:<\/p>\n<ul>\n<li>Seb\u00e9szeti Gyakorlati Verseny<\/li>\n<\/ul>\n<ol>\n<li>Kabay J\u00e1nos Gy\u00f3gyszer\u00e9szeti Gyakorlati Csapatverseny<\/li>\n<\/ol>\n<ul>\n<li>Fog\u00e1szati Gyakorlati Verseny<\/li>\n<\/ul>\n<p>A gyakorlati versenyek megszervez\u00e9s\u00e9vel az a c\u00e9lunk, hogy az elm\u00e9leti megm\u00e9rettet\u00e9s mellett a konferencia r\u00e9sztvev\u0151i gyakorlati tud\u00e1sukat is \u00f6sszem\u00e9rhess\u00e9k k\u00fclf\u00f6ldi koll\u00e9g\u00e1ikkal.<\/p>\n<p>A seb\u00e9szeti- \u00e9s fog\u00e1szati gyakorlati versenyen egy\u00e9ni r\u00e9sztvev\u0151k, m\u00edg a gy\u00f3gyszer\u00e9szeti versenyen 3 f\u0151s csapatok indul\u00e1s\u00e1ra van lehet\u0151s\u00e9g.<\/p>\n<p>A gyakorlati verseny akt\u00edv r\u00e9sztvev\u0151inek (ill. a r\u00e9sztvev\u0151 csapatok tagjainak) a Semmelweis Egyetem Tudom\u00e1nyos Di\u00e1kk\u00f6ri Konferencia vagy a Semmelweis Egyetem Nemzetk\u00f6zi Tudom\u00e1nyos Di\u00e1kk\u00f6ri Konferencia regisztr\u00e1lt EL\u0150AD\u00d3J\u00c1NAK kell lennie. A versenyz\u0151k (a csapattagok) tov\u00e1bb\u00e1 a Semmelweis Egyetem, vagy valamely, a konferenci\u00e1ra megh\u00edvott egyetem Tudom\u00e1nyos Di\u00e1kk\u00f6r\u00e9nek regisztr\u00e1lt tagjai kell, hogy legyenek.<\/p>\n<p>A versenyek r\u00e9szletesebb ismertet\u00e9se:<\/p>\n<ul>\n<li>Seb\u00e9szeti Gyakorlati Verseny<\/li>\n<li><a href=\"http:\/\/tdk.semmelweis.hu\/documents\/SEBESZET_HUN.docx\">Felh\u00edv\u00e1s a versenyre<\/a><\/li>\n<li>\u00a0<\/li>\n<\/ul>\n<ol>\n<li>Kabay J\u00e1nos Gy\u00f3gyszer\u00e9szeti Gyakorlati Verseny<\/li>\n<\/ol>\n<p>(2<sup>nd<\/sup> J\u00e1nos Kabay Pharmaceutical Practical Team Competition)<\/p>\n<p>A verseny a konferencia ideje alatt, el\u0151rel\u00e1that\u00f3an a konferencia cs\u00fct\u00f6rt\u00f6ki napj\u00e1n ker\u00fcl megrendez\u00e9sre, a gyakorlati feladatok a Gy\u00f3gyszer\u00e9sztudom\u00e1nyi Kar r\u00e9sztvev\u0151 Int\u00e9zeteinek laborat\u00f3riumaiban lesznek megtartva. A verseny pontos napj\u00e1r\u00f3l, a kezd\u00e9s idej\u00e9r\u0151l \u00e9s a tal\u00e1lkoz\u00f3 hely\u00e9r\u0151l a regisztr\u00e1lt versenyz\u0151ket e-mailben t\u00e1j\u00e9koztatjuk.<\/p>\n<p>A verseny sor\u00e1n a csapatoknak a gy\u00f3gyszer\u00e9sztudom\u00e1ny k\u00fcl\u00f6nb\u00f6z\u0151 ter\u00fcleteihez kapcsol\u00f3d\u00f3, gyakorlati jelleg\u0171 probl\u00e9m\u00e1kat kell majd megoldaniuk. Az el\u0151z\u0151 versenyhez hasonl\u00f3an, a csapatok ez alkalommal is a gy\u00f3gyszer\u00e9szi k\u00e9mia \u00e9s gy\u00f3gyszeranal\u00edzis, a gy\u00f3gyszertechnol\u00f3gia, valamint a gy\u00f3gyszerhat\u00e1stan ter\u00fcleteir\u0151l kapnak majd k\u00fcl\u00f6nb\u00f6z\u0151 feladatokat. A versenyen val\u00f3 sikeres r\u00e9szv\u00e9telhez aj\u00e1nlott, hogy a csapatok a gy\u00f3gyszer\u00e9sztudom\u00e1ny k\u00fcl\u00f6nb\u00f6z\u0151 ter\u00fcletein megfelel\u0151 felk\u00e9sz\u00fclts\u00e9ggel rendelkez\u0151 tagokb\u00f3l \u00e1lljanak.<\/p>\n<p>Regisztr\u00e1ci\u00f3: e-mailben a marattesz@gmail.com c\u00edmre. A regisztr\u00e1ci\u00f3nak tartalmaznia kell a csapat nev\u00e9t, a hallgat\u00f3 nev\u00e9t, egyetem\u00e9t, kar\u00e1t, \u00e9vfolyam\u00e1t, annak az Int\u00e9zetnek\/Tansz\u00e9knek\/Klinik\u00e1nak a nev\u00e9t, ahol TDK munk\u00e1j\u00e1t folytatja, valamint a t\u00e9mavezet\u0151 nev\u00e9t. A sikeres regisztr\u00e1ci\u00f3 felt\u00e9tele, hogy a hallgat\u00f3 el\u0151ad\u00e1st jelentsen be az egyetemi- vagy nemzetk\u00f6zi TDK konferenci\u00e1ra.<\/p>\n<ul>\n<li>Fogorvosi Gyakorlati Verseny<\/li>\n<\/ul>\n<p>A verseny sor\u00e1n a r\u00e9sztvev\u0151knek fogorvosi gyakorlati esetet kell megoldaniuk. A verseny sor\u00e1n fels\u0151 egyes fog prepar\u00e1ci\u00f3ja \u00e9s kompozit direkt h\u00e9j restaur\u00e1ci\u00f3 k\u00e9sz\u00edt\u00e9se lesz a feladat. Minden feladat el\u0151tt egy bemutat\u00f3 m\u0171t\u00e9t lesz megtartva a verseny standardiz\u00e1l\u00e1sa \u00e9rdek\u00e9ben.<\/p>\n<p><a href=\"https:\/\/semmelweis.hu\/tdk\/files\/2016\/10\/FOK-manualis-versenyre-valo-p\u00f3t-jelentkez\u00e9s-a-honlapra.docx\">Felh\u00edv\u00e1s a versenyre<\/a><\/p>\n<p><strong><em>J\u00f3 verseng\u00e9st k\u00edv\u00e1nunk!<\/em><\/strong><\/p>\n<p>Budapest, 2014. december 05.\u00a0\u00a0\u00a0\u00a0\u00a0\u00a0\u00a0\u00a0\u00a0\u00a0\u00a0\u00a0\u00a0\u00a0\u00a0\u00a0\u00a0\u00a0\u00a0\u00a0\u00a0\u00a0\u00a0\u00a0\u00a0\u00a0\u00a0\u00a0\u00a0\u00a0\u00a0\u00a0\u00a0\u00a0\u00a0\u00a0\u00a0\u00a0\u00a0\u00a0\u00a0\u00a0\u00a0\u00a0\u00a0\u00a0\u00a0\u00a0\u00a0\u00a0\u00a0\u00a0\u00a0\u00a0 A Semmelweis Egyetem Tudom\u00e1nyos Di\u00e1kk\u00f6ri Tan\u00e1csa<\/p>\n<\/div>\n<\/div>\n<\/div>\n<\/div>\n","protected":false},"excerpt":{"rendered":"<p>TDK Konferencia 2015 Semmelweis Egyetem Orvos-, Fogorvos- \u00e9s Gy\u00f3gyszer\u00e9sztudom\u00e1nyi Di\u00e1kk\u00f6ri Konferencia 2014\/2015. Helysz\u00edn: Nagyv\u00e1rad t\u00e9ri Elm\u00e9leti T\u00f6mb Id\u0151pont: 2015. febru\u00e1r 11-13. Jelentkez\u00e9si hat\u00e1rid\u0151: 2014. december 3. (szerda) 24 \u00f3ra Orvosk\u00e9pz\u00e9s foly\u00f3irat &nbsp; <a href=\"https:\/\/semmelweis.hu\/tdk\/files\/2016\/10\/TDK2015-ORVOSKE\u0301PZE\u0301S.pdf\">Orvosk\u00e9pz\u00e9s foly\u00f3irat PDF<\/a> \u00c1ltal\u00e1nos inform\u00e1ci\u00f3k Helysz\u00edn: Nagyv\u00e1rad t\u00e9ri Elm\u00e9leti T\u00f6mb Id\u0151pont: 2015. febru\u00e1r 11-13. Jelentkez\u00e9si hat\u00e1rid\u0151: 2014. december 3. (szerda) 24 \u00f3ra A jelentkez\u00e9s m\u00f3dja A &hellip;<\/p>\n","protected":false},"author":363,"featured_media":0,"parent":4177,"menu_order":0,"comment_status":"closed","ping_status":"closed","template":"","meta":{"_acf_changed":false,"footnotes":""},"categories":[],"tags":[],"class_list":["post-2741","page","type-page","status-publish","hentry"],"acf":[],"publishpress_future_action":{"enabled":false,"date":"1970-01-01 01:00:00","action":"","terms":[],"taxonomy":"","browser_timezone_offset":0},"_links":{"self":[{"href":"https:\/\/semmelweis.hu\/tdk\/wp-json\/wp\/v2\/pages\/2741","targetHints":{"allow":["GET"]}}],"collection":[{"href":"https:\/\/semmelweis.hu\/tdk\/wp-json\/wp\/v2\/pages"}],"about":[{"href":"https:\/\/semmelweis.hu\/tdk\/wp-json\/wp\/v2\/types\/page"}],"author":[{"embeddable":true,"href":"https:\/\/semmelweis.hu\/tdk\/wp-json\/wp\/v2\/users\/363"}],"replies":[{"embeddable":true,"href":"https:\/\/semmelweis.hu\/tdk\/wp-json\/wp\/v2\/comments?post=2741"}],"version-history":[{"count":10,"href":"https:\/\/semmelweis.hu\/tdk\/wp-json\/wp\/v2\/pages\/2741\/revisions"}],"predecessor-version":[{"id":10855,"href":"https:\/\/semmelweis.hu\/tdk\/wp-json\/wp\/v2\/pages\/2741\/revisions\/10855"}],"up":[{"embeddable":true,"href":"https:\/\/semmelweis.hu\/tdk\/wp-json\/wp\/v2\/pages\/4177"}],"wp:attachment":[{"href":"https:\/\/semmelweis.hu\/tdk\/wp-json\/wp\/v2\/media?parent=2741"}],"wp:term":[{"taxonomy":"category","embeddable":true,"href":"https:\/\/semmelweis.hu\/tdk\/wp-json\/wp\/v2\/categories?post=2741"},{"taxonomy":"post_tag","embeddable":true,"href":"https:\/\/semmelweis.hu\/tdk\/wp-json\/wp\/v2\/tags?post=2741"}],"curies":[{"name":"wp","href":"https:\/\/api.w.org\/{rel}","templated":true}]}}