{"id":2713,"date":"2016-10-12T14:31:28","date_gmt":"2016-10-12T12:31:28","guid":{"rendered":"http:\/\/semmelweis.hu\/tdk\/?page_id=2713"},"modified":"2019-04-04T12:07:45","modified_gmt":"2019-04-04T10:07:45","slug":"kutatasi-lehetoseg-a-varosmajori-sziv-es-ergyogyaszati-klinikan","status":"publish","type":"page","link":"https:\/\/semmelweis.hu\/tdk\/rolunk\/tdk-borze\/kutatasi-lehetoseg-a-varosmajori-sziv-es-ergyogyaszati-klinikan\/","title":{"rendered":"Kutat\u00e1si lehet\u0151s\u00e9g a V\u00e1rosmajori Sz\u00edv- \u00e9s \u00c9rgy\u00f3gy\u00e1szati Klinik\u00e1n"},"content":{"rendered":"<div class=\"color_content clearfix article auto-height\">\n<h3>TDK munka a VSz\u00c9K Sejtbiol\u00f3giai laborat\u00f3rium\u00e1ban<\/h3>\n<p><strong>Semmelweis Egyetem, \u00c1OK<\/strong><br \/>\n<strong>V\u00e1rosmajori Sz\u00edv- \u00e9s \u00c9rgy\u00f3gy\u00e1szati Klinika<\/strong><\/p>\n<p><strong>Kardiol\u00f3giai Tansz\u00e9k, Vascularis Neurol\u00f3giai Tansz\u00e9ki Csoport<\/strong><br \/>\n<strong>Sejtbiol\u00f3giai Laborat\u00f3rium<\/strong><\/p>\n<p>Kutat\u00e1saink sor\u00e1n a human agyi \u00e9s sz\u00edv eredet\u0171 endothelsejt teny\u00e9szetekben patol\u00f3gi\u00e1s \u00e9s ter\u00e1pi\u00e1s hat\u00e1sokat modellez\u00fcnk. Jelenleg a neurotrofikus n\u00f6veked\u00e9si faktorok termel\u0151d\u00e9s\u00e9vel foglalkozunk, illetve az \u00e1ltaluk kiv\u00e1ltott hat\u00e1sokat vizsg\u00e1ljuk.<\/p>\n<p>Munk\u00e1nk kapcsol\u00f3dik a klinika betegell\u00e1t\u00f3 tev\u00e9kenys\u00e9g\u00e9hez is. Akut koron\u00e1ria szindr\u00f3m\u00e1s betegek v\u00e9rmint\u00e1iban trombocita \u00e9s endothel aktiv\u00e1ci\u00f3ra jellemz\u0151 biok\u00e9miai marker molekul\u00e1kat vizsg\u00e1lunk. Ezen k\u00edv\u00fcl lehet\u0151s\u00e9g van ugyanenn\u00e9l a betegcsoportn\u00e1l a trombocita aggreg\u00e1ci\u00f3s ter\u00e1pia klinikai \u00e9s laborat\u00f3riumi adatainak feldolgoz\u00e1s\u00e1ra is.<\/p>\n<p>V\u00e1rjuk lelkes \u00e9s kitart\u00f3 hallgat\u00f3k jelentkez\u00e9s\u00e9t, akik sz\u00edvesen bekapcsol\u00f3dn\u00e1nak laborat\u00f3riumunk munk\u00e1j\u00e1ba. Bevezetj\u00fck \u0151ket a sejt izol\u00e1l\u00e1s \u00e9s teny\u00e9szt\u00e9s praktik\u00e1iba, a feh\u00e9rje- \u00e9s g\u00e9nexpresszi\u00f3s vizsg\u00e1latok rejtelmeibe.<\/p>\n<p>\u00c9rdekl\u0151d\u00e9s \u00e9s jelentkez\u00e9s:<\/p>\n<p><strong>dr.Skop\u00e1l Judit, PhD<\/strong><br \/>\ntudom\u00e1nyos munkat\u00e1rs<br \/>\nSemmelweis Egyetem, \u00c1OK<br \/>\nV\u00e1rosmajori Sz\u00edv- \u00e9s \u00c9rgy\u00f3gy\u00e1szati Klinika<br \/>\n1122 Budapest, Ga\u00e1l J\u00f3zsef u. 9-11.<br \/>\n<strong>tel:<\/strong>+36-20-6632649<br \/>\n<strong>e-mail:<\/strong> <a href=\"mailto:jskopal56@gmail.com\">jskopal56@gmail.com<\/a><\/p>\n<\/div>\n","protected":false},"excerpt":{"rendered":"<p>TDK munka a VSz\u00c9K Sejtbiol\u00f3giai laborat\u00f3rium\u00e1ban Semmelweis Egyetem, \u00c1OK V\u00e1rosmajori Sz\u00edv- \u00e9s \u00c9rgy\u00f3gy\u00e1szati Klinika Kardiol\u00f3giai Tansz\u00e9k, Vascularis Neurol\u00f3giai Tansz\u00e9ki Csoport Sejtbiol\u00f3giai Laborat\u00f3rium Kutat\u00e1saink sor\u00e1n a human agyi \u00e9s sz\u00edv eredet\u0171 endothelsejt teny\u00e9szetekben patol\u00f3gi\u00e1s \u00e9s ter\u00e1pi\u00e1s hat\u00e1sokat modellez\u00fcnk. Jelenleg a neurotrofikus n\u00f6veked\u00e9si faktorok termel\u0151d\u00e9s\u00e9vel foglalkozunk, illetve az \u00e1ltaluk kiv\u00e1ltott hat\u00e1sokat vizsg\u00e1ljuk. Munk\u00e1nk kapcsol\u00f3dik a klinika betegell\u00e1t\u00f3 &hellip;<\/p>\n","protected":false},"author":363,"featured_media":0,"parent":2694,"menu_order":10,"comment_status":"closed","ping_status":"closed","template":"","meta":{"_acf_changed":false,"footnotes":""},"categories":[],"tags":[],"class_list":["post-2713","page","type-page","status-publish","hentry"],"acf":[],"publishpress_future_action":{"enabled":false,"date":"1970-01-01 01:00:00","action":"","terms":[],"taxonomy":"","browser_timezone_offset":0},"_links":{"self":[{"href":"https:\/\/semmelweis.hu\/tdk\/wp-json\/wp\/v2\/pages\/2713","targetHints":{"allow":["GET"]}}],"collection":[{"href":"https:\/\/semmelweis.hu\/tdk\/wp-json\/wp\/v2\/pages"}],"about":[{"href":"https:\/\/semmelweis.hu\/tdk\/wp-json\/wp\/v2\/types\/page"}],"author":[{"embeddable":true,"href":"https:\/\/semmelweis.hu\/tdk\/wp-json\/wp\/v2\/users\/363"}],"replies":[{"embeddable":true,"href":"https:\/\/semmelweis.hu\/tdk\/wp-json\/wp\/v2\/comments?post=2713"}],"version-history":[{"count":1,"href":"https:\/\/semmelweis.hu\/tdk\/wp-json\/wp\/v2\/pages\/2713\/revisions"}],"predecessor-version":[{"id":2714,"href":"https:\/\/semmelweis.hu\/tdk\/wp-json\/wp\/v2\/pages\/2713\/revisions\/2714"}],"up":[{"embeddable":true,"href":"https:\/\/semmelweis.hu\/tdk\/wp-json\/wp\/v2\/pages\/2694"}],"wp:attachment":[{"href":"https:\/\/semmelweis.hu\/tdk\/wp-json\/wp\/v2\/media?parent=2713"}],"wp:term":[{"taxonomy":"category","embeddable":true,"href":"https:\/\/semmelweis.hu\/tdk\/wp-json\/wp\/v2\/categories?post=2713"},{"taxonomy":"post_tag","embeddable":true,"href":"https:\/\/semmelweis.hu\/tdk\/wp-json\/wp\/v2\/tags?post=2713"}],"curies":[{"name":"wp","href":"https:\/\/api.w.org\/{rel}","templated":true}]}}