{"id":1946,"date":"2016-10-10T14:14:30","date_gmt":"2016-10-10T12:14:30","guid":{"rendered":"http:\/\/semmelweis.hu\/tdk\/?page_id=1946"},"modified":"2024-07-03T08:55:49","modified_gmt":"2024-07-03T06:55:49","slug":"eves-tdk-konferencia","status":"publish","type":"page","link":"https:\/\/semmelweis.hu\/tdk\/tudomanyos-diakkori-konferenciak\/eves-tdk-konferencia\/","title":{"rendered":"Egyetemi TDK Konferencia (SE TDK)"},"content":{"rendered":"<div class=\"keretes w-100\">\n<p><a href=\"https:\/\/semmelweis.hu\/tdk\/files\/2024\/06\/RS188825_GV5A2185-scr.jpg\"><img loading=\"lazy\" decoding=\"async\" class=\"alignright size-medium wp-image-10586\" src=\"https:\/\/semmelweis.hu\/tdk\/files\/2024\/06\/RS188825_GV5A2185-scr-400x267.jpg\" alt=\"\" width=\"400\" height=\"267\" srcset=\"https:\/\/semmelweis.hu\/tdk\/files\/2024\/06\/RS188825_GV5A2185-scr-400x267.jpg 400w, https:\/\/semmelweis.hu\/tdk\/files\/2024\/06\/RS188825_GV5A2185-scr-1024x683.jpg 1024w, https:\/\/semmelweis.hu\/tdk\/files\/2024\/06\/RS188825_GV5A2185-scr-768x512.jpg 768w, https:\/\/semmelweis.hu\/tdk\/files\/2024\/06\/RS188825_GV5A2185-scr-753x502.jpg 753w, https:\/\/semmelweis.hu\/tdk\/files\/2024\/06\/RS188825_GV5A2185-scr-203x135.jpg 203w, https:\/\/semmelweis.hu\/tdk\/files\/2024\/06\/RS188825_GV5A2185-scr.jpg 1200w\" sizes=\"auto, (max-width: 400px) 100vw, 400px\" \/><\/a>Az \u00e9vente megrendezett <strong>Tudom\u00e1nyos Di\u00e1kk\u00f6ri (TDK) Konferencia<\/strong> a Semmelweis Egyetemen nagy hagyom\u00e1nyokra tekint vissza. C\u00e9lja a kutat\u00e1s ir\u00e1nt \u00e9rdekl\u0151d\u0151 hallgat\u00f3k tudom\u00e1nyos \u00e9s szakmai p\u00e1lyafut\u00e1s\u00e1nak t\u00e1mogat\u00e1sa \u00e9s szakmai anyagaik prezent\u00e1l\u00e1s\u00e1nak biztos\u00edt\u00e1sa. A konferencia keret\u00e9ben a di\u00e1kk\u00f6r\u00f6s hallgat\u00f3k bemutatj\u00e1k a munk\u00e1juk sor\u00e1n el\u00e9rt eredm\u00e9nyeiket. A p\u00e1lyamunk\u00e1kat t\u00e9mavezet\u0151k seg\u00edts\u00e9g\u00e9vel \u00e1ll\u00edtj\u00e1k \u00f6ssze a hallgat\u00f3k \u00e9s a konferencia sor\u00e1n k\u00fcl\u00f6nb\u00f6z\u0151 szekci\u00f3kban prezent\u00e1lj\u00e1k szakmai zs\u0171ri el\u0151tt. A legjobbak az <a href=\"https:\/\/semmelweis.hu\/tdk\/tudomanyos-diakkori-konferenciak\/orszagos-tdk-konferencia\/\">Orsz\u00e1gos TDK Konferenci\u00e1n<\/a> is r\u00e9szt vehetnek.<\/p>\n<\/div>\n<style>\n           #page-grid .card-body > .line-clamp-box.excerpt{\n        width: inherit;\n        max-width: inherit;\n        display:flex;\n        min-height: 2.4em;\n        flex-direction: column;\n        justify-content: space-around;\n        background-color: #D6E4EA;\n        min-height: 3.4rem;\n        font-family: \"Montserrat\", sans-serif;\n    }\n\n    #page-grid a:hover .card-body > .line-clamp-box.excerpt {\n        background-color: #fff;\n        color: #313B40;\n    }\n\n    #page-grid .card-body .line-clamp-box.excerpt section{\n        max-width: inherit;\n        display: -webkit-box;\n        -webkit-line-clamp: 2;\n        -webkit-box-orient: vertical;\n        overflow: hidden;\n        text-overflow: ellipsis;\n        hyphens: auto;\n        margin: auto;\n        \n    }\n    .line-clamp-box.excerpt section, .line-clamp-box.excerpt section p{\n        font-size:0.8em;\n    }\n    \n<\/style>\n    <section id=\"page-grid\">\n        \n        <div class=\"row row-cols-1 row-cols-md-2 row-cols-lg-4 no-gutters mx-0 \">    <div class =\"col  mb-2 card-wrapper\">\n        <a class=\"d-flex flex-fill card-link-warapper m-md-1\" href=\"https:\/\/semmelweis.hu\/tdk\/tudomanyos-diakkori-konferenciak\/eves-tdk-konferencia\/aktualis\/\">\n            <div class=\"card border border-secondary se-border flex-fill\">\n                <div class=\"row no-gutters mx-0 d-flex flex-nowrap flex-md-wrap align-items-center\">\n                    <div class =\"  col-5 col-md-12  d-none  d-md-none d-md-none  bg-image  card-image justify-content-center\">\n                        <img class='wp-post-image img-fluid landscape' src='https:\/\/semmelweis.hu\/tdk\/wp-content\/themes\/se18\/dist\/images\/svg\/bg-image.svg' \/>\n                    <\/div>\n                    <div class=\"card-body  col flex-column  col-md-12 p-0\">\n                        <div class=\"line-clamp-box p-3\">\n                            <h5 class=\"ml-0 ml-sm-1 mt-2 align-items-center\"  >Aktu\u00e1lis TDK Konferencia<\/h5>\n                        <\/div>\n                        \n                    <\/div>\n                <\/div>\n\n            <\/div>\n        <\/a>\n    <\/div>    <div class =\"col  mb-2 card-wrapper\">\n        <a class=\"d-flex flex-fill card-link-warapper m-md-1\" href=\"https:\/\/semmelweis.hu\/tdk\/tudomanyos-diakkori-konferenciak\/eves-tdk-konferencia\/reszveteli-informaciok\/\">\n            <div class=\"card border border-secondary se-border flex-fill\">\n                <div class=\"row no-gutters mx-0 d-flex flex-nowrap flex-md-wrap align-items-center\">\n                    <div class =\"  col-5 col-md-12  d-none  d-md-none d-md-none  bg-image  card-image justify-content-center\">\n                        <img class='wp-post-image img-fluid landscape' src='https:\/\/semmelweis.hu\/tdk\/wp-content\/themes\/se18\/dist\/images\/svg\/bg-image.svg' \/>\n                    <\/div>\n                    <div class=\"card-body  col flex-column  col-md-12 p-0\">\n                        <div class=\"line-clamp-box p-3\">\n                            <h5 class=\"ml-0 ml-sm-1 mt-2 align-items-center\"  >R\u00e9szv\u00e9teli inform\u00e1ci\u00f3k<\/h5>\n                        <\/div>\n                        \n                    <\/div>\n                <\/div>\n\n            <\/div>\n        <\/a>\n    <\/div>    <div class =\"col  mb-2 card-wrapper\">\n        <a class=\"d-flex flex-fill card-link-warapper m-md-1\" href=\"https:\/\/semmelweis.hu\/tdk\/tudomanyos-diakkori-konferenciak\/eves-tdk-konferencia\/tanacsok-a-konferencia-eloadoinak\/\">\n            <div class=\"card border border-secondary se-border flex-fill\">\n                <div class=\"row no-gutters mx-0 d-flex flex-nowrap flex-md-wrap align-items-center\">\n                    <div class =\"  col-5 col-md-12  d-none  d-md-none d-md-none  bg-image  card-image justify-content-center\">\n                        <img class='wp-post-image img-fluid landscape' src='https:\/\/semmelweis.hu\/tdk\/wp-content\/themes\/se18\/dist\/images\/svg\/bg-image.svg' \/>\n                    <\/div>\n                    <div class=\"card-body  col flex-column  col-md-12 p-0\">\n                        <div class=\"line-clamp-box p-3\">\n                            <h5 class=\"ml-0 ml-sm-1 mt-2 align-items-center\"  >Tan\u00e1csok a konferencia el\u0151ad\u00f3inak<\/h5>\n                        <\/div>\n                        \n                    <\/div>\n                <\/div>\n\n            <\/div>\n        <\/a>\n    <\/div>    <div class =\"col  mb-2 card-wrapper\">\n        <a class=\"d-flex flex-fill card-link-warapper m-md-1\" href=\"https:\/\/semmelweis.hu\/tdk\/tudomanyos-diakkori-konferenciak\/eves-tdk-konferencia\/egyetemi-tdk-konferenciak-eves-bontasban\/\">\n            <div class=\"card border border-secondary se-border flex-fill\">\n                <div class=\"row no-gutters mx-0 d-flex flex-nowrap flex-md-wrap align-items-center\">\n                    <div class =\"  col-5 col-md-12  d-none  d-md-none d-md-none  bg-image  card-image justify-content-center\">\n                        <img class='wp-post-image img-fluid landscape' src='https:\/\/semmelweis.hu\/tdk\/wp-content\/themes\/se18\/dist\/images\/svg\/bg-image.svg' \/>\n                    <\/div>\n                    <div class=\"card-body  col flex-column  col-md-12 p-0\">\n                        <div class=\"line-clamp-box p-3\">\n                            <h5 class=\"ml-0 ml-sm-1 mt-2 align-items-center\"  >Kor\u00e1bbi Egyetemi TDK konferenci\u00e1k<\/h5>\n                        <\/div>\n                        \n                    <\/div>\n                <\/div>\n\n            <\/div>\n        <\/a>\n    <\/div>        <\/div>\n    <\/section>\n    \r\n    <div id=\"import-title\">\r\n      \r\n      <div class=\"section-row row my-2 pr-0 ml-0 mb-3\">\r\n        <div class=\"col-12 col-md-auto section-title\">\r\n          <h2 style=\"margin-top: 0;\">Kapcsol\u00f3d\u00f3 h\u00edrek<\/h2>\r\n        <\/div>\r\n        <div class=\"col section-divider px-0 mx-2 event-mobil-hidden d-none d-md-block\"><\/div>\r\n        <div class=\"col col-md-auto section-link text-uppercase px-0 event-mobil-hidden d-none d-md-block mr-5\">\r\n                      <h5 class=\"m-0\" style=\"width: fit-content;\"><a href=\"https:\/\/semmelweis.hu\/hirek\/tag\/tdk-sorozat\/\" target=\"_blank\">\u00d6sszes cikk<\/a><\/h5>\r\n                  <\/div>\r\n      <\/div>\r\n        \r\n    <\/div>\r\n\r\n\r\n    <div class=\"import-posts row ml-0 mr-0\">\r\n      \r\n\r\n      \r\n\r\n        <article class=\"list-format post-136715 post type-post status-publish format-standard has-post-thumbnail hentry category-tudomany category-kiemelt tag-alhonlapokra tag-mki-alairas tag-tdk tag-tdk-sorozat\">\r\n          <div class=\"row mb-2 mx-0 p-2 mr-2 mr-lg-0\" style=\"border: 1px solid #DFE3E6;\">\r\n            \r\n            <div class=\"col px-normal px-lg-0\">\r\n              <div class=\"row w-100 mx-0\">\r\n                \r\n                  <div class=\"col-12 col-lg-4 pl-0 pr-1 pr-md-2\">\r\n                    <div class=\"img-container w-100 mt-2 mt-md-0 mb-2 mb-md-0 \">\r\n                      <img loading=\"lazy\" decoding=\"async\" width=\"400\" height=\"267\" src=\"https:\/\/semmelweis.hu\/hirek\/wp-content\/blogs.dir\/2\/files\/2024\/02\/RS188801_433A4760-scr-400x267.jpg\" class=\"attachment-medium size-medium wp-post-image\" alt=\"\" srcset=\"https:\/\/semmelweis.hu\/hirek\/wp-content\/blogs.dir\/2\/files\/2024\/02\/RS188801_433A4760-scr-400x267.jpg 400w, https:\/\/semmelweis.hu\/hirek\/wp-content\/blogs.dir\/2\/files\/2024\/02\/RS188801_433A4760-scr-900x600.jpg 900w, https:\/\/semmelweis.hu\/hirek\/wp-content\/blogs.dir\/2\/files\/2024\/02\/RS188801_433A4760-scr-768x512.jpg 768w, https:\/\/semmelweis.hu\/hirek\/wp-content\/blogs.dir\/2\/files\/2024\/02\/RS188801_433A4760-scr-753x502.jpg 753w, https:\/\/semmelweis.hu\/hirek\/wp-content\/blogs.dir\/2\/files\/2024\/02\/RS188801_433A4760-scr-203x135.jpg 203w, https:\/\/semmelweis.hu\/hirek\/wp-content\/blogs.dir\/2\/files\/2024\/02\/RS188801_433A4760-scr.jpg 1200w\" sizes=\"auto, (max-width: 400px) 100vw, 400px\" \/>                    <\/div>\r\n                  <\/div>\r\n\r\n                                <div class=\"entry-summary col-12 col-lg-8 px-0\">\r\n                  <div class=\"col-12 mb-2 px-0\">\r\n                    <h3 class=\"entry-title mb-1\"><a target=\"_blank\" href=\"https:\/\/semmelweis.hu\/hirek\/2024\/02\/12\/tdk-a-semmelweisen-a-gyogyitastol-a-tarsadalomtudomanyokig-dijaztak-a-legjobbakat\/\">TDK: a gy\u00f3gy\u00edt\u00e1st\u00f3l a t\u00e1rsadalom&shy;tudom\u00e1nyokig d\u00edjazt\u00e1k a legjobbakat<\/a><\/h3>\r\n                    <h6 class=\"entry-meta text-uppercase\">\r\n                      <time class=\"mr-3\" datetime=\"2024-02-12T05:00:30+00:00\">2024. febru\u00e1r 12.  h\u00e9tf\u0151 06:00<\/time>\r\n                    <\/h6>\r\n                  <\/div>\r\n                  <p>Az id\u00e9n 48 szekci\u00f3ban \u00e9rt\u00e9kelt\u00e9k az egyetem valamennyi kar\u00e1r\u00f3l \u00e9rkez\u0151, k\u00f6zel 400 el\u0151ad\u00e1st. <\/p>\n                <\/div>\r\n              <\/div>\r\n            <\/div>\r\n          <\/div>\r\n        <\/article>\r\n        <hr \/>\r\n      \r\n\r\n        <article class=\"list-format post-134305 post type-post status-publish format-standard has-post-thumbnail hentry category-tudomany category-kiemelt tag-alhonlapokra tag-mki-alairas tag-dijak-kituntetesek tag-otdk tag-tdk tag-tdk-sorozat\">\r\n          <div class=\"row mb-2 mx-0 p-2 mr-2 mr-lg-0\" style=\"border: 1px solid #DFE3E6;\">\r\n            \r\n            <div class=\"col px-normal px-lg-0\">\r\n              <div class=\"row w-100 mx-0\">\r\n                \r\n                  <div class=\"col-12 col-lg-4 pl-0 pr-1 pr-md-2\">\r\n                    <div class=\"img-container w-100 mt-2 mt-md-0 mb-2 mb-md-0 \">\r\n                      <img loading=\"lazy\" decoding=\"async\" width=\"400\" height=\"267\" src=\"https:\/\/semmelweis.hu\/hirek\/wp-content\/blogs.dir\/2\/files\/2023\/12\/OTDK_23_0081-400x267.jpg\" class=\"attachment-medium size-medium wp-post-image\" alt=\"\" srcset=\"https:\/\/semmelweis.hu\/hirek\/wp-content\/blogs.dir\/2\/files\/2023\/12\/OTDK_23_0081-400x267.jpg 400w, https:\/\/semmelweis.hu\/hirek\/wp-content\/blogs.dir\/2\/files\/2023\/12\/OTDK_23_0081-900x600.jpg 900w, https:\/\/semmelweis.hu\/hirek\/wp-content\/blogs.dir\/2\/files\/2023\/12\/OTDK_23_0081-768x512.jpg 768w, https:\/\/semmelweis.hu\/hirek\/wp-content\/blogs.dir\/2\/files\/2023\/12\/OTDK_23_0081-1536x1024.jpg 1536w, https:\/\/semmelweis.hu\/hirek\/wp-content\/blogs.dir\/2\/files\/2023\/12\/OTDK_23_0081-2048x1366.jpg 2048w, https:\/\/semmelweis.hu\/hirek\/wp-content\/blogs.dir\/2\/files\/2023\/12\/OTDK_23_0081-753x502.jpg 753w, https:\/\/semmelweis.hu\/hirek\/wp-content\/blogs.dir\/2\/files\/2023\/12\/OTDK_23_0081-203x135.jpg 203w\" sizes=\"auto, (max-width: 400px) 100vw, 400px\" \/>                    <\/div>\r\n                  <\/div>\r\n\r\n                                <div class=\"entry-summary col-12 col-lg-8 px-0\">\r\n                  <div class=\"col-12 mb-2 px-0\">\r\n                    <h3 class=\"entry-title mb-1\"><a target=\"_blank\" href=\"https:\/\/semmelweis.hu\/hirek\/2023\/12\/13\/kituntetesek-az-egyetem-tudomanyos-diakkori-temavezetoinek-es-kutatoinak\/\">Kit\u00fcntet\u00e9sek az egyetem tudom\u00e1nyos di\u00e1kk\u00f6ri t\u00e9mavezet\u0151inek \u00e9s kutat\u00f3inak<\/a><\/h3>\r\n                    <h6 class=\"entry-meta text-uppercase\">\r\n                      <time class=\"mr-3\" datetime=\"2023-12-13T13:13:29+00:00\">2023. december 13.  szerda 14:13<\/time>\r\n                    <\/h6>\r\n                  <\/div>\r\n                  <p>Pro Scientia \u00e9s mestertan\u00e1ri arany\u00e9rmet vehettek \u00e1t kiv\u00e1l\u00f3 munk\u00e1juk elismer\u00e9sek\u00e9nt.<\/p>\n                <\/div>\r\n              <\/div>\r\n            <\/div>\r\n          <\/div>\r\n        <\/article>\r\n        <hr \/>\r\n      \r\n\r\n        <article class=\"list-format post-124594 post type-post status-publish format-standard has-post-thumbnail hentry category-tudomany category-kiemelt tag-nemzetkozi-tdk tag-tdk-sorozat\">\r\n          <div class=\"row mb-2 mx-0 p-2 mr-2 mr-lg-0\" style=\"border: 1px solid #DFE3E6;\">\r\n            \r\n            <div class=\"col px-normal px-lg-0\">\r\n              <div class=\"row w-100 mx-0\">\r\n                \r\n                  <div class=\"col-12 col-lg-4 pl-0 pr-1 pr-md-2\">\r\n                    <div class=\"img-container w-100 mt-2 mt-md-0 mb-2 mb-md-0 \">\r\n                      <img loading=\"lazy\" decoding=\"async\" width=\"400\" height=\"267\" src=\"https:\/\/semmelweis.hu\/hirek\/wp-content\/blogs.dir\/2\/files\/2023\/02\/RS169013_3P1A1187-scr-400x267.jpg\" class=\"attachment-medium size-medium wp-post-image\" alt=\"\" srcset=\"https:\/\/semmelweis.hu\/hirek\/wp-content\/blogs.dir\/2\/files\/2023\/02\/RS169013_3P1A1187-scr-400x267.jpg 400w, https:\/\/semmelweis.hu\/hirek\/wp-content\/blogs.dir\/2\/files\/2023\/02\/RS169013_3P1A1187-scr-900x600.jpg 900w, https:\/\/semmelweis.hu\/hirek\/wp-content\/blogs.dir\/2\/files\/2023\/02\/RS169013_3P1A1187-scr-768x512.jpg 768w, https:\/\/semmelweis.hu\/hirek\/wp-content\/blogs.dir\/2\/files\/2023\/02\/RS169013_3P1A1187-scr-753x502.jpg 753w, https:\/\/semmelweis.hu\/hirek\/wp-content\/blogs.dir\/2\/files\/2023\/02\/RS169013_3P1A1187-scr-203x135.jpg 203w, https:\/\/semmelweis.hu\/hirek\/wp-content\/blogs.dir\/2\/files\/2023\/02\/RS169013_3P1A1187-scr.jpg 1200w\" sizes=\"auto, (max-width: 400px) 100vw, 400px\" \/>                    <\/div>\r\n                  <\/div>\r\n\r\n                                <div class=\"entry-summary col-12 col-lg-8 px-0\">\r\n                  <div class=\"col-12 mb-2 px-0\">\r\n                    <h3 class=\"entry-title mb-1\"><a target=\"_blank\" href=\"https:\/\/semmelweis.hu\/hirek\/2023\/02\/20\/tdk-a-legjobbak-kozt-is-a-legjobbak-versengtek\/\">TDK: A legjobbak k\u00f6zt is a legjobbak versengtek<\/a><\/h3>\r\n                    <h6 class=\"entry-meta text-uppercase\">\r\n                      <time class=\"mr-3\" datetime=\"2023-02-20T05:00:16+00:00\">2023. febru\u00e1r 20.  h\u00e9tf\u0151 06:00<\/time>\r\n                    <\/h6>\r\n                  <\/div>\r\n                  <p>Rekordsz\u00e1m\u00fa kutat\u00e1st mutattak be az idei Tudom\u00e1nyos Di\u00e1kk\u00f6ri Konferenci\u00e1n.<\/p>\n                <\/div>\r\n              <\/div>\r\n            <\/div>\r\n          <\/div>\r\n        <\/article>\r\n        <hr \/>\r\n      \r\n\r\n        <article class=\"list-format post-115379 post type-post status-publish format-standard has-post-thumbnail hentry category-hallgatok-oktatas tag-alhonlapokra tag-mki-alairas tag-tdk tag-tdk-sorozat\">\r\n          <div class=\"row mb-2 mx-0 p-2 mr-2 mr-lg-0\" style=\"border: 1px solid #DFE3E6;\">\r\n            \r\n            <div class=\"col px-normal px-lg-0\">\r\n              <div class=\"row w-100 mx-0\">\r\n                \r\n                  <div class=\"col-12 col-lg-4 pl-0 pr-1 pr-md-2\">\r\n                    <div class=\"img-container w-100 mt-2 mt-md-0 mb-2 mb-md-0 \">\r\n                      <img loading=\"lazy\" decoding=\"async\" width=\"400\" height=\"300\" src=\"https:\/\/semmelweis.hu\/hirek\/wp-content\/blogs.dir\/2\/files\/2022\/06\/MIT-1-400x300.jpg\" class=\"attachment-medium size-medium wp-post-image\" alt=\"\" srcset=\"https:\/\/semmelweis.hu\/hirek\/wp-content\/blogs.dir\/2\/files\/2022\/06\/MIT-1-400x300.jpg 400w, https:\/\/semmelweis.hu\/hirek\/wp-content\/blogs.dir\/2\/files\/2022\/06\/MIT-1-900x675.jpg 900w, https:\/\/semmelweis.hu\/hirek\/wp-content\/blogs.dir\/2\/files\/2022\/06\/MIT-1-768x576.jpg 768w, https:\/\/semmelweis.hu\/hirek\/wp-content\/blogs.dir\/2\/files\/2022\/06\/MIT-1-1536x1152.jpg 1536w, https:\/\/semmelweis.hu\/hirek\/wp-content\/blogs.dir\/2\/files\/2022\/06\/MIT-1-753x565.jpg 753w, https:\/\/semmelweis.hu\/hirek\/wp-content\/blogs.dir\/2\/files\/2022\/06\/MIT-1.jpg 2048w\" sizes=\"auto, (max-width: 400px) 100vw, 400px\" \/>                    <\/div>\r\n                  <\/div>\r\n\r\n                                <div class=\"entry-summary col-12 col-lg-8 px-0\">\r\n                  <div class=\"col-12 mb-2 px-0\">\r\n                    <h3 class=\"entry-title mb-1\"><a target=\"_blank\" href=\"https:\/\/semmelweis.hu\/hirek\/2022\/06\/02\/egyuttmukodes-az-egyetem-tudomanyos-diakkori-tanacsa-es-a-magyar-ifjusagi-talentumok-kozott\/\">Egy\u00fcttm\u0171k\u00f6d\u00e9s az egyetem Tudom\u00e1nyos Di\u00e1kk\u00f6ri Tan\u00e1csa \u00e9s a Magyar Ifj\u00fas\u00e1gi Talentumok k\u00f6z\u00f6tt<\/a><\/h3>\r\n                    <h6 class=\"entry-meta text-uppercase\">\r\n                      <time class=\"mr-3\" datetime=\"2022-06-02T12:25:32+00:00\">2022. j\u00fanius 2.  cs\u00fct\u00f6rt\u00f6k 14:25<\/time>\r\n                    <\/h6>\r\n                  <\/div>\r\n                  <p>K\u00f6zel 30 k\u00f6z\u00e9piskolai di\u00e1k ismerkedhetett meg az orvos- \u00e9s eg\u00e9szs\u00e9g\u00fcgyi k\u00e9pz\u00e9ssel, valamint a tudom\u00e1nyos munk\u00e1val.<\/p>\n                <\/div>\r\n              <\/div>\r\n            <\/div>\r\n          <\/div>\r\n        <\/article>\r\n        <hr \/>\r\n      \r\n\r\n        <article class=\"list-format post-112753 post type-post status-publish format-standard has-post-thumbnail hentry category-tudomany category-kiemelt tag-alhonlapokra tag-tdk tag-tdk-sorozat\">\r\n          <div class=\"row mb-2 mx-0 p-2 mr-2 mr-lg-0\" style=\"border: 1px solid #DFE3E6;\">\r\n            \r\n            <div class=\"col px-normal px-lg-0\">\r\n              <div class=\"row w-100 mx-0\">\r\n                \r\n                  <div class=\"col-12 col-lg-4 pl-0 pr-1 pr-md-2\">\r\n                    <div class=\"img-container w-100 mt-2 mt-md-0 mb-2 mb-md-0 \">\r\n                      <img loading=\"lazy\" decoding=\"async\" width=\"400\" height=\"267\" src=\"https:\/\/semmelweis.hu\/hirek\/wp-content\/blogs.dir\/2\/files\/2022\/03\/RS146637_C19A7846-scr-400x267.jpg\" class=\"attachment-medium size-medium wp-post-image\" alt=\"\" srcset=\"https:\/\/semmelweis.hu\/hirek\/wp-content\/blogs.dir\/2\/files\/2022\/03\/RS146637_C19A7846-scr-400x267.jpg 400w, https:\/\/semmelweis.hu\/hirek\/wp-content\/blogs.dir\/2\/files\/2022\/03\/RS146637_C19A7846-scr-900x600.jpg 900w, https:\/\/semmelweis.hu\/hirek\/wp-content\/blogs.dir\/2\/files\/2022\/03\/RS146637_C19A7846-scr-768x512.jpg 768w, https:\/\/semmelweis.hu\/hirek\/wp-content\/blogs.dir\/2\/files\/2022\/03\/RS146637_C19A7846-scr-753x502.jpg 753w, https:\/\/semmelweis.hu\/hirek\/wp-content\/blogs.dir\/2\/files\/2022\/03\/RS146637_C19A7846-scr-203x135.jpg 203w, https:\/\/semmelweis.hu\/hirek\/wp-content\/blogs.dir\/2\/files\/2022\/03\/RS146637_C19A7846-scr.jpg 1200w\" sizes=\"auto, (max-width: 400px) 100vw, 400px\" \/>                    <\/div>\r\n                  <\/div>\r\n\r\n                                <div class=\"entry-summary col-12 col-lg-8 px-0\">\r\n                  <div class=\"col-12 mb-2 px-0\">\r\n                    <h3 class=\"entry-title mb-1\"><a target=\"_blank\" href=\"https:\/\/semmelweis.hu\/hirek\/2022\/03\/23\/atadtak-a-tudomanyos-diakkor-dijait\/\">\u00c1tadt\u00e1k a Tudom\u00e1nyos Di\u00e1kk\u00f6r d\u00edjait<\/a><\/h3>\r\n                    <h6 class=\"entry-meta text-uppercase\">\r\n                      <time class=\"mr-3\" datetime=\"2022-03-23T05:00:11+00:00\">2022. m\u00e1rcius 23.  szerda 06:00<\/time>\r\n                    <\/h6>\r\n                  <\/div>\r\n                  <p>Ut\u00f3lag, \u00fcnnep\u00e9lyes keretek k\u00f6z\u00f6tt adt\u00e1k \u00e1t a Kiv\u00e1l\u00f3 Tudom\u00e1nyos Di\u00e1kk\u00f6ri Nevel\u0151, Kiv\u00e1l\u00f3 Tudom\u00e1nyos Di\u00e1kk\u00f6ri Hallgat\u00f3 \u00e9s Publik\u00e1ci\u00f3s d\u00edjakat.<\/p>\n                <\/div>\r\n              <\/div>\r\n            <\/div>\r\n          <\/div>\r\n        <\/article>\r\n        <hr \/>\r\n                  <div class=\"section-row row w-100 mt-2 mb-2\">\r\n        <div class=\"col-7 section-divider px-0 mx-2 d-md-none\"><\/div>\r\n          <div class=\"col-4 d-block d-md-none text-uppercase px-0 section-link ml-2\">\r\n            <h5 class=\"m-0\" style=\"width: fit-content;\"><a href=\"https:\/\/semmelweis.hu\/hirek\/tag\/\/\" target=\"_blank\"> \u00d6sszes cikk><\/a><\/h5>\r\n            \r\n        <\/div>\r\n      <\/div>\r\n\r\n    <\/div><!-- \/.import-posts -->\r\n\r\n\n","protected":false},"excerpt":{"rendered":"<p>A j\u00e1rv\u00e1ny\u00fcgyi helyzet miatt a Semmelweis Egyetem Tudom\u00e1nyos Di\u00e1kk\u00f6ri Konferenci\u00e1j\u00e1n nem volt lehet\u0151s\u00e9g szem\u00e9lyesen \u00e1tny\u00fajtani a d\u00edjakat, ez\u00e9rt ut\u00f3lag, \u00fcnnep\u00e9lyes keretek k\u00f6z\u00f6tt adt\u00e1k \u00e1t a Kiv\u00e1l\u00f3 Tudom\u00e1nyos Di\u00e1kk\u00f6ri Nevel\u0151, Kiv\u00e1l\u00f3 Tudom\u00e1nyos Di\u00e1kk\u00f6ri Hallgat\u00f3 \u00e9s Publik\u00e1ci\u00f3s d\u00edjat elnyer\u0151knek kit\u00fcntet\u0151 okleveleiket. <a href=\"https:\/\/semmelweis.hu\/hirek\/files\/2022\/03\/RS146641_C19A7877-scr.jpg\"><\/a> \u201eA vil\u00e1gj\u00e1rv\u00e1ny miatt az idei \u00e9vben is online rendezt\u00fck meg a Tudom\u00e1nyos Di\u00e1kk\u00f6ri Konferenci\u00e1nkat, amelyet ugyanakkor &hellip;<\/p>\n","protected":false},"author":363,"featured_media":0,"parent":4144,"menu_order":1,"comment_status":"closed","ping_status":"closed","template":"template-fullwidth.php","meta":{"_acf_changed":false,"footnotes":""},"categories":[],"tags":[],"class_list":["post-1946","page","type-page","status-publish","hentry"],"acf":[],"publishpress_future_action":{"enabled":false,"date":"1970-01-01 01:00:00","action":"","terms":[],"taxonomy":"","browser_timezone_offset":0},"_links":{"self":[{"href":"https:\/\/semmelweis.hu\/tdk\/wp-json\/wp\/v2\/pages\/1946","targetHints":{"allow":["GET"]}}],"collection":[{"href":"https:\/\/semmelweis.hu\/tdk\/wp-json\/wp\/v2\/pages"}],"about":[{"href":"https:\/\/semmelweis.hu\/tdk\/wp-json\/wp\/v2\/types\/page"}],"author":[{"embeddable":true,"href":"https:\/\/semmelweis.hu\/tdk\/wp-json\/wp\/v2\/users\/363"}],"replies":[{"embeddable":true,"href":"https:\/\/semmelweis.hu\/tdk\/wp-json\/wp\/v2\/comments?post=1946"}],"version-history":[{"count":12,"href":"https:\/\/semmelweis.hu\/tdk\/wp-json\/wp\/v2\/pages\/1946\/revisions"}],"predecessor-version":[{"id":10929,"href":"https:\/\/semmelweis.hu\/tdk\/wp-json\/wp\/v2\/pages\/1946\/revisions\/10929"}],"up":[{"embeddable":true,"href":"https:\/\/semmelweis.hu\/tdk\/wp-json\/wp\/v2\/pages\/4144"}],"wp:attachment":[{"href":"https:\/\/semmelweis.hu\/tdk\/wp-json\/wp\/v2\/media?parent=1946"}],"wp:term":[{"taxonomy":"category","embeddable":true,"href":"https:\/\/semmelweis.hu\/tdk\/wp-json\/wp\/v2\/categories?post=1946"},{"taxonomy":"post_tag","embeddable":true,"href":"https:\/\/semmelweis.hu\/tdk\/wp-json\/wp\/v2\/tags?post=1946"}],"curies":[{"name":"wp","href":"https:\/\/api.w.org\/{rel}","templated":true}]}}