{"id":1907,"date":"2016-10-10T11:35:39","date_gmt":"2016-10-10T09:35:39","guid":{"rendered":"http:\/\/semmelweis.hu\/tdk\/?page_id=1907"},"modified":"2024-05-09T08:18:16","modified_gmt":"2024-05-09T06:18:16","slug":"palyazat-a-hmaa-fured2016-konferencia-regisztracios-dijanak-megteritesere","status":"publish","type":"page","link":"https:\/\/semmelweis.hu\/tdk\/palyazatok\/palyazat-a-hmaa-fured2016-konferencia-regisztracios-dijanak-megteritesere\/","title":{"rendered":"P\u00c1LY\u00c1ZAT A HMAA F\u00dcRED2016 KONFERENCIA REGISZTR\u00c1CI\u00d3S D\u00cdJ\u00c1NAK MEGT\u00c9R\u00cdT\u00c9S\u00c9RE"},"content":{"rendered":"<p>A Semmelweis Egyetem Tudom\u00e1nyos Di\u00e1kk\u00f6ri Tan\u00e1csa p\u00e1ly\u00e1zatot hirdet az Amerikai Magyar Orvossz\u00f6vets\u00e9g Magyar Tagozata (HMAA Hungary Chapter) \u00e1ltal szervezett 2016. \u00e9vi balatonf\u00fcredi multidiszciplin\u00e1ris konferenci\u00e1n val\u00f3 r\u00e9szv\u00e9teli d\u00edj megt\u00e9r\u00edt\u00e9s\u00e9re.<\/p>\n<p><strong>A konferencia 2016. augusztus 26-27-\u00e9n ker\u00fcl megrendez\u00e9sre<\/strong> a balatonf\u00fcredi \u00c1llami Sz\u00edvk\u00f3rh\u00e1zban.<br \/>\nKonferencia honlapja: <a href=\"http:\/\/hmaa.org\/meeting\/balatonfured\/\" target=\"_blank\" rel=\"noopener noreferrer\">http:\/\/hmaa.org\/meeting\/balatonfured\/<\/a><\/p>\n<p>P\u00e1ly\u00e1zatot adhatnak be a Semmelweis Egyetem b\u00e1rmely kar\u00e1n tanul\u00f3 magyar vagy k\u00fclf\u00f6ldi TDK-hallgat\u00f3, PhD hallgat\u00f3 \u00e9s rezidens.<\/p>\n<p><strong>A p\u00e1ly\u00e1zatok beny\u00fajt\u00e1si hat\u00e1rideje:<\/strong> 2016. \u00e1prilis 26.<\/p>\n<p><strong>A SE TDT p\u00e1ly\u00e1zat beny\u00fajt\u00e1s\u00e1hoz sz\u00fcks\u00e9ges dokumentumok:<\/strong><\/p>\n<ul>\n<li>Motiv\u00e1ci\u00f3s lev\u00e9l, amelyben a hallgat\u00f3 r\u00f6viden indokolja, hogy mi\u00e9rt szeretne t\u00e1mogat\u00e1st nyerni, taglalva a TDK \u00e9s az OTDK konferenci\u00e1kon el\u00e9rt eredm\u00e9nyeket<\/li>\n<li>Tudom\u00e1nyos \u00f6n\u00e9letrajz (max. 1 oldal)<\/li>\n<li>Publik\u00e1ci\u00f3k els\u0151 oldal\u00e1nak m\u00e1solata<\/li>\n<li>\u00cdr\u00e1sos aj\u00e1nl\u00f3lev\u00e9l (TDK vagy PhD hallgat\u00f3k eset\u00e9n a t\u00e9mavezet\u0151t\u0151l, rezidensek \u00e9s szakorvosok eset\u00e9n a k\u00f6zvetlen munkahelyi vezet\u0151t\u0151l)<\/li>\n<\/ul>\n<p><strong>A p\u00e1ly\u00e1zatok bead\u00e1s\u00e1nak m\u00f3dja:<\/strong> egy p\u00e9ld\u00e1nyban kinyomtatva \u00e9s al\u00e1\u00edrva a Semmelweis Egyetem, TDK Iroda, kedd-p\u00e9ntek: 9.30-13.30 \u00f3ra k\u00f6z\u00f6tt.<\/p>\n<p><strong>Absztrakt beny\u00fajt\u00e1si hat\u00e1rid\u0151 a konferenci\u00e1ra<\/strong> <a href=\"http:\/\/www.amosz.extra.hu\" target=\"_blank\" rel=\"noopener noreferrer\">http:\/\/hmaa.org\/meeting\/balatonfured\/<\/a> honlapon kereszt\u00fcl: 2016. \u00e1prilis 29.<\/p>\n<p><strong>A konferenci\u00e1r\u00f3l:<br \/>\n<\/strong>A konferenci\u00e1ra egyetemi hallgat\u00f3kat (orvostan, fogorvos, gy\u00f3gyszer\u00e9sz hallgat\u00f3kat), rezidenseket, PhD hallgat\u00f3kat \u00e9s szakorvosokat egyar\u00e1nt v\u00e1rnak.<\/p>\n<p>A konferenci\u00e1n a magyarorsz\u00e1gi orvostanhallgat\u00f3k megismerhetik a HMAA buffaloi hatod\u00e9ves cseregyakorlat\u00e1t \u00e9s a gyakorlaton j\u00e1rt hallgat\u00f3kat, \u00e9rdekes el\u0151ad\u00e1sokat hallhatnak volt \u00e9s jelenlegi \u00e9vfolyamt\u00e1rsaikt\u00f3l, illetve neves hazai \u00e9s k\u00fclf\u00f6ldi orvosokt\u00f3l, professzorokt\u00f3l.<\/p>\n<p>A multidiszciplin\u00e1ris tudom\u00e1nyos el\u0151ad\u00e1sokon k\u00edv\u00fcl sport- \u00e9s kultur\u00e1lis programok is sz\u00ednes\u00edtik a kongresszust. A r\u00e9sztvev\u0151k k\u00f6tetlen\u00fcl besz\u00e9lgethetnek a hazai \u00e9s az Amerik\u00e1ban dolgoz\u00f3 magyar orvoskoll\u00e9g\u00e1kkal egy bar\u00e1ti l\u00e9gk\u00f6r\u0171 konferencia keret\u00e9n bel\u00fcl.<\/p>\n<p><strong>A legjobb el\u0151ad\u00e1sokat a HMAA nagy \u00e9rt\u00e9k\u0171 d\u00edjjal jutalmazza:<\/strong><br \/>\nA konferencia f\u0151nyerem\u00e9nye (a b\u00edr\u00e1l\u00f3bizotts\u00e1g \u00e1ltal v\u00e9lem\u00e9nyezve) a legjobb angol nyelv\u0171 fiatal el\u0151ad\u00f3nak (1. helyezettnek):\u00a0 R\u00e9szv\u00e9tel a HMAA 2016. \u00e9vi sarasotai konferenci\u00e1j\u00e1n, ahol az els\u0151 helyezett a d\u00edjnyertes el\u0151ad\u00e1s\u00e1t megtartja. A f\u0151d\u00edjat a HMAA finansz\u00edrozza, melynek felt\u00e9tele a 2016. \u00e9vi balatonf\u00fcredi konferenci\u00e1n megtartott ANGOL nyelv\u0171 el\u0151ad\u00e1s. A legjobb magyar nyelv\u0171 el\u0151ad\u00e1sok\u00e9rt szint\u00e9n d\u00edj j\u00e1r.<\/p>\n<p><strong>El\u0151ad\u00e1s m\u00f3djai:<\/strong> Sz\u00f3beli prezent\u00e1ci\u00f3 (7 perc), hagyom\u00e1nyos poszter a b\u00edr\u00e1l\u00f3bizotts\u00e1g d\u00f6nt\u00e9se alapj\u00e1n.<br \/>\n<strong>El\u0151ad\u00e1s nyelvei:<\/strong> angol vagy magyar nyelven (v\u00e1laszthat\u00f3)<br \/>\n<strong>Helysz\u00edn:<\/strong> Balatonf\u00fcredi \u00c1llami Sz\u00edvk\u00f3rh\u00e1z<br \/>\n<strong>Jelentkez\u00e9si \u00e9s absztrakt lead\u00e1si hat\u00e1rid\u0151:<\/strong> 2016. \u00e1prilis 29. a honlapon\u00a0<a href=\"http:\/\/hmaa.org\/meeting\/balatonfured\/\" target=\"_blank\" rel=\"noopener noreferrer\">http:\/\/hmaa.org\/meeting\/balatonfured\/<\/a> kereszt\u00fcl, b\u00e1rmely t\u00e9m\u00e1ban (multidiszciplin\u00e1ris di\u00e1kszekci\u00f3ba)<\/p>\n","protected":false},"excerpt":{"rendered":"<p>A Semmelweis Egyetem Tudom\u00e1nyos Di\u00e1kk\u00f6ri Tan\u00e1csa p\u00e1ly\u00e1zatot hirdet az Amerikai Magyar Orvossz\u00f6vets\u00e9g Magyar Tagozata (HMAA Hungary Chapter) \u00e1ltal szervezett 2016. \u00e9vi balatonf\u00fcredi multidiszciplin\u00e1ris konferenci\u00e1n val\u00f3 r\u00e9szv\u00e9teli d\u00edj megt\u00e9r\u00edt\u00e9s\u00e9re. A konferencia 2016. augusztus 26-27-\u00e9n ker\u00fcl megrendez\u00e9sre a balatonf\u00fcredi \u00c1llami Sz\u00edvk\u00f3rh\u00e1zban. Konferencia honlapja: <a href=\"http:\/\/hmaa.org\/meeting\/balatonfured\/\" target=\"_blank\" rel=\"noopener noreferrer\">http:\/\/hmaa.org\/meeting\/balatonfured\/<\/a> P\u00e1ly\u00e1zatot adhatnak be a Semmelweis Egyetem b\u00e1rmely kar\u00e1n tanul\u00f3 magyar vagy k\u00fclf\u00f6ldi TDK-hallgat\u00f3, PhD &hellip;<\/p>\n","protected":false},"author":363,"featured_media":0,"parent":1146,"menu_order":0,"comment_status":"closed","ping_status":"closed","template":"","meta":{"_acf_changed":false,"footnotes":""},"categories":[],"tags":[],"class_list":["post-1907","page","type-page","status-publish","hentry"],"acf":[],"publishpress_future_action":{"enabled":false,"date":"1970-01-01 01:00:00","action":"","terms":[],"taxonomy":"","browser_timezone_offset":0},"_links":{"self":[{"href":"https:\/\/semmelweis.hu\/tdk\/wp-json\/wp\/v2\/pages\/1907","targetHints":{"allow":["GET"]}}],"collection":[{"href":"https:\/\/semmelweis.hu\/tdk\/wp-json\/wp\/v2\/pages"}],"about":[{"href":"https:\/\/semmelweis.hu\/tdk\/wp-json\/wp\/v2\/types\/page"}],"author":[{"embeddable":true,"href":"https:\/\/semmelweis.hu\/tdk\/wp-json\/wp\/v2\/users\/363"}],"replies":[{"embeddable":true,"href":"https:\/\/semmelweis.hu\/tdk\/wp-json\/wp\/v2\/comments?post=1907"}],"version-history":[{"count":2,"href":"https:\/\/semmelweis.hu\/tdk\/wp-json\/wp\/v2\/pages\/1907\/revisions"}],"predecessor-version":[{"id":4066,"href":"https:\/\/semmelweis.hu\/tdk\/wp-json\/wp\/v2\/pages\/1907\/revisions\/4066"}],"up":[{"embeddable":true,"href":"https:\/\/semmelweis.hu\/tdk\/wp-json\/wp\/v2\/pages\/1146"}],"wp:attachment":[{"href":"https:\/\/semmelweis.hu\/tdk\/wp-json\/wp\/v2\/media?parent=1907"}],"wp:term":[{"taxonomy":"category","embeddable":true,"href":"https:\/\/semmelweis.hu\/tdk\/wp-json\/wp\/v2\/categories?post=1907"},{"taxonomy":"post_tag","embeddable":true,"href":"https:\/\/semmelweis.hu\/tdk\/wp-json\/wp\/v2\/tags?post=1907"}],"curies":[{"name":"wp","href":"https:\/\/api.w.org\/{rel}","templated":true}]}}