{"id":1892,"date":"2016-10-10T11:10:02","date_gmt":"2016-10-10T09:10:02","guid":{"rendered":"http:\/\/semmelweis.hu\/tdk\/?page_id=1892"},"modified":"2024-05-08T15:13:25","modified_gmt":"2024-05-08T13:13:25","slug":"a-semmelweis-egyetem-kivalo-tudomanyos-diakkori-neveloje-palyazat-eredmenyei","status":"publish","type":"page","link":"https:\/\/semmelweis.hu\/tdk\/palyazatok\/a-semmelweis-egyetem-kivalo-tudomanyos-diakkori-neveloje-palyazat-eredmenyei\/","title":{"rendered":"A Semmelweis Egyetem Kiv\u00e1l\u00f3 Tudom\u00e1nyos Di\u00e1kk\u00f6ri Nevel\u0151je p\u00e1ly\u00e1zat eredm\u00e9nyei"},"content":{"rendered":"<div class=\"color_content clearfix article auto-height\">\n<p>A Tudom\u00e1nyos Di\u00e1kk\u00f6r Tan\u00e1cs p\u00e1ly\u00e1zatot hirdetett a Kiv\u00e1l\u00f3 Tudom\u00e1nyos Di\u00e1kk\u00f6ri Nevel\u0151je c\u00edm elnyer\u00e9s\u00e9re.<\/p>\n<h3>A Semmelweis Egyetem Kiv\u00e1l\u00f3 Tudom\u00e1nyos Di\u00e1kk\u00f6ri Nevel\u0151i 2015. \u00e9vben:<\/h3>\n<ul>\n<li>F\u00f6ldv\u00e1ri-Nagy L\u00e1szl\u00f3n\u00e9 Dr. Lenti Katalin f\u0151iskolai tan\u00e1r<br \/>\nSE ETK Morfol\u00f3giai \u00e9s Fiziol\u00f3giai Tansz\u00e9k<\/li>\n<li>Dr. Kiss Andr\u00e1s egyetemi docens<br \/>\nSE-\u00c1OK II. sz. Pathol\u00f3giai Int\u00e9zet<\/li>\n<li>Dr. Lakatos P\u00e9ter L\u00e1szl\u00f3, hab. egyetemi docens, az MTA doktora<br \/>\nSE-\u00c1OK I. sz. Belgy\u00f3gy\u00e1szati Klinika<\/li>\n<li>Dr. Nagy P\u00e9ter, egyetemi tan\u00e1r, az MTA doktora<br \/>\nSE-\u00c1OK I. sz. Pathol\u00f3giai \u00e9s K\u00eds\u00e9rleti R\u00e1kkutat\u00f3 Int\u00e9zet<\/li>\n<li>Dr. Radovits Tam\u00e1s, adjunktus<br \/>\nSE-\u00c1OK V\u00e1rosmajori Sz\u00edv- \u00e9s \u00c9rgy\u00f3gy\u00e1szati Klinika, Kardiol\u00f3giai K\u00f6zpont \u2013 Kardiol\u00f3giai Tansz\u00e9k<em><br \/>\n<\/em><\/li>\n<li>Dr. T\u00f3th Mikl\u00f3s, egyetemi tan\u00e1r, az MTA doktora<br \/>\nSE-\u00c1OK II. sz. Belgy\u00f3gy\u00e1szati Klinika<\/li>\n<\/ul>\n<p>Ez\u00faton is gratul\u00e1lunk a nyerteseknek. Jutalmukat a TDK konferencia nyit\u00f3\u00fcnneps\u00e9g\u00e9n vehetik \u00e1t.<\/p>\n<\/div>\n","protected":false},"excerpt":{"rendered":"<p>A Tudom\u00e1nyos Di\u00e1kk\u00f6r Tan\u00e1cs p\u00e1ly\u00e1zatot hirdetett a Kiv\u00e1l\u00f3 Tudom\u00e1nyos Di\u00e1kk\u00f6ri Nevel\u0151je c\u00edm elnyer\u00e9s\u00e9re. A Semmelweis Egyetem Kiv\u00e1l\u00f3 Tudom\u00e1nyos Di\u00e1kk\u00f6ri Nevel\u0151i 2015. \u00e9vben: F\u00f6ldv\u00e1ri-Nagy L\u00e1szl\u00f3n\u00e9 Dr. Lenti Katalin f\u0151iskolai tan\u00e1r SE ETK Morfol\u00f3giai \u00e9s Fiziol\u00f3giai Tansz\u00e9k Dr. Kiss Andr\u00e1s egyetemi docens SE-\u00c1OK II. sz. Pathol\u00f3giai Int\u00e9zet Dr. Lakatos P\u00e9ter L\u00e1szl\u00f3, hab. egyetemi docens, az MTA doktora &hellip;<\/p>\n","protected":false},"author":363,"featured_media":0,"parent":1146,"menu_order":0,"comment_status":"closed","ping_status":"closed","template":"","meta":{"_acf_changed":false,"footnotes":""},"categories":[],"tags":[],"class_list":["post-1892","page","type-page","status-publish","hentry"],"acf":[],"publishpress_future_action":{"enabled":false,"date":"1970-01-01 01:00:00","action":"","terms":[],"taxonomy":"","browser_timezone_offset":0},"_links":{"self":[{"href":"https:\/\/semmelweis.hu\/tdk\/wp-json\/wp\/v2\/pages\/1892","targetHints":{"allow":["GET"]}}],"collection":[{"href":"https:\/\/semmelweis.hu\/tdk\/wp-json\/wp\/v2\/pages"}],"about":[{"href":"https:\/\/semmelweis.hu\/tdk\/wp-json\/wp\/v2\/types\/page"}],"author":[{"embeddable":true,"href":"https:\/\/semmelweis.hu\/tdk\/wp-json\/wp\/v2\/users\/363"}],"replies":[{"embeddable":true,"href":"https:\/\/semmelweis.hu\/tdk\/wp-json\/wp\/v2\/comments?post=1892"}],"version-history":[{"count":1,"href":"https:\/\/semmelweis.hu\/tdk\/wp-json\/wp\/v2\/pages\/1892\/revisions"}],"predecessor-version":[{"id":1893,"href":"https:\/\/semmelweis.hu\/tdk\/wp-json\/wp\/v2\/pages\/1892\/revisions\/1893"}],"up":[{"embeddable":true,"href":"https:\/\/semmelweis.hu\/tdk\/wp-json\/wp\/v2\/pages\/1146"}],"wp:attachment":[{"href":"https:\/\/semmelweis.hu\/tdk\/wp-json\/wp\/v2\/media?parent=1892"}],"wp:term":[{"taxonomy":"category","embeddable":true,"href":"https:\/\/semmelweis.hu\/tdk\/wp-json\/wp\/v2\/categories?post=1892"},{"taxonomy":"post_tag","embeddable":true,"href":"https:\/\/semmelweis.hu\/tdk\/wp-json\/wp\/v2\/tags?post=1892"}],"curies":[{"name":"wp","href":"https:\/\/api.w.org\/{rel}","templated":true}]}}