{"id":1887,"date":"2016-10-10T11:06:24","date_gmt":"2016-10-10T09:06:24","guid":{"rendered":"http:\/\/semmelweis.hu\/tdk\/?page_id=1887"},"modified":"2025-10-20T13:40:13","modified_gmt":"2025-10-20T11:40:13","slug":"palyazat-kivalo-tudomanyos-diakkori-nevelo-kitunteto-cimre","status":"publish","type":"page","link":"https:\/\/semmelweis.hu\/tdk\/palyazatok\/palyazat-kivalo-tudomanyos-diakkori-nevelo-kitunteto-cimre\/","title":{"rendered":"P\u00e1ly\u00e1zat Kiv\u00e1l\u00f3 Tudom\u00e1nyos Di\u00e1kk\u00f6ri Nevel\u0151 kit\u00fcntet\u0151 c\u00edmre"},"content":{"rendered":"<p>A Tudom\u00e1nyos Di\u00e1kk\u00f6r Tan\u00e1cs minden tan\u00e9vben p\u00e1ly\u00e1zatot hirdet a Semmelweis Egyetem Kiv\u00e1l\u00f3 Tudom\u00e1nyos Di\u00e1kk\u00f6ri Nevel\u0151 c\u00edm elnyer\u00e9s\u00e9re.<\/p>\n<p><a href=\"https:\/\/semmelweis.hu\/tdk\/files\/2025\/09\/Kivalo-Nevelo-2025-Palyazati-kiiras-1.pdf\">P\u00e1ly\u00e1zati ki\u00edr\u00e1s<\/a><\/p>\n<p><a href=\"https:\/\/semmelweis.hu\/tdk\/files\/2025\/09\/KivNev_BLANKadatlap_2025-1.xls.xlsx\">Adatlap let\u00f6lt\u00e9se<\/a><\/p>\n<p><span style=\"color: #ff0000\"><strong>Bek\u00fcld\u00e9si hat\u00e1rid\u0151 meghosszabb\u00edtva 2025. okt\u00f3ber 27. 24:00-ig!<\/strong><\/span><\/p>\n<p><a href=\"https:\/\/semmelweis.hu\/tdk\/kivalo-tudomanyos-diakkori-nevelok\/\">A kor\u00e1bbi \u00e9vek Kiv\u00e1l\u00f3 Nevel\u0151inek list\u00e1ja<\/a><\/p>\n","protected":false},"excerpt":{"rendered":"<p>A Tudom\u00e1nyos Di\u00e1kk\u00f6r Tan\u00e1cs minden tan\u00e9vben p\u00e1ly\u00e1zatot hirdet a Semmelweis Egyetem Kiv\u00e1l\u00f3 Tudom\u00e1nyos Di\u00e1kk\u00f6ri Nevel\u0151 c\u00edm elnyer\u00e9s\u00e9re.<br \/>\n<a href=\"https:\/\/semmelweis.hu\/tdk\/files\/2025\/09\/Kivalo-Nevelo-2025-Palyazati-kiiras-1.pdf\">P\u00e1ly\u00e1zati ki\u00edr\u00e1s<\/a><br \/>\n<a href=\"https:\/\/semmelweis.hu\/tdk\/files\/2025\/09\/KivNev_BLANKadatlap_2025-1.xls.xlsx\">Adatlap let\u00f6lt\u00e9se<\/a><br \/>\nBek\u00fcld\u00e9si hat\u00e1rid\u0151 meghosszabb\u00edtva 2025. okt\u00f3ber 27. 24:00-ig!<br \/>\n<a href=\"https:\/\/semmelweis.hu\/tdk\/kivalo-tudomanyos-diakkori-nevelok\/\">A kor\u00e1bbi \u00e9vek Kiv\u00e1l\u00f3 Nevel\u0151inek list\u00e1ja<\/a><\/p>\n","protected":false},"author":363,"featured_media":0,"parent":1146,"menu_order":9,"comment_status":"closed","ping_status":"closed","template":"","meta":{"_acf_changed":false,"footnotes":""},"categories":[],"tags":[],"class_list":["post-1887","page","type-page","status-publish","hentry"],"acf":[],"publishpress_future_action":{"enabled":false,"date":"1970-01-01 01:00:00","action":"","terms":[],"taxonomy":"","browser_timezone_offset":0},"_links":{"self":[{"href":"https:\/\/semmelweis.hu\/tdk\/wp-json\/wp\/v2\/pages\/1887","targetHints":{"allow":["GET"]}}],"collection":[{"href":"https:\/\/semmelweis.hu\/tdk\/wp-json\/wp\/v2\/pages"}],"about":[{"href":"https:\/\/semmelweis.hu\/tdk\/wp-json\/wp\/v2\/types\/page"}],"author":[{"embeddable":true,"href":"https:\/\/semmelweis.hu\/tdk\/wp-json\/wp\/v2\/users\/363"}],"replies":[{"embeddable":true,"href":"https:\/\/semmelweis.hu\/tdk\/wp-json\/wp\/v2\/comments?post=1887"}],"version-history":[{"count":12,"href":"https:\/\/semmelweis.hu\/tdk\/wp-json\/wp\/v2\/pages\/1887\/revisions"}],"predecessor-version":[{"id":11849,"href":"https:\/\/semmelweis.hu\/tdk\/wp-json\/wp\/v2\/pages\/1887\/revisions\/11849"}],"up":[{"embeddable":true,"href":"https:\/\/semmelweis.hu\/tdk\/wp-json\/wp\/v2\/pages\/1146"}],"wp:attachment":[{"href":"https:\/\/semmelweis.hu\/tdk\/wp-json\/wp\/v2\/media?parent=1887"}],"wp:term":[{"taxonomy":"category","embeddable":true,"href":"https:\/\/semmelweis.hu\/tdk\/wp-json\/wp\/v2\/categories?post=1887"},{"taxonomy":"post_tag","embeddable":true,"href":"https:\/\/semmelweis.hu\/tdk\/wp-json\/wp\/v2\/tags?post=1887"}],"curies":[{"name":"wp","href":"https:\/\/api.w.org\/{rel}","templated":true}]}}